{"id":2106,"date":"2025-10-09T13:14:02","date_gmt":"2025-10-09T10:14:02","guid":{"rendered":"https:\/\/finsling.com\/?page_id=2106"},"modified":"2026-02-21T09:22:20","modified_gmt":"2026-02-21T07:22:20","slug":"guide","status":"publish","type":"page","link":"https:\/\/finsling.com\/fi\/guide\/","title":{"rendered":"Opas"},"content":{"rendered":"<div data-elementor-type=\"wp-page\" data-elementor-id=\"2106\" class=\"elementor elementor-2106\" data-elementor-post-type=\"page\">\n\t\t\t\t\t\t<section class=\"elementor-section elementor-top-section elementor-element elementor-element-616dfc9f elementor-section-boxed elementor-section-height-default elementor-section-height-default\" data-id=\"616dfc9f\" data-element_type=\"section\" data-e-type=\"section\">\n\t\t\t\t\t\t<div class=\"elementor-container elementor-column-gap-default\">\n\t\t\t\t\t<div class=\"elementor-column elementor-col-100 elementor-top-column elementor-element elementor-element-5da64d28\" data-id=\"5da64d28\" data-element_type=\"column\" data-e-type=\"column\">\n\t\t\t<div class=\"elementor-widget-wrap elementor-element-populated\">\n\t\t\t\t\t\t<div class=\"elementor-element elementor-element-36b76982 elementor-widget elementor-widget-text-editor\" data-id=\"36b76982\" data-element_type=\"widget\" data-e-type=\"widget\" data-widget_type=\"text-editor.default\">\n\t\t\t\t<div class=\"elementor-widget-container\">\n\t\t\t\t\t\t\t\t\t<p>T\u00e4m\u00e4 opassivu auttaa sinua l\u00f6yt\u00e4m\u00e4\u00e4n parhaan FinSling tuotteen k\u00e4ytt\u00f6\u00f6si.<\/p><p><span style=\"font-weight: 700;\">Videot&nbsp;<\/span>t\u00e4ll\u00e4 sivulla ovat opetusluontoisia.<\/p>\n<p><b>Mets\u00e4st\u00e4minen perinteisten mets\u00e4stysaseiden kanssa:<br><\/b>Jos mets\u00e4st\u00e4t perinteisten mets\u00e4stysaseiden kuten pulttilukkoisen kiv\u00e4\u00e4rin ja haulikon kanssa, katso P2P Hunter Sling asehihna. Katso my\u00f6s 1P Sling asehihna ja Keskipiste Adapteri.<br>Jos kiv\u00e4\u00e4riss\u00e4si on QD kiinnikepisteet tai olet aikeissa asentaa tukkiisi QD kiinnikepisteet, katso The One Sling monitoimiasehihna. The One Sling monitoimiasehihnan avulla voit kantaa asettasi monella eri tavalla.<br>Mit\u00e4 jos haulikossasi ei ole yht\u00e4\u00e4n kiinnityspistett\u00e4 asehihnalle? Katso Haulikko Asehihna Adapteri, Per\u00e4 Adapteri ja P2P Hook asehihna.<\/p>\n<p><b>Asehihna AR-15 kiv\u00e4\u00e4riin:<br><\/b>P2P QD\/Hook asehihna ja P2P Military asehihna toimivat hyvin AR-15 tyyppisten kiv\u00e4\u00e4rien kanssa. Asehihnat ovat kaksipiste asehihnoja eritt\u00e4in hyvin toimivalla pituuden s\u00e4\u00e4d\u00f6ll\u00e4.\n2 to 1 piste adapterin avulla muutat P2P kaksipiste asehihnan yksipiste asehihnaksi.<br>The One Sling mini toimii my\u00f6s hyvin AR-15 kiv\u00e4\u00e4rin kanssa.<\/p>\n<p><b>Asehihna sotilask\u00e4ytt\u00f6\u00f6n:<br><\/b>Plate Carrier Sling on paras vaihtoehto kun k\u00e4yt\u00e4t plate carrieria tai tactical vest tyyppist\u00e4 suojaliivi\u00e4.<br>The One Sling mini toimii eritt\u00e4in hyvin sotilask\u00e4yt\u00f6ss\u00e4. Hihna toimii kaksi- ja yksipiste asehihnana.<br>P2P Military Sling on pehmustettu kaksipiste asehihna joka on suunniteltu sotilask\u00e4ytt\u00f6\u00f6n.<\/p>\n<p><b>Varustevy\u00f6t\u00e4 kantaville:<\/b><\/p>\n<p><span style=\"word-spacing: normal;\">Jos kannat varustevy\u00f6t\u00e4 ty\u00f6ksesi, sinulla tulee olla kaksi FinSling tuotetta, jos arvostat mukavuutta ja terveytt\u00e4. Varustevy\u00f6 Pident\u00e4j\u00e4 ja S Harness varustevy\u00f6 valjaat.<\/span><\/p>\n<p><!-- \/wp:paragraph --><\/p>\t\t\t\t\t\t\t\t<\/div>\n\t\t\t\t<\/div>\n\t\t\t\t\t<\/div>\n\t\t<\/div>\n\t\t\t\t\t<\/div>\n\t\t<\/section>\n\t\t\t\t<section class=\"elementor-section elementor-top-section elementor-element elementor-element-bbec3f9 elementor-section-boxed elementor-section-height-default elementor-section-height-default\" data-id=\"bbec3f9\" data-element_type=\"section\" data-e-type=\"section\">\n\t\t\t\t\t\t<div class=\"elementor-container elementor-column-gap-default\">\n\t\t\t\t\t<div class=\"elementor-column elementor-col-100 elementor-top-column elementor-element elementor-element-d07c31f\" data-id=\"d07c31f\" data-element_type=\"column\" data-e-type=\"column\">\n\t\t\t<div class=\"elementor-widget-wrap elementor-element-populated\">\n\t\t\t\t\t\t<div class=\"elementor-element elementor-element-a31284f elementor-widget elementor-widget-video\" data-id=\"a31284f\" data-element_type=\"widget\" data-e-type=\"widget\" data-settings=\"{&quot;youtube_url&quot;:&quot;https:\\\/\\\/www.youtube.com\\\/watch?v=ALmY5Q7ZrMU&quot;,&quot;video_type&quot;:&quot;youtube&quot;,&quot;controls&quot;:&quot;yes&quot;}\" data-widget_type=\"video.default\">\n\t\t\t\t<div class=\"elementor-widget-container\">\n\t\t\t\t\t\t\t<div class=\"elementor-wrapper elementor-open-inline\">\n\t\t\t<div class=\"elementor-video\"><\/div>\t\t<\/div>\n\t\t\t\t\t\t<\/div>\n\t\t\t\t<\/div>\n\t\t\t\t\t<\/div>\n\t\t<\/div>\n\t\t\t\t\t<\/div>\n\t\t<\/section>\n\t\t\t\t<section class=\"elementor-section elementor-top-section elementor-element elementor-element-dcd6c08 elementor-section-boxed elementor-section-height-default elementor-section-height-default\" data-id=\"dcd6c08\" data-element_type=\"section\" data-e-type=\"section\">\n\t\t\t\t\t\t<div class=\"elementor-container elementor-column-gap-default\">\n\t\t\t\t\t<div class=\"elementor-column elementor-col-100 elementor-top-column elementor-element elementor-element-e7ac9db\" data-id=\"e7ac9db\" data-element_type=\"column\" data-e-type=\"column\">\n\t\t\t<div class=\"elementor-widget-wrap elementor-element-populated\">\n\t\t\t\t\t\t<div class=\"elementor-element elementor-element-b2ad4b6 elementor-widget elementor-widget-video\" data-id=\"b2ad4b6\" data-element_type=\"widget\" data-e-type=\"widget\" data-settings=\"{&quot;youtube_url&quot;:&quot;https:\\\/\\\/www.youtube.com\\\/shorts\\\/aiHU9-6zpFs&quot;,&quot;video_type&quot;:&quot;youtube&quot;,&quot;controls&quot;:&quot;yes&quot;}\" data-widget_type=\"video.default\">\n\t\t\t\t<div class=\"elementor-widget-container\">\n\t\t\t\t\t\t\t<div class=\"elementor-wrapper elementor-open-inline\">\n\t\t\t<div class=\"elementor-video\"><\/div>\t\t<\/div>\n\t\t\t\t\t\t<\/div>\n\t\t\t\t<\/div>\n\t\t\t\t\t<\/div>\n\t\t<\/div>\n\t\t\t\t\t<\/div>\n\t\t<\/section>\n\t\t\t\t<section class=\"elementor-section elementor-top-section elementor-element elementor-element-41bba99 elementor-section-boxed elementor-section-height-default elementor-section-height-default\" data-id=\"41bba99\" data-element_type=\"section\" data-e-type=\"section\">\n\t\t\t\t\t\t<div class=\"elementor-container elementor-column-gap-default\">\n\t\t\t\t\t<div class=\"elementor-column elementor-col-100 elementor-top-column elementor-element elementor-element-e77618b\" data-id=\"e77618b\" data-element_type=\"column\" data-e-type=\"column\">\n\t\t\t<div class=\"elementor-widget-wrap elementor-element-populated\">\n\t\t\t\t\t\t<div class=\"elementor-element elementor-element-bc4ae1c elementor-widget elementor-widget-video\" data-id=\"bc4ae1c\" data-element_type=\"widget\" data-e-type=\"widget\" data-settings=\"{&quot;youtube_url&quot;:&quot;https:\\\/\\\/www.youtube.com\\\/watch?v=u3LImiVvBLo&quot;,&quot;video_type&quot;:&quot;youtube&quot;,&quot;controls&quot;:&quot;yes&quot;}\" data-widget_type=\"video.default\">\n\t\t\t\t<div class=\"elementor-widget-container\">\n\t\t\t\t\t\t\t<div class=\"elementor-wrapper elementor-open-inline\">\n\t\t\t<div class=\"elementor-video\"><\/div>\t\t<\/div>\n\t\t\t\t\t\t<\/div>\n\t\t\t\t<\/div>\n\t\t\t\t\t<\/div>\n\t\t<\/div>\n\t\t\t\t\t<\/div>\n\t\t<\/section>\n\t\t\t\t<section class=\"elementor-section elementor-top-section elementor-element elementor-element-efe2151 elementor-section-boxed elementor-section-height-default elementor-section-height-default\" data-id=\"efe2151\" data-element_type=\"section\" data-e-type=\"section\">\n\t\t\t\t\t\t<div class=\"elementor-container elementor-column-gap-default\">\n\t\t\t\t\t<div class=\"elementor-column elementor-col-100 elementor-top-column elementor-element elementor-element-e77272b\" data-id=\"e77272b\" data-element_type=\"column\" data-e-type=\"column\">\n\t\t\t<div class=\"elementor-widget-wrap elementor-element-populated\">\n\t\t\t\t\t\t<div class=\"elementor-element elementor-element-9c096f4 elementor-widget elementor-widget-video\" data-id=\"9c096f4\" data-element_type=\"widget\" data-e-type=\"widget\" data-settings=\"{&quot;youtube_url&quot;:&quot;https:\\\/\\\/www.youtube.com\\\/shorts\\\/gYJx7a0gGWg&quot;,&quot;video_type&quot;:&quot;youtube&quot;,&quot;controls&quot;:&quot;yes&quot;}\" data-widget_type=\"video.default\">\n\t\t\t\t<div class=\"elementor-widget-container\">\n\t\t\t\t\t\t\t<div class=\"elementor-wrapper elementor-open-inline\">\n\t\t\t<div class=\"elementor-video\"><\/div>\t\t<\/div>\n\t\t\t\t\t\t<\/div>\n\t\t\t\t<\/div>\n\t\t\t\t\t<\/div>\n\t\t<\/div>\n\t\t\t\t\t<\/div>\n\t\t<\/section>\n\t\t\t\t<section class=\"elementor-section elementor-top-section elementor-element elementor-element-0eec579 elementor-section-boxed elementor-section-height-default elementor-section-height-default\" data-id=\"0eec579\" data-element_type=\"section\" data-e-type=\"section\">\n\t\t\t\t\t\t<div class=\"elementor-container elementor-column-gap-default\">\n\t\t\t\t\t<div class=\"elementor-column elementor-col-100 elementor-top-column elementor-element elementor-element-c8eab81\" data-id=\"c8eab81\" data-element_type=\"column\" data-e-type=\"column\">\n\t\t\t<div class=\"elementor-widget-wrap elementor-element-populated\">\n\t\t\t\t\t\t<div class=\"elementor-element elementor-element-f6d40a8 elementor-widget elementor-widget-video\" data-id=\"f6d40a8\" data-element_type=\"widget\" data-e-type=\"widget\" data-settings=\"{&quot;youtube_url&quot;:&quot;https:\\\/\\\/www.youtube.com\\\/watch?v=Bb3_ibzSY-U&quot;,&quot;video_type&quot;:&quot;youtube&quot;,&quot;controls&quot;:&quot;yes&quot;}\" data-widget_type=\"video.default\">\n\t\t\t\t<div class=\"elementor-widget-container\">\n\t\t\t\t\t\t\t<div class=\"elementor-wrapper elementor-open-inline\">\n\t\t\t<div class=\"elementor-video\"><\/div>\t\t<\/div>\n\t\t\t\t\t\t<\/div>\n\t\t\t\t<\/div>\n\t\t\t\t\t<\/div>\n\t\t<\/div>\n\t\t\t\t\t<\/div>\n\t\t<\/section>\n\t\t\t\t<section class=\"elementor-section elementor-top-section elementor-element elementor-element-5c336df elementor-section-boxed elementor-section-height-default elementor-section-height-default\" data-id=\"5c336df\" data-element_type=\"section\" data-e-type=\"section\">\n\t\t\t\t\t\t<div class=\"elementor-container elementor-column-gap-default\">\n\t\t\t\t\t<div class=\"elementor-column elementor-col-100 elementor-top-column elementor-element elementor-element-1b6aeaf\" data-id=\"1b6aeaf\" data-element_type=\"column\" data-e-type=\"column\">\n\t\t\t<div class=\"elementor-widget-wrap elementor-element-populated\">\n\t\t\t\t\t\t<div class=\"elementor-element elementor-element-2388a3e elementor-widget elementor-widget-video\" data-id=\"2388a3e\" data-element_type=\"widget\" data-e-type=\"widget\" data-settings=\"{&quot;youtube_url&quot;:&quot;https:\\\/\\\/www.youtube.com\\\/watch?v=oBhEiIZYn4g&quot;,&quot;video_type&quot;:&quot;youtube&quot;,&quot;controls&quot;:&quot;yes&quot;}\" data-widget_type=\"video.default\">\n\t\t\t\t<div class=\"elementor-widget-container\">\n\t\t\t\t\t\t\t<div class=\"elementor-wrapper elementor-open-inline\">\n\t\t\t<div class=\"elementor-video\"><\/div>\t\t<\/div>\n\t\t\t\t\t\t<\/div>\n\t\t\t\t<\/div>\n\t\t\t\t\t<\/div>\n\t\t<\/div>\n\t\t\t\t\t<\/div>\n\t\t<\/section>\n\t\t\t\t<\/div>","protected":false},"excerpt":{"rendered":"<p>This page is to guide you to find the best FinSling product for your specific need. Videos&nbsp;on this page are educational. Hunting with traditional hunting weapons:If you hunt with traditional hunting weapons like bolt action rifle and shotgun, check out P2P Hunter Sling and 1P Sling with Middle Point Adapter.If you have QD cups or you are planning to install QD cups in your stock, check out The One Sling multi-function weapon sling. The One Sling is basically a scout sling. You can use the sling many different ways.What if your shotgun don\u00b4t have any sling attachment points? Check out the Shotgun Sling Swivel Adapter and Rear Point Adapter and P2P Hook Sling. Sling for AR-15:P2P QD\/Hook Sling or P2P Military Sling is a good option for your AR-15. The slings are two-point slings with excellent sling length adjustment. With a 2 to 1 point adapter you can turn the&hellip;<\/p>\n<p> <a class=\"more-link\" href=\"https:\/\/finsling.com\/fi\/guide\/\">Lue Lis\u00e4\u00e4<\/a><\/p>","protected":false},"author":32,"featured_media":0,"parent":0,"menu_order":0,"comment_status":"closed","ping_status":"closed","template":"","meta":{"footnotes":""},"class_list":["post-2106","page","type-page","status-publish"],"yoast_head":"<!-- This site is optimized with the Yoast SEO plugin v27.4 - https:\/\/yoast.com\/product\/yoast-seo-wordpress\/ -->\n<title>Guide - Premium Hunting Rifle Slings &amp; Duty Belt Suspenders - Finsling<\/title>\n<meta name=\"description\" content=\"Finsling designs and manufactures hunting slings. FinSling is a family company that innovatives products for hunting and tactical use.\" \/>\n<meta name=\"robots\" content=\"index, follow, max-snippet:-1, max-image-preview:large, max-video-preview:-1\" \/>\n<link rel=\"canonical\" href=\"https:\/\/finsling.com\/fi\/guide\/\" \/>\n<meta property=\"og:locale\" content=\"fi_FI\" \/>\n<meta property=\"og:type\" content=\"article\" \/>\n<meta property=\"og:title\" content=\"Guide - Premium Hunting Rifle Slings &amp; Duty Belt Suspenders - Finsling\" \/>\n<meta property=\"og:description\" content=\"Finsling designs and manufactures hunting slings. FinSling is a family company that innovatives products for hunting and tactical use.\" \/>\n<meta property=\"og:url\" content=\"https:\/\/finsling.com\/fi\/guide\/\" \/>\n<meta property=\"og:site_name\" content=\"Finsling\" \/>\n<meta property=\"article:publisher\" content=\"https:\/\/www.facebook.com\/finsling\/\" \/>\n<meta property=\"article:modified_time\" content=\"2026-02-21T07:22:20+00:00\" \/>\n<meta name=\"twitter:card\" content=\"summary_large_image\" \/>\n<meta name=\"twitter:label1\" content=\"Arvioitu lukuaika\" \/>\n\t<meta name=\"twitter:data1\" content=\"2 minuuttia\" \/>\n<script type=\"application\/ld+json\" class=\"yoast-schema-graph\">{\"@context\":\"https:\\\/\\\/schema.org\",\"@graph\":[{\"@type\":\"WebPage\",\"@id\":\"https:\\\/\\\/finsling.com\\\/guide\\\/\",\"url\":\"https:\\\/\\\/finsling.com\\\/guide\\\/\",\"name\":\"Guide - Premium Hunting Rifle Slings & Duty Belt Suspenders - Finsling\",\"isPartOf\":{\"@id\":\"https:\\\/\\\/finsling.com\\\/#website\"},\"datePublished\":\"2025-10-09T10:14:02+00:00\",\"dateModified\":\"2026-02-21T07:22:20+00:00\",\"description\":\"Finsling designs and manufactures hunting slings. FinSling is a family company that innovatives products for hunting and tactical use.\",\"breadcrumb\":{\"@id\":\"https:\\\/\\\/finsling.com\\\/guide\\\/#breadcrumb\"},\"inLanguage\":\"fi\",\"potentialAction\":[{\"@type\":\"ReadAction\",\"target\":[\"https:\\\/\\\/finsling.com\\\/guide\\\/\"]}]},{\"@type\":\"BreadcrumbList\",\"@id\":\"https:\\\/\\\/finsling.com\\\/guide\\\/#breadcrumb\",\"itemListElement\":[{\"@type\":\"ListItem\",\"position\":1,\"name\":\"Home\",\"item\":\"https:\\\/\\\/finsling.com\\\/\"},{\"@type\":\"ListItem\",\"position\":2,\"name\":\"Guide\"}]},{\"@type\":\"WebSite\",\"@id\":\"https:\\\/\\\/finsling.com\\\/#website\",\"url\":\"https:\\\/\\\/finsling.com\\\/\",\"name\":\"Finsling\",\"description\":\"SIMPLE - DURABLE - EFFECTIVE\",\"publisher\":{\"@id\":\"https:\\\/\\\/finsling.com\\\/#organization\"},\"potentialAction\":[{\"@type\":\"SearchAction\",\"target\":{\"@type\":\"EntryPoint\",\"urlTemplate\":\"https:\\\/\\\/finsling.com\\\/?s={search_term_string}\"},\"query-input\":{\"@type\":\"PropertyValueSpecification\",\"valueRequired\":true,\"valueName\":\"search_term_string\"}}],\"inLanguage\":\"fi\"},{\"@type\":\"Organization\",\"@id\":\"https:\\\/\\\/finsling.com\\\/#organization\",\"name\":\"Finsling\",\"url\":\"https:\\\/\\\/finsling.com\\\/\",\"logo\":{\"@type\":\"ImageObject\",\"inLanguage\":\"fi\",\"@id\":\"https:\\\/\\\/finsling.com\\\/#\\\/schema\\\/logo\\\/image\\\/\",\"url\":\"https:\\\/\\\/finsling.com\\\/wp-content\\\/uploads\\\/2019\\\/11\\\/cropped-finsling_medium-3.png\",\"contentUrl\":\"https:\\\/\\\/finsling.com\\\/wp-content\\\/uploads\\\/2019\\\/11\\\/cropped-finsling_medium-3.png\",\"width\":554,\"height\":208,\"caption\":\"Finsling\"},\"image\":{\"@id\":\"https:\\\/\\\/finsling.com\\\/#\\\/schema\\\/logo\\\/image\\\/\"},\"sameAs\":[\"https:\\\/\\\/www.facebook.com\\\/finsling\\\/\"]}]}<\/script>\n<!-- \/ Yoast SEO plugin. -->","yoast_head_json":{"title":"Guide - Premium Hunting Rifle Slings & Duty Belt Suspenders - Finsling","description":"Finsling suunnittelee ja valmistaa mets\u00e4styshihnoja. Finsling on perheyritys, joka kehitt\u00e4\u00e4 innovatiivisia tuotteita mets\u00e4stykseen ja taktiseen k\u00e4ytt\u00f6\u00f6n.","robots":{"index":"index","follow":"follow","max-snippet":"max-snippet:-1","max-image-preview":"max-image-preview:large","max-video-preview":"max-video-preview:-1"},"canonical":"https:\/\/finsling.com\/fi\/guide\/","og_locale":"fi_FI","og_type":"article","og_title":"Guide - Premium Hunting Rifle Slings & Duty Belt Suspenders - Finsling","og_description":"Finsling designs and manufactures hunting slings. FinSling is a family company that innovatives products for hunting and tactical use.","og_url":"https:\/\/finsling.com\/fi\/guide\/","og_site_name":"Finsling","article_publisher":"https:\/\/www.facebook.com\/finsling\/","article_modified_time":"2026-02-21T07:22:20+00:00","twitter_card":"summary_large_image","twitter_misc":{"Arvioitu lukuaika":"2 minuuttia"},"schema":{"@context":"https:\/\/schema.org","@graph":[{"@type":"WebPage","@id":"https:\/\/finsling.com\/guide\/","url":"https:\/\/finsling.com\/guide\/","name":"Guide - Premium Hunting Rifle Slings & Duty Belt Suspenders - Finsling","isPartOf":{"@id":"https:\/\/finsling.com\/#website"},"datePublished":"2025-10-09T10:14:02+00:00","dateModified":"2026-02-21T07:22:20+00:00","description":"Finsling suunnittelee ja valmistaa mets\u00e4styshihnoja. Finsling on perheyritys, joka kehitt\u00e4\u00e4 innovatiivisia tuotteita mets\u00e4stykseen ja taktiseen k\u00e4ytt\u00f6\u00f6n.","breadcrumb":{"@id":"https:\/\/finsling.com\/guide\/#breadcrumb"},"inLanguage":"fi","potentialAction":[{"@type":"ReadAction","target":["https:\/\/finsling.com\/guide\/"]}]},{"@type":"BreadcrumbList","@id":"https:\/\/finsling.com\/guide\/#breadcrumb","itemListElement":[{"@type":"ListItem","position":1,"name":"Home","item":"https:\/\/finsling.com\/"},{"@type":"ListItem","position":2,"name":"Guide"}]},{"@type":"WebSite","@id":"https:\/\/finsling.com\/#website","url":"https:\/\/finsling.com\/","name":"Finsling","description":"SIMPLE - DURABLE - EFFECTIVE","publisher":{"@id":"https:\/\/finsling.com\/#organization"},"potentialAction":[{"@type":"SearchAction","target":{"@type":"EntryPoint","urlTemplate":"https:\/\/finsling.com\/?s={search_term_string}"},"query-input":{"@type":"PropertyValueSpecification","valueRequired":true,"valueName":"search_term_string"}}],"inLanguage":"fi"},{"@type":"Organization","@id":"https:\/\/finsling.com\/#organization","name":"Finsling","url":"https:\/\/finsling.com\/","logo":{"@type":"ImageObject","inLanguage":"fi","@id":"https:\/\/finsling.com\/#\/schema\/logo\/image\/","url":"https:\/\/finsling.com\/wp-content\/uploads\/2019\/11\/cropped-finsling_medium-3.png","contentUrl":"https:\/\/finsling.com\/wp-content\/uploads\/2019\/11\/cropped-finsling_medium-3.png","width":554,"height":208,"caption":"Finsling"},"image":{"@id":"https:\/\/finsling.com\/#\/schema\/logo\/image\/"},"sameAs":["https:\/\/www.facebook.com\/finsling\/"]}]}},"_links":{"self":[{"href":"https:\/\/finsling.com\/fi\/wp-json\/wp\/v2\/pages\/2106","targetHints":{"allow":["GET"]}}],"collection":[{"href":"https:\/\/finsling.com\/fi\/wp-json\/wp\/v2\/pages"}],"about":[{"href":"https:\/\/finsling.com\/fi\/wp-json\/wp\/v2\/types\/page"}],"author":[{"embeddable":true,"href":"https:\/\/finsling.com\/fi\/wp-json\/wp\/v2\/users\/32"}],"replies":[{"embeddable":true,"href":"https:\/\/finsling.com\/fi\/wp-json\/wp\/v2\/comments?post=2106"}],"version-history":[{"count":40,"href":"https:\/\/finsling.com\/fi\/wp-json\/wp\/v2\/pages\/2106\/revisions"}],"predecessor-version":[{"id":2349,"href":"https:\/\/finsling.com\/fi\/wp-json\/wp\/v2\/pages\/2106\/revisions\/2349"}],"wp:attachment":[{"href":"https:\/\/finsling.com\/fi\/wp-json\/wp\/v2\/media?parent=2106"}],"curies":[{"name":"wp","href":"https:\/\/api.w.org\/{rel}","templated":true}]}}