{"id":530,"date":"2020-05-14T01:25:33","date_gmt":"2020-05-13T22:25:33","guid":{"rendered":"https:\/\/finsling.com\/?page_id=530"},"modified":"2021-01-15T09:46:05","modified_gmt":"2021-01-15T07:46:05","slug":"terms-and-conditions","status":"publish","type":"page","link":"https:\/\/finsling.com\/fi\/terms-and-conditions\/","title":{"rendered":"Ehdot"},"content":{"rendered":"<h1 class=\"wp-block-heading\">Ehdot<\/h1>\n\n\n\n<p><strong>Tilaaminen<\/strong><\/p>\n\n\n\n<p>FinSling k\u00e4ytt\u00e4\u00e4 Posti Oy:n toimituspalveluita ja Klarnan maksupalveluita.\n\nParhaiten teet tilauksen verkkokaupan kautta. Tilaus onnistuu my\u00f6s s\u00e4hk\u00f6postilla ja tilinsiirrolla.\n\n\n\nPyrimme toimittamaan tilatun tuotteen kahden p\u00e4iv\u00e4n kuluessa tilauksesta, mik\u00e4li tuotteita on varastossa. Muussa tapauksessa toimitusaika on 1-6 viikkoa.\n\n\n\nNormaali toimituskulu Suomeen on 5,90 euroa.\n\n\n\nTuotteilla on kuluttajasuojalain mukainen 14 p\u00e4iv\u00e4n palautusoikeus tuotteen noutamisesta.\n\n\n\nTuotteen palautus sovitaan erikseen s\u00e4hk\u00f6postitse.<br><br>FinSling Oy <br>Y: 3088120-8<\/p>\n\n\n\n<h5 class=\"wp-block-heading\">Klarna palvelut<\/h5>\n\n\n\n<ul class=\"wp-block-list\"><li><a href=\"https:\/\/cdn.klarna.com\/1.0\/shared\/content\/legal\/terms\/Klarna\/en_gb\/checkout\/\">https:\/\/cdn.klarna.com\/1.0\/shared\/content\/legal\/terms\/Klarna\/en_gb\/checkout\/<\/a><\/li><\/ul>\n\n\n\n<h5 class=\"wp-block-heading\">Tietosuojailmoitus<\/h5>\n\n\n\n<ul class=\"wp-block-list\"><li><a href=\"https:\/\/cdn.klarna.com\/1.0\/shared\/content\/legal\/terms\/Klarna\/en_gb\/privacy\/\">Tietosuojailmoitus<\/a><\/li><\/ul>\n\n\n\n<h5 class=\"wp-block-heading\">Maksa my\u00f6hemmin<\/h5>\n\n\n\n<ul class=\"wp-block-list\"><li><a href=\"https:\/\/cdn.klarna.com\/1.0\/shared\/content\/legal\/terms\/0\/en_gb\/pay_after_delivery\/\">Maksa 30 p\u00e4iv\u00e4n sis\u00e4ll\u00e4<\/a><\/li><li><a href=\"https:\/\/cdn.klarna.com\/1.0\/shared\/content\/legal\/terms\/0\/en_gb\/slice_it_card\/\">Maksa 3 er\u00e4ss\u00e4<\/a><\/li><\/ul>","protected":false},"excerpt":{"rendered":"<p>Terms and conditions Placing an order Best way to order is to use web shop. E-mail order is also possible. Delivery time is 1-6 weeks. When you buy our product you have 14 days to change your mind on a purchase from the day you receive the product. Returns vie e-mail. FinSling Oy Y: 3088120-8 Klarna Services Klarna Services Terms Privacy Notice Klarna\u2019s Privacy Notice Pay Later &amp; Slice it Pay Later in 30 days Pay in 3 instalments<\/p>","protected":false},"author":1,"featured_media":0,"parent":0,"menu_order":0,"comment_status":"closed","ping_status":"closed","template":"","meta":{"footnotes":""},"class_list":["post-530","page","type-page","status-publish"],"yoast_head":"<!-- This site is optimized with the Yoast SEO plugin v27.4 - https:\/\/yoast.com\/product\/yoast-seo-wordpress\/ -->\n<title>Terms and conditions - Finsling<\/title>\n<meta name=\"robots\" content=\"index, follow, max-snippet:-1, max-image-preview:large, max-video-preview:-1\" \/>\n<link rel=\"canonical\" href=\"https:\/\/finsling.com\/fi\/terms-and-conditions\/\" \/>\n<meta property=\"og:locale\" content=\"fi_FI\" \/>\n<meta property=\"og:type\" content=\"article\" \/>\n<meta property=\"og:title\" content=\"Terms and conditions - Finsling\" \/>\n<meta property=\"og:description\" content=\"Terms and conditions Placing an order Best way to order is to use web shop. E-mail order is also possible. Delivery time is 1-6 weeks. When you buy our product you have 14 days to change your mind on a purchase from the day you receive the product. Returns vie e-mail. FinSling Oy Y: 3088120-8 Klarna Services Klarna Services Terms Privacy Notice Klarna\u2019s Privacy Notice Pay Later &amp; Slice it Pay Later in 30 days Pay in 3 instalments\" \/>\n<meta property=\"og:url\" content=\"https:\/\/finsling.com\/fi\/terms-and-conditions\/\" \/>\n<meta property=\"og:site_name\" content=\"Finsling\" \/>\n<meta property=\"article:publisher\" content=\"https:\/\/www.facebook.com\/finsling\/\" \/>\n<meta property=\"article:modified_time\" content=\"2021-01-15T07:46:05+00:00\" \/>\n<meta name=\"twitter:card\" content=\"summary_large_image\" \/>\n<script type=\"application\/ld+json\" class=\"yoast-schema-graph\">{\"@context\":\"https:\\\/\\\/schema.org\",\"@graph\":[{\"@type\":\"WebPage\",\"@id\":\"https:\\\/\\\/finsling.com\\\/terms-and-conditions\\\/\",\"url\":\"https:\\\/\\\/finsling.com\\\/terms-and-conditions\\\/\",\"name\":\"Terms and conditions - Finsling\",\"isPartOf\":{\"@id\":\"https:\\\/\\\/finsling.com\\\/#website\"},\"datePublished\":\"2020-05-13T22:25:33+00:00\",\"dateModified\":\"2021-01-15T07:46:05+00:00\",\"breadcrumb\":{\"@id\":\"https:\\\/\\\/finsling.com\\\/terms-and-conditions\\\/#breadcrumb\"},\"inLanguage\":\"fi\",\"potentialAction\":[{\"@type\":\"ReadAction\",\"target\":[\"https:\\\/\\\/finsling.com\\\/terms-and-conditions\\\/\"]}]},{\"@type\":\"BreadcrumbList\",\"@id\":\"https:\\\/\\\/finsling.com\\\/terms-and-conditions\\\/#breadcrumb\",\"itemListElement\":[{\"@type\":\"ListItem\",\"position\":1,\"name\":\"Home\",\"item\":\"https:\\\/\\\/finsling.com\\\/\"},{\"@type\":\"ListItem\",\"position\":2,\"name\":\"Terms and conditions\"}]},{\"@type\":\"WebSite\",\"@id\":\"https:\\\/\\\/finsling.com\\\/#website\",\"url\":\"https:\\\/\\\/finsling.com\\\/\",\"name\":\"Finsling\",\"description\":\"SIMPLE - DURABLE - EFFECTIVE\",\"publisher\":{\"@id\":\"https:\\\/\\\/finsling.com\\\/#organization\"},\"potentialAction\":[{\"@type\":\"SearchAction\",\"target\":{\"@type\":\"EntryPoint\",\"urlTemplate\":\"https:\\\/\\\/finsling.com\\\/?s={search_term_string}\"},\"query-input\":{\"@type\":\"PropertyValueSpecification\",\"valueRequired\":true,\"valueName\":\"search_term_string\"}}],\"inLanguage\":\"fi\"},{\"@type\":\"Organization\",\"@id\":\"https:\\\/\\\/finsling.com\\\/#organization\",\"name\":\"Finsling\",\"url\":\"https:\\\/\\\/finsling.com\\\/\",\"logo\":{\"@type\":\"ImageObject\",\"inLanguage\":\"fi\",\"@id\":\"https:\\\/\\\/finsling.com\\\/#\\\/schema\\\/logo\\\/image\\\/\",\"url\":\"https:\\\/\\\/finsling.com\\\/wp-content\\\/uploads\\\/2019\\\/11\\\/cropped-finsling_medium-3.png\",\"contentUrl\":\"https:\\\/\\\/finsling.com\\\/wp-content\\\/uploads\\\/2019\\\/11\\\/cropped-finsling_medium-3.png\",\"width\":554,\"height\":208,\"caption\":\"Finsling\"},\"image\":{\"@id\":\"https:\\\/\\\/finsling.com\\\/#\\\/schema\\\/logo\\\/image\\\/\"},\"sameAs\":[\"https:\\\/\\\/www.facebook.com\\\/finsling\\\/\"]}]}<\/script>\n<!-- \/ Yoast SEO plugin. -->","yoast_head_json":{"title":"Terms and conditions - Finsling","robots":{"index":"index","follow":"follow","max-snippet":"max-snippet:-1","max-image-preview":"max-image-preview:large","max-video-preview":"max-video-preview:-1"},"canonical":"https:\/\/finsling.com\/fi\/terms-and-conditions\/","og_locale":"fi_FI","og_type":"article","og_title":"Terms and conditions - Finsling","og_description":"Terms and conditions Placing an order Best way to order is to use web shop. E-mail order is also possible. Delivery time is 1-6 weeks. When you buy our product you have 14 days to change your mind on a purchase from the day you receive the product. Returns vie e-mail. FinSling Oy Y: 3088120-8 Klarna Services Klarna Services Terms Privacy Notice Klarna\u2019s Privacy Notice Pay Later &amp; Slice it Pay Later in 30 days Pay in 3 instalments","og_url":"https:\/\/finsling.com\/fi\/terms-and-conditions\/","og_site_name":"Finsling","article_publisher":"https:\/\/www.facebook.com\/finsling\/","article_modified_time":"2021-01-15T07:46:05+00:00","twitter_card":"summary_large_image","schema":{"@context":"https:\/\/schema.org","@graph":[{"@type":"WebPage","@id":"https:\/\/finsling.com\/terms-and-conditions\/","url":"https:\/\/finsling.com\/terms-and-conditions\/","name":"Terms and conditions - Finsling","isPartOf":{"@id":"https:\/\/finsling.com\/#website"},"datePublished":"2020-05-13T22:25:33+00:00","dateModified":"2021-01-15T07:46:05+00:00","breadcrumb":{"@id":"https:\/\/finsling.com\/terms-and-conditions\/#breadcrumb"},"inLanguage":"fi","potentialAction":[{"@type":"ReadAction","target":["https:\/\/finsling.com\/terms-and-conditions\/"]}]},{"@type":"BreadcrumbList","@id":"https:\/\/finsling.com\/terms-and-conditions\/#breadcrumb","itemListElement":[{"@type":"ListItem","position":1,"name":"Home","item":"https:\/\/finsling.com\/"},{"@type":"ListItem","position":2,"name":"Terms and conditions"}]},{"@type":"WebSite","@id":"https:\/\/finsling.com\/#website","url":"https:\/\/finsling.com\/","name":"Finsling","description":"SIMPLE - DURABLE - EFFECTIVE","publisher":{"@id":"https:\/\/finsling.com\/#organization"},"potentialAction":[{"@type":"SearchAction","target":{"@type":"EntryPoint","urlTemplate":"https:\/\/finsling.com\/?s={search_term_string}"},"query-input":{"@type":"PropertyValueSpecification","valueRequired":true,"valueName":"search_term_string"}}],"inLanguage":"fi"},{"@type":"Organization","@id":"https:\/\/finsling.com\/#organization","name":"Finsling","url":"https:\/\/finsling.com\/","logo":{"@type":"ImageObject","inLanguage":"fi","@id":"https:\/\/finsling.com\/#\/schema\/logo\/image\/","url":"https:\/\/finsling.com\/wp-content\/uploads\/2019\/11\/cropped-finsling_medium-3.png","contentUrl":"https:\/\/finsling.com\/wp-content\/uploads\/2019\/11\/cropped-finsling_medium-3.png","width":554,"height":208,"caption":"Finsling"},"image":{"@id":"https:\/\/finsling.com\/#\/schema\/logo\/image\/"},"sameAs":["https:\/\/www.facebook.com\/finsling\/"]}]}},"_links":{"self":[{"href":"https:\/\/finsling.com\/fi\/wp-json\/wp\/v2\/pages\/530","targetHints":{"allow":["GET"]}}],"collection":[{"href":"https:\/\/finsling.com\/fi\/wp-json\/wp\/v2\/pages"}],"about":[{"href":"https:\/\/finsling.com\/fi\/wp-json\/wp\/v2\/types\/page"}],"author":[{"embeddable":true,"href":"https:\/\/finsling.com\/fi\/wp-json\/wp\/v2\/users\/1"}],"replies":[{"embeddable":true,"href":"https:\/\/finsling.com\/fi\/wp-json\/wp\/v2\/comments?post=530"}],"version-history":[{"count":8,"href":"https:\/\/finsling.com\/fi\/wp-json\/wp\/v2\/pages\/530\/revisions"}],"predecessor-version":[{"id":669,"href":"https:\/\/finsling.com\/fi\/wp-json\/wp\/v2\/pages\/530\/revisions\/669"}],"wp:attachment":[{"href":"https:\/\/finsling.com\/fi\/wp-json\/wp\/v2\/media?parent=530"}],"curies":[{"name":"wp","href":"https:\/\/api.w.org\/{rel}","templated":true}]}}