{"id":8,"date":"2019-11-28T11:49:05","date_gmt":"2019-11-28T09:49:05","guid":{"rendered":"http:\/\/finsling.ehasa.org\/?page_id=8"},"modified":"2025-08-26T09:41:56","modified_gmt":"2025-08-26T06:41:56","slug":"company","status":"publish","type":"page","link":"https:\/\/finsling.com\/fi\/company\/","title":{"rendered":"Yritys"},"content":{"rendered":"<div data-elementor-type=\"wp-page\" data-elementor-id=\"8\" class=\"elementor elementor-8\" data-elementor-post-type=\"page\">\n\t\t\t\t\t\t<section class=\"elementor-section elementor-top-section elementor-element elementor-element-616dfc9f elementor-section-boxed elementor-section-height-default elementor-section-height-default\" data-id=\"616dfc9f\" data-element_type=\"section\" data-e-type=\"section\">\n\t\t\t\t\t\t<div class=\"elementor-container elementor-column-gap-default\">\n\t\t\t\t\t<div class=\"elementor-column elementor-col-100 elementor-top-column elementor-element elementor-element-5da64d28\" data-id=\"5da64d28\" data-element_type=\"column\" data-e-type=\"column\">\n\t\t\t<div class=\"elementor-widget-wrap elementor-element-populated\">\n\t\t\t\t\t\t<div class=\"elementor-element elementor-element-36b76982 elementor-widget elementor-widget-text-editor\" data-id=\"36b76982\" data-element_type=\"widget\" data-e-type=\"widget\" data-widget_type=\"text-editor.default\">\n\t\t\t\t<div class=\"elementor-widget-container\">\n\t\t\t\t\t\t\t\t\t<p><span style=\"color: var( --e-global-color-text ); font-family: var( --e-global-typography-text-font-family ), Sans-serif; word-spacing: normal; font-weight: bold;\">FinSling<\/span><span style=\"color: var( --e-global-color-text ); font-family: var( --e-global-typography-text-font-family ), Sans-serif; font-weight: var( --e-global-typography-text-font-weight ); word-spacing: normal;\">&nbsp;on perheyritys. Haluamme tuoda innovatiivisia tuotteita mets\u00e4stys ja tactical markkinoille. Meill\u00e4 on vuosien kokemus mets\u00e4styksest\u00e4, viranomais- ja sotilaspuolelta. Kaikki tuotteemme on kentt\u00e4testattuja.<\/span><\/p>\n<p>Valmistamme kaikki verkkokaupassa myyt\u00e4v\u00e4t tuotteet itse Suomessa.&nbsp;<span style=\"color: var( --e-global-color-text ); font-family: var( --e-global-typography-text-font-family ), Sans-serif; font-weight: var( --e-global-typography-text-font-weight ); word-spacing: normal;\">K\u00e4yt\u00e4mme vain parhaita materiaaleja.<\/span><\/p>\n<p><!-- \/wp:paragraph --><\/p>\n<p><!-- wp:paragraph --><\/p>\n<p><strong>FinSling Oy<\/strong> (Y: 3088120-8)<br>04301 Tuusula<br>PL 14<br>Suomi<\/p>\n<p>+358413186684<br>info@finsling.com<\/p>\n<p><!-- \/wp:paragraph --><\/p>\t\t\t\t\t\t\t\t<\/div>\n\t\t\t\t<\/div>\n\t\t\t\t\t<\/div>\n\t\t<\/div>\n\t\t\t\t\t<\/div>\n\t\t<\/section>\n\t\t\t\t<\/div>","protected":false},"excerpt":{"rendered":"<p>FinSling&nbsp;is a family company that wants to bring innovative products to hunting and tactical markets. We have years of experience in hunting, law enforcement and military in our company. Products we design are tested and innovated by people with field experience. We manufacture all of our webshop products in Finland.&nbsp;We use only the best materials. FinSling Oy (Y: 3088120-8)04301 TuusulaPL 14Finland +358413186684info@finsling.com<\/p>","protected":false},"author":1,"featured_media":0,"parent":0,"menu_order":0,"comment_status":"closed","ping_status":"closed","template":"","meta":{"footnotes":""},"class_list":["post-8","page","type-page","status-publish"],"yoast_head":"<!-- This site is optimized with the Yoast SEO plugin v27.3 - https:\/\/yoast.com\/product\/yoast-seo-wordpress\/ -->\n<title>Company - Premium Hunting Rifle Slings &amp; Duty Belt Suspenders - Finsling<\/title>\n<meta name=\"description\" content=\"Finsling designs and manufactures hunting slings. FinSling is a family company that innovatives products for hunting and tactical use.\" \/>\n<meta name=\"robots\" content=\"index, follow, max-snippet:-1, max-image-preview:large, max-video-preview:-1\" \/>\n<link rel=\"canonical\" href=\"https:\/\/finsling.com\/fi\/company\/\" \/>\n<meta property=\"og:locale\" content=\"fi_FI\" \/>\n<meta property=\"og:type\" content=\"article\" \/>\n<meta property=\"og:title\" content=\"Company - Premium Hunting Rifle Slings &amp; Duty Belt Suspenders - Finsling\" \/>\n<meta property=\"og:description\" content=\"Finsling designs and manufactures hunting slings. FinSling is a family company that innovatives products for hunting and tactical use.\" \/>\n<meta property=\"og:url\" content=\"https:\/\/finsling.com\/fi\/company\/\" \/>\n<meta property=\"og:site_name\" content=\"Finsling\" \/>\n<meta property=\"article:publisher\" content=\"https:\/\/www.facebook.com\/finsling\/\" \/>\n<meta property=\"article:modified_time\" content=\"2025-08-26T06:41:56+00:00\" \/>\n<meta name=\"twitter:card\" content=\"summary_large_image\" \/>\n<meta name=\"twitter:label1\" content=\"Arvioitu lukuaika\" \/>\n\t<meta name=\"twitter:data1\" content=\"1 minuutti\" \/>\n<script type=\"application\/ld+json\" class=\"yoast-schema-graph\">{\"@context\":\"https:\\\/\\\/schema.org\",\"@graph\":[{\"@type\":\"WebPage\",\"@id\":\"https:\\\/\\\/finsling.com\\\/company\\\/\",\"url\":\"https:\\\/\\\/finsling.com\\\/company\\\/\",\"name\":\"Company - Premium Hunting Rifle Slings & Duty Belt Suspenders - Finsling\",\"isPartOf\":{\"@id\":\"https:\\\/\\\/finsling.com\\\/#website\"},\"datePublished\":\"2019-11-28T09:49:05+00:00\",\"dateModified\":\"2025-08-26T06:41:56+00:00\",\"description\":\"Finsling designs and manufactures hunting slings. FinSling is a family company that innovatives products for hunting and tactical use.\",\"breadcrumb\":{\"@id\":\"https:\\\/\\\/finsling.com\\\/company\\\/#breadcrumb\"},\"inLanguage\":\"fi\",\"potentialAction\":[{\"@type\":\"ReadAction\",\"target\":[\"https:\\\/\\\/finsling.com\\\/company\\\/\"]}]},{\"@type\":\"BreadcrumbList\",\"@id\":\"https:\\\/\\\/finsling.com\\\/company\\\/#breadcrumb\",\"itemListElement\":[{\"@type\":\"ListItem\",\"position\":1,\"name\":\"Home\",\"item\":\"https:\\\/\\\/finsling.com\\\/\"},{\"@type\":\"ListItem\",\"position\":2,\"name\":\"Company\"}]},{\"@type\":\"WebSite\",\"@id\":\"https:\\\/\\\/finsling.com\\\/#website\",\"url\":\"https:\\\/\\\/finsling.com\\\/\",\"name\":\"Finsling\",\"description\":\"SIMPLE - DURABLE - EFFECTIVE\",\"publisher\":{\"@id\":\"https:\\\/\\\/finsling.com\\\/#organization\"},\"potentialAction\":[{\"@type\":\"SearchAction\",\"target\":{\"@type\":\"EntryPoint\",\"urlTemplate\":\"https:\\\/\\\/finsling.com\\\/?s={search_term_string}\"},\"query-input\":{\"@type\":\"PropertyValueSpecification\",\"valueRequired\":true,\"valueName\":\"search_term_string\"}}],\"inLanguage\":\"fi\"},{\"@type\":\"Organization\",\"@id\":\"https:\\\/\\\/finsling.com\\\/#organization\",\"name\":\"Finsling\",\"url\":\"https:\\\/\\\/finsling.com\\\/\",\"logo\":{\"@type\":\"ImageObject\",\"inLanguage\":\"fi\",\"@id\":\"https:\\\/\\\/finsling.com\\\/#\\\/schema\\\/logo\\\/image\\\/\",\"url\":\"https:\\\/\\\/finsling.com\\\/wp-content\\\/uploads\\\/2019\\\/11\\\/cropped-finsling_medium-3.png\",\"contentUrl\":\"https:\\\/\\\/finsling.com\\\/wp-content\\\/uploads\\\/2019\\\/11\\\/cropped-finsling_medium-3.png\",\"width\":554,\"height\":208,\"caption\":\"Finsling\"},\"image\":{\"@id\":\"https:\\\/\\\/finsling.com\\\/#\\\/schema\\\/logo\\\/image\\\/\"},\"sameAs\":[\"https:\\\/\\\/www.facebook.com\\\/finsling\\\/\"]}]}<\/script>\n<!-- \/ Yoast SEO plugin. -->","yoast_head_json":{"title":"Yritys - Laadukkaat asehihnat ja mets\u00e4stys asehihnat  Suomessa - Finsling","description":"Finsling suunnittelee ja valmistaa mets\u00e4styshihnoja. Finsling on perheyritys, joka kehitt\u00e4\u00e4 innovatiivisia tuotteita mets\u00e4stykseen ja taktiseen k\u00e4ytt\u00f6\u00f6n.","robots":{"index":"index","follow":"follow","max-snippet":"max-snippet:-1","max-image-preview":"max-image-preview:large","max-video-preview":"max-video-preview:-1"},"canonical":"https:\/\/finsling.com\/fi\/company\/","og_locale":"fi_FI","og_type":"article","og_title":"Company - Premium Hunting Rifle Slings & Duty Belt Suspenders - Finsling","og_description":"Finsling designs and manufactures hunting slings. FinSling is a family company that innovatives products for hunting and tactical use.","og_url":"https:\/\/finsling.com\/fi\/company\/","og_site_name":"Finsling","article_publisher":"https:\/\/www.facebook.com\/finsling\/","article_modified_time":"2025-08-26T06:41:56+00:00","twitter_card":"summary_large_image","twitter_misc":{"Arvioitu lukuaika":"1 minuutti"},"schema":{"@context":"https:\/\/schema.org","@graph":[{"@type":"WebPage","@id":"https:\/\/finsling.com\/company\/","url":"https:\/\/finsling.com\/company\/","name":"Yritys - Laadukkaat asehihnat ja mets\u00e4stys asehihnat  Suomessa - Finsling","isPartOf":{"@id":"https:\/\/finsling.com\/#website"},"datePublished":"2019-11-28T09:49:05+00:00","dateModified":"2025-08-26T06:41:56+00:00","description":"Finsling suunnittelee ja valmistaa mets\u00e4styshihnoja. Finsling on perheyritys, joka kehitt\u00e4\u00e4 innovatiivisia tuotteita mets\u00e4stykseen ja taktiseen k\u00e4ytt\u00f6\u00f6n.","breadcrumb":{"@id":"https:\/\/finsling.com\/company\/#breadcrumb"},"inLanguage":"fi","potentialAction":[{"@type":"ReadAction","target":["https:\/\/finsling.com\/company\/"]}]},{"@type":"BreadcrumbList","@id":"https:\/\/finsling.com\/company\/#breadcrumb","itemListElement":[{"@type":"ListItem","position":1,"name":"Home","item":"https:\/\/finsling.com\/"},{"@type":"ListItem","position":2,"name":"Company"}]},{"@type":"WebSite","@id":"https:\/\/finsling.com\/#website","url":"https:\/\/finsling.com\/","name":"Finsling","description":"SIMPLE - DURABLE - EFFECTIVE","publisher":{"@id":"https:\/\/finsling.com\/#organization"},"potentialAction":[{"@type":"SearchAction","target":{"@type":"EntryPoint","urlTemplate":"https:\/\/finsling.com\/?s={search_term_string}"},"query-input":{"@type":"PropertyValueSpecification","valueRequired":true,"valueName":"search_term_string"}}],"inLanguage":"fi"},{"@type":"Organization","@id":"https:\/\/finsling.com\/#organization","name":"Finsling","url":"https:\/\/finsling.com\/","logo":{"@type":"ImageObject","inLanguage":"fi","@id":"https:\/\/finsling.com\/#\/schema\/logo\/image\/","url":"https:\/\/finsling.com\/wp-content\/uploads\/2019\/11\/cropped-finsling_medium-3.png","contentUrl":"https:\/\/finsling.com\/wp-content\/uploads\/2019\/11\/cropped-finsling_medium-3.png","width":554,"height":208,"caption":"Finsling"},"image":{"@id":"https:\/\/finsling.com\/#\/schema\/logo\/image\/"},"sameAs":["https:\/\/www.facebook.com\/finsling\/"]}]}},"_links":{"self":[{"href":"https:\/\/finsling.com\/fi\/wp-json\/wp\/v2\/pages\/8","targetHints":{"allow":["GET"]}}],"collection":[{"href":"https:\/\/finsling.com\/fi\/wp-json\/wp\/v2\/pages"}],"about":[{"href":"https:\/\/finsling.com\/fi\/wp-json\/wp\/v2\/types\/page"}],"author":[{"embeddable":true,"href":"https:\/\/finsling.com\/fi\/wp-json\/wp\/v2\/users\/1"}],"replies":[{"embeddable":true,"href":"https:\/\/finsling.com\/fi\/wp-json\/wp\/v2\/comments?post=8"}],"version-history":[{"count":25,"href":"https:\/\/finsling.com\/fi\/wp-json\/wp\/v2\/pages\/8\/revisions"}],"predecessor-version":[{"id":2011,"href":"https:\/\/finsling.com\/fi\/wp-json\/wp\/v2\/pages\/8\/revisions\/2011"}],"wp:attachment":[{"href":"https:\/\/finsling.com\/fi\/wp-json\/wp\/v2\/media?parent=8"}],"curies":[{"name":"wp","href":"https:\/\/api.w.org\/{rel}","templated":true}]}}