{"id":1021,"date":"2022-11-22T08:17:33","date_gmt":"2022-11-22T06:17:33","guid":{"rendered":"https:\/\/finsling.com\/?post_type=product&#038;p=1021"},"modified":"2025-10-01T07:49:01","modified_gmt":"2025-10-01T04:49:01","slug":"reversed-shield-hook","status":"publish","type":"product","link":"https:\/\/finsling.com\/fi\/tuote\/reversed-shield-hook\/","title":{"rendered":"K\u00e4\u00e4nteinen Shield Hook"},"content":{"rendered":"<p>K\u00e4\u00e4nteinen Shield Hook kilpikoukku on tarkoitettu avustamaan ballistisen suojakilven kantamisessa. Alkuper\u00e4inen Shield Hook kilpikoukku kiinnittyy k\u00e4ytt\u00e4j\u00e4n plate carrieriin tai taktiseen suojaliiviin johon kilpi asetetaan roikkumaan. K\u00e4\u00e4nteinen kilpikoukku kiinnitet\u00e4\u00e4n kilpeen ja kilven koukku kiinnitet\u00e4\u00e4n k\u00e4ytt\u00e4j\u00e4n liiviin. Liiviss\u00e4 tulee olla vastakappale koukulle. K\u00e4\u00e4nteinen kilpikoukku kiinnitet\u00e4\u00e4n kilpeen yksinkertaisella lenkkisolmulla.<\/p>\n<p>K\u00e4\u00e4nteinen kilpikoukku on valmistettu samoista kest\u00e4v\u00e4ist\u00e4 materiaaleista, kun alkuper\u00e4inen Shield Hook kilpikoukku.<\/p>","protected":false},"excerpt":{"rendered":"<p>Reversed shield hook is hook devise that helps you to carry a ballistic shield. With the original Shield Hook, the hook is in your plate carrier or tactical vest, and you lift the ballistic shield to the hook. In Reversed Shield Hook the hook is on the shield, and you lift the hook to your plate carrier. You need to have some kind of counterpart loop on your plate carrier where you place the hook. The Reversed Shield Hook attaches to the shield by a simple loop knot. The Revered Shield Hook is made of the same durable material as the original Shield Hook.<\/p>","protected":false},"featured_media":1019,"template":"","meta":[],"product_brand":[],"product_cat":[32],"product_tag":[],"class_list":{"0":"post-1021","1":"product","2":"type-product","3":"status-publish","4":"has-post-thumbnail","6":"product_cat-product","7":"pa_color-black","8":"pa_color-green","10":"first","11":"instock","12":"taxable","13":"shipping-taxable","14":"purchasable","15":"product-type-variable"},"yoast_head":"<!-- This site is optimized with the Yoast SEO plugin v27.4 - https:\/\/yoast.com\/product\/yoast-seo-wordpress\/ -->\n<title>Reversed shield hook - Finsling<\/title>\n<meta name=\"robots\" content=\"index, follow, max-snippet:-1, max-image-preview:large, max-video-preview:-1\" \/>\n<link rel=\"canonical\" href=\"https:\/\/finsling.com\/fi\/tuote\/reversed-shield-hook\/\" \/>\n<meta property=\"og:locale\" content=\"fi_FI\" \/>\n<meta property=\"og:type\" content=\"article\" \/>\n<meta property=\"og:title\" content=\"Reversed shield hook - Finsling\" \/>\n<meta property=\"og:description\" content=\"Reversed shield hook is hook devise that helps you to carry a ballistic shield. With the original Shield Hook, the hook is in your plate carrier or tactical vest, and you lift the ballistic shield to the hook. In Reversed Shield Hook the hook is on the shield, and you lift the hook to your plate carrier. You need to have some kind of counterpart loop on your plate carrier where you place the hook. The Reversed Shield Hook attaches to the shield by a simple loop knot. The Revered Shield Hook is made of the same durable material as the original Shield Hook.\" \/>\n<meta property=\"og:url\" content=\"https:\/\/finsling.com\/fi\/tuote\/reversed-shield-hook\/\" \/>\n<meta property=\"og:site_name\" content=\"Finsling\" \/>\n<meta property=\"article:publisher\" content=\"https:\/\/www.facebook.com\/finsling\/\" \/>\n<meta property=\"article:modified_time\" content=\"2025-10-01T04:49:01+00:00\" \/>\n<meta property=\"og:image\" content=\"https:\/\/finsling.com\/wp-content\/uploads\/2022\/11\/reversed4-scaled.jpg\" \/>\n\t<meta property=\"og:image:width\" content=\"2560\" \/>\n\t<meta property=\"og:image:height\" content=\"2560\" \/>\n\t<meta property=\"og:image:type\" content=\"image\/jpeg\" \/>\n<meta name=\"twitter:card\" content=\"summary_large_image\" \/>\n<meta name=\"twitter:label1\" content=\"Arvioitu lukuaika\" \/>\n\t<meta name=\"twitter:data1\" content=\"1 minuutti\" \/>\n<script type=\"application\/ld+json\" class=\"yoast-schema-graph\">{\"@context\":\"https:\\\/\\\/schema.org\",\"@graph\":[{\"@type\":\"WebPage\",\"@id\":\"https:\\\/\\\/finsling.com\\\/product\\\/reversed-shield-hook\\\/\",\"url\":\"https:\\\/\\\/finsling.com\\\/product\\\/reversed-shield-hook\\\/\",\"name\":\"Reversed shield hook - Finsling\",\"isPartOf\":{\"@id\":\"https:\\\/\\\/finsling.com\\\/#website\"},\"primaryImageOfPage\":{\"@id\":\"https:\\\/\\\/finsling.com\\\/product\\\/reversed-shield-hook\\\/#primaryimage\"},\"image\":{\"@id\":\"https:\\\/\\\/finsling.com\\\/product\\\/reversed-shield-hook\\\/#primaryimage\"},\"thumbnailUrl\":\"https:\\\/\\\/finsling.com\\\/wp-content\\\/uploads\\\/2022\\\/11\\\/reversed4-scaled.jpg\",\"datePublished\":\"2022-11-22T06:17:33+00:00\",\"dateModified\":\"2025-10-01T04:49:01+00:00\",\"breadcrumb\":{\"@id\":\"https:\\\/\\\/finsling.com\\\/product\\\/reversed-shield-hook\\\/#breadcrumb\"},\"inLanguage\":\"fi\",\"potentialAction\":[{\"@type\":\"ReadAction\",\"target\":[\"https:\\\/\\\/finsling.com\\\/product\\\/reversed-shield-hook\\\/\"]}]},{\"@type\":\"ImageObject\",\"inLanguage\":\"fi\",\"@id\":\"https:\\\/\\\/finsling.com\\\/product\\\/reversed-shield-hook\\\/#primaryimage\",\"url\":\"https:\\\/\\\/finsling.com\\\/wp-content\\\/uploads\\\/2022\\\/11\\\/reversed4-scaled.jpg\",\"contentUrl\":\"https:\\\/\\\/finsling.com\\\/wp-content\\\/uploads\\\/2022\\\/11\\\/reversed4-scaled.jpg\",\"width\":2560,\"height\":2560,\"caption\":\"Reversed shield hook\"},{\"@type\":\"BreadcrumbList\",\"@id\":\"https:\\\/\\\/finsling.com\\\/product\\\/reversed-shield-hook\\\/#breadcrumb\",\"itemListElement\":[{\"@type\":\"ListItem\",\"position\":1,\"name\":\"Home\",\"item\":\"https:\\\/\\\/finsling.com\\\/\"},{\"@type\":\"ListItem\",\"position\":2,\"name\":\"Products\",\"item\":\"https:\\\/\\\/finsling.com\\\/kauppa\\\/\"},{\"@type\":\"ListItem\",\"position\":3,\"name\":\"Reversed shield hook\"}]},{\"@type\":\"WebSite\",\"@id\":\"https:\\\/\\\/finsling.com\\\/#website\",\"url\":\"https:\\\/\\\/finsling.com\\\/\",\"name\":\"Finsling\",\"description\":\"SIMPLE - DURABLE - EFFECTIVE\",\"publisher\":{\"@id\":\"https:\\\/\\\/finsling.com\\\/#organization\"},\"potentialAction\":[{\"@type\":\"SearchAction\",\"target\":{\"@type\":\"EntryPoint\",\"urlTemplate\":\"https:\\\/\\\/finsling.com\\\/?s={search_term_string}\"},\"query-input\":{\"@type\":\"PropertyValueSpecification\",\"valueRequired\":true,\"valueName\":\"search_term_string\"}}],\"inLanguage\":\"fi\"},{\"@type\":\"Organization\",\"@id\":\"https:\\\/\\\/finsling.com\\\/#organization\",\"name\":\"Finsling\",\"url\":\"https:\\\/\\\/finsling.com\\\/\",\"logo\":{\"@type\":\"ImageObject\",\"inLanguage\":\"fi\",\"@id\":\"https:\\\/\\\/finsling.com\\\/#\\\/schema\\\/logo\\\/image\\\/\",\"url\":\"https:\\\/\\\/finsling.com\\\/wp-content\\\/uploads\\\/2019\\\/11\\\/cropped-finsling_medium-3.png\",\"contentUrl\":\"https:\\\/\\\/finsling.com\\\/wp-content\\\/uploads\\\/2019\\\/11\\\/cropped-finsling_medium-3.png\",\"width\":554,\"height\":208,\"caption\":\"Finsling\"},\"image\":{\"@id\":\"https:\\\/\\\/finsling.com\\\/#\\\/schema\\\/logo\\\/image\\\/\"},\"sameAs\":[\"https:\\\/\\\/www.facebook.com\\\/finsling\\\/\"]}]}<\/script>\n<!-- \/ Yoast SEO plugin. -->","yoast_head_json":{"title":"Reversed shield hook - Finsling","robots":{"index":"index","follow":"follow","max-snippet":"max-snippet:-1","max-image-preview":"max-image-preview:large","max-video-preview":"max-video-preview:-1"},"canonical":"https:\/\/finsling.com\/fi\/tuote\/reversed-shield-hook\/","og_locale":"fi_FI","og_type":"article","og_title":"Reversed shield hook - Finsling","og_description":"Reversed shield hook is hook devise that helps you to carry a ballistic shield. With the original Shield Hook, the hook is in your plate carrier or tactical vest, and you lift the ballistic shield to the hook. In Reversed Shield Hook the hook is on the shield, and you lift the hook to your plate carrier. You need to have some kind of counterpart loop on your plate carrier where you place the hook. The Reversed Shield Hook attaches to the shield by a simple loop knot. The Revered Shield Hook is made of the same durable material as the original Shield Hook.","og_url":"https:\/\/finsling.com\/fi\/tuote\/reversed-shield-hook\/","og_site_name":"Finsling","article_publisher":"https:\/\/www.facebook.com\/finsling\/","article_modified_time":"2025-10-01T04:49:01+00:00","og_image":[{"width":2560,"height":2560,"url":"https:\/\/finsling.com\/wp-content\/uploads\/2022\/11\/reversed4-scaled.jpg","type":"image\/jpeg"}],"twitter_card":"summary_large_image","twitter_misc":{"Arvioitu lukuaika":"1 minuutti"},"schema":{"@context":"https:\/\/schema.org","@graph":[{"@type":"WebPage","@id":"https:\/\/finsling.com\/product\/reversed-shield-hook\/","url":"https:\/\/finsling.com\/product\/reversed-shield-hook\/","name":"Reversed shield hook - Finsling","isPartOf":{"@id":"https:\/\/finsling.com\/#website"},"primaryImageOfPage":{"@id":"https:\/\/finsling.com\/product\/reversed-shield-hook\/#primaryimage"},"image":{"@id":"https:\/\/finsling.com\/product\/reversed-shield-hook\/#primaryimage"},"thumbnailUrl":"https:\/\/finsling.com\/wp-content\/uploads\/2022\/11\/reversed4-scaled.jpg","datePublished":"2022-11-22T06:17:33+00:00","dateModified":"2025-10-01T04:49:01+00:00","breadcrumb":{"@id":"https:\/\/finsling.com\/product\/reversed-shield-hook\/#breadcrumb"},"inLanguage":"fi","potentialAction":[{"@type":"ReadAction","target":["https:\/\/finsling.com\/product\/reversed-shield-hook\/"]}]},{"@type":"ImageObject","inLanguage":"fi","@id":"https:\/\/finsling.com\/product\/reversed-shield-hook\/#primaryimage","url":"https:\/\/finsling.com\/wp-content\/uploads\/2022\/11\/reversed4-scaled.jpg","contentUrl":"https:\/\/finsling.com\/wp-content\/uploads\/2022\/11\/reversed4-scaled.jpg","width":2560,"height":2560,"caption":"Reversed shield hook"},{"@type":"BreadcrumbList","@id":"https:\/\/finsling.com\/product\/reversed-shield-hook\/#breadcrumb","itemListElement":[{"@type":"ListItem","position":1,"name":"Home","item":"https:\/\/finsling.com\/"},{"@type":"ListItem","position":2,"name":"Products","item":"https:\/\/finsling.com\/kauppa\/"},{"@type":"ListItem","position":3,"name":"Reversed shield hook"}]},{"@type":"WebSite","@id":"https:\/\/finsling.com\/#website","url":"https:\/\/finsling.com\/","name":"Finsling","description":"SIMPLE - DURABLE - EFFECTIVE","publisher":{"@id":"https:\/\/finsling.com\/#organization"},"potentialAction":[{"@type":"SearchAction","target":{"@type":"EntryPoint","urlTemplate":"https:\/\/finsling.com\/?s={search_term_string}"},"query-input":{"@type":"PropertyValueSpecification","valueRequired":true,"valueName":"search_term_string"}}],"inLanguage":"fi"},{"@type":"Organization","@id":"https:\/\/finsling.com\/#organization","name":"Finsling","url":"https:\/\/finsling.com\/","logo":{"@type":"ImageObject","inLanguage":"fi","@id":"https:\/\/finsling.com\/#\/schema\/logo\/image\/","url":"https:\/\/finsling.com\/wp-content\/uploads\/2019\/11\/cropped-finsling_medium-3.png","contentUrl":"https:\/\/finsling.com\/wp-content\/uploads\/2019\/11\/cropped-finsling_medium-3.png","width":554,"height":208,"caption":"Finsling"},"image":{"@id":"https:\/\/finsling.com\/#\/schema\/logo\/image\/"},"sameAs":["https:\/\/www.facebook.com\/finsling\/"]}]}},"_links":{"self":[{"href":"https:\/\/finsling.com\/fi\/wp-json\/wp\/v2\/product\/1021","targetHints":{"allow":["GET"]}}],"collection":[{"href":"https:\/\/finsling.com\/fi\/wp-json\/wp\/v2\/product"}],"about":[{"href":"https:\/\/finsling.com\/fi\/wp-json\/wp\/v2\/types\/product"}],"wp:featuredmedia":[{"embeddable":true,"href":"https:\/\/finsling.com\/fi\/wp-json\/wp\/v2\/media\/1019"}],"wp:attachment":[{"href":"https:\/\/finsling.com\/fi\/wp-json\/wp\/v2\/media?parent=1021"}],"wp:term":[{"taxonomy":"product_brand","embeddable":true,"href":"https:\/\/finsling.com\/fi\/wp-json\/wp\/v2\/product_brand?post=1021"},{"taxonomy":"product_cat","embeddable":true,"href":"https:\/\/finsling.com\/fi\/wp-json\/wp\/v2\/product_cat?post=1021"},{"taxonomy":"product_tag","embeddable":true,"href":"https:\/\/finsling.com\/fi\/wp-json\/wp\/v2\/product_tag?post=1021"}],"curies":[{"name":"wp","href":"https:\/\/api.w.org\/{rel}","templated":true}]}}