{"id":1086,"date":"2023-02-26T16:15:19","date_gmt":"2023-02-26T14:15:19","guid":{"rendered":"https:\/\/finsling.com\/?post_type=product&#038;p=1086"},"modified":"2025-08-24T19:18:34","modified_gmt":"2025-08-24T16:18:34","slug":"1p-sling","status":"publish","type":"product","link":"https:\/\/finsling.com\/fi\/tuote\/1p-sling\/","title":{"rendered":"1P Sling"},"content":{"rendered":"<p>1P sling asehihna on yksinkertaisin hihna mit\u00e4 l\u00f6ytyy. Asehihna on suunniteltu niin, ett\u00e4 asetta kannetaan asek\u00e4den puolella. Hihna pysyy paikallaan p\u00e4\u00e4ll\u00e4si niin ett\u00e4 hihnakiinnike liikkuu hihnassa. T\u00e4st\u00e4 aiheutuu hyvin v\u00e4h\u00e4n kitkaa kun nostat aseen ampumavalmiuteen. Voit kirist\u00e4\u00e4 hihnan suhteellisen kire\u00e4lle niin ett\u00e4 aseen per\u00e4 on l\u00e4hell\u00e4 kainaloa.<\/p>\n<p>Aseen paino on olkap\u00e4\u00e4ll\u00e4si ja ase roikkuun asek\u00e4den kyljell\u00e4 luonnollisesti. Aseen nostaminen ampumavalmiuteen on luonnollista, nopeaa ja tehokasta. Ty\u00f6nn\u00e4n asetta poisp\u00e4in itsest\u00e4si niin ase ohjautuu hihnan avulla oikeaan ampuma-asentoon.<\/p>\n<p><iframe title=\"FinSling 1P Sling\" width=\"800\" height=\"600\" src=\"https:\/\/www.youtube.com\/embed\/qfJWe4dXWLc?feature=oembed\" frameborder=\"0\" allow=\"accelerometer; autoplay; clipboard-write; encrypted-media; gyroscope; picture-in-picture; web-share\" referrerpolicy=\"strict-origin-when-cross-origin\" allowfullscreen><\/iframe><\/p>","protected":false},"excerpt":{"rendered":"<p>1P sling is the most simplistic single point sling there is but still very effective. The sling is designed so that you carry your weapon on the dominant side. The sling stays stationary and the sling swivel moves on the sling. This causes very little friction. You can adjust the sling fairly tight so that the stock is almost in your armpit. This is a very natural and effective way to carry your weapon. The weight of the weapon is on your shoulder and the weapon\u00a0hangs naturally on your side. It is very fast to get your sights on target this way. Just push the weapon away from you and the sling will guide the weapon to the right place.<\/p>","protected":false},"featured_media":1059,"template":"","meta":[],"product_brand":[],"product_cat":[32],"product_tag":[],"class_list":{"0":"post-1086","1":"product","2":"type-product","3":"status-publish","4":"has-post-thumbnail","6":"product_cat-product","7":"pa_attachment_type-hk","8":"pa_attachment_type-qd","10":"first","11":"instock","12":"taxable","13":"shipping-taxable","14":"purchasable","15":"product-type-variable"},"yoast_head":"<!-- This site is optimized with the Yoast SEO plugin v27.3 - https:\/\/yoast.com\/product\/yoast-seo-wordpress\/ -->\n<title>1P Sling - Finsling<\/title>\n<meta name=\"robots\" content=\"index, follow, max-snippet:-1, max-image-preview:large, max-video-preview:-1\" \/>\n<link rel=\"canonical\" href=\"https:\/\/finsling.com\/fi\/tuote\/1p-sling\/\" \/>\n<meta property=\"og:locale\" content=\"fi_FI\" \/>\n<meta property=\"og:type\" content=\"article\" \/>\n<meta property=\"og:title\" content=\"1P Sling - Finsling\" \/>\n<meta property=\"og:description\" content=\"1P sling is the most simplistic single point sling there is but still very effective. The sling is designed so that you carry your weapon on the dominant side. The sling stays stationary and the sling swivel moves on the sling. This causes very little friction. You can adjust the sling fairly tight so that the stock is almost in your armpit. This is a very natural and effective way to carry your weapon. The weight of the weapon is on your shoulder and the weapon\u00a0hangs naturally on your side. It is very fast to get your sights on target this way. Just push the weapon away from you and the sling will guide the weapon to the right place.\" \/>\n<meta property=\"og:url\" content=\"https:\/\/finsling.com\/fi\/tuote\/1p-sling\/\" \/>\n<meta property=\"og:site_name\" content=\"Finsling\" \/>\n<meta property=\"article:publisher\" content=\"https:\/\/www.facebook.com\/finsling\/\" \/>\n<meta property=\"article:modified_time\" content=\"2025-08-24T16:18:34+00:00\" \/>\n<meta property=\"og:image\" content=\"https:\/\/finsling.com\/wp-content\/uploads\/2023\/01\/1Ptuote-rotated.jpg\" \/>\n\t<meta property=\"og:image:width\" content=\"1448\" \/>\n\t<meta property=\"og:image:height\" content=\"1448\" \/>\n\t<meta property=\"og:image:type\" content=\"image\/jpeg\" \/>\n<meta name=\"twitter:card\" content=\"summary_large_image\" \/>\n<meta name=\"twitter:label1\" content=\"Arvioitu lukuaika\" \/>\n\t<meta name=\"twitter:data1\" content=\"1 minuutti\" \/>\n<script type=\"application\/ld+json\" class=\"yoast-schema-graph\">{\"@context\":\"https:\\\/\\\/schema.org\",\"@graph\":[{\"@type\":\"WebPage\",\"@id\":\"https:\\\/\\\/finsling.com\\\/product\\\/1p-sling\\\/\",\"url\":\"https:\\\/\\\/finsling.com\\\/product\\\/1p-sling\\\/\",\"name\":\"1P Sling - Finsling\",\"isPartOf\":{\"@id\":\"https:\\\/\\\/finsling.com\\\/#website\"},\"primaryImageOfPage\":{\"@id\":\"https:\\\/\\\/finsling.com\\\/product\\\/1p-sling\\\/#primaryimage\"},\"image\":{\"@id\":\"https:\\\/\\\/finsling.com\\\/product\\\/1p-sling\\\/#primaryimage\"},\"thumbnailUrl\":\"https:\\\/\\\/finsling.com\\\/wp-content\\\/uploads\\\/2023\\\/01\\\/1Ptuote-rotated.jpg\",\"datePublished\":\"2023-02-26T14:15:19+00:00\",\"dateModified\":\"2025-08-24T16:18:34+00:00\",\"breadcrumb\":{\"@id\":\"https:\\\/\\\/finsling.com\\\/product\\\/1p-sling\\\/#breadcrumb\"},\"inLanguage\":\"fi\",\"potentialAction\":[{\"@type\":\"ReadAction\",\"target\":[\"https:\\\/\\\/finsling.com\\\/product\\\/1p-sling\\\/\"]}]},{\"@type\":\"ImageObject\",\"inLanguage\":\"fi\",\"@id\":\"https:\\\/\\\/finsling.com\\\/product\\\/1p-sling\\\/#primaryimage\",\"url\":\"https:\\\/\\\/finsling.com\\\/wp-content\\\/uploads\\\/2023\\\/01\\\/1Ptuote-rotated.jpg\",\"contentUrl\":\"https:\\\/\\\/finsling.com\\\/wp-content\\\/uploads\\\/2023\\\/01\\\/1Ptuote-rotated.jpg\",\"width\":1448,\"height\":1448,\"caption\":\"1P Sling\"},{\"@type\":\"BreadcrumbList\",\"@id\":\"https:\\\/\\\/finsling.com\\\/product\\\/1p-sling\\\/#breadcrumb\",\"itemListElement\":[{\"@type\":\"ListItem\",\"position\":1,\"name\":\"Home\",\"item\":\"https:\\\/\\\/finsling.com\\\/\"},{\"@type\":\"ListItem\",\"position\":2,\"name\":\"Products\",\"item\":\"https:\\\/\\\/finsling.com\\\/kauppa\\\/\"},{\"@type\":\"ListItem\",\"position\":3,\"name\":\"1P Sling\"}]},{\"@type\":\"WebSite\",\"@id\":\"https:\\\/\\\/finsling.com\\\/#website\",\"url\":\"https:\\\/\\\/finsling.com\\\/\",\"name\":\"Finsling\",\"description\":\"SIMPLE - DURABLE - EFFECTIVE\",\"publisher\":{\"@id\":\"https:\\\/\\\/finsling.com\\\/#organization\"},\"potentialAction\":[{\"@type\":\"SearchAction\",\"target\":{\"@type\":\"EntryPoint\",\"urlTemplate\":\"https:\\\/\\\/finsling.com\\\/?s={search_term_string}\"},\"query-input\":{\"@type\":\"PropertyValueSpecification\",\"valueRequired\":true,\"valueName\":\"search_term_string\"}}],\"inLanguage\":\"fi\"},{\"@type\":\"Organization\",\"@id\":\"https:\\\/\\\/finsling.com\\\/#organization\",\"name\":\"Finsling\",\"url\":\"https:\\\/\\\/finsling.com\\\/\",\"logo\":{\"@type\":\"ImageObject\",\"inLanguage\":\"fi\",\"@id\":\"https:\\\/\\\/finsling.com\\\/#\\\/schema\\\/logo\\\/image\\\/\",\"url\":\"https:\\\/\\\/finsling.com\\\/wp-content\\\/uploads\\\/2019\\\/11\\\/cropped-finsling_medium-3.png\",\"contentUrl\":\"https:\\\/\\\/finsling.com\\\/wp-content\\\/uploads\\\/2019\\\/11\\\/cropped-finsling_medium-3.png\",\"width\":554,\"height\":208,\"caption\":\"Finsling\"},\"image\":{\"@id\":\"https:\\\/\\\/finsling.com\\\/#\\\/schema\\\/logo\\\/image\\\/\"},\"sameAs\":[\"https:\\\/\\\/www.facebook.com\\\/finsling\\\/\"]}]}<\/script>\n<!-- \/ Yoast SEO plugin. -->","yoast_head_json":{"title":"1P Sling - Finsling","robots":{"index":"index","follow":"follow","max-snippet":"max-snippet:-1","max-image-preview":"max-image-preview:large","max-video-preview":"max-video-preview:-1"},"canonical":"https:\/\/finsling.com\/fi\/tuote\/1p-sling\/","og_locale":"fi_FI","og_type":"article","og_title":"1P Sling - Finsling","og_description":"1P sling is the most simplistic single point sling there is but still very effective. The sling is designed so that you carry your weapon on the dominant side. The sling stays stationary and the sling swivel moves on the sling. This causes very little friction. You can adjust the sling fairly tight so that the stock is almost in your armpit. This is a very natural and effective way to carry your weapon. The weight of the weapon is on your shoulder and the weapon\u00a0hangs naturally on your side. It is very fast to get your sights on target this way. Just push the weapon away from you and the sling will guide the weapon to the right place.","og_url":"https:\/\/finsling.com\/fi\/tuote\/1p-sling\/","og_site_name":"Finsling","article_publisher":"https:\/\/www.facebook.com\/finsling\/","article_modified_time":"2025-08-24T16:18:34+00:00","og_image":[{"width":1448,"height":1448,"url":"https:\/\/finsling.com\/wp-content\/uploads\/2023\/01\/1Ptuote-rotated.jpg","type":"image\/jpeg"}],"twitter_card":"summary_large_image","twitter_misc":{"Arvioitu lukuaika":"1 minuutti"},"schema":{"@context":"https:\/\/schema.org","@graph":[{"@type":"WebPage","@id":"https:\/\/finsling.com\/product\/1p-sling\/","url":"https:\/\/finsling.com\/product\/1p-sling\/","name":"1P Sling - Finsling","isPartOf":{"@id":"https:\/\/finsling.com\/#website"},"primaryImageOfPage":{"@id":"https:\/\/finsling.com\/product\/1p-sling\/#primaryimage"},"image":{"@id":"https:\/\/finsling.com\/product\/1p-sling\/#primaryimage"},"thumbnailUrl":"https:\/\/finsling.com\/wp-content\/uploads\/2023\/01\/1Ptuote-rotated.jpg","datePublished":"2023-02-26T14:15:19+00:00","dateModified":"2025-08-24T16:18:34+00:00","breadcrumb":{"@id":"https:\/\/finsling.com\/product\/1p-sling\/#breadcrumb"},"inLanguage":"fi","potentialAction":[{"@type":"ReadAction","target":["https:\/\/finsling.com\/product\/1p-sling\/"]}]},{"@type":"ImageObject","inLanguage":"fi","@id":"https:\/\/finsling.com\/product\/1p-sling\/#primaryimage","url":"https:\/\/finsling.com\/wp-content\/uploads\/2023\/01\/1Ptuote-rotated.jpg","contentUrl":"https:\/\/finsling.com\/wp-content\/uploads\/2023\/01\/1Ptuote-rotated.jpg","width":1448,"height":1448,"caption":"1P Sling"},{"@type":"BreadcrumbList","@id":"https:\/\/finsling.com\/product\/1p-sling\/#breadcrumb","itemListElement":[{"@type":"ListItem","position":1,"name":"Home","item":"https:\/\/finsling.com\/"},{"@type":"ListItem","position":2,"name":"Products","item":"https:\/\/finsling.com\/kauppa\/"},{"@type":"ListItem","position":3,"name":"1P Sling"}]},{"@type":"WebSite","@id":"https:\/\/finsling.com\/#website","url":"https:\/\/finsling.com\/","name":"Finsling","description":"SIMPLE - DURABLE - EFFECTIVE","publisher":{"@id":"https:\/\/finsling.com\/#organization"},"potentialAction":[{"@type":"SearchAction","target":{"@type":"EntryPoint","urlTemplate":"https:\/\/finsling.com\/?s={search_term_string}"},"query-input":{"@type":"PropertyValueSpecification","valueRequired":true,"valueName":"search_term_string"}}],"inLanguage":"fi"},{"@type":"Organization","@id":"https:\/\/finsling.com\/#organization","name":"Finsling","url":"https:\/\/finsling.com\/","logo":{"@type":"ImageObject","inLanguage":"fi","@id":"https:\/\/finsling.com\/#\/schema\/logo\/image\/","url":"https:\/\/finsling.com\/wp-content\/uploads\/2019\/11\/cropped-finsling_medium-3.png","contentUrl":"https:\/\/finsling.com\/wp-content\/uploads\/2019\/11\/cropped-finsling_medium-3.png","width":554,"height":208,"caption":"Finsling"},"image":{"@id":"https:\/\/finsling.com\/#\/schema\/logo\/image\/"},"sameAs":["https:\/\/www.facebook.com\/finsling\/"]}]}},"_links":{"self":[{"href":"https:\/\/finsling.com\/fi\/wp-json\/wp\/v2\/product\/1086","targetHints":{"allow":["GET"]}}],"collection":[{"href":"https:\/\/finsling.com\/fi\/wp-json\/wp\/v2\/product"}],"about":[{"href":"https:\/\/finsling.com\/fi\/wp-json\/wp\/v2\/types\/product"}],"wp:featuredmedia":[{"embeddable":true,"href":"https:\/\/finsling.com\/fi\/wp-json\/wp\/v2\/media\/1059"}],"wp:attachment":[{"href":"https:\/\/finsling.com\/fi\/wp-json\/wp\/v2\/media?parent=1086"}],"wp:term":[{"taxonomy":"product_brand","embeddable":true,"href":"https:\/\/finsling.com\/fi\/wp-json\/wp\/v2\/product_brand?post=1086"},{"taxonomy":"product_cat","embeddable":true,"href":"https:\/\/finsling.com\/fi\/wp-json\/wp\/v2\/product_cat?post=1086"},{"taxonomy":"product_tag","embeddable":true,"href":"https:\/\/finsling.com\/fi\/wp-json\/wp\/v2\/product_tag?post=1086"}],"curies":[{"name":"wp","href":"https:\/\/api.w.org\/{rel}","templated":true}]}}