{"id":1099,"date":"2023-02-26T21:09:28","date_gmt":"2023-02-26T19:09:28","guid":{"rendered":"https:\/\/finsling.com\/?post_type=product&#038;p=1099"},"modified":"2025-09-15T11:06:02","modified_gmt":"2025-09-15T08:06:02","slug":"p2p-sling-swivel-adapter","status":"publish","type":"product","link":"https:\/\/finsling.com\/fi\/tuote\/p2p-sling-swivel-adapter\/","title":{"rendered":"P2P kiinnikeadapteri"},"content":{"rendered":"<p><iframe title=\"P2P Hunter Sling. Sling swivels.\" width=\"800\" height=\"600\" src=\"https:\/\/www.youtube.com\/embed\/j9JqavOSDg4?feature=oembed\" frameborder=\"0\" allow=\"accelerometer; autoplay; clipboard-write; encrypted-media; gyroscope; picture-in-picture; web-share\" referrerpolicy=\"strict-origin-when-cross-origin\" allowfullscreen><\/iframe><\/p>\n<p>Kiinnikeadapteri kapeita kiinnikkeit\u00e4 varten.<\/p>\n<p><iframe title=\"FinSling P2P Hunter Sling hihnakiinnikkeet\" width=\"800\" height=\"600\" src=\"https:\/\/www.youtube.com\/embed\/oxdkBrw-R8E?feature=oembed\" frameborder=\"0\" allow=\"accelerometer; autoplay; clipboard-write; encrypted-media; gyroscope; picture-in-picture; web-share\" referrerpolicy=\"strict-origin-when-cross-origin\" allowfullscreen><\/iframe><\/p>\n<p>P2P Sling asehihna kiinnike adapteri yhdist\u00e4\u00e4 kaksi asehiha kiinnikett\u00e4. P2P Sling kiinnike adapterin mukana tulee suorakaiteen muotoinen osa. Osalla voi korvata P2P Sling asehihnan mukana tulevan asehihna kiinnikkeen tai osan voi j\u00e4tt\u00e4\u00e4 k\u00e4ytt\u00e4m\u00e4tt\u00e4. Adapterilla voit my\u00f6s yhdist\u00e4\u00e4 P2P Sling asehihnan mukana tulevan kiinnikkeen aseen kiinnikkeeseen.<\/p>\n<p>P2P Sling asehihnan pikas\u00e4\u00e4t\u00f6ominaisuus vaatii sen, ett\u00e4 asehihna kiinnike liukuu vapaasti hihnassa. Joissain aseissa kuten vanhemmissa haulikoissa on piippuun hitsattu kapea hihnalenkki. T\u00e4m\u00e4nlaisten aseiden kanssa adapterin avulla yhdistet\u00e4\u00e4n vaan kaksi kiinnikett\u00e4. N\u00e4in voit k\u00e4ytt\u00e4\u00e4 P2P Sling asehihnaa normaalisti.<\/p>\n<p><strong>Usein kysyttyj\u00e4 kysymyksi\u00e4? <\/strong><\/p>\n<p><strong>Pit\u00e4\u00e4k\u00f6 hihnakiinnikett\u00e4 vaihtaa aina kun k\u00e4yt\u00e4t P2P Sling asehihna kiinnike adapteria?<\/strong><\/p>\n<p>Ei pid\u00e4. Voit vaan yhdist\u00e4\u00e4 kaksi asehihna kiinnikett\u00e4 toisiinsa helposti.<\/p>","protected":false},"excerpt":{"rendered":"<p>Sling swivel adapter. P2P Sling swivel adapter connects two weapon sling swivels. The P2P Sling swivel adapter comes with a rectangular ring. You can change the sling swivel on your P2P sling to the rectangular ring, or you can just leave the ring. And then you can connect the sling swivel on the P2P sling to your weapon with P2P Sling swivel adapter. The fast adjusting feature on P2P slings requires that the sling swivel moves freely on the sling. Some weapons like older shotguns have a solid sling attachment loop on. With this kind of weapons, you can just connect these two sling swivels with P2P Sling swivel adapter. FAQ? Do you have to change the sling swivel when you use the sling swivel adapter? No. You can attach the sling swivel adapter straight to any sling swivel and connect the sling swivel on your sling to your weapon.&hellip;<\/p>\n<p> <a class=\"more-link\" href=\"https:\/\/finsling.com\/fi\/tuote\/p2p-sling-swivel-adapter\/\">Lue Lis\u00e4\u00e4<\/a><\/p>","protected":false},"featured_media":1091,"template":"","meta":[],"product_brand":[],"product_cat":[32],"product_tag":[],"class_list":{"0":"post-1099","1":"product","2":"type-product","3":"status-publish","4":"has-post-thumbnail","6":"product_cat-product","8":"first","9":"instock","10":"taxable","11":"shipping-taxable","12":"purchasable","13":"product-type-simple"},"yoast_head":"<!-- This site is optimized with the Yoast SEO plugin v27.3 - https:\/\/yoast.com\/product\/yoast-seo-wordpress\/ -->\n<title>P2P sling swivel adapter - Finsling<\/title>\n<meta name=\"robots\" content=\"index, follow, max-snippet:-1, max-image-preview:large, max-video-preview:-1\" \/>\n<link rel=\"canonical\" href=\"https:\/\/finsling.com\/fi\/tuote\/p2p-sling-swivel-adapter\/\" \/>\n<meta property=\"og:locale\" content=\"fi_FI\" \/>\n<meta property=\"og:type\" content=\"article\" \/>\n<meta property=\"og:title\" content=\"P2P sling swivel adapter - Finsling\" \/>\n<meta property=\"og:description\" content=\"Sling swivel adapter. P2P Sling swivel adapter connects two weapon sling swivels. The P2P Sling swivel adapter comes with a rectangular ring. You can change the sling swivel on your P2P sling to the rectangular ring, or you can just leave the ring. And then you can connect the sling swivel on the P2P sling to your weapon with P2P Sling swivel adapter. The fast adjusting feature on P2P slings requires that the sling swivel moves freely on the sling. Some weapons like older shotguns have a solid sling attachment loop on. With this kind of weapons, you can just connect these two sling swivels with P2P Sling swivel adapter. FAQ? Do you have to change the sling swivel when you use the sling swivel adapter? No. You can attach the sling swivel adapter straight to any sling swivel and connect the sling swivel on your sling to your weapon.&hellip;  Lue Lis\u00e4\u00e4\" \/>\n<meta property=\"og:url\" content=\"https:\/\/finsling.com\/fi\/tuote\/p2p-sling-swivel-adapter\/\" \/>\n<meta property=\"og:site_name\" content=\"Finsling\" \/>\n<meta property=\"article:publisher\" content=\"https:\/\/www.facebook.com\/finsling\/\" \/>\n<meta property=\"article:modified_time\" content=\"2025-09-15T08:06:02+00:00\" \/>\n<meta property=\"og:image\" content=\"https:\/\/finsling.com\/wp-content\/uploads\/2023\/02\/kiinnikead1-rotated.jpg\" \/>\n\t<meta property=\"og:image:width\" content=\"1448\" \/>\n\t<meta property=\"og:image:height\" content=\"1448\" \/>\n\t<meta property=\"og:image:type\" content=\"image\/jpeg\" \/>\n<meta name=\"twitter:card\" content=\"summary_large_image\" \/>\n<meta name=\"twitter:label1\" content=\"Arvioitu lukuaika\" \/>\n\t<meta name=\"twitter:data1\" content=\"1 minuutti\" \/>\n<script type=\"application\/ld+json\" class=\"yoast-schema-graph\">{\"@context\":\"https:\\\/\\\/schema.org\",\"@graph\":[{\"@type\":\"WebPage\",\"@id\":\"https:\\\/\\\/finsling.com\\\/product\\\/p2p-sling-swivel-adapter\\\/\",\"url\":\"https:\\\/\\\/finsling.com\\\/product\\\/p2p-sling-swivel-adapter\\\/\",\"name\":\"P2P sling swivel adapter - Finsling\",\"isPartOf\":{\"@id\":\"https:\\\/\\\/finsling.com\\\/#website\"},\"primaryImageOfPage\":{\"@id\":\"https:\\\/\\\/finsling.com\\\/product\\\/p2p-sling-swivel-adapter\\\/#primaryimage\"},\"image\":{\"@id\":\"https:\\\/\\\/finsling.com\\\/product\\\/p2p-sling-swivel-adapter\\\/#primaryimage\"},\"thumbnailUrl\":\"https:\\\/\\\/finsling.com\\\/wp-content\\\/uploads\\\/2023\\\/02\\\/kiinnikead1-rotated.jpg\",\"datePublished\":\"2023-02-26T19:09:28+00:00\",\"dateModified\":\"2025-09-15T08:06:02+00:00\",\"breadcrumb\":{\"@id\":\"https:\\\/\\\/finsling.com\\\/product\\\/p2p-sling-swivel-adapter\\\/#breadcrumb\"},\"inLanguage\":\"fi\",\"potentialAction\":[{\"@type\":\"ReadAction\",\"target\":[\"https:\\\/\\\/finsling.com\\\/product\\\/p2p-sling-swivel-adapter\\\/\"]}]},{\"@type\":\"ImageObject\",\"inLanguage\":\"fi\",\"@id\":\"https:\\\/\\\/finsling.com\\\/product\\\/p2p-sling-swivel-adapter\\\/#primaryimage\",\"url\":\"https:\\\/\\\/finsling.com\\\/wp-content\\\/uploads\\\/2023\\\/02\\\/kiinnikead1-rotated.jpg\",\"contentUrl\":\"https:\\\/\\\/finsling.com\\\/wp-content\\\/uploads\\\/2023\\\/02\\\/kiinnikead1-rotated.jpg\",\"width\":1448,\"height\":1448,\"caption\":\"P2P sling swivel adapter\"},{\"@type\":\"BreadcrumbList\",\"@id\":\"https:\\\/\\\/finsling.com\\\/product\\\/p2p-sling-swivel-adapter\\\/#breadcrumb\",\"itemListElement\":[{\"@type\":\"ListItem\",\"position\":1,\"name\":\"Home\",\"item\":\"https:\\\/\\\/finsling.com\\\/\"},{\"@type\":\"ListItem\",\"position\":2,\"name\":\"Products\",\"item\":\"https:\\\/\\\/finsling.com\\\/kauppa\\\/\"},{\"@type\":\"ListItem\",\"position\":3,\"name\":\"P2P sling swivel adapter\"}]},{\"@type\":\"WebSite\",\"@id\":\"https:\\\/\\\/finsling.com\\\/#website\",\"url\":\"https:\\\/\\\/finsling.com\\\/\",\"name\":\"Finsling\",\"description\":\"SIMPLE - DURABLE - EFFECTIVE\",\"publisher\":{\"@id\":\"https:\\\/\\\/finsling.com\\\/#organization\"},\"potentialAction\":[{\"@type\":\"SearchAction\",\"target\":{\"@type\":\"EntryPoint\",\"urlTemplate\":\"https:\\\/\\\/finsling.com\\\/?s={search_term_string}\"},\"query-input\":{\"@type\":\"PropertyValueSpecification\",\"valueRequired\":true,\"valueName\":\"search_term_string\"}}],\"inLanguage\":\"fi\"},{\"@type\":\"Organization\",\"@id\":\"https:\\\/\\\/finsling.com\\\/#organization\",\"name\":\"Finsling\",\"url\":\"https:\\\/\\\/finsling.com\\\/\",\"logo\":{\"@type\":\"ImageObject\",\"inLanguage\":\"fi\",\"@id\":\"https:\\\/\\\/finsling.com\\\/#\\\/schema\\\/logo\\\/image\\\/\",\"url\":\"https:\\\/\\\/finsling.com\\\/wp-content\\\/uploads\\\/2019\\\/11\\\/cropped-finsling_medium-3.png\",\"contentUrl\":\"https:\\\/\\\/finsling.com\\\/wp-content\\\/uploads\\\/2019\\\/11\\\/cropped-finsling_medium-3.png\",\"width\":554,\"height\":208,\"caption\":\"Finsling\"},\"image\":{\"@id\":\"https:\\\/\\\/finsling.com\\\/#\\\/schema\\\/logo\\\/image\\\/\"},\"sameAs\":[\"https:\\\/\\\/www.facebook.com\\\/finsling\\\/\"]}]}<\/script>\n<!-- \/ Yoast SEO plugin. -->","yoast_head_json":{"title":"P2P sling swivel adapter - Finsling","robots":{"index":"index","follow":"follow","max-snippet":"max-snippet:-1","max-image-preview":"max-image-preview:large","max-video-preview":"max-video-preview:-1"},"canonical":"https:\/\/finsling.com\/fi\/tuote\/p2p-sling-swivel-adapter\/","og_locale":"fi_FI","og_type":"article","og_title":"P2P sling swivel adapter - Finsling","og_description":"Sling swivel adapter. P2P Sling swivel adapter connects two weapon sling swivels. The P2P Sling swivel adapter comes with a rectangular ring. You can change the sling swivel on your P2P sling to the rectangular ring, or you can just leave the ring. And then you can connect the sling swivel on the P2P sling to your weapon with P2P Sling swivel adapter. The fast adjusting feature on P2P slings requires that the sling swivel moves freely on the sling. Some weapons like older shotguns have a solid sling attachment loop on. With this kind of weapons, you can just connect these two sling swivels with P2P Sling swivel adapter. FAQ? Do you have to change the sling swivel when you use the sling swivel adapter? No. You can attach the sling swivel adapter straight to any sling swivel and connect the sling swivel on your sling to your weapon.&hellip;  Lue Lis\u00e4\u00e4","og_url":"https:\/\/finsling.com\/fi\/tuote\/p2p-sling-swivel-adapter\/","og_site_name":"Finsling","article_publisher":"https:\/\/www.facebook.com\/finsling\/","article_modified_time":"2025-09-15T08:06:02+00:00","og_image":[{"width":1448,"height":1448,"url":"https:\/\/finsling.com\/wp-content\/uploads\/2023\/02\/kiinnikead1-rotated.jpg","type":"image\/jpeg"}],"twitter_card":"summary_large_image","twitter_misc":{"Arvioitu lukuaika":"1 minuutti"},"schema":{"@context":"https:\/\/schema.org","@graph":[{"@type":"WebPage","@id":"https:\/\/finsling.com\/product\/p2p-sling-swivel-adapter\/","url":"https:\/\/finsling.com\/product\/p2p-sling-swivel-adapter\/","name":"P2P sling swivel adapter - Finsling","isPartOf":{"@id":"https:\/\/finsling.com\/#website"},"primaryImageOfPage":{"@id":"https:\/\/finsling.com\/product\/p2p-sling-swivel-adapter\/#primaryimage"},"image":{"@id":"https:\/\/finsling.com\/product\/p2p-sling-swivel-adapter\/#primaryimage"},"thumbnailUrl":"https:\/\/finsling.com\/wp-content\/uploads\/2023\/02\/kiinnikead1-rotated.jpg","datePublished":"2023-02-26T19:09:28+00:00","dateModified":"2025-09-15T08:06:02+00:00","breadcrumb":{"@id":"https:\/\/finsling.com\/product\/p2p-sling-swivel-adapter\/#breadcrumb"},"inLanguage":"fi","potentialAction":[{"@type":"ReadAction","target":["https:\/\/finsling.com\/product\/p2p-sling-swivel-adapter\/"]}]},{"@type":"ImageObject","inLanguage":"fi","@id":"https:\/\/finsling.com\/product\/p2p-sling-swivel-adapter\/#primaryimage","url":"https:\/\/finsling.com\/wp-content\/uploads\/2023\/02\/kiinnikead1-rotated.jpg","contentUrl":"https:\/\/finsling.com\/wp-content\/uploads\/2023\/02\/kiinnikead1-rotated.jpg","width":1448,"height":1448,"caption":"P2P sling swivel adapter"},{"@type":"BreadcrumbList","@id":"https:\/\/finsling.com\/product\/p2p-sling-swivel-adapter\/#breadcrumb","itemListElement":[{"@type":"ListItem","position":1,"name":"Home","item":"https:\/\/finsling.com\/"},{"@type":"ListItem","position":2,"name":"Products","item":"https:\/\/finsling.com\/kauppa\/"},{"@type":"ListItem","position":3,"name":"P2P sling swivel adapter"}]},{"@type":"WebSite","@id":"https:\/\/finsling.com\/#website","url":"https:\/\/finsling.com\/","name":"Finsling","description":"SIMPLE - DURABLE - EFFECTIVE","publisher":{"@id":"https:\/\/finsling.com\/#organization"},"potentialAction":[{"@type":"SearchAction","target":{"@type":"EntryPoint","urlTemplate":"https:\/\/finsling.com\/?s={search_term_string}"},"query-input":{"@type":"PropertyValueSpecification","valueRequired":true,"valueName":"search_term_string"}}],"inLanguage":"fi"},{"@type":"Organization","@id":"https:\/\/finsling.com\/#organization","name":"Finsling","url":"https:\/\/finsling.com\/","logo":{"@type":"ImageObject","inLanguage":"fi","@id":"https:\/\/finsling.com\/#\/schema\/logo\/image\/","url":"https:\/\/finsling.com\/wp-content\/uploads\/2019\/11\/cropped-finsling_medium-3.png","contentUrl":"https:\/\/finsling.com\/wp-content\/uploads\/2019\/11\/cropped-finsling_medium-3.png","width":554,"height":208,"caption":"Finsling"},"image":{"@id":"https:\/\/finsling.com\/#\/schema\/logo\/image\/"},"sameAs":["https:\/\/www.facebook.com\/finsling\/"]}]}},"_links":{"self":[{"href":"https:\/\/finsling.com\/fi\/wp-json\/wp\/v2\/product\/1099","targetHints":{"allow":["GET"]}}],"collection":[{"href":"https:\/\/finsling.com\/fi\/wp-json\/wp\/v2\/product"}],"about":[{"href":"https:\/\/finsling.com\/fi\/wp-json\/wp\/v2\/types\/product"}],"wp:featuredmedia":[{"embeddable":true,"href":"https:\/\/finsling.com\/fi\/wp-json\/wp\/v2\/media\/1091"}],"wp:attachment":[{"href":"https:\/\/finsling.com\/fi\/wp-json\/wp\/v2\/media?parent=1099"}],"wp:term":[{"taxonomy":"product_brand","embeddable":true,"href":"https:\/\/finsling.com\/fi\/wp-json\/wp\/v2\/product_brand?post=1099"},{"taxonomy":"product_cat","embeddable":true,"href":"https:\/\/finsling.com\/fi\/wp-json\/wp\/v2\/product_cat?post=1099"},{"taxonomy":"product_tag","embeddable":true,"href":"https:\/\/finsling.com\/fi\/wp-json\/wp\/v2\/product_tag?post=1099"}],"curies":[{"name":"wp","href":"https:\/\/api.w.org\/{rel}","templated":true}]}}