{"id":1119,"date":"2023-03-15T19:25:08","date_gmt":"2023-03-15T17:25:08","guid":{"rendered":"https:\/\/finsling.com\/?post_type=product&#038;p=1119"},"modified":"2025-12-16T14:05:22","modified_gmt":"2025-12-16T12:05:22","slug":"qd-cup","status":"publish","type":"product","link":"https:\/\/finsling.com\/fi\/tuote\/qd-cup\/","title":{"rendered":"QD cup"},"content":{"rendered":"<p><iframe title=\"How to install QD cups to plastic stock?\" width=\"800\" height=\"450\" src=\"https:\/\/www.youtube.com\/embed\/Bb3_ibzSY-U?feature=oembed\" frameborder=\"0\" allow=\"accelerometer; autoplay; clipboard-write; encrypted-media; gyroscope; picture-in-picture; web-share\" referrerpolicy=\"strict-origin-when-cross-origin\" allowfullscreen><\/iframe><\/p>\n<p><iframe title=\"QD cup\" width=\"563\" height=\"1000\" src=\"https:\/\/www.youtube.com\/embed\/cO64LHYonKs?feature=oembed\" frameborder=\"0\" allow=\"accelerometer; autoplay; clipboard-write; encrypted-media; gyroscope; picture-in-picture; web-share\" referrerpolicy=\"strict-origin-when-cross-origin\" allowfullscreen><\/iframe><\/p>\n<p>Grovtec QD kupit ovat QD asehihnalenkkien vastakappaleita. Vastakappale asennetaan aseen tukkiin. Kuppeja on valittavissa kahden laisia. Ymp\u00e4ri py\u00f6rivi\u00e4 ja rajoitetusti py\u00f6rivi\u00e4 kuppeja. Rajoitetusti asennettavan kupin asentaminen on suositeltavaa, jos asennat kupin samalle puolelle taakse miss\u00e4 lukon nuppi on. N\u00e4in kaksipistehihna ei py\u00f6r\u00e4hd\u00e4 per\u00e4n yli v\u00e4\u00e4r\u00e4\u00e4n asentoon.<\/p>\n<p>QD kupin pinnassa on kierteet. Ennen kupin asentamista, tukkiin pit\u00e4\u00e4 porata reik\u00e4 ja kierteet. Kuppi kiinnittyy kiert\u00e4m\u00e4ll\u00e4 k\u00e4ytt\u00e4en kuusiokolo avainta. Kiinnittimen\u00e4 voit k\u00e4ytt\u00e4\u00e4 epoxia tai pikaliimaa.<\/p>\n<p>Voit asentaa QD kuppeja puu tai muovitukkiin. Joidenkin muovitukkien rakennetta tulee vahvistaa asentamisen yhteydess\u00e4. Vahvistaminen onnistuu helposti epoxilla tai erillisell\u00e4 tukin sis\u00e4\u00e4n laitettavalla kappaleella mik\u00e4 voi olla puuta tai muovia.<\/p>\n<p>QD kuppien asentamisen j\u00e4lkeen voit k\u00e4ytt\u00e4\u00e4 moderneja asehihnoja perinteisess\u00e4 mets\u00e4stysaseessasi.<\/p>","protected":false},"excerpt":{"rendered":"<p>Osat myyd\u00e4\u00e4n yksitt\u00e4iskappaleina.<\/p>\n<p> <a class=\"more-link\" href=\"https:\/\/finsling.com\/fi\/tuote\/qd-cup\/\">Lue Lis\u00e4\u00e4<\/a><\/p>","protected":false},"featured_media":1118,"template":"","meta":[],"product_brand":[],"product_cat":[32],"product_tag":[],"class_list":{"0":"post-1119","1":"product","2":"type-product","3":"status-publish","4":"has-post-thumbnail","6":"product_cat-product","8":"first","9":"instock","10":"taxable","11":"shipping-taxable","12":"purchasable","13":"product-type-variable"},"yoast_head":"<!-- This site is optimized with the Yoast SEO plugin v27.4 - https:\/\/yoast.com\/product\/yoast-seo-wordpress\/ -->\n<title>QD cup - Finsling<\/title>\n<meta name=\"robots\" content=\"index, follow, max-snippet:-1, max-image-preview:large, max-video-preview:-1\" \/>\n<link rel=\"canonical\" href=\"https:\/\/finsling.com\/fi\/tuote\/qd-cup\/\" \/>\n<meta property=\"og:locale\" content=\"fi_FI\" \/>\n<meta property=\"og:type\" content=\"article\" \/>\n<meta property=\"og:title\" content=\"QD cup - Finsling\" \/>\n<meta property=\"og:description\" content=\"Cups are sold in single pieces.\" \/>\n<meta property=\"og:url\" content=\"https:\/\/finsling.com\/fi\/tuote\/qd-cup\/\" \/>\n<meta property=\"og:site_name\" content=\"Finsling\" \/>\n<meta property=\"article:publisher\" content=\"https:\/\/www.facebook.com\/finsling\/\" \/>\n<meta property=\"article:modified_time\" content=\"2025-12-16T12:05:22+00:00\" \/>\n<meta property=\"og:image\" content=\"https:\/\/finsling.com\/wp-content\/uploads\/2023\/03\/cup2-rotated.jpg\" \/>\n\t<meta property=\"og:image:width\" content=\"1448\" \/>\n\t<meta property=\"og:image:height\" content=\"1448\" \/>\n\t<meta property=\"og:image:type\" content=\"image\/jpeg\" \/>\n<meta name=\"twitter:card\" content=\"summary_large_image\" \/>\n<meta name=\"twitter:label1\" content=\"Arvioitu lukuaika\" \/>\n\t<meta name=\"twitter:data1\" content=\"1 minuutti\" \/>\n<script type=\"application\/ld+json\" class=\"yoast-schema-graph\">{\"@context\":\"https:\\\/\\\/schema.org\",\"@graph\":[{\"@type\":\"WebPage\",\"@id\":\"https:\\\/\\\/finsling.com\\\/product\\\/qd-cup\\\/\",\"url\":\"https:\\\/\\\/finsling.com\\\/product\\\/qd-cup\\\/\",\"name\":\"QD cup - Finsling\",\"isPartOf\":{\"@id\":\"https:\\\/\\\/finsling.com\\\/#website\"},\"primaryImageOfPage\":{\"@id\":\"https:\\\/\\\/finsling.com\\\/product\\\/qd-cup\\\/#primaryimage\"},\"image\":{\"@id\":\"https:\\\/\\\/finsling.com\\\/product\\\/qd-cup\\\/#primaryimage\"},\"thumbnailUrl\":\"https:\\\/\\\/finsling.com\\\/wp-content\\\/uploads\\\/2023\\\/03\\\/cup2-rotated.jpg\",\"datePublished\":\"2023-03-15T17:25:08+00:00\",\"dateModified\":\"2025-12-16T12:05:22+00:00\",\"breadcrumb\":{\"@id\":\"https:\\\/\\\/finsling.com\\\/product\\\/qd-cup\\\/#breadcrumb\"},\"inLanguage\":\"fi\",\"potentialAction\":[{\"@type\":\"ReadAction\",\"target\":[\"https:\\\/\\\/finsling.com\\\/product\\\/qd-cup\\\/\"]}]},{\"@type\":\"ImageObject\",\"inLanguage\":\"fi\",\"@id\":\"https:\\\/\\\/finsling.com\\\/product\\\/qd-cup\\\/#primaryimage\",\"url\":\"https:\\\/\\\/finsling.com\\\/wp-content\\\/uploads\\\/2023\\\/03\\\/cup2-rotated.jpg\",\"contentUrl\":\"https:\\\/\\\/finsling.com\\\/wp-content\\\/uploads\\\/2023\\\/03\\\/cup2-rotated.jpg\",\"width\":1448,\"height\":1448,\"caption\":\"QD Cup\"},{\"@type\":\"BreadcrumbList\",\"@id\":\"https:\\\/\\\/finsling.com\\\/product\\\/qd-cup\\\/#breadcrumb\",\"itemListElement\":[{\"@type\":\"ListItem\",\"position\":1,\"name\":\"Home\",\"item\":\"https:\\\/\\\/finsling.com\\\/\"},{\"@type\":\"ListItem\",\"position\":2,\"name\":\"Products\",\"item\":\"https:\\\/\\\/finsling.com\\\/kauppa\\\/\"},{\"@type\":\"ListItem\",\"position\":3,\"name\":\"QD cup\"}]},{\"@type\":\"WebSite\",\"@id\":\"https:\\\/\\\/finsling.com\\\/#website\",\"url\":\"https:\\\/\\\/finsling.com\\\/\",\"name\":\"Finsling\",\"description\":\"SIMPLE - DURABLE - EFFECTIVE\",\"publisher\":{\"@id\":\"https:\\\/\\\/finsling.com\\\/#organization\"},\"potentialAction\":[{\"@type\":\"SearchAction\",\"target\":{\"@type\":\"EntryPoint\",\"urlTemplate\":\"https:\\\/\\\/finsling.com\\\/?s={search_term_string}\"},\"query-input\":{\"@type\":\"PropertyValueSpecification\",\"valueRequired\":true,\"valueName\":\"search_term_string\"}}],\"inLanguage\":\"fi\"},{\"@type\":\"Organization\",\"@id\":\"https:\\\/\\\/finsling.com\\\/#organization\",\"name\":\"Finsling\",\"url\":\"https:\\\/\\\/finsling.com\\\/\",\"logo\":{\"@type\":\"ImageObject\",\"inLanguage\":\"fi\",\"@id\":\"https:\\\/\\\/finsling.com\\\/#\\\/schema\\\/logo\\\/image\\\/\",\"url\":\"https:\\\/\\\/finsling.com\\\/wp-content\\\/uploads\\\/2019\\\/11\\\/cropped-finsling_medium-3.png\",\"contentUrl\":\"https:\\\/\\\/finsling.com\\\/wp-content\\\/uploads\\\/2019\\\/11\\\/cropped-finsling_medium-3.png\",\"width\":554,\"height\":208,\"caption\":\"Finsling\"},\"image\":{\"@id\":\"https:\\\/\\\/finsling.com\\\/#\\\/schema\\\/logo\\\/image\\\/\"},\"sameAs\":[\"https:\\\/\\\/www.facebook.com\\\/finsling\\\/\"]}]}<\/script>\n<!-- \/ Yoast SEO plugin. -->","yoast_head_json":{"title":"QD cup - Finsling","robots":{"index":"index","follow":"follow","max-snippet":"max-snippet:-1","max-image-preview":"max-image-preview:large","max-video-preview":"max-video-preview:-1"},"canonical":"https:\/\/finsling.com\/fi\/tuote\/qd-cup\/","og_locale":"fi_FI","og_type":"article","og_title":"QD cup - Finsling","og_description":"Cups are sold in single pieces.","og_url":"https:\/\/finsling.com\/fi\/tuote\/qd-cup\/","og_site_name":"Finsling","article_publisher":"https:\/\/www.facebook.com\/finsling\/","article_modified_time":"2025-12-16T12:05:22+00:00","og_image":[{"width":1448,"height":1448,"url":"https:\/\/finsling.com\/wp-content\/uploads\/2023\/03\/cup2-rotated.jpg","type":"image\/jpeg"}],"twitter_card":"summary_large_image","twitter_misc":{"Arvioitu lukuaika":"1 minuutti"},"schema":{"@context":"https:\/\/schema.org","@graph":[{"@type":"WebPage","@id":"https:\/\/finsling.com\/product\/qd-cup\/","url":"https:\/\/finsling.com\/product\/qd-cup\/","name":"QD cup - Finsling","isPartOf":{"@id":"https:\/\/finsling.com\/#website"},"primaryImageOfPage":{"@id":"https:\/\/finsling.com\/product\/qd-cup\/#primaryimage"},"image":{"@id":"https:\/\/finsling.com\/product\/qd-cup\/#primaryimage"},"thumbnailUrl":"https:\/\/finsling.com\/wp-content\/uploads\/2023\/03\/cup2-rotated.jpg","datePublished":"2023-03-15T17:25:08+00:00","dateModified":"2025-12-16T12:05:22+00:00","breadcrumb":{"@id":"https:\/\/finsling.com\/product\/qd-cup\/#breadcrumb"},"inLanguage":"fi","potentialAction":[{"@type":"ReadAction","target":["https:\/\/finsling.com\/product\/qd-cup\/"]}]},{"@type":"ImageObject","inLanguage":"fi","@id":"https:\/\/finsling.com\/product\/qd-cup\/#primaryimage","url":"https:\/\/finsling.com\/wp-content\/uploads\/2023\/03\/cup2-rotated.jpg","contentUrl":"https:\/\/finsling.com\/wp-content\/uploads\/2023\/03\/cup2-rotated.jpg","width":1448,"height":1448,"caption":"QD Cup"},{"@type":"BreadcrumbList","@id":"https:\/\/finsling.com\/product\/qd-cup\/#breadcrumb","itemListElement":[{"@type":"ListItem","position":1,"name":"Home","item":"https:\/\/finsling.com\/"},{"@type":"ListItem","position":2,"name":"Products","item":"https:\/\/finsling.com\/kauppa\/"},{"@type":"ListItem","position":3,"name":"QD cup"}]},{"@type":"WebSite","@id":"https:\/\/finsling.com\/#website","url":"https:\/\/finsling.com\/","name":"Finsling","description":"SIMPLE - DURABLE - EFFECTIVE","publisher":{"@id":"https:\/\/finsling.com\/#organization"},"potentialAction":[{"@type":"SearchAction","target":{"@type":"EntryPoint","urlTemplate":"https:\/\/finsling.com\/?s={search_term_string}"},"query-input":{"@type":"PropertyValueSpecification","valueRequired":true,"valueName":"search_term_string"}}],"inLanguage":"fi"},{"@type":"Organization","@id":"https:\/\/finsling.com\/#organization","name":"Finsling","url":"https:\/\/finsling.com\/","logo":{"@type":"ImageObject","inLanguage":"fi","@id":"https:\/\/finsling.com\/#\/schema\/logo\/image\/","url":"https:\/\/finsling.com\/wp-content\/uploads\/2019\/11\/cropped-finsling_medium-3.png","contentUrl":"https:\/\/finsling.com\/wp-content\/uploads\/2019\/11\/cropped-finsling_medium-3.png","width":554,"height":208,"caption":"Finsling"},"image":{"@id":"https:\/\/finsling.com\/#\/schema\/logo\/image\/"},"sameAs":["https:\/\/www.facebook.com\/finsling\/"]}]}},"_links":{"self":[{"href":"https:\/\/finsling.com\/fi\/wp-json\/wp\/v2\/product\/1119","targetHints":{"allow":["GET"]}}],"collection":[{"href":"https:\/\/finsling.com\/fi\/wp-json\/wp\/v2\/product"}],"about":[{"href":"https:\/\/finsling.com\/fi\/wp-json\/wp\/v2\/types\/product"}],"wp:featuredmedia":[{"embeddable":true,"href":"https:\/\/finsling.com\/fi\/wp-json\/wp\/v2\/media\/1118"}],"wp:attachment":[{"href":"https:\/\/finsling.com\/fi\/wp-json\/wp\/v2\/media?parent=1119"}],"wp:term":[{"taxonomy":"product_brand","embeddable":true,"href":"https:\/\/finsling.com\/fi\/wp-json\/wp\/v2\/product_brand?post=1119"},{"taxonomy":"product_cat","embeddable":true,"href":"https:\/\/finsling.com\/fi\/wp-json\/wp\/v2\/product_cat?post=1119"},{"taxonomy":"product_tag","embeddable":true,"href":"https:\/\/finsling.com\/fi\/wp-json\/wp\/v2\/product_tag?post=1119"}],"curies":[{"name":"wp","href":"https:\/\/api.w.org\/{rel}","templated":true}]}}