{"id":1230,"date":"2023-09-13T13:53:24","date_gmt":"2023-09-13T10:53:24","guid":{"rendered":"https:\/\/finsling.com\/?post_type=product&#038;p=1230"},"modified":"2026-02-01T10:50:30","modified_gmt":"2026-02-01T08:50:30","slug":"p2p-military-sling","status":"publish","type":"product","link":"https:\/\/finsling.com\/fi\/tuote\/p2p-military-sling\/","title":{"rendered":"P2P Military Sling (kaksipiste asehihna)"},"content":{"rendered":"<p><iframe title=\"What is &quot;the other way&quot; of using two-point sling?\" width=\"563\" height=\"1000\" src=\"https:\/\/www.youtube.com\/embed\/x1-YCw6mZ4s?feature=oembed\" frameborder=\"0\" allow=\"accelerometer; autoplay; clipboard-write; encrypted-media; gyroscope; picture-in-picture; web-share\" referrerpolicy=\"strict-origin-when-cross-origin\" allowfullscreen><\/iframe><\/p>\n<p><iframe title=\"The best two point sling\" width=\"563\" height=\"1000\" src=\"https:\/\/www.youtube.com\/embed\/YFMDCg__H-E?feature=oembed\" frameborder=\"0\" allow=\"accelerometer; autoplay; clipboard-write; encrypted-media; gyroscope; picture-in-picture; web-share\" referrerpolicy=\"strict-origin-when-cross-origin\" allowfullscreen><\/iframe><\/p>\n<p><iframe title=\"FinSling P2P two point sling to a single point sling.\" width=\"563\" height=\"1000\" src=\"https:\/\/www.youtube.com\/embed\/-mhdckAsr7E?feature=oembed\" frameborder=\"0\" allow=\"accelerometer; autoplay; clipboard-write; encrypted-media; gyroscope; picture-in-picture; web-share\" referrerpolicy=\"strict-origin-when-cross-origin\" allowfullscreen><\/iframe><\/p>\n<p><iframe title=\"The &quot;OTHER WAY&quot; to use twopoint sling.\" width=\"800\" height=\"600\" src=\"https:\/\/www.youtube.com\/embed\/u3LImiVvBLo?feature=oembed\" frameborder=\"0\" allow=\"accelerometer; autoplay; clipboard-write; encrypted-media; gyroscope; picture-in-picture; web-share\" referrerpolicy=\"strict-origin-when-cross-origin\" allowfullscreen><\/iframe><\/p>\n<p>P2P Military Sling on sama kaksipiste asehihna kun P2P QD\/Hook Sling. Asehihnassa on yksi QD tai hook asehihnakiinnike hihnan etup\u00e4\u00e4ss\u00e4. Etummaisen hihnakiinnikkeen tulee olla 32mm leve\u00e4 jotta asehihnan pituuden pikas\u00e4\u00e4t\u00f6ominaisuus toimii. Taaempi hihnakiinnike voi olla pienempi.<\/p>\n<p>P2P Military Sling asehihnassa on extra pituutta asehihnan per\u00e4p\u00e4\u00e4ss\u00e4. T\u00e4m\u00e4n ansiosta asehihaa voi k\u00e4ytt\u00e4\u00e4 \u201dthe other way\u201d (katso video alla). Extra pituuden ansiosta, kun muutat asehihnan yksipisteiseksi, hihnapehmuste on k\u00e4ytt\u00e4j\u00e4n olkap\u00e4\u00e4ll\u00e4 eik\u00e4 rinnalla. Ennen asehihnan muuttamista yksipisteiseksi, asehihnaan tulee asentaa 2 to 1 point adapteri. Asehihnan k\u00e4ytt\u00e4minen yksipisteisen\u00e4 on hy\u00f6dyllist\u00e4 eritoten CQB tyyppisess\u00e4 toiminnassa.<\/p>\n<p>Useita v\u00e4rivaihtoehtoja kuten MultiCam black, MultiCam tropic, M05. Nyt my\u00f6s lumi camo asehihna \/ talvi camo asehihna M05 ja MultiCam Alpine asehihna on saatavilla.<\/p>\n<p>P2P asehihnan pituuden pikas\u00e4\u00e4t\u00f6 on markkinoiden jouhevin. Asehihnan etuosasta hihnan pituutta voi pika s\u00e4\u00e4t\u00e4\u00e4. Hihnan per\u00e4osan pituutta voi my\u00f6s s\u00e4\u00e4t\u00e4\u00e4. P2P Hunter asehihnan pikas\u00e4\u00e4t\u00f6 alue lyhyimm\u00e4st\u00e4 pisimp\u00e4\u00e4n on 40cm.<\/p>\n<p>Voit k\u00e4ytt\u00e4\u00e4 samaa P2P Military Sling asehihnaa perinteisten mets\u00e4stysaseiden kanssa. Asehihnan etup\u00e4\u00e4h\u00e4n pit\u00e4\u00e4 vaan vaihtaa perinteinen asehihna kiinnike ja takap\u00e4\u00e4h\u00e4n FinSling per\u00e4adapteri.<\/p>\n<p>FinSling P2P Military Sling eroaa P2P QD\/Hook hihnasta hihnanauha materiaalin suhteen. P2P Military Sling asehihnan hihnamateriaali on Mil spec Nir suojattua hihnanauha materiaalia. 30mm leve\u00e4 hihnanauha on valmistettu Suomessa. Asehihnan rakenne on yksinkertainen. Asehihna koostuu yhdest\u00e4 hihnanauhan osasta mik\u00e4 kulkee l\u00e4pi hihnan. Joustava hihnapehmuste on ommeltu asehihnaan kiinni. Asehihnan hihnanauha kulkee pehmusteen l\u00e4pi.<\/p>\n<p><strong>Usein kysyttyj\u00e4 kysymyksi\u00e4? <\/strong><\/p>\n<p><strong>Mika on \u201cthe other way\u201d tyyli kantaa asetta kaksipiste asehihnalla?<\/strong><\/p>\n<p>Kiinnit\u00e4 etup\u00e4\u00e4n asehihnakiinnike l\u00e4helle aseen keskipistett\u00e4 ja asehihnan per\u00e4p\u00e4\u00e4 keskelle hylsyaukon puolelle. Voit kiinnitt\u00e4\u00e4 asehihnan per\u00e4p\u00e4\u00e4n my\u00f6s end plate kiinnityspisteeseen. Laita asehihna kulkemaan dominoivan k\u00e4den kainalon ali. Kun kannat asetta t\u00e4ll\u00e4 tavalla, voit tehd\u00e4 kaiken asehihnan ollessa samassa asennossa. Ase on helppo py\u00f6r\u00e4ytt\u00e4\u00e4 selk\u00e4\u00e4n kainalon ali ja takaisin etupuolelle.<\/p>\n<p>T\u00e4m\u00e4 aseenkantotyyli sopii erinomaisesti etupainoisiin aseisiin. Kun s\u00e4\u00e4d\u00e4t asehihnan tiukalle, voit nojata asehihnaa vasten. T\u00e4ll\u00e4 tavalla etupainoisuus ei h\u00e4iritse ja voit pit\u00e4\u00e4 vakaasti t\u00e4ht\u00e4imi\u00e4 kohteessa huomattavasti pidemp\u00e4\u00e4n kun muilla aseenkanto tyyleill\u00e4.<\/p>\n<p>The other way tyyli vaatii sen ett\u00e4 asehihnan kiinnityspisteen on tietynlaiset. Jos aseesi k\u00e4\u00e4ntyy etupuolella poikittain, asehihnan kiinnityspisteet on v\u00e4\u00e4r\u00e4ss\u00e4 paikassa.<\/p>","protected":false},"excerpt":{"rendered":"<p>The P2P Military Sling is the same two-point sling as the P2P QD\/Hook Sling. The sling comes with (front) one QD or hook sling swivel. The front sling swivel needs to be 1,1\/4 &#8221; (32mm) wide. The rear sling swivel can be smaller. The P2P Military two-point sling has extra length on the rear part of the sling. This allows you to use the sling \u201cthe other way\u201d (watch video below). Because of the extra length when you turn the P2P Military Sling into a single point sling, the padding of the sling is in the right place. You need to get a 2 to 1 point adapter to the sling to turn it to a single point sling. The single point style is useful in CQB type of use. Several color options e.g. multicam black, multicam tropic, M05. Now also snow camo sling \/ winter camo sling M05 and&hellip;<\/p>\n<p> <a class=\"more-link\" href=\"https:\/\/finsling.com\/fi\/tuote\/p2p-military-sling\/\">Lue Lis\u00e4\u00e4<\/a><\/p>","protected":false},"featured_media":2082,"template":"","meta":[],"product_brand":[],"product_cat":[32],"product_tag":[99,61,41,103,91,128,102,101,98,64,125,131,100,132],"class_list":{"0":"post-1230","1":"product","2":"type-product","3":"status-publish","4":"has-post-thumbnail","6":"product_cat-product","7":"product_tag-2point-sling","8":"product_tag-asehihna","9":"product_tag-finsling","10":"product_tag-flecktarn-sling","11":"product_tag-kivaarihihna","12":"product_tag-lumi-camo-asehihna","13":"product_tag-m05-sling","14":"product_tag-milspec-sling","15":"product_tag-p2p-military-sling","16":"product_tag-reservilaisasehihna","17":"product_tag-snow-camo-sling","18":"product_tag-talvi-camo-asehihna","19":"product_tag-two-point-sling","20":"product_tag-winter-camo-rifle-sling","22":"first","23":"instock","24":"featured","25":"taxable","26":"shipping-taxable","27":"purchasable","28":"product-type-variable"},"yoast_head":"<!-- This site is optimized with the Yoast SEO plugin v27.3 - https:\/\/yoast.com\/product\/yoast-seo-wordpress\/ -->\n<title>P2P Military Sling (two-point sling) - Finsling<\/title>\n<meta name=\"robots\" content=\"index, follow, max-snippet:-1, max-image-preview:large, max-video-preview:-1\" \/>\n<link rel=\"canonical\" href=\"https:\/\/finsling.com\/fi\/tuote\/p2p-military-sling\/\" \/>\n<meta property=\"og:locale\" content=\"fi_FI\" \/>\n<meta property=\"og:type\" content=\"article\" \/>\n<meta property=\"og:title\" content=\"P2P Military Sling (two-point sling) - Finsling\" \/>\n<meta property=\"og:description\" content=\"The P2P Military Sling is the same two-point sling as the P2P QD\/Hook Sling. The sling comes with (front) one QD or hook sling swivel. The front sling swivel needs to be 1,1\/4 &#8221; (32mm) wide. The rear sling swivel can be smaller. The P2P Military two-point sling has extra length on the rear part of the sling. This allows you to use the sling \u201cthe other way\u201d (watch video below). Because of the extra length when you turn the P2P Military Sling into a single point sling, the padding of the sling is in the right place. You need to get a 2 to 1 point adapter to the sling to turn it to a single point sling. The single point style is useful in CQB type of use. Several color options e.g. multicam black, multicam tropic, M05. Now also snow camo sling \/ winter camo sling M05 and&hellip;  Lue Lis\u00e4\u00e4\" \/>\n<meta property=\"og:url\" content=\"https:\/\/finsling.com\/fi\/tuote\/p2p-military-sling\/\" \/>\n<meta property=\"og:site_name\" content=\"Finsling\" \/>\n<meta property=\"article:publisher\" content=\"https:\/\/www.facebook.com\/finsling\/\" \/>\n<meta property=\"article:modified_time\" content=\"2026-02-01T08:50:30+00:00\" \/>\n<meta property=\"og:image\" content=\"https:\/\/finsling.com\/wp-content\/uploads\/2025\/10\/P2Pmulticamalpine-scaled.jpg\" \/>\n\t<meta property=\"og:image:width\" content=\"2560\" \/>\n\t<meta property=\"og:image:height\" content=\"2560\" \/>\n\t<meta property=\"og:image:type\" content=\"image\/jpeg\" \/>\n<meta name=\"twitter:card\" content=\"summary_large_image\" \/>\n<meta name=\"twitter:label1\" content=\"Arvioitu lukuaika\" \/>\n\t<meta name=\"twitter:data1\" content=\"3 minuuttia\" \/>\n<script type=\"application\/ld+json\" class=\"yoast-schema-graph\">{\"@context\":\"https:\\\/\\\/schema.org\",\"@graph\":[{\"@type\":\"WebPage\",\"@id\":\"https:\\\/\\\/finsling.com\\\/product\\\/p2p-military-sling\\\/\",\"url\":\"https:\\\/\\\/finsling.com\\\/product\\\/p2p-military-sling\\\/\",\"name\":\"P2P Military Sling (two-point sling) - Finsling\",\"isPartOf\":{\"@id\":\"https:\\\/\\\/finsling.com\\\/#website\"},\"primaryImageOfPage\":{\"@id\":\"https:\\\/\\\/finsling.com\\\/product\\\/p2p-military-sling\\\/#primaryimage\"},\"image\":{\"@id\":\"https:\\\/\\\/finsling.com\\\/product\\\/p2p-military-sling\\\/#primaryimage\"},\"thumbnailUrl\":\"https:\\\/\\\/finsling.com\\\/wp-content\\\/uploads\\\/2025\\\/10\\\/P2Pmulticamalpine-scaled.jpg\",\"datePublished\":\"2023-09-13T10:53:24+00:00\",\"dateModified\":\"2026-02-01T08:50:30+00:00\",\"breadcrumb\":{\"@id\":\"https:\\\/\\\/finsling.com\\\/product\\\/p2p-military-sling\\\/#breadcrumb\"},\"inLanguage\":\"fi\",\"potentialAction\":[{\"@type\":\"ReadAction\",\"target\":[\"https:\\\/\\\/finsling.com\\\/product\\\/p2p-military-sling\\\/\"]}]},{\"@type\":\"ImageObject\",\"inLanguage\":\"fi\",\"@id\":\"https:\\\/\\\/finsling.com\\\/product\\\/p2p-military-sling\\\/#primaryimage\",\"url\":\"https:\\\/\\\/finsling.com\\\/wp-content\\\/uploads\\\/2025\\\/10\\\/P2Pmulticamalpine-scaled.jpg\",\"contentUrl\":\"https:\\\/\\\/finsling.com\\\/wp-content\\\/uploads\\\/2025\\\/10\\\/P2Pmulticamalpine-scaled.jpg\",\"width\":2560,\"height\":2560},{\"@type\":\"BreadcrumbList\",\"@id\":\"https:\\\/\\\/finsling.com\\\/product\\\/p2p-military-sling\\\/#breadcrumb\",\"itemListElement\":[{\"@type\":\"ListItem\",\"position\":1,\"name\":\"Home\",\"item\":\"https:\\\/\\\/finsling.com\\\/\"},{\"@type\":\"ListItem\",\"position\":2,\"name\":\"Products\",\"item\":\"https:\\\/\\\/finsling.com\\\/kauppa\\\/\"},{\"@type\":\"ListItem\",\"position\":3,\"name\":\"P2P Military Sling (two-point sling)\"}]},{\"@type\":\"WebSite\",\"@id\":\"https:\\\/\\\/finsling.com\\\/#website\",\"url\":\"https:\\\/\\\/finsling.com\\\/\",\"name\":\"Finsling\",\"description\":\"SIMPLE - DURABLE - EFFECTIVE\",\"publisher\":{\"@id\":\"https:\\\/\\\/finsling.com\\\/#organization\"},\"potentialAction\":[{\"@type\":\"SearchAction\",\"target\":{\"@type\":\"EntryPoint\",\"urlTemplate\":\"https:\\\/\\\/finsling.com\\\/?s={search_term_string}\"},\"query-input\":{\"@type\":\"PropertyValueSpecification\",\"valueRequired\":true,\"valueName\":\"search_term_string\"}}],\"inLanguage\":\"fi\"},{\"@type\":\"Organization\",\"@id\":\"https:\\\/\\\/finsling.com\\\/#organization\",\"name\":\"Finsling\",\"url\":\"https:\\\/\\\/finsling.com\\\/\",\"logo\":{\"@type\":\"ImageObject\",\"inLanguage\":\"fi\",\"@id\":\"https:\\\/\\\/finsling.com\\\/#\\\/schema\\\/logo\\\/image\\\/\",\"url\":\"https:\\\/\\\/finsling.com\\\/wp-content\\\/uploads\\\/2019\\\/11\\\/cropped-finsling_medium-3.png\",\"contentUrl\":\"https:\\\/\\\/finsling.com\\\/wp-content\\\/uploads\\\/2019\\\/11\\\/cropped-finsling_medium-3.png\",\"width\":554,\"height\":208,\"caption\":\"Finsling\"},\"image\":{\"@id\":\"https:\\\/\\\/finsling.com\\\/#\\\/schema\\\/logo\\\/image\\\/\"},\"sameAs\":[\"https:\\\/\\\/www.facebook.com\\\/finsling\\\/\"]}]}<\/script>\n<!-- \/ Yoast SEO plugin. -->","yoast_head_json":{"title":"P2P Military Sling (two-point sling) - Finsling","robots":{"index":"index","follow":"follow","max-snippet":"max-snippet:-1","max-image-preview":"max-image-preview:large","max-video-preview":"max-video-preview:-1"},"canonical":"https:\/\/finsling.com\/fi\/tuote\/p2p-military-sling\/","og_locale":"fi_FI","og_type":"article","og_title":"P2P Military Sling (two-point sling) - Finsling","og_description":"The P2P Military Sling is the same two-point sling as the P2P QD\/Hook Sling. The sling comes with (front) one QD or hook sling swivel. The front sling swivel needs to be 1,1\/4 &#8221; (32mm) wide. The rear sling swivel can be smaller. The P2P Military two-point sling has extra length on the rear part of the sling. This allows you to use the sling \u201cthe other way\u201d (watch video below). Because of the extra length when you turn the P2P Military Sling into a single point sling, the padding of the sling is in the right place. You need to get a 2 to 1 point adapter to the sling to turn it to a single point sling. The single point style is useful in CQB type of use. Several color options e.g. multicam black, multicam tropic, M05. Now also snow camo sling \/ winter camo sling M05 and&hellip;  Lue Lis\u00e4\u00e4","og_url":"https:\/\/finsling.com\/fi\/tuote\/p2p-military-sling\/","og_site_name":"Finsling","article_publisher":"https:\/\/www.facebook.com\/finsling\/","article_modified_time":"2026-02-01T08:50:30+00:00","og_image":[{"width":2560,"height":2560,"url":"https:\/\/finsling.com\/wp-content\/uploads\/2025\/10\/P2Pmulticamalpine-scaled.jpg","type":"image\/jpeg"}],"twitter_card":"summary_large_image","twitter_misc":{"Arvioitu lukuaika":"3 minuuttia"},"schema":{"@context":"https:\/\/schema.org","@graph":[{"@type":"WebPage","@id":"https:\/\/finsling.com\/product\/p2p-military-sling\/","url":"https:\/\/finsling.com\/product\/p2p-military-sling\/","name":"P2P Military Sling (two-point sling) - Finsling","isPartOf":{"@id":"https:\/\/finsling.com\/#website"},"primaryImageOfPage":{"@id":"https:\/\/finsling.com\/product\/p2p-military-sling\/#primaryimage"},"image":{"@id":"https:\/\/finsling.com\/product\/p2p-military-sling\/#primaryimage"},"thumbnailUrl":"https:\/\/finsling.com\/wp-content\/uploads\/2025\/10\/P2Pmulticamalpine-scaled.jpg","datePublished":"2023-09-13T10:53:24+00:00","dateModified":"2026-02-01T08:50:30+00:00","breadcrumb":{"@id":"https:\/\/finsling.com\/product\/p2p-military-sling\/#breadcrumb"},"inLanguage":"fi","potentialAction":[{"@type":"ReadAction","target":["https:\/\/finsling.com\/product\/p2p-military-sling\/"]}]},{"@type":"ImageObject","inLanguage":"fi","@id":"https:\/\/finsling.com\/product\/p2p-military-sling\/#primaryimage","url":"https:\/\/finsling.com\/wp-content\/uploads\/2025\/10\/P2Pmulticamalpine-scaled.jpg","contentUrl":"https:\/\/finsling.com\/wp-content\/uploads\/2025\/10\/P2Pmulticamalpine-scaled.jpg","width":2560,"height":2560},{"@type":"BreadcrumbList","@id":"https:\/\/finsling.com\/product\/p2p-military-sling\/#breadcrumb","itemListElement":[{"@type":"ListItem","position":1,"name":"Home","item":"https:\/\/finsling.com\/"},{"@type":"ListItem","position":2,"name":"Products","item":"https:\/\/finsling.com\/kauppa\/"},{"@type":"ListItem","position":3,"name":"P2P Military Sling (two-point sling)"}]},{"@type":"WebSite","@id":"https:\/\/finsling.com\/#website","url":"https:\/\/finsling.com\/","name":"Finsling","description":"SIMPLE - DURABLE - EFFECTIVE","publisher":{"@id":"https:\/\/finsling.com\/#organization"},"potentialAction":[{"@type":"SearchAction","target":{"@type":"EntryPoint","urlTemplate":"https:\/\/finsling.com\/?s={search_term_string}"},"query-input":{"@type":"PropertyValueSpecification","valueRequired":true,"valueName":"search_term_string"}}],"inLanguage":"fi"},{"@type":"Organization","@id":"https:\/\/finsling.com\/#organization","name":"Finsling","url":"https:\/\/finsling.com\/","logo":{"@type":"ImageObject","inLanguage":"fi","@id":"https:\/\/finsling.com\/#\/schema\/logo\/image\/","url":"https:\/\/finsling.com\/wp-content\/uploads\/2019\/11\/cropped-finsling_medium-3.png","contentUrl":"https:\/\/finsling.com\/wp-content\/uploads\/2019\/11\/cropped-finsling_medium-3.png","width":554,"height":208,"caption":"Finsling"},"image":{"@id":"https:\/\/finsling.com\/#\/schema\/logo\/image\/"},"sameAs":["https:\/\/www.facebook.com\/finsling\/"]}]}},"_links":{"self":[{"href":"https:\/\/finsling.com\/fi\/wp-json\/wp\/v2\/product\/1230","targetHints":{"allow":["GET"]}}],"collection":[{"href":"https:\/\/finsling.com\/fi\/wp-json\/wp\/v2\/product"}],"about":[{"href":"https:\/\/finsling.com\/fi\/wp-json\/wp\/v2\/types\/product"}],"wp:featuredmedia":[{"embeddable":true,"href":"https:\/\/finsling.com\/fi\/wp-json\/wp\/v2\/media\/2082"}],"wp:attachment":[{"href":"https:\/\/finsling.com\/fi\/wp-json\/wp\/v2\/media?parent=1230"}],"wp:term":[{"taxonomy":"product_brand","embeddable":true,"href":"https:\/\/finsling.com\/fi\/wp-json\/wp\/v2\/product_brand?post=1230"},{"taxonomy":"product_cat","embeddable":true,"href":"https:\/\/finsling.com\/fi\/wp-json\/wp\/v2\/product_cat?post=1230"},{"taxonomy":"product_tag","embeddable":true,"href":"https:\/\/finsling.com\/fi\/wp-json\/wp\/v2\/product_tag?post=1230"}],"curies":[{"name":"wp","href":"https:\/\/api.w.org\/{rel}","templated":true}]}}