{"id":1429,"date":"2024-06-17T13:59:48","date_gmt":"2024-06-17T10:59:48","guid":{"rendered":"https:\/\/finsling.com\/?post_type=product&#038;p=1429"},"modified":"2026-02-01T10:51:04","modified_gmt":"2026-02-01T08:51:04","slug":"p2p-sling-qd-hook","status":"publish","type":"product","link":"https:\/\/finsling.com\/fi\/tuote\/p2p-sling-qd-hook\/","title":{"rendered":"P2P QD \/ Hook Sling (kaksipiste asehihna)"},"content":{"rendered":"<p><iframe title=\"The &quot;OTHER WAY&quot; to use twopoint sling.\" width=\"800\" height=\"600\" src=\"https:\/\/www.youtube.com\/embed\/u3LImiVvBLo?feature=oembed\" frameborder=\"0\" allow=\"accelerometer; autoplay; clipboard-write; encrypted-media; gyroscope; picture-in-picture; web-share\" referrerpolicy=\"strict-origin-when-cross-origin\" allowfullscreen><\/iframe><\/p>\n<p><iframe title=\"The best two point sling\" width=\"563\" height=\"1000\" src=\"https:\/\/www.youtube.com\/embed\/YFMDCg__H-E?feature=oembed\" frameborder=\"0\" allow=\"accelerometer; autoplay; clipboard-write; encrypted-media; gyroscope; picture-in-picture; web-share\" referrerpolicy=\"strict-origin-when-cross-origin\" allowfullscreen><\/iframe><\/p>\n<p><iframe title=\"FinSling P2P two point sling to a single point sling.\" width=\"563\" height=\"1000\" src=\"https:\/\/www.youtube.com\/embed\/-mhdckAsr7E?feature=oembed\" frameborder=\"0\" allow=\"accelerometer; autoplay; clipboard-write; encrypted-media; gyroscope; picture-in-picture; web-share\" referrerpolicy=\"strict-origin-when-cross-origin\" allowfullscreen><\/iframe><\/p>\n<p>P2P QD\/Hook Sling on sama kaksipiste asehihna kun P2P Hunter Sling. Asehihnassa on yksi QD tai hook asehihnakiinnike hihnan etup\u00e4\u00e4ss\u00e4. Etummaisen hihnakiinnikkeen tulee olla 32mm leve\u00e4 jotta asehihnan pituuden pikas\u00e4\u00e4t\u00f6ominaisuus toimii. Taaempi hihnakiinnike voi olla pienempi.<\/p>\n<p>P2P QD\/Hook asehihnassa on extra pituutta asehihnan per\u00e4p\u00e4\u00e4ss\u00e4. T\u00e4m\u00e4n ansiosta asehihaa voi k\u00e4ytt\u00e4\u00e4 \u201dthe other way\u201d (katso video alla). Extra pituuden ansiosta, kun muutat asehihnan yksipisteiseksi, hihnapehmuste on k\u00e4ytt\u00e4j\u00e4n olkap\u00e4\u00e4ll\u00e4 eik\u00e4 rinnalla. Ennen asehihnan muuttamista yksipisteiseksi, asehihnaan tulee asentaa 2 to 1 point adapteri. Asehihnan k\u00e4ytt\u00e4minen yksipisteisen\u00e4 on hy\u00f6dyllist\u00e4 eritoten CQB tyyppisess\u00e4 toiminnassa.<\/p>\n<p>Tarjolla on useita eri v\u00e4rivaihtoehtoja kuten Multicam Black, Multicam Tropic ja M05 asehihna. Nyt my\u00f6s lumi camo asehihna \/ talvi camo asehihna.<\/p>\n<p>P2P asehihnan pituuden pikas\u00e4\u00e4t\u00f6 on markkinoiden jouhevin. Asehihnan etuosasta hihnan pituutta voi pika s\u00e4\u00e4t\u00e4\u00e4. Hihnan per\u00e4osan pituutta voi my\u00f6s s\u00e4\u00e4t\u00e4\u00e4. P2P Hunter asehihnan pikas\u00e4\u00e4t\u00f6 alue lyhyimm\u00e4st\u00e4 pisimp\u00e4\u00e4n on 40cm.<\/p>\n<p>Voit k\u00e4ytt\u00e4\u00e4 samaa P2P QD\/Hook asehihnaa perinteisten mets\u00e4stysaseiden kanssa. Asehihnan etup\u00e4\u00e4h\u00e4n pit\u00e4\u00e4 vaan vaihtaa perinteinen asehihna kiinnike ja takap\u00e4\u00e4h\u00e4n FinSling per\u00e4adapteri.<\/p>\n<p>FinSling P2P asehihnat on k\u00e4sin tehty Suomessa. Suomessa valmistettu hihnamateriaali on miellytt\u00e4v\u00e4n tuntuista ja kest\u00e4v\u00e4\u00e4 30mm hihnanauhaa. Asehihnan rakenne on yksinkertainen. Asehihna koostuu yhdest\u00e4 hihnanauhan osasta mik\u00e4 kulkee l\u00e4pi hihnan. Joustava hihnapehmuste on ommeltu asehihnaan kiinni. Asehihnan hihnanauha kulkee pehmusteen l\u00e4pi.<\/p>\n<p>K\u00e4ytt\u00e4j\u00e4 palautteita:<\/p>\n<p><strong><em>Paras hihna mit\u00e4 olen n\u00e4hnyt ja kokeillut. On mielest\u00e4ni parempi kun esim saman tyylinen Blue Force Gearin Vicker sling. Todella tyytyv\u00e4inen olen ollut ja suosittelen kyll\u00e4 kaikille.<\/em><\/strong><\/p>\n<p><strong><em>Aivan helvetin hyv\u00e4 tuo hihna. K\u00e4et jatkuvasti j\u00e4\u00e4ss\u00e4 niin saa taskussa puristella k\u00e4sie nyrkkiin ja pyssy roikkuu tukevasti rintapieless\u00e4.<\/em><\/strong><\/p>\n<p><strong><em>This strap combines superb craftsmanship with quality materials and an intuitive and robust design.<\/em><\/strong><\/p>\n<p><strong><em>Great sling! Versatile and robust.<\/em><\/strong><\/p>\n<p><strong><em>The sling is very effective I like the simplicity of it.<\/em><\/strong><\/p>\n<p>&nbsp;<\/p>\n<p><strong>Usein kysyttyj\u00e4 kysymyksi\u00e4? <\/strong><\/p>\n<p><strong>Voitko k\u00e4ytt\u00e4\u00e4 P2P QD\/hook asehihnaa yksipiste hihnana?<\/strong><\/p>\n<p>Kyll\u00e4. Hihnan per\u00e4osaan pit\u00e4\u00e4 ensin kiinnitt\u00e4\u00e4 2 to 1 QD adapteri. Sitten kiinnit\u00e4 hihnan taaimmainen QD kiinnike aseen keskimm\u00e4iseen kiinnityspisteeseen. T\u00e4m\u00e4n j\u00e4lkeen kiinnit\u00e4 asehihnan etummainen QD kiinnike 2 to 1 adapteriin. Koukkukiinnikkeiden kanssa, kiinnit\u00e4 vaan etummainen koukku asehihnan takimmaiseen koukkuun. N\u00e4in voit k\u00e4ytt\u00e4\u00e4 P2P QD\/hook asehihnaa yksipiste hihnana. P2P QD\/hook\/military asehihnassa on extra pituutta hihnan per\u00e4p\u00e4\u00e4ss\u00e4. Sen takia kun k\u00e4yt\u00e4t hihnaa yksipisteisesti, asehihna pehmuste sijoittuu olkap\u00e4\u00e4llesi eik\u00e4 rinnallesi kuten muiden kaksipiste hihnojen kanssa. P2P asehihna k\u00e4ytt\u00e4minen yksipisteisesti voi olla hy\u00f6dyllist\u00e4 esim. sis\u00e4\u00e4nmeno tyylisess\u00e4 toiminnassa.<\/p>","protected":false},"excerpt":{"rendered":"<p>The P2P QD\/Hook sling is the same two-point sling as the P2P Hunter Sling with QD or hook sling swivel. The sling comes with (front) one QD or hook sling swivel. The front sling swivel needs to be 1,1\/4 &#8221; (32mm) wide. The rear sling swivel can be smaller. The P2P QD\/Hook two-point sling has extra length on the rear part of the sling. This allows you to use the sling \u201cthe other way\u201d (watch video below). Because of the extra length when you turn the P2P QD\/Hook sling to a single point sling, the padding of the sling is in the right place. You need to get a 2 to 1 point adapter to the sling to turn it to a single point sling. The single point style is useful in CQB type of use. Several color options e.g. multicam black, multicam tropic, M05. Now also snow camo sling&hellip;<\/p>\n<p> <a class=\"more-link\" href=\"https:\/\/finsling.com\/fi\/tuote\/p2p-sling-qd-hook\/\">Lue Lis\u00e4\u00e4<\/a><\/p>","protected":false},"featured_media":1386,"template":"","meta":[],"product_brand":[],"product_cat":[32],"product_tag":[61,41,91,128,127,126,64,125,130,100,129],"class_list":{"0":"post-1429","1":"product","2":"type-product","3":"status-publish","4":"has-post-thumbnail","6":"product_cat-product","7":"product_tag-asehihna","8":"product_tag-finsling","9":"product_tag-kivaarihihna","10":"product_tag-lumi-camo-asehihna","11":"product_tag-m05-asehihna","12":"product_tag-mo5-sling","13":"product_tag-reservilaisasehihna","14":"product_tag-snow-camo-sling","15":"product_tag-talvi-camo-hihna","16":"product_tag-two-point-sling","17":"product_tag-winter-camo-sling","19":"first","20":"instock","21":"taxable","22":"shipping-taxable","23":"purchasable","24":"product-type-variable"},"yoast_head":"<!-- This site is optimized with the Yoast SEO plugin v27.3 - https:\/\/yoast.com\/product\/yoast-seo-wordpress\/ -->\n<title>P2P QD \/ Hook Sling (two-point sling) - Finsling<\/title>\n<meta name=\"robots\" content=\"index, follow, max-snippet:-1, max-image-preview:large, max-video-preview:-1\" \/>\n<link rel=\"canonical\" href=\"https:\/\/finsling.com\/fi\/tuote\/p2p-sling-qd-hook\/\" \/>\n<meta property=\"og:locale\" content=\"fi_FI\" \/>\n<meta property=\"og:type\" content=\"article\" \/>\n<meta property=\"og:title\" content=\"P2P QD \/ Hook Sling (two-point sling) - Finsling\" \/>\n<meta property=\"og:description\" content=\"The P2P QD\/Hook sling is the same two-point sling as the P2P Hunter Sling with QD or hook sling swivel. The sling comes with (front) one QD or hook sling swivel. The front sling swivel needs to be 1,1\/4 &#8221; (32mm) wide. The rear sling swivel can be smaller. The P2P QD\/Hook two-point sling has extra length on the rear part of the sling. This allows you to use the sling \u201cthe other way\u201d (watch video below). Because of the extra length when you turn the P2P QD\/Hook sling to a single point sling, the padding of the sling is in the right place. You need to get a 2 to 1 point adapter to the sling to turn it to a single point sling. The single point style is useful in CQB type of use. Several color options e.g. multicam black, multicam tropic, M05. Now also snow camo sling&hellip;  Lue Lis\u00e4\u00e4\" \/>\n<meta property=\"og:url\" content=\"https:\/\/finsling.com\/fi\/tuote\/p2p-sling-qd-hook\/\" \/>\n<meta property=\"og:site_name\" content=\"Finsling\" \/>\n<meta property=\"article:publisher\" content=\"https:\/\/www.facebook.com\/finsling\/\" \/>\n<meta property=\"article:modified_time\" content=\"2026-02-01T08:51:04+00:00\" \/>\n<meta property=\"og:image\" content=\"https:\/\/finsling.com\/wp-content\/uploads\/2024\/06\/p2pqd05-scaled.jpg\" \/>\n\t<meta property=\"og:image:width\" content=\"2560\" \/>\n\t<meta property=\"og:image:height\" content=\"2560\" \/>\n\t<meta property=\"og:image:type\" content=\"image\/jpeg\" \/>\n<meta name=\"twitter:card\" content=\"summary_large_image\" \/>\n<meta name=\"twitter:label1\" content=\"Arvioitu lukuaika\" \/>\n\t<meta name=\"twitter:data1\" content=\"3 minuuttia\" \/>\n<script type=\"application\/ld+json\" class=\"yoast-schema-graph\">{\"@context\":\"https:\\\/\\\/schema.org\",\"@graph\":[{\"@type\":\"WebPage\",\"@id\":\"https:\\\/\\\/finsling.com\\\/product\\\/p2p-sling-qd-hook\\\/\",\"url\":\"https:\\\/\\\/finsling.com\\\/product\\\/p2p-sling-qd-hook\\\/\",\"name\":\"P2P QD \\\/ Hook Sling (two-point sling) - Finsling\",\"isPartOf\":{\"@id\":\"https:\\\/\\\/finsling.com\\\/#website\"},\"primaryImageOfPage\":{\"@id\":\"https:\\\/\\\/finsling.com\\\/product\\\/p2p-sling-qd-hook\\\/#primaryimage\"},\"image\":{\"@id\":\"https:\\\/\\\/finsling.com\\\/product\\\/p2p-sling-qd-hook\\\/#primaryimage\"},\"thumbnailUrl\":\"https:\\\/\\\/finsling.com\\\/wp-content\\\/uploads\\\/2024\\\/06\\\/p2pqd05-scaled.jpg\",\"datePublished\":\"2024-06-17T10:59:48+00:00\",\"dateModified\":\"2026-02-01T08:51:04+00:00\",\"breadcrumb\":{\"@id\":\"https:\\\/\\\/finsling.com\\\/product\\\/p2p-sling-qd-hook\\\/#breadcrumb\"},\"inLanguage\":\"fi\",\"potentialAction\":[{\"@type\":\"ReadAction\",\"target\":[\"https:\\\/\\\/finsling.com\\\/product\\\/p2p-sling-qd-hook\\\/\"]}]},{\"@type\":\"ImageObject\",\"inLanguage\":\"fi\",\"@id\":\"https:\\\/\\\/finsling.com\\\/product\\\/p2p-sling-qd-hook\\\/#primaryimage\",\"url\":\"https:\\\/\\\/finsling.com\\\/wp-content\\\/uploads\\\/2024\\\/06\\\/p2pqd05-scaled.jpg\",\"contentUrl\":\"https:\\\/\\\/finsling.com\\\/wp-content\\\/uploads\\\/2024\\\/06\\\/p2pqd05-scaled.jpg\",\"width\":2560,\"height\":2560,\"caption\":\"P2P Sling QD \\\/ Hook\"},{\"@type\":\"BreadcrumbList\",\"@id\":\"https:\\\/\\\/finsling.com\\\/product\\\/p2p-sling-qd-hook\\\/#breadcrumb\",\"itemListElement\":[{\"@type\":\"ListItem\",\"position\":1,\"name\":\"Home\",\"item\":\"https:\\\/\\\/finsling.com\\\/\"},{\"@type\":\"ListItem\",\"position\":2,\"name\":\"Products\",\"item\":\"https:\\\/\\\/finsling.com\\\/kauppa\\\/\"},{\"@type\":\"ListItem\",\"position\":3,\"name\":\"P2P QD \\\/ Hook Sling (two-point sling)\"}]},{\"@type\":\"WebSite\",\"@id\":\"https:\\\/\\\/finsling.com\\\/#website\",\"url\":\"https:\\\/\\\/finsling.com\\\/\",\"name\":\"Finsling\",\"description\":\"SIMPLE - DURABLE - EFFECTIVE\",\"publisher\":{\"@id\":\"https:\\\/\\\/finsling.com\\\/#organization\"},\"potentialAction\":[{\"@type\":\"SearchAction\",\"target\":{\"@type\":\"EntryPoint\",\"urlTemplate\":\"https:\\\/\\\/finsling.com\\\/?s={search_term_string}\"},\"query-input\":{\"@type\":\"PropertyValueSpecification\",\"valueRequired\":true,\"valueName\":\"search_term_string\"}}],\"inLanguage\":\"fi\"},{\"@type\":\"Organization\",\"@id\":\"https:\\\/\\\/finsling.com\\\/#organization\",\"name\":\"Finsling\",\"url\":\"https:\\\/\\\/finsling.com\\\/\",\"logo\":{\"@type\":\"ImageObject\",\"inLanguage\":\"fi\",\"@id\":\"https:\\\/\\\/finsling.com\\\/#\\\/schema\\\/logo\\\/image\\\/\",\"url\":\"https:\\\/\\\/finsling.com\\\/wp-content\\\/uploads\\\/2019\\\/11\\\/cropped-finsling_medium-3.png\",\"contentUrl\":\"https:\\\/\\\/finsling.com\\\/wp-content\\\/uploads\\\/2019\\\/11\\\/cropped-finsling_medium-3.png\",\"width\":554,\"height\":208,\"caption\":\"Finsling\"},\"image\":{\"@id\":\"https:\\\/\\\/finsling.com\\\/#\\\/schema\\\/logo\\\/image\\\/\"},\"sameAs\":[\"https:\\\/\\\/www.facebook.com\\\/finsling\\\/\"]}]}<\/script>\n<!-- \/ Yoast SEO plugin. -->","yoast_head_json":{"title":"P2P QD \/ Hook Sling (two-point sling) - Finsling","robots":{"index":"index","follow":"follow","max-snippet":"max-snippet:-1","max-image-preview":"max-image-preview:large","max-video-preview":"max-video-preview:-1"},"canonical":"https:\/\/finsling.com\/fi\/tuote\/p2p-sling-qd-hook\/","og_locale":"fi_FI","og_type":"article","og_title":"P2P QD \/ Hook Sling (two-point sling) - Finsling","og_description":"The P2P QD\/Hook sling is the same two-point sling as the P2P Hunter Sling with QD or hook sling swivel. The sling comes with (front) one QD or hook sling swivel. The front sling swivel needs to be 1,1\/4 &#8221; (32mm) wide. The rear sling swivel can be smaller. The P2P QD\/Hook two-point sling has extra length on the rear part of the sling. This allows you to use the sling \u201cthe other way\u201d (watch video below). Because of the extra length when you turn the P2P QD\/Hook sling to a single point sling, the padding of the sling is in the right place. You need to get a 2 to 1 point adapter to the sling to turn it to a single point sling. The single point style is useful in CQB type of use. Several color options e.g. multicam black, multicam tropic, M05. Now also snow camo sling&hellip;  Lue Lis\u00e4\u00e4","og_url":"https:\/\/finsling.com\/fi\/tuote\/p2p-sling-qd-hook\/","og_site_name":"Finsling","article_publisher":"https:\/\/www.facebook.com\/finsling\/","article_modified_time":"2026-02-01T08:51:04+00:00","og_image":[{"width":2560,"height":2560,"url":"https:\/\/finsling.com\/wp-content\/uploads\/2024\/06\/p2pqd05-scaled.jpg","type":"image\/jpeg"}],"twitter_card":"summary_large_image","twitter_misc":{"Arvioitu lukuaika":"3 minuuttia"},"schema":{"@context":"https:\/\/schema.org","@graph":[{"@type":"WebPage","@id":"https:\/\/finsling.com\/product\/p2p-sling-qd-hook\/","url":"https:\/\/finsling.com\/product\/p2p-sling-qd-hook\/","name":"P2P QD \/ Hook Sling (two-point sling) - Finsling","isPartOf":{"@id":"https:\/\/finsling.com\/#website"},"primaryImageOfPage":{"@id":"https:\/\/finsling.com\/product\/p2p-sling-qd-hook\/#primaryimage"},"image":{"@id":"https:\/\/finsling.com\/product\/p2p-sling-qd-hook\/#primaryimage"},"thumbnailUrl":"https:\/\/finsling.com\/wp-content\/uploads\/2024\/06\/p2pqd05-scaled.jpg","datePublished":"2024-06-17T10:59:48+00:00","dateModified":"2026-02-01T08:51:04+00:00","breadcrumb":{"@id":"https:\/\/finsling.com\/product\/p2p-sling-qd-hook\/#breadcrumb"},"inLanguage":"fi","potentialAction":[{"@type":"ReadAction","target":["https:\/\/finsling.com\/product\/p2p-sling-qd-hook\/"]}]},{"@type":"ImageObject","inLanguage":"fi","@id":"https:\/\/finsling.com\/product\/p2p-sling-qd-hook\/#primaryimage","url":"https:\/\/finsling.com\/wp-content\/uploads\/2024\/06\/p2pqd05-scaled.jpg","contentUrl":"https:\/\/finsling.com\/wp-content\/uploads\/2024\/06\/p2pqd05-scaled.jpg","width":2560,"height":2560,"caption":"P2P Sling QD \/ Hook"},{"@type":"BreadcrumbList","@id":"https:\/\/finsling.com\/product\/p2p-sling-qd-hook\/#breadcrumb","itemListElement":[{"@type":"ListItem","position":1,"name":"Home","item":"https:\/\/finsling.com\/"},{"@type":"ListItem","position":2,"name":"Products","item":"https:\/\/finsling.com\/kauppa\/"},{"@type":"ListItem","position":3,"name":"P2P QD \/ Hook Sling (two-point sling)"}]},{"@type":"WebSite","@id":"https:\/\/finsling.com\/#website","url":"https:\/\/finsling.com\/","name":"Finsling","description":"SIMPLE - DURABLE - EFFECTIVE","publisher":{"@id":"https:\/\/finsling.com\/#organization"},"potentialAction":[{"@type":"SearchAction","target":{"@type":"EntryPoint","urlTemplate":"https:\/\/finsling.com\/?s={search_term_string}"},"query-input":{"@type":"PropertyValueSpecification","valueRequired":true,"valueName":"search_term_string"}}],"inLanguage":"fi"},{"@type":"Organization","@id":"https:\/\/finsling.com\/#organization","name":"Finsling","url":"https:\/\/finsling.com\/","logo":{"@type":"ImageObject","inLanguage":"fi","@id":"https:\/\/finsling.com\/#\/schema\/logo\/image\/","url":"https:\/\/finsling.com\/wp-content\/uploads\/2019\/11\/cropped-finsling_medium-3.png","contentUrl":"https:\/\/finsling.com\/wp-content\/uploads\/2019\/11\/cropped-finsling_medium-3.png","width":554,"height":208,"caption":"Finsling"},"image":{"@id":"https:\/\/finsling.com\/#\/schema\/logo\/image\/"},"sameAs":["https:\/\/www.facebook.com\/finsling\/"]}]}},"_links":{"self":[{"href":"https:\/\/finsling.com\/fi\/wp-json\/wp\/v2\/product\/1429","targetHints":{"allow":["GET"]}}],"collection":[{"href":"https:\/\/finsling.com\/fi\/wp-json\/wp\/v2\/product"}],"about":[{"href":"https:\/\/finsling.com\/fi\/wp-json\/wp\/v2\/types\/product"}],"wp:featuredmedia":[{"embeddable":true,"href":"https:\/\/finsling.com\/fi\/wp-json\/wp\/v2\/media\/1386"}],"wp:attachment":[{"href":"https:\/\/finsling.com\/fi\/wp-json\/wp\/v2\/media?parent=1429"}],"wp:term":[{"taxonomy":"product_brand","embeddable":true,"href":"https:\/\/finsling.com\/fi\/wp-json\/wp\/v2\/product_brand?post=1429"},{"taxonomy":"product_cat","embeddable":true,"href":"https:\/\/finsling.com\/fi\/wp-json\/wp\/v2\/product_cat?post=1429"},{"taxonomy":"product_tag","embeddable":true,"href":"https:\/\/finsling.com\/fi\/wp-json\/wp\/v2\/product_tag?post=1429"}],"curies":[{"name":"wp","href":"https:\/\/api.w.org\/{rel}","templated":true}]}}