{"id":1476,"date":"2024-08-16T19:08:38","date_gmt":"2024-08-16T16:08:38","guid":{"rendered":"https:\/\/finsling.com\/?post_type=product&#038;p=1476"},"modified":"2025-05-04T22:25:38","modified_gmt":"2025-05-04T19:25:38","slug":"sling","status":"publish","type":"product","link":"https:\/\/finsling.com\/fi\/tuote\/sling\/","title":{"rendered":"Linko"},"content":{"rendered":"<div dir=\"ltr\">\n<p><iframe title=\"FinSling shepherd sling\" width=\"800\" height=\"450\" src=\"https:\/\/www.youtube.com\/embed\/jv5TxAVR76E?feature=oembed\" frameborder=\"0\" allow=\"accelerometer; autoplay; clipboard-write; encrypted-media; gyroscope; picture-in-picture; web-share\" referrerpolicy=\"strict-origin-when-cross-origin\" allowfullscreen><\/iframe><\/p>\n<p>FinSling linko on perinteinen paimen kivilinko. Linko on tehty ylij\u00e4\u00e4m\u00e4 hihnamateriaalista ja paracordista.<\/p>\n<\/div>\n<div dir=\"ltr\"><\/div>\n<div>Linkoaminen on oiva harrastus. Youtube toimii hyv\u00e4n\u00e4 opettejana linkoamiseen.<\/div>\n<div><\/div>\n<div>Toimitettavien linkojen v\u00e4rit saattavat vaihdella.<\/div>\n<p>&nbsp;<\/p>","protected":false},"excerpt":{"rendered":"<p>A sling company is not a sling company without a real sling. The Sling is traditional shepherd sling style sling. The sling is made from leftover webbing and paracord. Slinging is a great hobby. If you don\u00b4t know how to sling, mr. Youtube will teach you. Sling color may vary. &nbsp;<\/p>","protected":false},"featured_media":1474,"template":"","meta":[],"product_brand":[],"product_cat":[32],"product_tag":[116,114,113,115],"class_list":{"0":"post-1476","1":"product","2":"type-product","3":"status-publish","4":"has-post-thumbnail","6":"product_cat-product","7":"product_tag-kivilinko","8":"product_tag-shepherd-sling","9":"product_tag-sling","10":"product_tag-slinging","12":"first","13":"instock","14":"taxable","15":"shipping-taxable","16":"purchasable","17":"product-type-simple"},"yoast_head":"<!-- This site is optimized with the Yoast SEO plugin v27.4 - https:\/\/yoast.com\/product\/yoast-seo-wordpress\/ -->\n<title>Sling - Finsling<\/title>\n<meta name=\"robots\" content=\"index, follow, max-snippet:-1, max-image-preview:large, max-video-preview:-1\" \/>\n<link rel=\"canonical\" href=\"https:\/\/finsling.com\/fi\/tuote\/sling\/\" \/>\n<meta property=\"og:locale\" content=\"fi_FI\" \/>\n<meta property=\"og:type\" content=\"article\" \/>\n<meta property=\"og:title\" content=\"Sling - Finsling\" \/>\n<meta property=\"og:description\" content=\"A sling company is not a sling company without a real sling. The Sling is traditional shepherd sling style sling. The sling is made from leftover webbing and paracord. Slinging is a great hobby. If you don\u00b4t know how to sling, mr. Youtube will teach you. Sling color may vary. &nbsp;\" \/>\n<meta property=\"og:url\" content=\"https:\/\/finsling.com\/fi\/tuote\/sling\/\" \/>\n<meta property=\"og:site_name\" content=\"Finsling\" \/>\n<meta property=\"article:publisher\" content=\"https:\/\/www.facebook.com\/finsling\/\" \/>\n<meta property=\"article:modified_time\" content=\"2025-05-04T19:25:38+00:00\" \/>\n<meta property=\"og:image\" content=\"https:\/\/finsling.com\/wp-content\/uploads\/2024\/08\/linko1-scaled.jpg\" \/>\n\t<meta property=\"og:image:width\" content=\"2560\" \/>\n\t<meta property=\"og:image:height\" content=\"2560\" \/>\n\t<meta property=\"og:image:type\" content=\"image\/jpeg\" \/>\n<meta name=\"twitter:card\" content=\"summary_large_image\" \/>\n<meta name=\"twitter:label1\" content=\"Arvioitu lukuaika\" \/>\n\t<meta name=\"twitter:data1\" content=\"1 minuutti\" \/>\n<script type=\"application\/ld+json\" class=\"yoast-schema-graph\">{\"@context\":\"https:\\\/\\\/schema.org\",\"@graph\":[{\"@type\":\"WebPage\",\"@id\":\"https:\\\/\\\/finsling.com\\\/product\\\/sling\\\/\",\"url\":\"https:\\\/\\\/finsling.com\\\/product\\\/sling\\\/\",\"name\":\"Sling - Finsling\",\"isPartOf\":{\"@id\":\"https:\\\/\\\/finsling.com\\\/#website\"},\"primaryImageOfPage\":{\"@id\":\"https:\\\/\\\/finsling.com\\\/product\\\/sling\\\/#primaryimage\"},\"image\":{\"@id\":\"https:\\\/\\\/finsling.com\\\/product\\\/sling\\\/#primaryimage\"},\"thumbnailUrl\":\"https:\\\/\\\/finsling.com\\\/wp-content\\\/uploads\\\/2024\\\/08\\\/linko1-scaled.jpg\",\"datePublished\":\"2024-08-16T16:08:38+00:00\",\"dateModified\":\"2025-05-04T19:25:38+00:00\",\"breadcrumb\":{\"@id\":\"https:\\\/\\\/finsling.com\\\/product\\\/sling\\\/#breadcrumb\"},\"inLanguage\":\"fi\",\"potentialAction\":[{\"@type\":\"ReadAction\",\"target\":[\"https:\\\/\\\/finsling.com\\\/product\\\/sling\\\/\"]}]},{\"@type\":\"ImageObject\",\"inLanguage\":\"fi\",\"@id\":\"https:\\\/\\\/finsling.com\\\/product\\\/sling\\\/#primaryimage\",\"url\":\"https:\\\/\\\/finsling.com\\\/wp-content\\\/uploads\\\/2024\\\/08\\\/linko1-scaled.jpg\",\"contentUrl\":\"https:\\\/\\\/finsling.com\\\/wp-content\\\/uploads\\\/2024\\\/08\\\/linko1-scaled.jpg\",\"width\":2560,\"height\":2560,\"caption\":\"Sling\"},{\"@type\":\"BreadcrumbList\",\"@id\":\"https:\\\/\\\/finsling.com\\\/product\\\/sling\\\/#breadcrumb\",\"itemListElement\":[{\"@type\":\"ListItem\",\"position\":1,\"name\":\"Home\",\"item\":\"https:\\\/\\\/finsling.com\\\/\"},{\"@type\":\"ListItem\",\"position\":2,\"name\":\"Products\",\"item\":\"https:\\\/\\\/finsling.com\\\/kauppa\\\/\"},{\"@type\":\"ListItem\",\"position\":3,\"name\":\"Sling\"}]},{\"@type\":\"WebSite\",\"@id\":\"https:\\\/\\\/finsling.com\\\/#website\",\"url\":\"https:\\\/\\\/finsling.com\\\/\",\"name\":\"Finsling\",\"description\":\"SIMPLE - DURABLE - EFFECTIVE\",\"publisher\":{\"@id\":\"https:\\\/\\\/finsling.com\\\/#organization\"},\"potentialAction\":[{\"@type\":\"SearchAction\",\"target\":{\"@type\":\"EntryPoint\",\"urlTemplate\":\"https:\\\/\\\/finsling.com\\\/?s={search_term_string}\"},\"query-input\":{\"@type\":\"PropertyValueSpecification\",\"valueRequired\":true,\"valueName\":\"search_term_string\"}}],\"inLanguage\":\"fi\"},{\"@type\":\"Organization\",\"@id\":\"https:\\\/\\\/finsling.com\\\/#organization\",\"name\":\"Finsling\",\"url\":\"https:\\\/\\\/finsling.com\\\/\",\"logo\":{\"@type\":\"ImageObject\",\"inLanguage\":\"fi\",\"@id\":\"https:\\\/\\\/finsling.com\\\/#\\\/schema\\\/logo\\\/image\\\/\",\"url\":\"https:\\\/\\\/finsling.com\\\/wp-content\\\/uploads\\\/2019\\\/11\\\/cropped-finsling_medium-3.png\",\"contentUrl\":\"https:\\\/\\\/finsling.com\\\/wp-content\\\/uploads\\\/2019\\\/11\\\/cropped-finsling_medium-3.png\",\"width\":554,\"height\":208,\"caption\":\"Finsling\"},\"image\":{\"@id\":\"https:\\\/\\\/finsling.com\\\/#\\\/schema\\\/logo\\\/image\\\/\"},\"sameAs\":[\"https:\\\/\\\/www.facebook.com\\\/finsling\\\/\"]}]}<\/script>\n<!-- \/ Yoast SEO plugin. -->","yoast_head_json":{"title":"Sling - Finsling","robots":{"index":"index","follow":"follow","max-snippet":"max-snippet:-1","max-image-preview":"max-image-preview:large","max-video-preview":"max-video-preview:-1"},"canonical":"https:\/\/finsling.com\/fi\/tuote\/sling\/","og_locale":"fi_FI","og_type":"article","og_title":"Sling - Finsling","og_description":"A sling company is not a sling company without a real sling. The Sling is traditional shepherd sling style sling. The sling is made from leftover webbing and paracord. Slinging is a great hobby. If you don\u00b4t know how to sling, mr. Youtube will teach you. Sling color may vary. &nbsp;","og_url":"https:\/\/finsling.com\/fi\/tuote\/sling\/","og_site_name":"Finsling","article_publisher":"https:\/\/www.facebook.com\/finsling\/","article_modified_time":"2025-05-04T19:25:38+00:00","og_image":[{"width":2560,"height":2560,"url":"https:\/\/finsling.com\/wp-content\/uploads\/2024\/08\/linko1-scaled.jpg","type":"image\/jpeg"}],"twitter_card":"summary_large_image","twitter_misc":{"Arvioitu lukuaika":"1 minuutti"},"schema":{"@context":"https:\/\/schema.org","@graph":[{"@type":"WebPage","@id":"https:\/\/finsling.com\/product\/sling\/","url":"https:\/\/finsling.com\/product\/sling\/","name":"Sling - Finsling","isPartOf":{"@id":"https:\/\/finsling.com\/#website"},"primaryImageOfPage":{"@id":"https:\/\/finsling.com\/product\/sling\/#primaryimage"},"image":{"@id":"https:\/\/finsling.com\/product\/sling\/#primaryimage"},"thumbnailUrl":"https:\/\/finsling.com\/wp-content\/uploads\/2024\/08\/linko1-scaled.jpg","datePublished":"2024-08-16T16:08:38+00:00","dateModified":"2025-05-04T19:25:38+00:00","breadcrumb":{"@id":"https:\/\/finsling.com\/product\/sling\/#breadcrumb"},"inLanguage":"fi","potentialAction":[{"@type":"ReadAction","target":["https:\/\/finsling.com\/product\/sling\/"]}]},{"@type":"ImageObject","inLanguage":"fi","@id":"https:\/\/finsling.com\/product\/sling\/#primaryimage","url":"https:\/\/finsling.com\/wp-content\/uploads\/2024\/08\/linko1-scaled.jpg","contentUrl":"https:\/\/finsling.com\/wp-content\/uploads\/2024\/08\/linko1-scaled.jpg","width":2560,"height":2560,"caption":"Sling"},{"@type":"BreadcrumbList","@id":"https:\/\/finsling.com\/product\/sling\/#breadcrumb","itemListElement":[{"@type":"ListItem","position":1,"name":"Home","item":"https:\/\/finsling.com\/"},{"@type":"ListItem","position":2,"name":"Products","item":"https:\/\/finsling.com\/kauppa\/"},{"@type":"ListItem","position":3,"name":"Sling"}]},{"@type":"WebSite","@id":"https:\/\/finsling.com\/#website","url":"https:\/\/finsling.com\/","name":"Finsling","description":"SIMPLE - DURABLE - EFFECTIVE","publisher":{"@id":"https:\/\/finsling.com\/#organization"},"potentialAction":[{"@type":"SearchAction","target":{"@type":"EntryPoint","urlTemplate":"https:\/\/finsling.com\/?s={search_term_string}"},"query-input":{"@type":"PropertyValueSpecification","valueRequired":true,"valueName":"search_term_string"}}],"inLanguage":"fi"},{"@type":"Organization","@id":"https:\/\/finsling.com\/#organization","name":"Finsling","url":"https:\/\/finsling.com\/","logo":{"@type":"ImageObject","inLanguage":"fi","@id":"https:\/\/finsling.com\/#\/schema\/logo\/image\/","url":"https:\/\/finsling.com\/wp-content\/uploads\/2019\/11\/cropped-finsling_medium-3.png","contentUrl":"https:\/\/finsling.com\/wp-content\/uploads\/2019\/11\/cropped-finsling_medium-3.png","width":554,"height":208,"caption":"Finsling"},"image":{"@id":"https:\/\/finsling.com\/#\/schema\/logo\/image\/"},"sameAs":["https:\/\/www.facebook.com\/finsling\/"]}]}},"_links":{"self":[{"href":"https:\/\/finsling.com\/fi\/wp-json\/wp\/v2\/product\/1476","targetHints":{"allow":["GET"]}}],"collection":[{"href":"https:\/\/finsling.com\/fi\/wp-json\/wp\/v2\/product"}],"about":[{"href":"https:\/\/finsling.com\/fi\/wp-json\/wp\/v2\/types\/product"}],"wp:featuredmedia":[{"embeddable":true,"href":"https:\/\/finsling.com\/fi\/wp-json\/wp\/v2\/media\/1474"}],"wp:attachment":[{"href":"https:\/\/finsling.com\/fi\/wp-json\/wp\/v2\/media?parent=1476"}],"wp:term":[{"taxonomy":"product_brand","embeddable":true,"href":"https:\/\/finsling.com\/fi\/wp-json\/wp\/v2\/product_brand?post=1476"},{"taxonomy":"product_cat","embeddable":true,"href":"https:\/\/finsling.com\/fi\/wp-json\/wp\/v2\/product_cat?post=1476"},{"taxonomy":"product_tag","embeddable":true,"href":"https:\/\/finsling.com\/fi\/wp-json\/wp\/v2\/product_tag?post=1476"}],"curies":[{"name":"wp","href":"https:\/\/api.w.org\/{rel}","templated":true}]}}