{"id":1573,"date":"2025-03-03T15:05:06","date_gmt":"2025-03-03T13:05:06","guid":{"rendered":"https:\/\/finsling.com\/?post_type=product&#038;p=1573"},"modified":"2025-10-06T22:06:20","modified_gmt":"2025-10-06T19:06:20","slug":"g-harness","status":"publish","type":"product","link":"https:\/\/finsling.com\/fi\/tuote\/g-harness\/","title":{"rendered":"G Harness (general harness)"},"content":{"rendered":"<p><iframe title=\"G Harness + duty belt lengthener\" width=\"800\" height=\"600\" src=\"https:\/\/www.youtube.com\/embed\/Tv0end0fNDM?feature=oembed\" frameborder=\"0\" allow=\"accelerometer; autoplay; clipboard-write; encrypted-media; gyroscope; picture-in-picture; web-share\" referrerpolicy=\"strict-origin-when-cross-origin\" allowfullscreen><\/iframe><\/p>\n<p><iframe title=\"The G Harness\" width=\"563\" height=\"1000\" src=\"https:\/\/www.youtube.com\/embed\/8pLIDX2pSGk?feature=oembed\" frameborder=\"0\" allow=\"accelerometer; autoplay; clipboard-write; encrypted-media; gyroscope; picture-in-picture; web-share\" referrerpolicy=\"strict-origin-when-cross-origin\" allowfullscreen><\/iframe><\/p>\n<p><iframe title=\"G harness for carrying 1-4 cameras\" width=\"563\" height=\"1000\" src=\"https:\/\/www.youtube.com\/embed\/5-jO4ajpuXE?feature=oembed\" frameborder=\"0\" allow=\"accelerometer; autoplay; clipboard-write; encrypted-media; gyroscope; picture-in-picture; web-share\" referrerpolicy=\"strict-origin-when-cross-origin\" allowfullscreen><\/iframe><\/p>\n<p>G (general) harness.<\/p>\n<p>Voit k\u00e4ytt\u00e4\u00e4 G Harness valjaita varustevy\u00f6 henkselein\u00e4, ty\u00f6kalu valjaina tai camera valjaina. Jos kannat G Harness valjailla vain yht\u00e4 kameraa tai ty\u00f6kalua, voit kiinnitt\u00e4\u00e4 valjaiden toisen puolen vy\u00f6h\u00f6si tasapainon s\u00e4ilytt\u00e4miseksi.<\/p>\n<p>G Harness valjaisiin kuuluu kaksi valjasnauhaa. Voit kiinnitt\u00e4\u00e4 irrotettavan valjasnauhan vy\u00f6h\u00f6n, ty\u00f6kaluun tai kameraan.<\/p>\n<p>&nbsp;<\/p>\n<p>Milt\u00e4 tuntuu kantaa t\u00e4ysipainoista varustevy\u00f6t\u00e4 pitki\u00e4 ajanjaksoja putkeen?<\/p>\n<p>Ei hyv\u00e4lt\u00e4.<\/p>\n<p>Ollessasi pystyss\u00e4, vy\u00f6 painaa lonkkaa ja on ep\u00e4mukava. Vy\u00f6n kantamisesta saattaa koitua my\u00f6s terveysongelmia.<\/p>\n<p>Vy\u00f6n on oltava suhteellisen tiukka jotta se toimisi kunnolla.<\/p>\n<p>Sen takia kun istut, vy\u00f6 on liian tiukka. T\u00e4m\u00e4 on my\u00f6s ep\u00e4mukavaa ja siit\u00e4 voi seurata terveysongelmia.<\/p>\n<p>G Harness ottaa varustevy\u00f6n painoa lonkalta olkap\u00e4ille.<\/p>\n<p>G Harness toimii parhaiten varustevy\u00f6pident\u00e4j\u00e4n kanssa.<\/p>\n<p>Varustevy\u00f6pident\u00e4j\u00e4 antaa varustevy\u00f6lle lis\u00e4\u00e4 pituutta ja tilaa kun istut.<\/p>\n<p>Varustevy\u00f6n kantaminen G Harnessin kanssa on mukavampaa. Voit my\u00f6s lis\u00e4t\u00e4 enemm\u00e4n painoa varustevy\u00f6h\u00f6si.<\/p>\n<p>G Harness on parannuskeino varustevy\u00f6 per\u00e4iseen selk\u00e4kipuun.<\/p>\n<p>MUKAVUUS ON SUORITUSKYKY\u00c4!<\/p>\n<p><iframe title=\"G Harness with battle belt\" width=\"563\" height=\"1000\" src=\"https:\/\/www.youtube.com\/embed\/tBTivs3C85w?feature=oembed\" frameborder=\"0\" allow=\"accelerometer; autoplay; clipboard-write; encrypted-media; gyroscope; picture-in-picture; web-share\" referrerpolicy=\"strict-origin-when-cross-origin\" allowfullscreen><\/iframe><\/p>","protected":false},"excerpt":{"rendered":"<p>G (general) harness. You can use The G Harness as a duty belt suspenders, tool harness or as a camera harness. If you carry only one tool or camera you can attach the other side to your belt to balance the harness. The harness comes with two harness straps. You can attach the harness strap to a belt or you can attach for example a tool or camera to the strap. &nbsp; What\u00b4s like to carry a full-size geared-up duty\/battle belt all day long? Yes, it SUCKS! When you are on your feet the belt presses your pelvis, and it is uncomfortable and it can cause you health problems. In order to function properly your belt needs to be relatively tight. Because of this, when you sit down your belt is too tight and it is uncomfortable, and it can cause you health problems. The G harness takes some of&hellip;<\/p>\n<p> <a class=\"more-link\" href=\"https:\/\/finsling.com\/fi\/tuote\/g-harness\/\">Lue Lis\u00e4\u00e4<\/a><\/p>","protected":false},"featured_media":1574,"template":"","meta":[],"product_brand":[],"product_cat":[32],"product_tag":[121,119,123,124,120,118,122],"class_list":{"0":"post-1573","1":"product","2":"type-product","3":"status-publish","4":"has-post-thumbnail","6":"product_cat-product","7":"product_tag-battle-belt-harness","8":"product_tag-battle-belt-suspenders","9":"product_tag-camera-harness","10":"product_tag-camera-sling","11":"product_tag-duty-belt-harness","12":"product_tag-duty-belt-suspenders","13":"product_tag-tool-harness","15":"first","16":"instock","17":"taxable","18":"shipping-taxable","19":"purchasable","20":"product-type-variable"},"yoast_head":"<!-- This site is optimized with the Yoast SEO plugin v27.3 - https:\/\/yoast.com\/product\/yoast-seo-wordpress\/ -->\n<title>G Harness (general harness) - Finsling<\/title>\n<meta name=\"robots\" content=\"index, follow, max-snippet:-1, max-image-preview:large, max-video-preview:-1\" \/>\n<link rel=\"canonical\" href=\"https:\/\/finsling.com\/fi\/tuote\/g-harness\/\" \/>\n<meta property=\"og:locale\" content=\"fi_FI\" \/>\n<meta property=\"og:type\" content=\"article\" \/>\n<meta property=\"og:title\" content=\"G Harness (general harness) - Finsling\" \/>\n<meta property=\"og:description\" content=\"G (general) harness. You can use The G Harness as a duty belt suspenders, tool harness or as a camera harness. If you carry only one tool or camera you can attach the other side to your belt to balance the harness. The harness comes with two harness straps. You can attach the harness strap to a belt or you can attach for example a tool or camera to the strap. &nbsp; What\u00b4s like to carry a full-size geared-up duty\/battle belt all day long? Yes, it SUCKS! When you are on your feet the belt presses your pelvis, and it is uncomfortable and it can cause you health problems. In order to function properly your belt needs to be relatively tight. Because of this, when you sit down your belt is too tight and it is uncomfortable, and it can cause you health problems. The G harness takes some of&hellip;  Lue Lis\u00e4\u00e4\" \/>\n<meta property=\"og:url\" content=\"https:\/\/finsling.com\/fi\/tuote\/g-harness\/\" \/>\n<meta property=\"og:site_name\" content=\"Finsling\" \/>\n<meta property=\"article:publisher\" content=\"https:\/\/www.facebook.com\/finsling\/\" \/>\n<meta property=\"article:modified_time\" content=\"2025-10-06T19:06:20+00:00\" \/>\n<meta property=\"og:image\" content=\"https:\/\/finsling.com\/wp-content\/uploads\/2025\/03\/Gharness-scaled.jpg\" \/>\n\t<meta property=\"og:image:width\" content=\"2560\" \/>\n\t<meta property=\"og:image:height\" content=\"2505\" \/>\n\t<meta property=\"og:image:type\" content=\"image\/jpeg\" \/>\n<meta name=\"twitter:card\" content=\"summary_large_image\" \/>\n<meta name=\"twitter:label1\" content=\"Arvioitu lukuaika\" \/>\n\t<meta name=\"twitter:data1\" content=\"2 minuuttia\" \/>\n<script type=\"application\/ld+json\" class=\"yoast-schema-graph\">{\"@context\":\"https:\\\/\\\/schema.org\",\"@graph\":[{\"@type\":\"WebPage\",\"@id\":\"https:\\\/\\\/finsling.com\\\/product\\\/g-harness\\\/\",\"url\":\"https:\\\/\\\/finsling.com\\\/product\\\/g-harness\\\/\",\"name\":\"G Harness (general harness) - Finsling\",\"isPartOf\":{\"@id\":\"https:\\\/\\\/finsling.com\\\/#website\"},\"primaryImageOfPage\":{\"@id\":\"https:\\\/\\\/finsling.com\\\/product\\\/g-harness\\\/#primaryimage\"},\"image\":{\"@id\":\"https:\\\/\\\/finsling.com\\\/product\\\/g-harness\\\/#primaryimage\"},\"thumbnailUrl\":\"https:\\\/\\\/finsling.com\\\/wp-content\\\/uploads\\\/2025\\\/03\\\/Gharness-scaled.jpg\",\"datePublished\":\"2025-03-03T13:05:06+00:00\",\"dateModified\":\"2025-10-06T19:06:20+00:00\",\"breadcrumb\":{\"@id\":\"https:\\\/\\\/finsling.com\\\/product\\\/g-harness\\\/#breadcrumb\"},\"inLanguage\":\"fi\",\"potentialAction\":[{\"@type\":\"ReadAction\",\"target\":[\"https:\\\/\\\/finsling.com\\\/product\\\/g-harness\\\/\"]}]},{\"@type\":\"ImageObject\",\"inLanguage\":\"fi\",\"@id\":\"https:\\\/\\\/finsling.com\\\/product\\\/g-harness\\\/#primaryimage\",\"url\":\"https:\\\/\\\/finsling.com\\\/wp-content\\\/uploads\\\/2025\\\/03\\\/Gharness-scaled.jpg\",\"contentUrl\":\"https:\\\/\\\/finsling.com\\\/wp-content\\\/uploads\\\/2025\\\/03\\\/Gharness-scaled.jpg\",\"width\":2560,\"height\":2505,\"caption\":\"G harness\"},{\"@type\":\"BreadcrumbList\",\"@id\":\"https:\\\/\\\/finsling.com\\\/product\\\/g-harness\\\/#breadcrumb\",\"itemListElement\":[{\"@type\":\"ListItem\",\"position\":1,\"name\":\"Home\",\"item\":\"https:\\\/\\\/finsling.com\\\/\"},{\"@type\":\"ListItem\",\"position\":2,\"name\":\"Products\",\"item\":\"https:\\\/\\\/finsling.com\\\/kauppa\\\/\"},{\"@type\":\"ListItem\",\"position\":3,\"name\":\"G Harness (general harness)\"}]},{\"@type\":\"WebSite\",\"@id\":\"https:\\\/\\\/finsling.com\\\/#website\",\"url\":\"https:\\\/\\\/finsling.com\\\/\",\"name\":\"Finsling\",\"description\":\"SIMPLE - DURABLE - EFFECTIVE\",\"publisher\":{\"@id\":\"https:\\\/\\\/finsling.com\\\/#organization\"},\"potentialAction\":[{\"@type\":\"SearchAction\",\"target\":{\"@type\":\"EntryPoint\",\"urlTemplate\":\"https:\\\/\\\/finsling.com\\\/?s={search_term_string}\"},\"query-input\":{\"@type\":\"PropertyValueSpecification\",\"valueRequired\":true,\"valueName\":\"search_term_string\"}}],\"inLanguage\":\"fi\"},{\"@type\":\"Organization\",\"@id\":\"https:\\\/\\\/finsling.com\\\/#organization\",\"name\":\"Finsling\",\"url\":\"https:\\\/\\\/finsling.com\\\/\",\"logo\":{\"@type\":\"ImageObject\",\"inLanguage\":\"fi\",\"@id\":\"https:\\\/\\\/finsling.com\\\/#\\\/schema\\\/logo\\\/image\\\/\",\"url\":\"https:\\\/\\\/finsling.com\\\/wp-content\\\/uploads\\\/2019\\\/11\\\/cropped-finsling_medium-3.png\",\"contentUrl\":\"https:\\\/\\\/finsling.com\\\/wp-content\\\/uploads\\\/2019\\\/11\\\/cropped-finsling_medium-3.png\",\"width\":554,\"height\":208,\"caption\":\"Finsling\"},\"image\":{\"@id\":\"https:\\\/\\\/finsling.com\\\/#\\\/schema\\\/logo\\\/image\\\/\"},\"sameAs\":[\"https:\\\/\\\/www.facebook.com\\\/finsling\\\/\"]}]}<\/script>\n<!-- \/ Yoast SEO plugin. -->","yoast_head_json":{"title":"G Harness (general harness) - Finsling","robots":{"index":"index","follow":"follow","max-snippet":"max-snippet:-1","max-image-preview":"max-image-preview:large","max-video-preview":"max-video-preview:-1"},"canonical":"https:\/\/finsling.com\/fi\/tuote\/g-harness\/","og_locale":"fi_FI","og_type":"article","og_title":"G Harness (general harness) - Finsling","og_description":"G (general) harness. You can use The G Harness as a duty belt suspenders, tool harness or as a camera harness. If you carry only one tool or camera you can attach the other side to your belt to balance the harness. The harness comes with two harness straps. You can attach the harness strap to a belt or you can attach for example a tool or camera to the strap. &nbsp; What\u00b4s like to carry a full-size geared-up duty\/battle belt all day long? Yes, it SUCKS! When you are on your feet the belt presses your pelvis, and it is uncomfortable and it can cause you health problems. In order to function properly your belt needs to be relatively tight. Because of this, when you sit down your belt is too tight and it is uncomfortable, and it can cause you health problems. The G harness takes some of&hellip;  Lue Lis\u00e4\u00e4","og_url":"https:\/\/finsling.com\/fi\/tuote\/g-harness\/","og_site_name":"Finsling","article_publisher":"https:\/\/www.facebook.com\/finsling\/","article_modified_time":"2025-10-06T19:06:20+00:00","og_image":[{"width":2560,"height":2505,"url":"https:\/\/finsling.com\/wp-content\/uploads\/2025\/03\/Gharness-scaled.jpg","type":"image\/jpeg"}],"twitter_card":"summary_large_image","twitter_misc":{"Arvioitu lukuaika":"2 minuuttia"},"schema":{"@context":"https:\/\/schema.org","@graph":[{"@type":"WebPage","@id":"https:\/\/finsling.com\/product\/g-harness\/","url":"https:\/\/finsling.com\/product\/g-harness\/","name":"G Harness (general harness) - Finsling","isPartOf":{"@id":"https:\/\/finsling.com\/#website"},"primaryImageOfPage":{"@id":"https:\/\/finsling.com\/product\/g-harness\/#primaryimage"},"image":{"@id":"https:\/\/finsling.com\/product\/g-harness\/#primaryimage"},"thumbnailUrl":"https:\/\/finsling.com\/wp-content\/uploads\/2025\/03\/Gharness-scaled.jpg","datePublished":"2025-03-03T13:05:06+00:00","dateModified":"2025-10-06T19:06:20+00:00","breadcrumb":{"@id":"https:\/\/finsling.com\/product\/g-harness\/#breadcrumb"},"inLanguage":"fi","potentialAction":[{"@type":"ReadAction","target":["https:\/\/finsling.com\/product\/g-harness\/"]}]},{"@type":"ImageObject","inLanguage":"fi","@id":"https:\/\/finsling.com\/product\/g-harness\/#primaryimage","url":"https:\/\/finsling.com\/wp-content\/uploads\/2025\/03\/Gharness-scaled.jpg","contentUrl":"https:\/\/finsling.com\/wp-content\/uploads\/2025\/03\/Gharness-scaled.jpg","width":2560,"height":2505,"caption":"G harness"},{"@type":"BreadcrumbList","@id":"https:\/\/finsling.com\/product\/g-harness\/#breadcrumb","itemListElement":[{"@type":"ListItem","position":1,"name":"Home","item":"https:\/\/finsling.com\/"},{"@type":"ListItem","position":2,"name":"Products","item":"https:\/\/finsling.com\/kauppa\/"},{"@type":"ListItem","position":3,"name":"G Harness (general harness)"}]},{"@type":"WebSite","@id":"https:\/\/finsling.com\/#website","url":"https:\/\/finsling.com\/","name":"Finsling","description":"SIMPLE - DURABLE - EFFECTIVE","publisher":{"@id":"https:\/\/finsling.com\/#organization"},"potentialAction":[{"@type":"SearchAction","target":{"@type":"EntryPoint","urlTemplate":"https:\/\/finsling.com\/?s={search_term_string}"},"query-input":{"@type":"PropertyValueSpecification","valueRequired":true,"valueName":"search_term_string"}}],"inLanguage":"fi"},{"@type":"Organization","@id":"https:\/\/finsling.com\/#organization","name":"Finsling","url":"https:\/\/finsling.com\/","logo":{"@type":"ImageObject","inLanguage":"fi","@id":"https:\/\/finsling.com\/#\/schema\/logo\/image\/","url":"https:\/\/finsling.com\/wp-content\/uploads\/2019\/11\/cropped-finsling_medium-3.png","contentUrl":"https:\/\/finsling.com\/wp-content\/uploads\/2019\/11\/cropped-finsling_medium-3.png","width":554,"height":208,"caption":"Finsling"},"image":{"@id":"https:\/\/finsling.com\/#\/schema\/logo\/image\/"},"sameAs":["https:\/\/www.facebook.com\/finsling\/"]}]}},"_links":{"self":[{"href":"https:\/\/finsling.com\/fi\/wp-json\/wp\/v2\/product\/1573","targetHints":{"allow":["GET"]}}],"collection":[{"href":"https:\/\/finsling.com\/fi\/wp-json\/wp\/v2\/product"}],"about":[{"href":"https:\/\/finsling.com\/fi\/wp-json\/wp\/v2\/types\/product"}],"wp:featuredmedia":[{"embeddable":true,"href":"https:\/\/finsling.com\/fi\/wp-json\/wp\/v2\/media\/1574"}],"wp:attachment":[{"href":"https:\/\/finsling.com\/fi\/wp-json\/wp\/v2\/media?parent=1573"}],"wp:term":[{"taxonomy":"product_brand","embeddable":true,"href":"https:\/\/finsling.com\/fi\/wp-json\/wp\/v2\/product_brand?post=1573"},{"taxonomy":"product_cat","embeddable":true,"href":"https:\/\/finsling.com\/fi\/wp-json\/wp\/v2\/product_cat?post=1573"},{"taxonomy":"product_tag","embeddable":true,"href":"https:\/\/finsling.com\/fi\/wp-json\/wp\/v2\/product_tag?post=1573"}],"curies":[{"name":"wp","href":"https:\/\/api.w.org\/{rel}","templated":true}]}}