{"id":1773,"date":"2025-08-23T13:14:34","date_gmt":"2025-08-23T10:14:34","guid":{"rendered":"https:\/\/finsling.com\/?post_type=product&#038;p=1773"},"modified":"2025-08-23T13:14:34","modified_gmt":"2025-08-23T10:14:34","slug":"harness-strap-for-g-harness-s-harness","status":"publish","type":"product","link":"https:\/\/finsling.com\/fi\/tuote\/harness-strap-for-g-harness-s-harness\/","title":{"rendered":"Valjasnauha (G Harness ja S Harness valjaisiin)"},"content":{"rendered":"<p>Valjasnauhat on tarkoitettu G Harness ja S Harness vajaiden lis\u00e4kiinnitys nauhoiksi. Jos sinulla on useampi vy\u00f6, ty\u00f6kalu tai kamera voit sujuvoittaa k\u00e4ytt\u00f6mukavuutta ylim\u00e4\u00e4r\u00e4isill\u00e4 valjasnauhoilla.<\/p>\n<p>Tuote sis\u00e4lt\u00e4\u00e4 kaksi nauhaa, valjaiden kummallekin puolelle.<\/p>","protected":false},"excerpt":{"rendered":"<p>Harness strap is for G Harness and S Harness. If you have multiple belts, tools or cameras you can add the extra harness strap for easy use. The Harness Strap attaches to the G Harness or the S Harness. The product includes two straps for both sides of the harness.<\/p>","protected":false},"featured_media":1761,"template":"","meta":[],"product_brand":[],"product_cat":[32],"product_tag":[],"class_list":{"0":"post-1773","1":"product","2":"type-product","3":"status-publish","4":"has-post-thumbnail","6":"product_cat-product","8":"first","9":"instock","10":"taxable","11":"shipping-taxable","12":"purchasable","13":"product-type-simple"},"yoast_head":"<!-- This site is optimized with the Yoast SEO plugin v27.3 - https:\/\/yoast.com\/product\/yoast-seo-wordpress\/ -->\n<title>Harness Strap (for G Harness \/ S Harness) - Finsling<\/title>\n<meta name=\"robots\" content=\"index, follow, max-snippet:-1, max-image-preview:large, max-video-preview:-1\" \/>\n<link rel=\"canonical\" href=\"https:\/\/finsling.com\/fi\/tuote\/harness-strap-for-g-harness-s-harness\/\" \/>\n<meta property=\"og:locale\" content=\"fi_FI\" \/>\n<meta property=\"og:type\" content=\"article\" \/>\n<meta property=\"og:title\" content=\"Harness Strap (for G Harness \/ S Harness) - Finsling\" \/>\n<meta property=\"og:description\" content=\"Harness strap is for G Harness and S Harness. If you have multiple belts, tools or cameras you can add the extra harness strap for easy use. The Harness Strap attaches to the G Harness or the S Harness. The product includes two straps for both sides of the harness.\" \/>\n<meta property=\"og:url\" content=\"https:\/\/finsling.com\/fi\/tuote\/harness-strap-for-g-harness-s-harness\/\" \/>\n<meta property=\"og:site_name\" content=\"Finsling\" \/>\n<meta property=\"article:publisher\" content=\"https:\/\/www.facebook.com\/finsling\/\" \/>\n<meta property=\"og:image\" content=\"https:\/\/finsling.com\/wp-content\/uploads\/2025\/08\/harness-strap1-scaled.jpg\" \/>\n\t<meta property=\"og:image:width\" content=\"2560\" \/>\n\t<meta property=\"og:image:height\" content=\"2560\" \/>\n\t<meta property=\"og:image:type\" content=\"image\/jpeg\" \/>\n<meta name=\"twitter:card\" content=\"summary_large_image\" \/>\n<meta name=\"twitter:label1\" content=\"Arvioitu lukuaika\" \/>\n\t<meta name=\"twitter:data1\" content=\"1 minuutti\" \/>\n<script type=\"application\/ld+json\" class=\"yoast-schema-graph\">{\"@context\":\"https:\\\/\\\/schema.org\",\"@graph\":[{\"@type\":\"WebPage\",\"@id\":\"https:\\\/\\\/finsling.com\\\/product\\\/harness-strap-for-g-harness-s-harness\\\/\",\"url\":\"https:\\\/\\\/finsling.com\\\/product\\\/harness-strap-for-g-harness-s-harness\\\/\",\"name\":\"Harness Strap (for G Harness \\\/ S Harness) - Finsling\",\"isPartOf\":{\"@id\":\"https:\\\/\\\/finsling.com\\\/#website\"},\"primaryImageOfPage\":{\"@id\":\"https:\\\/\\\/finsling.com\\\/product\\\/harness-strap-for-g-harness-s-harness\\\/#primaryimage\"},\"image\":{\"@id\":\"https:\\\/\\\/finsling.com\\\/product\\\/harness-strap-for-g-harness-s-harness\\\/#primaryimage\"},\"thumbnailUrl\":\"https:\\\/\\\/finsling.com\\\/wp-content\\\/uploads\\\/2025\\\/08\\\/harness-strap1-scaled.jpg\",\"datePublished\":\"2025-08-23T10:14:34+00:00\",\"breadcrumb\":{\"@id\":\"https:\\\/\\\/finsling.com\\\/product\\\/harness-strap-for-g-harness-s-harness\\\/#breadcrumb\"},\"inLanguage\":\"fi\",\"potentialAction\":[{\"@type\":\"ReadAction\",\"target\":[\"https:\\\/\\\/finsling.com\\\/product\\\/harness-strap-for-g-harness-s-harness\\\/\"]}]},{\"@type\":\"ImageObject\",\"inLanguage\":\"fi\",\"@id\":\"https:\\\/\\\/finsling.com\\\/product\\\/harness-strap-for-g-harness-s-harness\\\/#primaryimage\",\"url\":\"https:\\\/\\\/finsling.com\\\/wp-content\\\/uploads\\\/2025\\\/08\\\/harness-strap1-scaled.jpg\",\"contentUrl\":\"https:\\\/\\\/finsling.com\\\/wp-content\\\/uploads\\\/2025\\\/08\\\/harness-strap1-scaled.jpg\",\"width\":2560,\"height\":2560},{\"@type\":\"BreadcrumbList\",\"@id\":\"https:\\\/\\\/finsling.com\\\/product\\\/harness-strap-for-g-harness-s-harness\\\/#breadcrumb\",\"itemListElement\":[{\"@type\":\"ListItem\",\"position\":1,\"name\":\"Home\",\"item\":\"https:\\\/\\\/finsling.com\\\/\"},{\"@type\":\"ListItem\",\"position\":2,\"name\":\"Products\",\"item\":\"https:\\\/\\\/finsling.com\\\/kauppa\\\/\"},{\"@type\":\"ListItem\",\"position\":3,\"name\":\"Harness Strap (for G Harness \\\/ S Harness)\"}]},{\"@type\":\"WebSite\",\"@id\":\"https:\\\/\\\/finsling.com\\\/#website\",\"url\":\"https:\\\/\\\/finsling.com\\\/\",\"name\":\"Finsling\",\"description\":\"SIMPLE - DURABLE - EFFECTIVE\",\"publisher\":{\"@id\":\"https:\\\/\\\/finsling.com\\\/#organization\"},\"potentialAction\":[{\"@type\":\"SearchAction\",\"target\":{\"@type\":\"EntryPoint\",\"urlTemplate\":\"https:\\\/\\\/finsling.com\\\/?s={search_term_string}\"},\"query-input\":{\"@type\":\"PropertyValueSpecification\",\"valueRequired\":true,\"valueName\":\"search_term_string\"}}],\"inLanguage\":\"fi\"},{\"@type\":\"Organization\",\"@id\":\"https:\\\/\\\/finsling.com\\\/#organization\",\"name\":\"Finsling\",\"url\":\"https:\\\/\\\/finsling.com\\\/\",\"logo\":{\"@type\":\"ImageObject\",\"inLanguage\":\"fi\",\"@id\":\"https:\\\/\\\/finsling.com\\\/#\\\/schema\\\/logo\\\/image\\\/\",\"url\":\"https:\\\/\\\/finsling.com\\\/wp-content\\\/uploads\\\/2019\\\/11\\\/cropped-finsling_medium-3.png\",\"contentUrl\":\"https:\\\/\\\/finsling.com\\\/wp-content\\\/uploads\\\/2019\\\/11\\\/cropped-finsling_medium-3.png\",\"width\":554,\"height\":208,\"caption\":\"Finsling\"},\"image\":{\"@id\":\"https:\\\/\\\/finsling.com\\\/#\\\/schema\\\/logo\\\/image\\\/\"},\"sameAs\":[\"https:\\\/\\\/www.facebook.com\\\/finsling\\\/\"]}]}<\/script>\n<!-- \/ Yoast SEO plugin. -->","yoast_head_json":{"title":"Harness Strap (for G Harness \/ S Harness) - Finsling","robots":{"index":"index","follow":"follow","max-snippet":"max-snippet:-1","max-image-preview":"max-image-preview:large","max-video-preview":"max-video-preview:-1"},"canonical":"https:\/\/finsling.com\/fi\/tuote\/harness-strap-for-g-harness-s-harness\/","og_locale":"fi_FI","og_type":"article","og_title":"Harness Strap (for G Harness \/ S Harness) - Finsling","og_description":"Harness strap is for G Harness and S Harness. If you have multiple belts, tools or cameras you can add the extra harness strap for easy use. The Harness Strap attaches to the G Harness or the S Harness. The product includes two straps for both sides of the harness.","og_url":"https:\/\/finsling.com\/fi\/tuote\/harness-strap-for-g-harness-s-harness\/","og_site_name":"Finsling","article_publisher":"https:\/\/www.facebook.com\/finsling\/","og_image":[{"width":2560,"height":2560,"url":"https:\/\/finsling.com\/wp-content\/uploads\/2025\/08\/harness-strap1-scaled.jpg","type":"image\/jpeg"}],"twitter_card":"summary_large_image","twitter_misc":{"Arvioitu lukuaika":"1 minuutti"},"schema":{"@context":"https:\/\/schema.org","@graph":[{"@type":"WebPage","@id":"https:\/\/finsling.com\/product\/harness-strap-for-g-harness-s-harness\/","url":"https:\/\/finsling.com\/product\/harness-strap-for-g-harness-s-harness\/","name":"Harness Strap (for G Harness \/ S Harness) - Finsling","isPartOf":{"@id":"https:\/\/finsling.com\/#website"},"primaryImageOfPage":{"@id":"https:\/\/finsling.com\/product\/harness-strap-for-g-harness-s-harness\/#primaryimage"},"image":{"@id":"https:\/\/finsling.com\/product\/harness-strap-for-g-harness-s-harness\/#primaryimage"},"thumbnailUrl":"https:\/\/finsling.com\/wp-content\/uploads\/2025\/08\/harness-strap1-scaled.jpg","datePublished":"2025-08-23T10:14:34+00:00","breadcrumb":{"@id":"https:\/\/finsling.com\/product\/harness-strap-for-g-harness-s-harness\/#breadcrumb"},"inLanguage":"fi","potentialAction":[{"@type":"ReadAction","target":["https:\/\/finsling.com\/product\/harness-strap-for-g-harness-s-harness\/"]}]},{"@type":"ImageObject","inLanguage":"fi","@id":"https:\/\/finsling.com\/product\/harness-strap-for-g-harness-s-harness\/#primaryimage","url":"https:\/\/finsling.com\/wp-content\/uploads\/2025\/08\/harness-strap1-scaled.jpg","contentUrl":"https:\/\/finsling.com\/wp-content\/uploads\/2025\/08\/harness-strap1-scaled.jpg","width":2560,"height":2560},{"@type":"BreadcrumbList","@id":"https:\/\/finsling.com\/product\/harness-strap-for-g-harness-s-harness\/#breadcrumb","itemListElement":[{"@type":"ListItem","position":1,"name":"Home","item":"https:\/\/finsling.com\/"},{"@type":"ListItem","position":2,"name":"Products","item":"https:\/\/finsling.com\/kauppa\/"},{"@type":"ListItem","position":3,"name":"Harness Strap (for G Harness \/ S Harness)"}]},{"@type":"WebSite","@id":"https:\/\/finsling.com\/#website","url":"https:\/\/finsling.com\/","name":"Finsling","description":"SIMPLE - DURABLE - EFFECTIVE","publisher":{"@id":"https:\/\/finsling.com\/#organization"},"potentialAction":[{"@type":"SearchAction","target":{"@type":"EntryPoint","urlTemplate":"https:\/\/finsling.com\/?s={search_term_string}"},"query-input":{"@type":"PropertyValueSpecification","valueRequired":true,"valueName":"search_term_string"}}],"inLanguage":"fi"},{"@type":"Organization","@id":"https:\/\/finsling.com\/#organization","name":"Finsling","url":"https:\/\/finsling.com\/","logo":{"@type":"ImageObject","inLanguage":"fi","@id":"https:\/\/finsling.com\/#\/schema\/logo\/image\/","url":"https:\/\/finsling.com\/wp-content\/uploads\/2019\/11\/cropped-finsling_medium-3.png","contentUrl":"https:\/\/finsling.com\/wp-content\/uploads\/2019\/11\/cropped-finsling_medium-3.png","width":554,"height":208,"caption":"Finsling"},"image":{"@id":"https:\/\/finsling.com\/#\/schema\/logo\/image\/"},"sameAs":["https:\/\/www.facebook.com\/finsling\/"]}]}},"_links":{"self":[{"href":"https:\/\/finsling.com\/fi\/wp-json\/wp\/v2\/product\/1773","targetHints":{"allow":["GET"]}}],"collection":[{"href":"https:\/\/finsling.com\/fi\/wp-json\/wp\/v2\/product"}],"about":[{"href":"https:\/\/finsling.com\/fi\/wp-json\/wp\/v2\/types\/product"}],"wp:featuredmedia":[{"embeddable":true,"href":"https:\/\/finsling.com\/fi\/wp-json\/wp\/v2\/media\/1761"}],"wp:attachment":[{"href":"https:\/\/finsling.com\/fi\/wp-json\/wp\/v2\/media?parent=1773"}],"wp:term":[{"taxonomy":"product_brand","embeddable":true,"href":"https:\/\/finsling.com\/fi\/wp-json\/wp\/v2\/product_brand?post=1773"},{"taxonomy":"product_cat","embeddable":true,"href":"https:\/\/finsling.com\/fi\/wp-json\/wp\/v2\/product_cat?post=1773"},{"taxonomy":"product_tag","embeddable":true,"href":"https:\/\/finsling.com\/fi\/wp-json\/wp\/v2\/product_tag?post=1773"}],"curies":[{"name":"wp","href":"https:\/\/api.w.org\/{rel}","templated":true}]}}