{"id":1864,"date":"2025-08-23T16:16:12","date_gmt":"2025-08-23T13:16:12","guid":{"rendered":"https:\/\/finsling.com\/?post_type=product&#038;p=1864"},"modified":"2025-10-01T11:37:17","modified_gmt":"2025-10-01T08:37:17","slug":"s-harness-suspender-harness","status":"publish","type":"product","link":"https:\/\/finsling.com\/fi\/tuote\/s-harness-suspender-harness\/","title":{"rendered":"S Harness (duty belt harness)"},"content":{"rendered":"<p><iframe title=\"carrying duty belt sucks! But not with @finsling S Harness &amp; Duty Belt lengthener\" width=\"563\" height=\"1000\" src=\"https:\/\/www.youtube.com\/embed\/-BxkDSEJhtQ?feature=oembed\" frameborder=\"0\" allow=\"accelerometer; autoplay; clipboard-write; encrypted-media; gyroscope; picture-in-picture; web-share\" referrerpolicy=\"strict-origin-when-cross-origin\" allowfullscreen><\/iframe><\/p>\n<p>S Harness on henkselivaljaat varustevy\u00f6lle.<\/p>\n<p>T\u00e4ysipainoisen varustevy\u00f6n kantaminen on perseest\u00e4!<\/p>\n<p>Kun olet jalkeilla, varustevy\u00f6 painaa ep\u00e4mukavasti lonkkaa ja voi aiheuttaa terveysoireita kuten selk\u00e4kipua.<\/p>\n<p>Toimivan varustevy\u00f6n tulee olla suhteellisen tiukka.<\/p>\n<p>Kun istut tiukan varustevy\u00f6n kanssa, se on ep\u00e4mukavaa ja voi pahimmillaan aiheuttaa jopa veritulpan.<\/p>\n<p>FinSling S Harness varustevy\u00f6valjaat siirt\u00e4\u00e4 osan varustevy\u00f6n painosta olkap\u00e4ille.<\/p>\n<p>FinSling S Harness varustevy\u00f6valjaat toimii parhaiten FinSling varustevy\u00f6pident\u00e4j\u00e4n kanssa.<\/p>\n<p>Varustevy\u00f6pident\u00e4j\u00e4 antaa varustevy\u00f6lle tilaa, kun istut varustevy\u00f6n kanssa.<\/p>\n<p>Varustevy\u00f6n kantaminen FinSling S Harness varustevy\u00f6valjaiden ja varustevy\u00f6pident\u00e4j\u00e4n kanssa on huomattavasti mukavampaa ja voit kantaa enemm\u00e4n painoa varustevy\u00f6ll\u00e4si, kun ilman. Tuotteiden mukana saat my\u00f6s niiden mukana tulevat terveyshy\u00f6dyt.<\/p>\n<p>Parhaimmillaan S Harness varustevy\u00f6valjaat toimivat plate carrierin, taktisen suojaliivin tai henkil\u00f6kohtaisen kevyen suojaliivin alla.<\/p>\n<p>S Harness varustevy\u00f6valjaita ei voi s\u00e4\u00e4t\u00e4\u00e4. Valjaat toimitetaan eri koossa (M, L, XL, XXL). S Harness valjaiden koko tulee valita oman vaatekoon mukaan.<\/p>\n<p>S Harness valjaisen mukana tulee kaksi Harness Strap nauhaa. Nauhat kiinnittyv\u00e4t irrotettavalla soljella varustevy\u00f6h\u00f6n. S\u00e4\u00e4t\u00e4m\u00e4ll\u00e4 Harness Strap nauhan pituutta, s\u00e4\u00e4d\u00e4t varustevy\u00f6si korkeutta.<\/p>\n<p>S Harness varustevy\u00f6valjaat on pelkistetty versio G Harness yleisvaljaista. S Harness toimii parhaiten varusteiden alla kevyen vaatetuksen p\u00e4\u00e4ll\u00e4.<\/p>\n<p>MUKAVUUS ON SUORITUSKYKY\u00c4<\/p>","protected":false},"excerpt":{"rendered":"<p>The S Harness is a suspender harness for duty belt \/ battle belt. Carrying a full-size duty belt \/battle belt sucks. When you are on your feet, the belt presses your pelvis. It is uncomfortable and it can cause you health problems like back pains. To function properly the belt needs to be relatively tight. Because of this, when you sit down your belt is too tight. It is uncomfortable, and it can cause you more health problems, even a blood clot. The FinSling S Harness takes weight from your pelvis to your shoulders. The S Harness works best with the FinSling Duty Belt Lengthener. The Duty Belt Lengthener gives the belt more room when you sit down. Carrying a duty belt with FinSling S Harness and FinSling Duty Belt Lengthener is more comfortable and you can load more weight to your belt. You also get the health benefit from&hellip;<\/p>\n<p> <a class=\"more-link\" href=\"https:\/\/finsling.com\/fi\/tuote\/s-harness-suspender-harness\/\">Lue Lis\u00e4\u00e4<\/a><\/p>","protected":false},"featured_media":1763,"template":"","meta":[],"product_brand":[],"product_cat":[32],"product_tag":[],"class_list":{"0":"post-1864","1":"product","2":"type-product","3":"status-publish","4":"has-post-thumbnail","6":"product_cat-product","8":"first","9":"instock","10":"taxable","11":"shipping-taxable","12":"purchasable","13":"product-type-variable"},"yoast_head":"<!-- This site is optimized with the Yoast SEO plugin v27.3 - https:\/\/yoast.com\/product\/yoast-seo-wordpress\/ -->\n<title>S Harness (duty belt harness) - Finsling<\/title>\n<meta name=\"robots\" content=\"index, follow, max-snippet:-1, max-image-preview:large, max-video-preview:-1\" \/>\n<link rel=\"canonical\" href=\"https:\/\/finsling.com\/fi\/tuote\/s-harness-suspender-harness\/\" \/>\n<meta property=\"og:locale\" content=\"fi_FI\" \/>\n<meta property=\"og:type\" content=\"article\" \/>\n<meta property=\"og:title\" content=\"S Harness (duty belt harness) - Finsling\" \/>\n<meta property=\"og:description\" content=\"The S Harness is a suspender harness for duty belt \/ battle belt. Carrying a full-size duty belt \/battle belt sucks. When you are on your feet, the belt presses your pelvis. It is uncomfortable and it can cause you health problems like back pains. To function properly the belt needs to be relatively tight. Because of this, when you sit down your belt is too tight. It is uncomfortable, and it can cause you more health problems, even a blood clot. The FinSling S Harness takes weight from your pelvis to your shoulders. The S Harness works best with the FinSling Duty Belt Lengthener. The Duty Belt Lengthener gives the belt more room when you sit down. Carrying a duty belt with FinSling S Harness and FinSling Duty Belt Lengthener is more comfortable and you can load more weight to your belt. You also get the health benefit from&hellip;  Lue Lis\u00e4\u00e4\" \/>\n<meta property=\"og:url\" content=\"https:\/\/finsling.com\/fi\/tuote\/s-harness-suspender-harness\/\" \/>\n<meta property=\"og:site_name\" content=\"Finsling\" \/>\n<meta property=\"article:publisher\" content=\"https:\/\/www.facebook.com\/finsling\/\" \/>\n<meta property=\"article:modified_time\" content=\"2025-10-01T08:37:17+00:00\" \/>\n<meta property=\"og:image\" content=\"https:\/\/finsling.com\/wp-content\/uploads\/2025\/08\/s-harness1-scaled.jpg\" \/>\n\t<meta property=\"og:image:width\" content=\"2560\" \/>\n\t<meta property=\"og:image:height\" content=\"2560\" \/>\n\t<meta property=\"og:image:type\" content=\"image\/jpeg\" \/>\n<meta name=\"twitter:card\" content=\"summary_large_image\" \/>\n<meta name=\"twitter:label1\" content=\"Arvioitu lukuaika\" \/>\n\t<meta name=\"twitter:data1\" content=\"2 minuuttia\" \/>\n<script type=\"application\/ld+json\" class=\"yoast-schema-graph\">{\"@context\":\"https:\\\/\\\/schema.org\",\"@graph\":[{\"@type\":\"WebPage\",\"@id\":\"https:\\\/\\\/finsling.com\\\/product\\\/s-harness-suspender-harness\\\/\",\"url\":\"https:\\\/\\\/finsling.com\\\/product\\\/s-harness-suspender-harness\\\/\",\"name\":\"S Harness (duty belt harness) - Finsling\",\"isPartOf\":{\"@id\":\"https:\\\/\\\/finsling.com\\\/#website\"},\"primaryImageOfPage\":{\"@id\":\"https:\\\/\\\/finsling.com\\\/product\\\/s-harness-suspender-harness\\\/#primaryimage\"},\"image\":{\"@id\":\"https:\\\/\\\/finsling.com\\\/product\\\/s-harness-suspender-harness\\\/#primaryimage\"},\"thumbnailUrl\":\"https:\\\/\\\/finsling.com\\\/wp-content\\\/uploads\\\/2025\\\/08\\\/s-harness1-scaled.jpg\",\"datePublished\":\"2025-08-23T13:16:12+00:00\",\"dateModified\":\"2025-10-01T08:37:17+00:00\",\"breadcrumb\":{\"@id\":\"https:\\\/\\\/finsling.com\\\/product\\\/s-harness-suspender-harness\\\/#breadcrumb\"},\"inLanguage\":\"fi\",\"potentialAction\":[{\"@type\":\"ReadAction\",\"target\":[\"https:\\\/\\\/finsling.com\\\/product\\\/s-harness-suspender-harness\\\/\"]}]},{\"@type\":\"ImageObject\",\"inLanguage\":\"fi\",\"@id\":\"https:\\\/\\\/finsling.com\\\/product\\\/s-harness-suspender-harness\\\/#primaryimage\",\"url\":\"https:\\\/\\\/finsling.com\\\/wp-content\\\/uploads\\\/2025\\\/08\\\/s-harness1-scaled.jpg\",\"contentUrl\":\"https:\\\/\\\/finsling.com\\\/wp-content\\\/uploads\\\/2025\\\/08\\\/s-harness1-scaled.jpg\",\"width\":2560,\"height\":2560},{\"@type\":\"BreadcrumbList\",\"@id\":\"https:\\\/\\\/finsling.com\\\/product\\\/s-harness-suspender-harness\\\/#breadcrumb\",\"itemListElement\":[{\"@type\":\"ListItem\",\"position\":1,\"name\":\"Home\",\"item\":\"https:\\\/\\\/finsling.com\\\/\"},{\"@type\":\"ListItem\",\"position\":2,\"name\":\"Products\",\"item\":\"https:\\\/\\\/finsling.com\\\/kauppa\\\/\"},{\"@type\":\"ListItem\",\"position\":3,\"name\":\"S Harness (duty belt harness)\"}]},{\"@type\":\"WebSite\",\"@id\":\"https:\\\/\\\/finsling.com\\\/#website\",\"url\":\"https:\\\/\\\/finsling.com\\\/\",\"name\":\"Finsling\",\"description\":\"SIMPLE - DURABLE - EFFECTIVE\",\"publisher\":{\"@id\":\"https:\\\/\\\/finsling.com\\\/#organization\"},\"potentialAction\":[{\"@type\":\"SearchAction\",\"target\":{\"@type\":\"EntryPoint\",\"urlTemplate\":\"https:\\\/\\\/finsling.com\\\/?s={search_term_string}\"},\"query-input\":{\"@type\":\"PropertyValueSpecification\",\"valueRequired\":true,\"valueName\":\"search_term_string\"}}],\"inLanguage\":\"fi\"},{\"@type\":\"Organization\",\"@id\":\"https:\\\/\\\/finsling.com\\\/#organization\",\"name\":\"Finsling\",\"url\":\"https:\\\/\\\/finsling.com\\\/\",\"logo\":{\"@type\":\"ImageObject\",\"inLanguage\":\"fi\",\"@id\":\"https:\\\/\\\/finsling.com\\\/#\\\/schema\\\/logo\\\/image\\\/\",\"url\":\"https:\\\/\\\/finsling.com\\\/wp-content\\\/uploads\\\/2019\\\/11\\\/cropped-finsling_medium-3.png\",\"contentUrl\":\"https:\\\/\\\/finsling.com\\\/wp-content\\\/uploads\\\/2019\\\/11\\\/cropped-finsling_medium-3.png\",\"width\":554,\"height\":208,\"caption\":\"Finsling\"},\"image\":{\"@id\":\"https:\\\/\\\/finsling.com\\\/#\\\/schema\\\/logo\\\/image\\\/\"},\"sameAs\":[\"https:\\\/\\\/www.facebook.com\\\/finsling\\\/\"]}]}<\/script>\n<!-- \/ Yoast SEO plugin. -->","yoast_head_json":{"title":"S Harness (duty belt harness) - Finsling","robots":{"index":"index","follow":"follow","max-snippet":"max-snippet:-1","max-image-preview":"max-image-preview:large","max-video-preview":"max-video-preview:-1"},"canonical":"https:\/\/finsling.com\/fi\/tuote\/s-harness-suspender-harness\/","og_locale":"fi_FI","og_type":"article","og_title":"S Harness (duty belt harness) - Finsling","og_description":"The S Harness is a suspender harness for duty belt \/ battle belt. Carrying a full-size duty belt \/battle belt sucks. When you are on your feet, the belt presses your pelvis. It is uncomfortable and it can cause you health problems like back pains. To function properly the belt needs to be relatively tight. Because of this, when you sit down your belt is too tight. It is uncomfortable, and it can cause you more health problems, even a blood clot. The FinSling S Harness takes weight from your pelvis to your shoulders. The S Harness works best with the FinSling Duty Belt Lengthener. The Duty Belt Lengthener gives the belt more room when you sit down. Carrying a duty belt with FinSling S Harness and FinSling Duty Belt Lengthener is more comfortable and you can load more weight to your belt. You also get the health benefit from&hellip;  Lue Lis\u00e4\u00e4","og_url":"https:\/\/finsling.com\/fi\/tuote\/s-harness-suspender-harness\/","og_site_name":"Finsling","article_publisher":"https:\/\/www.facebook.com\/finsling\/","article_modified_time":"2025-10-01T08:37:17+00:00","og_image":[{"width":2560,"height":2560,"url":"https:\/\/finsling.com\/wp-content\/uploads\/2025\/08\/s-harness1-scaled.jpg","type":"image\/jpeg"}],"twitter_card":"summary_large_image","twitter_misc":{"Arvioitu lukuaika":"2 minuuttia"},"schema":{"@context":"https:\/\/schema.org","@graph":[{"@type":"WebPage","@id":"https:\/\/finsling.com\/product\/s-harness-suspender-harness\/","url":"https:\/\/finsling.com\/product\/s-harness-suspender-harness\/","name":"S Harness (duty belt harness) - Finsling","isPartOf":{"@id":"https:\/\/finsling.com\/#website"},"primaryImageOfPage":{"@id":"https:\/\/finsling.com\/product\/s-harness-suspender-harness\/#primaryimage"},"image":{"@id":"https:\/\/finsling.com\/product\/s-harness-suspender-harness\/#primaryimage"},"thumbnailUrl":"https:\/\/finsling.com\/wp-content\/uploads\/2025\/08\/s-harness1-scaled.jpg","datePublished":"2025-08-23T13:16:12+00:00","dateModified":"2025-10-01T08:37:17+00:00","breadcrumb":{"@id":"https:\/\/finsling.com\/product\/s-harness-suspender-harness\/#breadcrumb"},"inLanguage":"fi","potentialAction":[{"@type":"ReadAction","target":["https:\/\/finsling.com\/product\/s-harness-suspender-harness\/"]}]},{"@type":"ImageObject","inLanguage":"fi","@id":"https:\/\/finsling.com\/product\/s-harness-suspender-harness\/#primaryimage","url":"https:\/\/finsling.com\/wp-content\/uploads\/2025\/08\/s-harness1-scaled.jpg","contentUrl":"https:\/\/finsling.com\/wp-content\/uploads\/2025\/08\/s-harness1-scaled.jpg","width":2560,"height":2560},{"@type":"BreadcrumbList","@id":"https:\/\/finsling.com\/product\/s-harness-suspender-harness\/#breadcrumb","itemListElement":[{"@type":"ListItem","position":1,"name":"Home","item":"https:\/\/finsling.com\/"},{"@type":"ListItem","position":2,"name":"Products","item":"https:\/\/finsling.com\/kauppa\/"},{"@type":"ListItem","position":3,"name":"S Harness (duty belt harness)"}]},{"@type":"WebSite","@id":"https:\/\/finsling.com\/#website","url":"https:\/\/finsling.com\/","name":"Finsling","description":"SIMPLE - DURABLE - EFFECTIVE","publisher":{"@id":"https:\/\/finsling.com\/#organization"},"potentialAction":[{"@type":"SearchAction","target":{"@type":"EntryPoint","urlTemplate":"https:\/\/finsling.com\/?s={search_term_string}"},"query-input":{"@type":"PropertyValueSpecification","valueRequired":true,"valueName":"search_term_string"}}],"inLanguage":"fi"},{"@type":"Organization","@id":"https:\/\/finsling.com\/#organization","name":"Finsling","url":"https:\/\/finsling.com\/","logo":{"@type":"ImageObject","inLanguage":"fi","@id":"https:\/\/finsling.com\/#\/schema\/logo\/image\/","url":"https:\/\/finsling.com\/wp-content\/uploads\/2019\/11\/cropped-finsling_medium-3.png","contentUrl":"https:\/\/finsling.com\/wp-content\/uploads\/2019\/11\/cropped-finsling_medium-3.png","width":554,"height":208,"caption":"Finsling"},"image":{"@id":"https:\/\/finsling.com\/#\/schema\/logo\/image\/"},"sameAs":["https:\/\/www.facebook.com\/finsling\/"]}]}},"_links":{"self":[{"href":"https:\/\/finsling.com\/fi\/wp-json\/wp\/v2\/product\/1864","targetHints":{"allow":["GET"]}}],"collection":[{"href":"https:\/\/finsling.com\/fi\/wp-json\/wp\/v2\/product"}],"about":[{"href":"https:\/\/finsling.com\/fi\/wp-json\/wp\/v2\/types\/product"}],"wp:featuredmedia":[{"embeddable":true,"href":"https:\/\/finsling.com\/fi\/wp-json\/wp\/v2\/media\/1763"}],"wp:attachment":[{"href":"https:\/\/finsling.com\/fi\/wp-json\/wp\/v2\/media?parent=1864"}],"wp:term":[{"taxonomy":"product_brand","embeddable":true,"href":"https:\/\/finsling.com\/fi\/wp-json\/wp\/v2\/product_brand?post=1864"},{"taxonomy":"product_cat","embeddable":true,"href":"https:\/\/finsling.com\/fi\/wp-json\/wp\/v2\/product_cat?post=1864"},{"taxonomy":"product_tag","embeddable":true,"href":"https:\/\/finsling.com\/fi\/wp-json\/wp\/v2\/product_tag?post=1864"}],"curies":[{"name":"wp","href":"https:\/\/api.w.org\/{rel}","templated":true}]}}