{"id":1946,"date":"2025-08-23T18:41:53","date_gmt":"2025-08-23T15:41:53","guid":{"rendered":"https:\/\/finsling.com\/?post_type=product&#038;p=1946"},"modified":"2025-10-06T22:07:00","modified_gmt":"2025-10-06T19:07:00","slug":"shotgun-sling-swivel-adapter","status":"publish","type":"product","link":"https:\/\/finsling.com\/fi\/tuote\/shotgun-sling-swivel-adapter\/","title":{"rendered":"Haulikko Asehihna Adapteri"},"content":{"rendered":"<p><iframe title=\"Sling to a shotgun #shotgunsling #hunting #shotgun #mets\u00e4stys #asehihna\" width=\"563\" height=\"1000\" src=\"https:\/\/www.youtube.com\/embed\/8V3H7bTpGoc?feature=oembed\" frameborder=\"0\" allow=\"accelerometer; autoplay; clipboard-write; encrypted-media; gyroscope; picture-in-picture; web-share\" referrerpolicy=\"strict-origin-when-cross-origin\" allowfullscreen><\/iframe><\/p>\n<p>Haulikko hihna adapteri on tarkoitettu haulikoihin miss\u00e4 ei ole kiinnityspisteit\u00e4 asehihnalle. Haulikko hihna adapteri asennetaan piipun ja t\u00e4ht\u00e4inkiskon v\u00e4liin piipun ymp\u00e4rille.<\/p>\n<p>Haulikko hihna adapteri on yhteensopiva hk hook tyylisten asehihna kiinnikkeiden kanssa.<\/p>\n<p>Jos p\u00e4\u00e4t\u00e4t hankkia Haulikko hihna adapterin, muista katsoa FinSling per\u00e4 adapteri. Per\u00e4adapterilla asehihna per\u00e4p\u00e4\u00e4 kiinnitet\u00e4\u00e4n aseen tukkiin.<\/p>\n<p>Jos haulikossasi ei ole hihnakiinnityspaikkoja, suosittelemme FinSling 1. haulikko adapteria 2. per\u00e4adapteria ja 3. P2P hook asehihnaa. T\u00e4ll\u00e4 yhdistelm\u00e4ll\u00e4 saat haulikkoosi taktisen 2piste hihna mik\u00e4 kest\u00e4\u00e4 vuosikaudet eteenp\u00e4in.<\/p>\n<p><strong>Usein kysyttyj\u00e4 kysymyksi\u00e4? <\/strong><\/p>\n<p><strong>Voitko k\u00e4ytt\u00e4\u00e4 haulikkoadapteria p\u00e4\u00e4llekk\u00e4ispiippuisen haulikon kanssa?<\/strong><\/p>\n<p>Haulikkoadapteri kulkee piipun ja t\u00e4ht\u00e4inkiskon v\u00e4list\u00e4. Voin k\u00e4ytt\u00e4\u00e4 adapteria p\u00e4\u00e4llekk\u00e4ispiippuisen haulikon kanssa jos saat adapterin mahtumaan piipun ja t\u00e4ht\u00e4inkiskon v\u00e4list\u00e4. Joissain haulikoissa piipun ja t\u00e4ht\u00e4inkiskon v\u00e4linen v\u00e4li on liian ahdas jotta v\u00e4liin mahtuisi hihnanauhaa.<\/p>","protected":false},"excerpt":{"rendered":"<p>Shotgun sling adapter is for shotguns that don\u00b4t have any sling attachment points on the front part of the shotgun. The shotgun sling adapter sets under the sight rail around the barrel. Shotgun adapter is suitable for hk hook type of hooks. If you choose the Shotgun Adapter, check out the FinSling rear adapter for attaching the rear part of the sling. If your shotgun lacks sling attachment points, our proposal is to get FinSling 1. Shotgun Adapter 2. Rear Adapter and 3. P2P hook sling. With this combo you get a tactical two point sling to your shotgun that lasts for years to come. FAQ? Can you use the shotgun sling swivel adapter with a two-barrel shotgun? The adapter runs between the barrel and the sight rail. If the adapter fits between the barrel and the rail, you can use the adapter with two-barrel shotguns. Some two-barrel shotguns have&hellip;<\/p>\n<p> <a class=\"more-link\" href=\"https:\/\/finsling.com\/fi\/tuote\/shotgun-sling-swivel-adapter\/\">Lue Lis\u00e4\u00e4<\/a><\/p>","protected":false},"featured_media":1769,"template":"","meta":[],"product_brand":[],"product_cat":[32],"product_tag":[],"class_list":{"0":"post-1946","1":"product","2":"type-product","3":"status-publish","4":"has-post-thumbnail","6":"product_cat-product","8":"first","9":"instock","10":"featured","11":"taxable","12":"shipping-taxable","13":"purchasable","14":"product-type-simple"},"yoast_head":"<!-- This site is optimized with the Yoast SEO plugin v27.3 - https:\/\/yoast.com\/product\/yoast-seo-wordpress\/ -->\n<title>Shotgun Sling Swivel adapter - Finsling<\/title>\n<meta name=\"robots\" content=\"index, follow, max-snippet:-1, max-image-preview:large, max-video-preview:-1\" \/>\n<link rel=\"canonical\" href=\"https:\/\/finsling.com\/fi\/tuote\/shotgun-sling-swivel-adapter\/\" \/>\n<meta property=\"og:locale\" content=\"fi_FI\" \/>\n<meta property=\"og:type\" content=\"article\" \/>\n<meta property=\"og:title\" content=\"Shotgun Sling Swivel adapter - Finsling\" \/>\n<meta property=\"og:description\" content=\"Shotgun sling adapter is for shotguns that don\u00b4t have any sling attachment points on the front part of the shotgun. The shotgun sling adapter sets under the sight rail around the barrel. Shotgun adapter is suitable for hk hook type of hooks. If you choose the Shotgun Adapter, check out the FinSling rear adapter for attaching the rear part of the sling. If your shotgun lacks sling attachment points, our proposal is to get FinSling 1. Shotgun Adapter 2. Rear Adapter and 3. P2P hook sling. With this combo you get a tactical two point sling to your shotgun that lasts for years to come. FAQ? Can you use the shotgun sling swivel adapter with a two-barrel shotgun? The adapter runs between the barrel and the sight rail. If the adapter fits between the barrel and the rail, you can use the adapter with two-barrel shotguns. Some two-barrel shotguns have&hellip;  Lue Lis\u00e4\u00e4\" \/>\n<meta property=\"og:url\" content=\"https:\/\/finsling.com\/fi\/tuote\/shotgun-sling-swivel-adapter\/\" \/>\n<meta property=\"og:site_name\" content=\"Finsling\" \/>\n<meta property=\"article:publisher\" content=\"https:\/\/www.facebook.com\/finsling\/\" \/>\n<meta property=\"article:modified_time\" content=\"2025-10-06T19:07:00+00:00\" \/>\n<meta property=\"og:image\" content=\"https:\/\/finsling.com\/wp-content\/uploads\/2025\/08\/shotgun-ad1-scaled.jpg\" \/>\n\t<meta property=\"og:image:width\" content=\"2560\" \/>\n\t<meta property=\"og:image:height\" content=\"2560\" \/>\n\t<meta property=\"og:image:type\" content=\"image\/jpeg\" \/>\n<meta name=\"twitter:card\" content=\"summary_large_image\" \/>\n<meta name=\"twitter:label1\" content=\"Arvioitu lukuaika\" \/>\n\t<meta name=\"twitter:data1\" content=\"1 minuutti\" \/>\n<script type=\"application\/ld+json\" class=\"yoast-schema-graph\">{\"@context\":\"https:\\\/\\\/schema.org\",\"@graph\":[{\"@type\":\"WebPage\",\"@id\":\"https:\\\/\\\/finsling.com\\\/product\\\/shotgun-sling-swivel-adapter\\\/\",\"url\":\"https:\\\/\\\/finsling.com\\\/product\\\/shotgun-sling-swivel-adapter\\\/\",\"name\":\"Shotgun Sling Swivel adapter - Finsling\",\"isPartOf\":{\"@id\":\"https:\\\/\\\/finsling.com\\\/#website\"},\"primaryImageOfPage\":{\"@id\":\"https:\\\/\\\/finsling.com\\\/product\\\/shotgun-sling-swivel-adapter\\\/#primaryimage\"},\"image\":{\"@id\":\"https:\\\/\\\/finsling.com\\\/product\\\/shotgun-sling-swivel-adapter\\\/#primaryimage\"},\"thumbnailUrl\":\"https:\\\/\\\/finsling.com\\\/wp-content\\\/uploads\\\/2025\\\/08\\\/shotgun-ad1-scaled.jpg\",\"datePublished\":\"2025-08-23T15:41:53+00:00\",\"dateModified\":\"2025-10-06T19:07:00+00:00\",\"breadcrumb\":{\"@id\":\"https:\\\/\\\/finsling.com\\\/product\\\/shotgun-sling-swivel-adapter\\\/#breadcrumb\"},\"inLanguage\":\"fi\",\"potentialAction\":[{\"@type\":\"ReadAction\",\"target\":[\"https:\\\/\\\/finsling.com\\\/product\\\/shotgun-sling-swivel-adapter\\\/\"]}]},{\"@type\":\"ImageObject\",\"inLanguage\":\"fi\",\"@id\":\"https:\\\/\\\/finsling.com\\\/product\\\/shotgun-sling-swivel-adapter\\\/#primaryimage\",\"url\":\"https:\\\/\\\/finsling.com\\\/wp-content\\\/uploads\\\/2025\\\/08\\\/shotgun-ad1-scaled.jpg\",\"contentUrl\":\"https:\\\/\\\/finsling.com\\\/wp-content\\\/uploads\\\/2025\\\/08\\\/shotgun-ad1-scaled.jpg\",\"width\":2560,\"height\":2560},{\"@type\":\"BreadcrumbList\",\"@id\":\"https:\\\/\\\/finsling.com\\\/product\\\/shotgun-sling-swivel-adapter\\\/#breadcrumb\",\"itemListElement\":[{\"@type\":\"ListItem\",\"position\":1,\"name\":\"Home\",\"item\":\"https:\\\/\\\/finsling.com\\\/\"},{\"@type\":\"ListItem\",\"position\":2,\"name\":\"Products\",\"item\":\"https:\\\/\\\/finsling.com\\\/kauppa\\\/\"},{\"@type\":\"ListItem\",\"position\":3,\"name\":\"Shotgun Sling Swivel adapter\"}]},{\"@type\":\"WebSite\",\"@id\":\"https:\\\/\\\/finsling.com\\\/#website\",\"url\":\"https:\\\/\\\/finsling.com\\\/\",\"name\":\"Finsling\",\"description\":\"SIMPLE - DURABLE - EFFECTIVE\",\"publisher\":{\"@id\":\"https:\\\/\\\/finsling.com\\\/#organization\"},\"potentialAction\":[{\"@type\":\"SearchAction\",\"target\":{\"@type\":\"EntryPoint\",\"urlTemplate\":\"https:\\\/\\\/finsling.com\\\/?s={search_term_string}\"},\"query-input\":{\"@type\":\"PropertyValueSpecification\",\"valueRequired\":true,\"valueName\":\"search_term_string\"}}],\"inLanguage\":\"fi\"},{\"@type\":\"Organization\",\"@id\":\"https:\\\/\\\/finsling.com\\\/#organization\",\"name\":\"Finsling\",\"url\":\"https:\\\/\\\/finsling.com\\\/\",\"logo\":{\"@type\":\"ImageObject\",\"inLanguage\":\"fi\",\"@id\":\"https:\\\/\\\/finsling.com\\\/#\\\/schema\\\/logo\\\/image\\\/\",\"url\":\"https:\\\/\\\/finsling.com\\\/wp-content\\\/uploads\\\/2019\\\/11\\\/cropped-finsling_medium-3.png\",\"contentUrl\":\"https:\\\/\\\/finsling.com\\\/wp-content\\\/uploads\\\/2019\\\/11\\\/cropped-finsling_medium-3.png\",\"width\":554,\"height\":208,\"caption\":\"Finsling\"},\"image\":{\"@id\":\"https:\\\/\\\/finsling.com\\\/#\\\/schema\\\/logo\\\/image\\\/\"},\"sameAs\":[\"https:\\\/\\\/www.facebook.com\\\/finsling\\\/\"]}]}<\/script>\n<!-- \/ Yoast SEO plugin. -->","yoast_head_json":{"title":"Shotgun Sling Swivel adapter - Finsling","robots":{"index":"index","follow":"follow","max-snippet":"max-snippet:-1","max-image-preview":"max-image-preview:large","max-video-preview":"max-video-preview:-1"},"canonical":"https:\/\/finsling.com\/fi\/tuote\/shotgun-sling-swivel-adapter\/","og_locale":"fi_FI","og_type":"article","og_title":"Shotgun Sling Swivel adapter - Finsling","og_description":"Shotgun sling adapter is for shotguns that don\u00b4t have any sling attachment points on the front part of the shotgun. The shotgun sling adapter sets under the sight rail around the barrel. Shotgun adapter is suitable for hk hook type of hooks. If you choose the Shotgun Adapter, check out the FinSling rear adapter for attaching the rear part of the sling. If your shotgun lacks sling attachment points, our proposal is to get FinSling 1. Shotgun Adapter 2. Rear Adapter and 3. P2P hook sling. With this combo you get a tactical two point sling to your shotgun that lasts for years to come. FAQ? Can you use the shotgun sling swivel adapter with a two-barrel shotgun? The adapter runs between the barrel and the sight rail. If the adapter fits between the barrel and the rail, you can use the adapter with two-barrel shotguns. Some two-barrel shotguns have&hellip;  Lue Lis\u00e4\u00e4","og_url":"https:\/\/finsling.com\/fi\/tuote\/shotgun-sling-swivel-adapter\/","og_site_name":"Finsling","article_publisher":"https:\/\/www.facebook.com\/finsling\/","article_modified_time":"2025-10-06T19:07:00+00:00","og_image":[{"width":2560,"height":2560,"url":"https:\/\/finsling.com\/wp-content\/uploads\/2025\/08\/shotgun-ad1-scaled.jpg","type":"image\/jpeg"}],"twitter_card":"summary_large_image","twitter_misc":{"Arvioitu lukuaika":"1 minuutti"},"schema":{"@context":"https:\/\/schema.org","@graph":[{"@type":"WebPage","@id":"https:\/\/finsling.com\/product\/shotgun-sling-swivel-adapter\/","url":"https:\/\/finsling.com\/product\/shotgun-sling-swivel-adapter\/","name":"Shotgun Sling Swivel adapter - Finsling","isPartOf":{"@id":"https:\/\/finsling.com\/#website"},"primaryImageOfPage":{"@id":"https:\/\/finsling.com\/product\/shotgun-sling-swivel-adapter\/#primaryimage"},"image":{"@id":"https:\/\/finsling.com\/product\/shotgun-sling-swivel-adapter\/#primaryimage"},"thumbnailUrl":"https:\/\/finsling.com\/wp-content\/uploads\/2025\/08\/shotgun-ad1-scaled.jpg","datePublished":"2025-08-23T15:41:53+00:00","dateModified":"2025-10-06T19:07:00+00:00","breadcrumb":{"@id":"https:\/\/finsling.com\/product\/shotgun-sling-swivel-adapter\/#breadcrumb"},"inLanguage":"fi","potentialAction":[{"@type":"ReadAction","target":["https:\/\/finsling.com\/product\/shotgun-sling-swivel-adapter\/"]}]},{"@type":"ImageObject","inLanguage":"fi","@id":"https:\/\/finsling.com\/product\/shotgun-sling-swivel-adapter\/#primaryimage","url":"https:\/\/finsling.com\/wp-content\/uploads\/2025\/08\/shotgun-ad1-scaled.jpg","contentUrl":"https:\/\/finsling.com\/wp-content\/uploads\/2025\/08\/shotgun-ad1-scaled.jpg","width":2560,"height":2560},{"@type":"BreadcrumbList","@id":"https:\/\/finsling.com\/product\/shotgun-sling-swivel-adapter\/#breadcrumb","itemListElement":[{"@type":"ListItem","position":1,"name":"Home","item":"https:\/\/finsling.com\/"},{"@type":"ListItem","position":2,"name":"Products","item":"https:\/\/finsling.com\/kauppa\/"},{"@type":"ListItem","position":3,"name":"Shotgun Sling Swivel adapter"}]},{"@type":"WebSite","@id":"https:\/\/finsling.com\/#website","url":"https:\/\/finsling.com\/","name":"Finsling","description":"SIMPLE - DURABLE - EFFECTIVE","publisher":{"@id":"https:\/\/finsling.com\/#organization"},"potentialAction":[{"@type":"SearchAction","target":{"@type":"EntryPoint","urlTemplate":"https:\/\/finsling.com\/?s={search_term_string}"},"query-input":{"@type":"PropertyValueSpecification","valueRequired":true,"valueName":"search_term_string"}}],"inLanguage":"fi"},{"@type":"Organization","@id":"https:\/\/finsling.com\/#organization","name":"Finsling","url":"https:\/\/finsling.com\/","logo":{"@type":"ImageObject","inLanguage":"fi","@id":"https:\/\/finsling.com\/#\/schema\/logo\/image\/","url":"https:\/\/finsling.com\/wp-content\/uploads\/2019\/11\/cropped-finsling_medium-3.png","contentUrl":"https:\/\/finsling.com\/wp-content\/uploads\/2019\/11\/cropped-finsling_medium-3.png","width":554,"height":208,"caption":"Finsling"},"image":{"@id":"https:\/\/finsling.com\/#\/schema\/logo\/image\/"},"sameAs":["https:\/\/www.facebook.com\/finsling\/"]}]}},"_links":{"self":[{"href":"https:\/\/finsling.com\/fi\/wp-json\/wp\/v2\/product\/1946","targetHints":{"allow":["GET"]}}],"collection":[{"href":"https:\/\/finsling.com\/fi\/wp-json\/wp\/v2\/product"}],"about":[{"href":"https:\/\/finsling.com\/fi\/wp-json\/wp\/v2\/types\/product"}],"wp:featuredmedia":[{"embeddable":true,"href":"https:\/\/finsling.com\/fi\/wp-json\/wp\/v2\/media\/1769"}],"wp:attachment":[{"href":"https:\/\/finsling.com\/fi\/wp-json\/wp\/v2\/media?parent=1946"}],"wp:term":[{"taxonomy":"product_brand","embeddable":true,"href":"https:\/\/finsling.com\/fi\/wp-json\/wp\/v2\/product_brand?post=1946"},{"taxonomy":"product_cat","embeddable":true,"href":"https:\/\/finsling.com\/fi\/wp-json\/wp\/v2\/product_cat?post=1946"},{"taxonomy":"product_tag","embeddable":true,"href":"https:\/\/finsling.com\/fi\/wp-json\/wp\/v2\/product_tag?post=1946"}],"curies":[{"name":"wp","href":"https:\/\/api.w.org\/{rel}","templated":true}]}}