{"id":431,"date":"2020-04-16T17:52:37","date_gmt":"2020-04-16T14:52:37","guid":{"rendered":"http:\/\/finsling.com\/?post_type=product&#038;p=431"},"modified":"2025-10-01T13:45:42","modified_gmt":"2025-10-01T10:45:42","slug":"qd-sling-swivel-rest","status":"publish","type":"product","link":"https:\/\/finsling.com\/fi\/tuote\/qd-sling-swivel-rest\/","title":{"rendered":"QD Rest"},"content":{"rendered":"<p>QD Rest on vastakappale QD asehihna kiinnikkeille. Voit kiinnitt\u00e4\u00e4 QD Rest vastakappaleen keng\u00e4nnauhalla tai paracordilla vaatteisiin tai varusteisiin. QD Rest vastakappaleen avulla voit pukea The One Sling monitoimi asehihnan kuten henkselit. T\u00e4m\u00e4 mahdollistaa aseen kiinnitt\u00e4misen ja poistamisen asehihnan ollessa p\u00e4\u00e4lle puettuna. Jos k\u00e4yt\u00e4t QD asehihna kiinnikett\u00e4 Plate Carrier Sling asehihnassa, on suositeltavaa lukita asehihna QD Rest vastakappaleella silloin kun et k\u00e4yt\u00e4 hihnaa. N\u00e4in hihna ei roiku vapaana.<\/p>","protected":false},"excerpt":{"rendered":"<p>QD Rest on vastakappale QD asehihna kiinnikkeille. Voit kiinnitt\u00e4\u00e4 QD Rest vastakappaleen keng\u00e4nnauhalla tai paracordilla vaatteisiin tai varusteisiin. QD Rest vastakappaleen avulla voit pukea The One Sling monitoimi asehihnan kuten henkselit. T\u00e4m\u00e4 mahdollistaa aseen kiinnitt\u00e4misen ja poistamisen asehihnan ollessa p\u00e4\u00e4lle puettuna. Jos k\u00e4yt\u00e4t QD asehihna kiinnikett\u00e4 Plate Carrier Sling asehihnassa, on suositeltavaa lukita asehihna QD Rest vastakappaleella silloin kun et k\u00e4yt\u00e4 hihnaa. N\u00e4in hihna ei roiku vapaana.<\/p>","protected":false},"featured_media":2084,"template":"","meta":[],"product_brand":[],"product_cat":[32],"product_tag":[],"class_list":{"0":"post-431","1":"product","2":"type-product","3":"status-publish","4":"has-post-thumbnail","6":"product_cat-product","8":"first","9":"instock","10":"taxable","11":"shipping-taxable","12":"purchasable","13":"product-type-simple"},"yoast_head":"<!-- This site is optimized with the Yoast SEO plugin v27.4 - https:\/\/yoast.com\/product\/yoast-seo-wordpress\/ -->\n<title>QD Rest - Finsling<\/title>\n<meta name=\"robots\" content=\"index, follow, max-snippet:-1, max-image-preview:large, max-video-preview:-1\" \/>\n<link rel=\"canonical\" href=\"https:\/\/finsling.com\/fi\/tuote\/qd-sling-swivel-rest\/\" \/>\n<meta property=\"og:locale\" content=\"fi_FI\" \/>\n<meta property=\"og:type\" content=\"article\" \/>\n<meta property=\"og:title\" content=\"QD Rest - Finsling\" \/>\n<meta property=\"og:description\" content=\"QD sling swivel rest is a counter part for QD sling swivels. You can tie the QD Rest counterpart, for example with a shoelace or paracord to your clothing or equipment. You can wear The One Sling weapon sling like a suspender with the QD Rest. You can then attach the weapon with QD cups to the sling fast. If you have a QD sling swivel on your Plate Carrier Sling, it is recommended to lock the sling with a QD Rest when you don\u00b4t use the sling. This way the sling doesn\u2019t hang loose.\" \/>\n<meta property=\"og:url\" content=\"https:\/\/finsling.com\/fi\/tuote\/qd-sling-swivel-rest\/\" \/>\n<meta property=\"og:site_name\" content=\"Finsling\" \/>\n<meta property=\"article:publisher\" content=\"https:\/\/www.facebook.com\/finsling\/\" \/>\n<meta property=\"article:modified_time\" content=\"2025-10-01T10:45:42+00:00\" \/>\n<meta property=\"og:image\" content=\"https:\/\/finsling.com\/wp-content\/uploads\/2025\/10\/QDrestuus-scaled.jpg\" \/>\n\t<meta property=\"og:image:width\" content=\"2560\" \/>\n\t<meta property=\"og:image:height\" content=\"2560\" \/>\n\t<meta property=\"og:image:type\" content=\"image\/jpeg\" \/>\n<meta name=\"twitter:card\" content=\"summary_large_image\" \/>\n<meta name=\"twitter:label1\" content=\"Arvioitu lukuaika\" \/>\n\t<meta name=\"twitter:data1\" content=\"1 minuutti\" \/>\n<script type=\"application\/ld+json\" class=\"yoast-schema-graph\">{\"@context\":\"https:\\\/\\\/schema.org\",\"@graph\":[{\"@type\":\"WebPage\",\"@id\":\"https:\\\/\\\/finsling.com\\\/product\\\/qd-sling-swivel-rest\\\/\",\"url\":\"https:\\\/\\\/finsling.com\\\/product\\\/qd-sling-swivel-rest\\\/\",\"name\":\"QD Rest - Finsling\",\"isPartOf\":{\"@id\":\"https:\\\/\\\/finsling.com\\\/#website\"},\"primaryImageOfPage\":{\"@id\":\"https:\\\/\\\/finsling.com\\\/product\\\/qd-sling-swivel-rest\\\/#primaryimage\"},\"image\":{\"@id\":\"https:\\\/\\\/finsling.com\\\/product\\\/qd-sling-swivel-rest\\\/#primaryimage\"},\"thumbnailUrl\":\"https:\\\/\\\/finsling.com\\\/wp-content\\\/uploads\\\/2025\\\/10\\\/QDrestuus-scaled.jpg\",\"datePublished\":\"2020-04-16T14:52:37+00:00\",\"dateModified\":\"2025-10-01T10:45:42+00:00\",\"breadcrumb\":{\"@id\":\"https:\\\/\\\/finsling.com\\\/product\\\/qd-sling-swivel-rest\\\/#breadcrumb\"},\"inLanguage\":\"fi\",\"potentialAction\":[{\"@type\":\"ReadAction\",\"target\":[\"https:\\\/\\\/finsling.com\\\/product\\\/qd-sling-swivel-rest\\\/\"]}]},{\"@type\":\"ImageObject\",\"inLanguage\":\"fi\",\"@id\":\"https:\\\/\\\/finsling.com\\\/product\\\/qd-sling-swivel-rest\\\/#primaryimage\",\"url\":\"https:\\\/\\\/finsling.com\\\/wp-content\\\/uploads\\\/2025\\\/10\\\/QDrestuus-scaled.jpg\",\"contentUrl\":\"https:\\\/\\\/finsling.com\\\/wp-content\\\/uploads\\\/2025\\\/10\\\/QDrestuus-scaled.jpg\",\"width\":2560,\"height\":2560},{\"@type\":\"BreadcrumbList\",\"@id\":\"https:\\\/\\\/finsling.com\\\/product\\\/qd-sling-swivel-rest\\\/#breadcrumb\",\"itemListElement\":[{\"@type\":\"ListItem\",\"position\":1,\"name\":\"Home\",\"item\":\"https:\\\/\\\/finsling.com\\\/\"},{\"@type\":\"ListItem\",\"position\":2,\"name\":\"Products\",\"item\":\"https:\\\/\\\/finsling.com\\\/kauppa\\\/\"},{\"@type\":\"ListItem\",\"position\":3,\"name\":\"QD Rest\"}]},{\"@type\":\"WebSite\",\"@id\":\"https:\\\/\\\/finsling.com\\\/#website\",\"url\":\"https:\\\/\\\/finsling.com\\\/\",\"name\":\"Finsling\",\"description\":\"SIMPLE - DURABLE - EFFECTIVE\",\"publisher\":{\"@id\":\"https:\\\/\\\/finsling.com\\\/#organization\"},\"potentialAction\":[{\"@type\":\"SearchAction\",\"target\":{\"@type\":\"EntryPoint\",\"urlTemplate\":\"https:\\\/\\\/finsling.com\\\/?s={search_term_string}\"},\"query-input\":{\"@type\":\"PropertyValueSpecification\",\"valueRequired\":true,\"valueName\":\"search_term_string\"}}],\"inLanguage\":\"fi\"},{\"@type\":\"Organization\",\"@id\":\"https:\\\/\\\/finsling.com\\\/#organization\",\"name\":\"Finsling\",\"url\":\"https:\\\/\\\/finsling.com\\\/\",\"logo\":{\"@type\":\"ImageObject\",\"inLanguage\":\"fi\",\"@id\":\"https:\\\/\\\/finsling.com\\\/#\\\/schema\\\/logo\\\/image\\\/\",\"url\":\"https:\\\/\\\/finsling.com\\\/wp-content\\\/uploads\\\/2019\\\/11\\\/cropped-finsling_medium-3.png\",\"contentUrl\":\"https:\\\/\\\/finsling.com\\\/wp-content\\\/uploads\\\/2019\\\/11\\\/cropped-finsling_medium-3.png\",\"width\":554,\"height\":208,\"caption\":\"Finsling\"},\"image\":{\"@id\":\"https:\\\/\\\/finsling.com\\\/#\\\/schema\\\/logo\\\/image\\\/\"},\"sameAs\":[\"https:\\\/\\\/www.facebook.com\\\/finsling\\\/\"]}]}<\/script>\n<!-- \/ Yoast SEO plugin. -->","yoast_head_json":{"title":"QD Rest - Finsling","robots":{"index":"index","follow":"follow","max-snippet":"max-snippet:-1","max-image-preview":"max-image-preview:large","max-video-preview":"max-video-preview:-1"},"canonical":"https:\/\/finsling.com\/fi\/tuote\/qd-sling-swivel-rest\/","og_locale":"fi_FI","og_type":"article","og_title":"QD Rest - Finsling","og_description":"QD sling swivel rest is a counter part for QD sling swivels. You can tie the QD Rest counterpart, for example with a shoelace or paracord to your clothing or equipment. You can wear The One Sling weapon sling like a suspender with the QD Rest. You can then attach the weapon with QD cups to the sling fast. If you have a QD sling swivel on your Plate Carrier Sling, it is recommended to lock the sling with a QD Rest when you don\u00b4t use the sling. This way the sling doesn\u2019t hang loose.","og_url":"https:\/\/finsling.com\/fi\/tuote\/qd-sling-swivel-rest\/","og_site_name":"Finsling","article_publisher":"https:\/\/www.facebook.com\/finsling\/","article_modified_time":"2025-10-01T10:45:42+00:00","og_image":[{"width":2560,"height":2560,"url":"https:\/\/finsling.com\/wp-content\/uploads\/2025\/10\/QDrestuus-scaled.jpg","type":"image\/jpeg"}],"twitter_card":"summary_large_image","twitter_misc":{"Arvioitu lukuaika":"1 minuutti"},"schema":{"@context":"https:\/\/schema.org","@graph":[{"@type":"WebPage","@id":"https:\/\/finsling.com\/product\/qd-sling-swivel-rest\/","url":"https:\/\/finsling.com\/product\/qd-sling-swivel-rest\/","name":"QD Rest - Finsling","isPartOf":{"@id":"https:\/\/finsling.com\/#website"},"primaryImageOfPage":{"@id":"https:\/\/finsling.com\/product\/qd-sling-swivel-rest\/#primaryimage"},"image":{"@id":"https:\/\/finsling.com\/product\/qd-sling-swivel-rest\/#primaryimage"},"thumbnailUrl":"https:\/\/finsling.com\/wp-content\/uploads\/2025\/10\/QDrestuus-scaled.jpg","datePublished":"2020-04-16T14:52:37+00:00","dateModified":"2025-10-01T10:45:42+00:00","breadcrumb":{"@id":"https:\/\/finsling.com\/product\/qd-sling-swivel-rest\/#breadcrumb"},"inLanguage":"fi","potentialAction":[{"@type":"ReadAction","target":["https:\/\/finsling.com\/product\/qd-sling-swivel-rest\/"]}]},{"@type":"ImageObject","inLanguage":"fi","@id":"https:\/\/finsling.com\/product\/qd-sling-swivel-rest\/#primaryimage","url":"https:\/\/finsling.com\/wp-content\/uploads\/2025\/10\/QDrestuus-scaled.jpg","contentUrl":"https:\/\/finsling.com\/wp-content\/uploads\/2025\/10\/QDrestuus-scaled.jpg","width":2560,"height":2560},{"@type":"BreadcrumbList","@id":"https:\/\/finsling.com\/product\/qd-sling-swivel-rest\/#breadcrumb","itemListElement":[{"@type":"ListItem","position":1,"name":"Home","item":"https:\/\/finsling.com\/"},{"@type":"ListItem","position":2,"name":"Products","item":"https:\/\/finsling.com\/kauppa\/"},{"@type":"ListItem","position":3,"name":"QD Rest"}]},{"@type":"WebSite","@id":"https:\/\/finsling.com\/#website","url":"https:\/\/finsling.com\/","name":"Finsling","description":"SIMPLE - DURABLE - EFFECTIVE","publisher":{"@id":"https:\/\/finsling.com\/#organization"},"potentialAction":[{"@type":"SearchAction","target":{"@type":"EntryPoint","urlTemplate":"https:\/\/finsling.com\/?s={search_term_string}"},"query-input":{"@type":"PropertyValueSpecification","valueRequired":true,"valueName":"search_term_string"}}],"inLanguage":"fi"},{"@type":"Organization","@id":"https:\/\/finsling.com\/#organization","name":"Finsling","url":"https:\/\/finsling.com\/","logo":{"@type":"ImageObject","inLanguage":"fi","@id":"https:\/\/finsling.com\/#\/schema\/logo\/image\/","url":"https:\/\/finsling.com\/wp-content\/uploads\/2019\/11\/cropped-finsling_medium-3.png","contentUrl":"https:\/\/finsling.com\/wp-content\/uploads\/2019\/11\/cropped-finsling_medium-3.png","width":554,"height":208,"caption":"Finsling"},"image":{"@id":"https:\/\/finsling.com\/#\/schema\/logo\/image\/"},"sameAs":["https:\/\/www.facebook.com\/finsling\/"]}]}},"_links":{"self":[{"href":"https:\/\/finsling.com\/fi\/wp-json\/wp\/v2\/product\/431","targetHints":{"allow":["GET"]}}],"collection":[{"href":"https:\/\/finsling.com\/fi\/wp-json\/wp\/v2\/product"}],"about":[{"href":"https:\/\/finsling.com\/fi\/wp-json\/wp\/v2\/types\/product"}],"wp:featuredmedia":[{"embeddable":true,"href":"https:\/\/finsling.com\/fi\/wp-json\/wp\/v2\/media\/2084"}],"wp:attachment":[{"href":"https:\/\/finsling.com\/fi\/wp-json\/wp\/v2\/media?parent=431"}],"wp:term":[{"taxonomy":"product_brand","embeddable":true,"href":"https:\/\/finsling.com\/fi\/wp-json\/wp\/v2\/product_brand?post=431"},{"taxonomy":"product_cat","embeddable":true,"href":"https:\/\/finsling.com\/fi\/wp-json\/wp\/v2\/product_cat?post=431"},{"taxonomy":"product_tag","embeddable":true,"href":"https:\/\/finsling.com\/fi\/wp-json\/wp\/v2\/product_tag?post=431"}],"curies":[{"name":"wp","href":"https:\/\/api.w.org\/{rel}","templated":true}]}}