{"id":594,"date":"2020-10-11T12:30:05","date_gmt":"2020-10-11T09:30:05","guid":{"rendered":"https:\/\/finsling.com\/?post_type=product&#038;p=594"},"modified":"2025-12-08T10:43:05","modified_gmt":"2025-12-08T08:43:05","slug":"middle-point-adapter","status":"publish","type":"product","link":"https:\/\/finsling.com\/fi\/tuote\/middle-point-adapter\/","title":{"rendered":"Keskipiste Adapteri"},"content":{"rendered":"<p>Keskipiste adapteri on nauha mik\u00e4 kiristyy tukin keskiosaan. Adapteriin voit kiinnitt\u00e4\u00e4 koukku tyyppisen asehihna kiinnikkeen. Adapterin avulla voit kiinnitt\u00e4\u00e4 yksipiste asehihnan perinteiseen mets\u00e4stysaseeseen. Koukun kiinnityspiste adapterissa on samaa nauhamateriaalia. N\u00e4in adapterin k\u00e4yt\u00f6st\u00e4 ei synnyt metalli vasten metallia kolinaa ja sen k\u00e4ytt\u00e4minen on \u00e4\u00e4net\u00f6nt\u00e4.<\/p>\n<p>Keskipiste adapteri toimii parhaiten FinSling The One Sling mini \/ 1P sling asehihnojen kanssa. Yksipiste kantotapa kyseisten asehihnojen kanssa on vaivatonta ja luonnollista. Aseen nostaminen on my\u00f6s nopeaa ja luonnollista. Keskipiste adapterin ja FinSling yksipiste asehihnojen kanssa voit kantaa mets\u00e4stysasetta korkealla. Voit pit\u00e4\u00e4 tukkia miltei kainalossa. T\u00e4m\u00e4 mahdollistaa hieman pidempien aseiden kantamisen yksipiste asehihnaa k\u00e4ytt\u00e4en.<\/p>","protected":false},"excerpt":{"rendered":"<p>Middle point Adapter is a strap that tightens around the middle part of the hunting weapon stock. You can attach hook style sling swivel to the adapter. This allows you to use single point slings with your traditional hunting weapons. The hooking place on the adapter is the same nylon strap material. This allows you to use the product silently. There is no metal on metal to create noise. The Middle Point Adaptor works best with FinSling The One Sling mini \/ 1P Sling.\u00a0 The single point sling carry style with The One Sling and 1P Sling is very comfortable and natural way to carry our hunting weapon. Lifting sights on target is very fast and natural. The middle attaching point with FinSling single point slings allows you to carry the weapon high up. The end part of stock can be almost in your armpit. This way you can carry&hellip;<\/p>\n<p> <a class=\"more-link\" href=\"https:\/\/finsling.com\/fi\/tuote\/middle-point-adapter\/\">Lue Lis\u00e4\u00e4<\/a><\/p>","protected":false},"featured_media":1531,"template":"","meta":[],"product_brand":[],"product_cat":[32],"product_tag":[],"class_list":{"0":"post-594","1":"product","2":"type-product","3":"status-publish","4":"has-post-thumbnail","6":"product_cat-product","8":"first","9":"instock","10":"featured","11":"taxable","12":"shipping-taxable","13":"purchasable","14":"product-type-simple"},"yoast_head":"<!-- This site is optimized with the Yoast SEO plugin v27.4 - https:\/\/yoast.com\/product\/yoast-seo-wordpress\/ -->\n<title>Middle Point Adapter - Finsling<\/title>\n<meta name=\"robots\" content=\"index, follow, max-snippet:-1, max-image-preview:large, max-video-preview:-1\" \/>\n<link rel=\"canonical\" href=\"https:\/\/finsling.com\/fi\/tuote\/middle-point-adapter\/\" \/>\n<meta property=\"og:locale\" content=\"fi_FI\" \/>\n<meta property=\"og:type\" content=\"article\" \/>\n<meta property=\"og:title\" content=\"Middle Point Adapter - Finsling\" \/>\n<meta property=\"og:description\" content=\"Middle point Adapter is a strap that tightens around the middle part of the hunting weapon stock. You can attach hook style sling swivel to the adapter. This allows you to use single point slings with your traditional hunting weapons. The hooking place on the adapter is the same nylon strap material. This allows you to use the product silently. There is no metal on metal to create noise. The Middle Point Adaptor works best with FinSling The One Sling mini \/ 1P Sling.\u00a0 The single point sling carry style with The One Sling and 1P Sling is very comfortable and natural way to carry our hunting weapon. Lifting sights on target is very fast and natural. The middle attaching point with FinSling single point slings allows you to carry the weapon high up. The end part of stock can be almost in your armpit. This way you can carry&hellip;  Lue Lis\u00e4\u00e4\" \/>\n<meta property=\"og:url\" content=\"https:\/\/finsling.com\/fi\/tuote\/middle-point-adapter\/\" \/>\n<meta property=\"og:site_name\" content=\"Finsling\" \/>\n<meta property=\"article:publisher\" content=\"https:\/\/www.facebook.com\/finsling\/\" \/>\n<meta property=\"article:modified_time\" content=\"2025-12-08T08:43:05+00:00\" \/>\n<meta property=\"og:image\" content=\"https:\/\/finsling.com\/wp-content\/uploads\/2024\/11\/middlepointuusi1-scaled.jpg\" \/>\n\t<meta property=\"og:image:width\" content=\"2560\" \/>\n\t<meta property=\"og:image:height\" content=\"2560\" \/>\n\t<meta property=\"og:image:type\" content=\"image\/jpeg\" \/>\n<meta name=\"twitter:card\" content=\"summary_large_image\" \/>\n<meta name=\"twitter:label1\" content=\"Arvioitu lukuaika\" \/>\n\t<meta name=\"twitter:data1\" content=\"1 minuutti\" \/>\n<script type=\"application\/ld+json\" class=\"yoast-schema-graph\">{\"@context\":\"https:\\\/\\\/schema.org\",\"@graph\":[{\"@type\":\"WebPage\",\"@id\":\"https:\\\/\\\/finsling.com\\\/product\\\/middle-point-adapter\\\/\",\"url\":\"https:\\\/\\\/finsling.com\\\/product\\\/middle-point-adapter\\\/\",\"name\":\"Middle Point Adapter - Finsling\",\"isPartOf\":{\"@id\":\"https:\\\/\\\/finsling.com\\\/#website\"},\"primaryImageOfPage\":{\"@id\":\"https:\\\/\\\/finsling.com\\\/product\\\/middle-point-adapter\\\/#primaryimage\"},\"image\":{\"@id\":\"https:\\\/\\\/finsling.com\\\/product\\\/middle-point-adapter\\\/#primaryimage\"},\"thumbnailUrl\":\"https:\\\/\\\/finsling.com\\\/wp-content\\\/uploads\\\/2024\\\/11\\\/middlepointuusi1-scaled.jpg\",\"datePublished\":\"2020-10-11T09:30:05+00:00\",\"dateModified\":\"2025-12-08T08:43:05+00:00\",\"breadcrumb\":{\"@id\":\"https:\\\/\\\/finsling.com\\\/product\\\/middle-point-adapter\\\/#breadcrumb\"},\"inLanguage\":\"fi\",\"potentialAction\":[{\"@type\":\"ReadAction\",\"target\":[\"https:\\\/\\\/finsling.com\\\/product\\\/middle-point-adapter\\\/\"]}]},{\"@type\":\"ImageObject\",\"inLanguage\":\"fi\",\"@id\":\"https:\\\/\\\/finsling.com\\\/product\\\/middle-point-adapter\\\/#primaryimage\",\"url\":\"https:\\\/\\\/finsling.com\\\/wp-content\\\/uploads\\\/2024\\\/11\\\/middlepointuusi1-scaled.jpg\",\"contentUrl\":\"https:\\\/\\\/finsling.com\\\/wp-content\\\/uploads\\\/2024\\\/11\\\/middlepointuusi1-scaled.jpg\",\"width\":2560,\"height\":2560,\"caption\":\"Middle point adapter\"},{\"@type\":\"BreadcrumbList\",\"@id\":\"https:\\\/\\\/finsling.com\\\/product\\\/middle-point-adapter\\\/#breadcrumb\",\"itemListElement\":[{\"@type\":\"ListItem\",\"position\":1,\"name\":\"Home\",\"item\":\"https:\\\/\\\/finsling.com\\\/\"},{\"@type\":\"ListItem\",\"position\":2,\"name\":\"Products\",\"item\":\"https:\\\/\\\/finsling.com\\\/kauppa\\\/\"},{\"@type\":\"ListItem\",\"position\":3,\"name\":\"Middle Point Adapter\"}]},{\"@type\":\"WebSite\",\"@id\":\"https:\\\/\\\/finsling.com\\\/#website\",\"url\":\"https:\\\/\\\/finsling.com\\\/\",\"name\":\"Finsling\",\"description\":\"SIMPLE - DURABLE - EFFECTIVE\",\"publisher\":{\"@id\":\"https:\\\/\\\/finsling.com\\\/#organization\"},\"potentialAction\":[{\"@type\":\"SearchAction\",\"target\":{\"@type\":\"EntryPoint\",\"urlTemplate\":\"https:\\\/\\\/finsling.com\\\/?s={search_term_string}\"},\"query-input\":{\"@type\":\"PropertyValueSpecification\",\"valueRequired\":true,\"valueName\":\"search_term_string\"}}],\"inLanguage\":\"fi\"},{\"@type\":\"Organization\",\"@id\":\"https:\\\/\\\/finsling.com\\\/#organization\",\"name\":\"Finsling\",\"url\":\"https:\\\/\\\/finsling.com\\\/\",\"logo\":{\"@type\":\"ImageObject\",\"inLanguage\":\"fi\",\"@id\":\"https:\\\/\\\/finsling.com\\\/#\\\/schema\\\/logo\\\/image\\\/\",\"url\":\"https:\\\/\\\/finsling.com\\\/wp-content\\\/uploads\\\/2019\\\/11\\\/cropped-finsling_medium-3.png\",\"contentUrl\":\"https:\\\/\\\/finsling.com\\\/wp-content\\\/uploads\\\/2019\\\/11\\\/cropped-finsling_medium-3.png\",\"width\":554,\"height\":208,\"caption\":\"Finsling\"},\"image\":{\"@id\":\"https:\\\/\\\/finsling.com\\\/#\\\/schema\\\/logo\\\/image\\\/\"},\"sameAs\":[\"https:\\\/\\\/www.facebook.com\\\/finsling\\\/\"]}]}<\/script>\n<!-- \/ Yoast SEO plugin. -->","yoast_head_json":{"title":"Middle Point Adapter - Finsling","robots":{"index":"index","follow":"follow","max-snippet":"max-snippet:-1","max-image-preview":"max-image-preview:large","max-video-preview":"max-video-preview:-1"},"canonical":"https:\/\/finsling.com\/fi\/tuote\/middle-point-adapter\/","og_locale":"fi_FI","og_type":"article","og_title":"Middle Point Adapter - Finsling","og_description":"Middle point Adapter is a strap that tightens around the middle part of the hunting weapon stock. You can attach hook style sling swivel to the adapter. This allows you to use single point slings with your traditional hunting weapons. The hooking place on the adapter is the same nylon strap material. This allows you to use the product silently. There is no metal on metal to create noise. The Middle Point Adaptor works best with FinSling The One Sling mini \/ 1P Sling.\u00a0 The single point sling carry style with The One Sling and 1P Sling is very comfortable and natural way to carry our hunting weapon. Lifting sights on target is very fast and natural. The middle attaching point with FinSling single point slings allows you to carry the weapon high up. The end part of stock can be almost in your armpit. This way you can carry&hellip;  Lue Lis\u00e4\u00e4","og_url":"https:\/\/finsling.com\/fi\/tuote\/middle-point-adapter\/","og_site_name":"Finsling","article_publisher":"https:\/\/www.facebook.com\/finsling\/","article_modified_time":"2025-12-08T08:43:05+00:00","og_image":[{"width":2560,"height":2560,"url":"https:\/\/finsling.com\/wp-content\/uploads\/2024\/11\/middlepointuusi1-scaled.jpg","type":"image\/jpeg"}],"twitter_card":"summary_large_image","twitter_misc":{"Arvioitu lukuaika":"1 minuutti"},"schema":{"@context":"https:\/\/schema.org","@graph":[{"@type":"WebPage","@id":"https:\/\/finsling.com\/product\/middle-point-adapter\/","url":"https:\/\/finsling.com\/product\/middle-point-adapter\/","name":"Middle Point Adapter - Finsling","isPartOf":{"@id":"https:\/\/finsling.com\/#website"},"primaryImageOfPage":{"@id":"https:\/\/finsling.com\/product\/middle-point-adapter\/#primaryimage"},"image":{"@id":"https:\/\/finsling.com\/product\/middle-point-adapter\/#primaryimage"},"thumbnailUrl":"https:\/\/finsling.com\/wp-content\/uploads\/2024\/11\/middlepointuusi1-scaled.jpg","datePublished":"2020-10-11T09:30:05+00:00","dateModified":"2025-12-08T08:43:05+00:00","breadcrumb":{"@id":"https:\/\/finsling.com\/product\/middle-point-adapter\/#breadcrumb"},"inLanguage":"fi","potentialAction":[{"@type":"ReadAction","target":["https:\/\/finsling.com\/product\/middle-point-adapter\/"]}]},{"@type":"ImageObject","inLanguage":"fi","@id":"https:\/\/finsling.com\/product\/middle-point-adapter\/#primaryimage","url":"https:\/\/finsling.com\/wp-content\/uploads\/2024\/11\/middlepointuusi1-scaled.jpg","contentUrl":"https:\/\/finsling.com\/wp-content\/uploads\/2024\/11\/middlepointuusi1-scaled.jpg","width":2560,"height":2560,"caption":"Middle point adapter"},{"@type":"BreadcrumbList","@id":"https:\/\/finsling.com\/product\/middle-point-adapter\/#breadcrumb","itemListElement":[{"@type":"ListItem","position":1,"name":"Home","item":"https:\/\/finsling.com\/"},{"@type":"ListItem","position":2,"name":"Products","item":"https:\/\/finsling.com\/kauppa\/"},{"@type":"ListItem","position":3,"name":"Middle Point Adapter"}]},{"@type":"WebSite","@id":"https:\/\/finsling.com\/#website","url":"https:\/\/finsling.com\/","name":"Finsling","description":"SIMPLE - DURABLE - EFFECTIVE","publisher":{"@id":"https:\/\/finsling.com\/#organization"},"potentialAction":[{"@type":"SearchAction","target":{"@type":"EntryPoint","urlTemplate":"https:\/\/finsling.com\/?s={search_term_string}"},"query-input":{"@type":"PropertyValueSpecification","valueRequired":true,"valueName":"search_term_string"}}],"inLanguage":"fi"},{"@type":"Organization","@id":"https:\/\/finsling.com\/#organization","name":"Finsling","url":"https:\/\/finsling.com\/","logo":{"@type":"ImageObject","inLanguage":"fi","@id":"https:\/\/finsling.com\/#\/schema\/logo\/image\/","url":"https:\/\/finsling.com\/wp-content\/uploads\/2019\/11\/cropped-finsling_medium-3.png","contentUrl":"https:\/\/finsling.com\/wp-content\/uploads\/2019\/11\/cropped-finsling_medium-3.png","width":554,"height":208,"caption":"Finsling"},"image":{"@id":"https:\/\/finsling.com\/#\/schema\/logo\/image\/"},"sameAs":["https:\/\/www.facebook.com\/finsling\/"]}]}},"_links":{"self":[{"href":"https:\/\/finsling.com\/fi\/wp-json\/wp\/v2\/product\/594","targetHints":{"allow":["GET"]}}],"collection":[{"href":"https:\/\/finsling.com\/fi\/wp-json\/wp\/v2\/product"}],"about":[{"href":"https:\/\/finsling.com\/fi\/wp-json\/wp\/v2\/types\/product"}],"wp:featuredmedia":[{"embeddable":true,"href":"https:\/\/finsling.com\/fi\/wp-json\/wp\/v2\/media\/1531"}],"wp:attachment":[{"href":"https:\/\/finsling.com\/fi\/wp-json\/wp\/v2\/media?parent=594"}],"wp:term":[{"taxonomy":"product_brand","embeddable":true,"href":"https:\/\/finsling.com\/fi\/wp-json\/wp\/v2\/product_brand?post=594"},{"taxonomy":"product_cat","embeddable":true,"href":"https:\/\/finsling.com\/fi\/wp-json\/wp\/v2\/product_cat?post=594"},{"taxonomy":"product_tag","embeddable":true,"href":"https:\/\/finsling.com\/fi\/wp-json\/wp\/v2\/product_tag?post=594"}],"curies":[{"name":"wp","href":"https:\/\/api.w.org\/{rel}","templated":true}]}}