{"id":598,"date":"2020-10-11T18:03:48","date_gmt":"2020-10-11T15:03:48","guid":{"rendered":"https:\/\/finsling.com\/?post_type=product&#038;p=598"},"modified":"2025-12-28T18:28:36","modified_gmt":"2025-12-28T16:28:36","slug":"the-one-sling-qd","status":"publish","type":"product","link":"https:\/\/finsling.com\/fi\/tuote\/the-one-sling-qd\/","title":{"rendered":"The One Sling (monitoimi asehihna)"},"content":{"rendered":"<p><iframe title=\"Sling support like no other!\" width=\"800\" height=\"450\" src=\"https:\/\/www.youtube.com\/embed\/Q0BlIAXFYek?feature=oembed\" frameborder=\"0\" allow=\"accelerometer; autoplay; clipboard-write; encrypted-media; gyroscope; picture-in-picture; web-share\" referrerpolicy=\"strict-origin-when-cross-origin\" allowfullscreen><\/iframe><\/p>\n<p>The One Sling on monitoimi asehihna. Asehihnaa voi k\u00e4ytt\u00e4\u00e4 yksi-, kaksi- ja kolmipieteisesti. Kaikkiin asehihnan mahdollistamiin kantotapoihin tarvitset kiv\u00e4\u00e4ripituisen aseen jossa on kolme kiinnityspistett\u00e4 asehihnalle aseen sivussa (edess\u00e4, keskell\u00e4 ja takana). The One Sling asehihna toimii niin haulikkohihnana kun kiv\u00e4\u00e4rihihnana.<\/p>\n<p>Asehihnassa on kaksi s\u00e4\u00e4dett\u00e4v\u00e4\u00e4 lenkki\u00e4. Toinen lenkeist\u00e4 on pikas\u00e4\u00e4dett\u00e4v\u00e4. Kun k\u00e4yt\u00e4t asehihnaa kaksipisteisesti, hihnan pituutta on nopeaa ja helppoa s\u00e4\u00e4t\u00e4\u00e4. The One Sling asehihnan patentoitu rakenne mahdollistaa useita eri aseen kantotapoja.<\/p>\n<p>Yksi hihnan mahdollistava kantotapa on ampumahiihto tyylinen aseenkanto valjas. Aseenkanto valjaiden avulla kannat asetta kuten reppua sel\u00e4ss\u00e4. Erillisen The One Sling asehihnaan asennettavan pehmusteen kanssa, jopa raskaan kiv\u00e4\u00e4rin kantaminen on helppoa ja vaivatonta.<\/p>\n<p>The One Sling asehihna toimitetaan eri pituisina (S-XL), riippuen k\u00e4ytt\u00e4j\u00e4n koosta. Jos k\u00e4yt\u00e4t L koon vaatteita, valitse L koon asehihna.<\/p>\n<p>The One Sling asehihna on valmistettu Suomessa. Hihnamateriaali on miellytt\u00e4v\u00e4\u00e4 ja kest\u00e4v\u00e4\u00e4 puuvillamaista polyesteri hihnanauhaa. Hihnamateriaali on valmistettu Suomessa.<\/p>\n<p>The One Sling asehihnalle on my\u00f6nnetty US patentti.<\/p>\n<p><strong>The One Sling to rule them all.\u00a0 <\/strong><\/p>\n<p><strong>Usein kysyttyj\u00e4 kysymyksi\u00e4? <\/strong><\/p>\n<p><strong>Jos aseessa on vain kaksi asehihnan kiinnityspistett\u00e4 edess\u00e4 ja takana, voitko k\u00e4ytt\u00e4\u00e4 The One Sling asehihnaa?<\/strong><\/p>\n<p>Kyll\u00e4. Voit k\u00e4ytt\u00e4\u00e4 The One Sling asehihnaa kaksipiste asehihnana ja aseenkanto valjaina.<\/p>\n<div class=\"video-container\">\n<p><iframe title=\"The One Sling \/ all about\" width=\"800\" height=\"600\" src=\"https:\/\/www.youtube.com\/embed\/Hvdk9zgkwg8?feature=oembed\" frameborder=\"0\" allow=\"accelerometer; autoplay; clipboard-write; encrypted-media; gyroscope; picture-in-picture; web-share\" referrerpolicy=\"strict-origin-when-cross-origin\" allowfullscreen><\/iframe><\/p>\n<\/div>\n<div class=\"video-container\">\n<p><iframe title=\"The One Sling. Multi purpose sling. @finsling\" width=\"800\" height=\"450\" src=\"https:\/\/www.youtube.com\/embed\/grxAtkHNnbk?feature=oembed\" frameborder=\"0\" allow=\"accelerometer; autoplay; clipboard-write; encrypted-media; gyroscope; picture-in-picture; web-share\" referrerpolicy=\"strict-origin-when-cross-origin\" allowfullscreen><\/iframe><\/p>\n<\/div>","protected":false},"excerpt":{"rendered":"<p>The One Sling is a multipurpose weapon sling. The Sling can be used as single point-, two point- and three point sling. Using the sling by all the methods the sling provides, you need a rifle length weapon with three attachment points (front, middle and rear). The sling works with all types of rifle length weapons. As a rifle sling and as a shotgun sling. The weapon sling has two adjustable loops. The other loop is fast adjustable. When you use the sling as a two point sling, it is very easy and smooth to adjust the sling length. This patented structure enables you to use the sling in many different ways. One carry method to carry your weapon with The One Sling is a biathlon style weapon harness. You can carry your rifle like a backpack on your back. You can add a separate padding to the sling. With&hellip;<\/p>\n<p> <a class=\"more-link\" href=\"https:\/\/finsling.com\/fi\/tuote\/the-one-sling-qd\/\">Lue Lis\u00e4\u00e4<\/a><\/p>","protected":false},"featured_media":1639,"template":"","meta":[],"product_brand":[],"product_cat":[32],"product_tag":[61,41,93,47,91,92,62,43,48,64,94,44,51,46,40],"class_list":{"0":"post-598","1":"product","2":"type-product","3":"status-publish","4":"has-post-thumbnail","6":"product_cat-product","7":"product_tag-asehihna","8":"product_tag-finsling","9":"product_tag-haulikkovaljas","10":"product_tag-hunting-sling","11":"product_tag-kivaarihihna","12":"product_tag-kivaarivaljas","13":"product_tag-metsastyshihna","14":"product_tag-multi-function-weapon-sling","15":"product_tag-patented-sling","16":"product_tag-reservilaisasehihna","17":"product_tag-rifle-harness","18":"product_tag-rifle-sling","19":"product_tag-shotgun-sling","20":"product_tag-tactical-sling","21":"product_tag-the-one-sling","22":"pa_size-custom","23":"pa_size-size_l","24":"pa_size-size_m","25":"pa_size-size_s","26":"pa_size-size_xl","28":"first","29":"instock","30":"featured","31":"taxable","32":"shipping-taxable","33":"purchasable","34":"product-type-variable"},"yoast_head":"<!-- This site is optimized with the Yoast SEO plugin v27.4 - https:\/\/yoast.com\/product\/yoast-seo-wordpress\/ -->\n<title>The One Sling (multi-function weapon sling) - Finsling<\/title>\n<meta name=\"robots\" content=\"index, follow, max-snippet:-1, max-image-preview:large, max-video-preview:-1\" \/>\n<link rel=\"canonical\" href=\"https:\/\/finsling.com\/fi\/tuote\/the-one-sling-qd\/\" \/>\n<meta property=\"og:locale\" content=\"fi_FI\" \/>\n<meta property=\"og:type\" content=\"article\" \/>\n<meta property=\"og:title\" content=\"The One Sling (multi-function weapon sling) - Finsling\" \/>\n<meta property=\"og:description\" content=\"The One Sling is a multipurpose weapon sling. The Sling can be used as single point-, two point- and three point sling. Using the sling by all the methods the sling provides, you need a rifle length weapon with three attachment points (front, middle and rear). The sling works with all types of rifle length weapons. As a rifle sling and as a shotgun sling. The weapon sling has two adjustable loops. The other loop is fast adjustable. When you use the sling as a two point sling, it is very easy and smooth to adjust the sling length. This patented structure enables you to use the sling in many different ways. One carry method to carry your weapon with The One Sling is a biathlon style weapon harness. You can carry your rifle like a backpack on your back. You can add a separate padding to the sling. With&hellip;  Lue Lis\u00e4\u00e4\" \/>\n<meta property=\"og:url\" content=\"https:\/\/finsling.com\/fi\/tuote\/the-one-sling-qd\/\" \/>\n<meta property=\"og:site_name\" content=\"Finsling\" \/>\n<meta property=\"article:publisher\" content=\"https:\/\/www.facebook.com\/finsling\/\" \/>\n<meta property=\"article:modified_time\" content=\"2025-12-28T16:28:36+00:00\" \/>\n<meta property=\"og:image\" content=\"https:\/\/finsling.com\/wp-content\/uploads\/2025\/05\/Tosfront-scaled.jpg\" \/>\n\t<meta property=\"og:image:width\" content=\"2560\" \/>\n\t<meta property=\"og:image:height\" content=\"2560\" \/>\n\t<meta property=\"og:image:type\" content=\"image\/jpeg\" \/>\n<meta name=\"twitter:card\" content=\"summary_large_image\" \/>\n<meta name=\"twitter:label1\" content=\"Arvioitu lukuaika\" \/>\n\t<meta name=\"twitter:data1\" content=\"2 minuuttia\" \/>\n<script type=\"application\/ld+json\" class=\"yoast-schema-graph\">{\"@context\":\"https:\\\/\\\/schema.org\",\"@graph\":[{\"@type\":\"WebPage\",\"@id\":\"https:\\\/\\\/finsling.com\\\/product\\\/the-one-sling-qd\\\/\",\"url\":\"https:\\\/\\\/finsling.com\\\/product\\\/the-one-sling-qd\\\/\",\"name\":\"The One Sling (multi-function weapon sling) - Finsling\",\"isPartOf\":{\"@id\":\"https:\\\/\\\/finsling.com\\\/#website\"},\"primaryImageOfPage\":{\"@id\":\"https:\\\/\\\/finsling.com\\\/product\\\/the-one-sling-qd\\\/#primaryimage\"},\"image\":{\"@id\":\"https:\\\/\\\/finsling.com\\\/product\\\/the-one-sling-qd\\\/#primaryimage\"},\"thumbnailUrl\":\"https:\\\/\\\/finsling.com\\\/wp-content\\\/uploads\\\/2025\\\/05\\\/Tosfront-scaled.jpg\",\"datePublished\":\"2020-10-11T15:03:48+00:00\",\"dateModified\":\"2025-12-28T16:28:36+00:00\",\"breadcrumb\":{\"@id\":\"https:\\\/\\\/finsling.com\\\/product\\\/the-one-sling-qd\\\/#breadcrumb\"},\"inLanguage\":\"fi\",\"potentialAction\":[{\"@type\":\"ReadAction\",\"target\":[\"https:\\\/\\\/finsling.com\\\/product\\\/the-one-sling-qd\\\/\"]}]},{\"@type\":\"ImageObject\",\"inLanguage\":\"fi\",\"@id\":\"https:\\\/\\\/finsling.com\\\/product\\\/the-one-sling-qd\\\/#primaryimage\",\"url\":\"https:\\\/\\\/finsling.com\\\/wp-content\\\/uploads\\\/2025\\\/05\\\/Tosfront-scaled.jpg\",\"contentUrl\":\"https:\\\/\\\/finsling.com\\\/wp-content\\\/uploads\\\/2025\\\/05\\\/Tosfront-scaled.jpg\",\"width\":2560,\"height\":2560},{\"@type\":\"BreadcrumbList\",\"@id\":\"https:\\\/\\\/finsling.com\\\/product\\\/the-one-sling-qd\\\/#breadcrumb\",\"itemListElement\":[{\"@type\":\"ListItem\",\"position\":1,\"name\":\"Home\",\"item\":\"https:\\\/\\\/finsling.com\\\/\"},{\"@type\":\"ListItem\",\"position\":2,\"name\":\"Products\",\"item\":\"https:\\\/\\\/finsling.com\\\/kauppa\\\/\"},{\"@type\":\"ListItem\",\"position\":3,\"name\":\"The One Sling (multi-function weapon sling)\"}]},{\"@type\":\"WebSite\",\"@id\":\"https:\\\/\\\/finsling.com\\\/#website\",\"url\":\"https:\\\/\\\/finsling.com\\\/\",\"name\":\"Finsling\",\"description\":\"SIMPLE - DURABLE - EFFECTIVE\",\"publisher\":{\"@id\":\"https:\\\/\\\/finsling.com\\\/#organization\"},\"potentialAction\":[{\"@type\":\"SearchAction\",\"target\":{\"@type\":\"EntryPoint\",\"urlTemplate\":\"https:\\\/\\\/finsling.com\\\/?s={search_term_string}\"},\"query-input\":{\"@type\":\"PropertyValueSpecification\",\"valueRequired\":true,\"valueName\":\"search_term_string\"}}],\"inLanguage\":\"fi\"},{\"@type\":\"Organization\",\"@id\":\"https:\\\/\\\/finsling.com\\\/#organization\",\"name\":\"Finsling\",\"url\":\"https:\\\/\\\/finsling.com\\\/\",\"logo\":{\"@type\":\"ImageObject\",\"inLanguage\":\"fi\",\"@id\":\"https:\\\/\\\/finsling.com\\\/#\\\/schema\\\/logo\\\/image\\\/\",\"url\":\"https:\\\/\\\/finsling.com\\\/wp-content\\\/uploads\\\/2019\\\/11\\\/cropped-finsling_medium-3.png\",\"contentUrl\":\"https:\\\/\\\/finsling.com\\\/wp-content\\\/uploads\\\/2019\\\/11\\\/cropped-finsling_medium-3.png\",\"width\":554,\"height\":208,\"caption\":\"Finsling\"},\"image\":{\"@id\":\"https:\\\/\\\/finsling.com\\\/#\\\/schema\\\/logo\\\/image\\\/\"},\"sameAs\":[\"https:\\\/\\\/www.facebook.com\\\/finsling\\\/\"]}]}<\/script>\n<!-- \/ Yoast SEO plugin. -->","yoast_head_json":{"title":"The One Sling (multi-function weapon sling) - Finsling","robots":{"index":"index","follow":"follow","max-snippet":"max-snippet:-1","max-image-preview":"max-image-preview:large","max-video-preview":"max-video-preview:-1"},"canonical":"https:\/\/finsling.com\/fi\/tuote\/the-one-sling-qd\/","og_locale":"fi_FI","og_type":"article","og_title":"The One Sling (multi-function weapon sling) - Finsling","og_description":"The One Sling is a multipurpose weapon sling. The Sling can be used as single point-, two point- and three point sling. Using the sling by all the methods the sling provides, you need a rifle length weapon with three attachment points (front, middle and rear). The sling works with all types of rifle length weapons. As a rifle sling and as a shotgun sling. The weapon sling has two adjustable loops. The other loop is fast adjustable. When you use the sling as a two point sling, it is very easy and smooth to adjust the sling length. This patented structure enables you to use the sling in many different ways. One carry method to carry your weapon with The One Sling is a biathlon style weapon harness. You can carry your rifle like a backpack on your back. You can add a separate padding to the sling. With&hellip;  Lue Lis\u00e4\u00e4","og_url":"https:\/\/finsling.com\/fi\/tuote\/the-one-sling-qd\/","og_site_name":"Finsling","article_publisher":"https:\/\/www.facebook.com\/finsling\/","article_modified_time":"2025-12-28T16:28:36+00:00","og_image":[{"width":2560,"height":2560,"url":"https:\/\/finsling.com\/wp-content\/uploads\/2025\/05\/Tosfront-scaled.jpg","type":"image\/jpeg"}],"twitter_card":"summary_large_image","twitter_misc":{"Arvioitu lukuaika":"2 minuuttia"},"schema":{"@context":"https:\/\/schema.org","@graph":[{"@type":"WebPage","@id":"https:\/\/finsling.com\/product\/the-one-sling-qd\/","url":"https:\/\/finsling.com\/product\/the-one-sling-qd\/","name":"The One Sling (multi-function weapon sling) - Finsling","isPartOf":{"@id":"https:\/\/finsling.com\/#website"},"primaryImageOfPage":{"@id":"https:\/\/finsling.com\/product\/the-one-sling-qd\/#primaryimage"},"image":{"@id":"https:\/\/finsling.com\/product\/the-one-sling-qd\/#primaryimage"},"thumbnailUrl":"https:\/\/finsling.com\/wp-content\/uploads\/2025\/05\/Tosfront-scaled.jpg","datePublished":"2020-10-11T15:03:48+00:00","dateModified":"2025-12-28T16:28:36+00:00","breadcrumb":{"@id":"https:\/\/finsling.com\/product\/the-one-sling-qd\/#breadcrumb"},"inLanguage":"fi","potentialAction":[{"@type":"ReadAction","target":["https:\/\/finsling.com\/product\/the-one-sling-qd\/"]}]},{"@type":"ImageObject","inLanguage":"fi","@id":"https:\/\/finsling.com\/product\/the-one-sling-qd\/#primaryimage","url":"https:\/\/finsling.com\/wp-content\/uploads\/2025\/05\/Tosfront-scaled.jpg","contentUrl":"https:\/\/finsling.com\/wp-content\/uploads\/2025\/05\/Tosfront-scaled.jpg","width":2560,"height":2560},{"@type":"BreadcrumbList","@id":"https:\/\/finsling.com\/product\/the-one-sling-qd\/#breadcrumb","itemListElement":[{"@type":"ListItem","position":1,"name":"Home","item":"https:\/\/finsling.com\/"},{"@type":"ListItem","position":2,"name":"Products","item":"https:\/\/finsling.com\/kauppa\/"},{"@type":"ListItem","position":3,"name":"The One Sling (multi-function weapon sling)"}]},{"@type":"WebSite","@id":"https:\/\/finsling.com\/#website","url":"https:\/\/finsling.com\/","name":"Finsling","description":"SIMPLE - DURABLE - EFFECTIVE","publisher":{"@id":"https:\/\/finsling.com\/#organization"},"potentialAction":[{"@type":"SearchAction","target":{"@type":"EntryPoint","urlTemplate":"https:\/\/finsling.com\/?s={search_term_string}"},"query-input":{"@type":"PropertyValueSpecification","valueRequired":true,"valueName":"search_term_string"}}],"inLanguage":"fi"},{"@type":"Organization","@id":"https:\/\/finsling.com\/#organization","name":"Finsling","url":"https:\/\/finsling.com\/","logo":{"@type":"ImageObject","inLanguage":"fi","@id":"https:\/\/finsling.com\/#\/schema\/logo\/image\/","url":"https:\/\/finsling.com\/wp-content\/uploads\/2019\/11\/cropped-finsling_medium-3.png","contentUrl":"https:\/\/finsling.com\/wp-content\/uploads\/2019\/11\/cropped-finsling_medium-3.png","width":554,"height":208,"caption":"Finsling"},"image":{"@id":"https:\/\/finsling.com\/#\/schema\/logo\/image\/"},"sameAs":["https:\/\/www.facebook.com\/finsling\/"]}]}},"_links":{"self":[{"href":"https:\/\/finsling.com\/fi\/wp-json\/wp\/v2\/product\/598","targetHints":{"allow":["GET"]}}],"collection":[{"href":"https:\/\/finsling.com\/fi\/wp-json\/wp\/v2\/product"}],"about":[{"href":"https:\/\/finsling.com\/fi\/wp-json\/wp\/v2\/types\/product"}],"wp:featuredmedia":[{"embeddable":true,"href":"https:\/\/finsling.com\/fi\/wp-json\/wp\/v2\/media\/1639"}],"wp:attachment":[{"href":"https:\/\/finsling.com\/fi\/wp-json\/wp\/v2\/media?parent=598"}],"wp:term":[{"taxonomy":"product_brand","embeddable":true,"href":"https:\/\/finsling.com\/fi\/wp-json\/wp\/v2\/product_brand?post=598"},{"taxonomy":"product_cat","embeddable":true,"href":"https:\/\/finsling.com\/fi\/wp-json\/wp\/v2\/product_cat?post=598"},{"taxonomy":"product_tag","embeddable":true,"href":"https:\/\/finsling.com\/fi\/wp-json\/wp\/v2\/product_tag?post=598"}],"curies":[{"name":"wp","href":"https:\/\/api.w.org\/{rel}","templated":true}]}}