{"id":602,"date":"2020-10-11T18:32:36","date_gmt":"2020-10-11T15:32:36","guid":{"rendered":"https:\/\/finsling.com\/?post_type=product&#038;p=602"},"modified":"2025-12-28T18:26:11","modified_gmt":"2025-12-28T16:26:11","slug":"padding-for-the-one-sling","status":"publish","type":"product","link":"https:\/\/finsling.com\/fi\/tuote\/padding-for-the-one-sling\/","title":{"rendered":"The One Sling pehmuste"},"content":{"rendered":"<p>The One Sling Padding on erillinen pehmuste, joka on suunniteltu k\u00e4ytett\u00e4v\u00e4ksi The One Sling monitoimi asehihnan kanssa. The One Sling asehihnaa voi k\u00e4ytt\u00e4\u00e4 monella eri tavalla. Pehmuste asettuu kiinni asehihnaan eri tavoin riippuen mit\u00e4 kantotapaa k\u00e4ytet\u00e4\u00e4n.<\/p>\n<p>The One Sling monitoimi asehihnassa on kaksi s\u00e4\u00e4dett\u00e4v\u00e4\u00e4 lenkki\u00e4 joista toinen on pikas\u00e4\u00e4dett\u00e4v\u00e4. T\u00e4m\u00e4n rakenteen ansiosta asehihna on niin monik\u00e4ytt\u00f6inen. Jos k\u00e4yt\u00e4t asehihnaa kaksipisteisesti, pehmuste lukitsee toisen lenkin. Kaksipisteisesti toista lenkki\u00e4 ei tarvita ja se on suojassa pehmusteen sis\u00e4ll\u00e4 eik\u00e4 takerru tahattomasti mihink\u00e4\u00e4n. K\u00e4ytett\u00e4ess\u00e4 asehihnaa yksi tai kolmipisteisesti, pehmuste lukittuu toisen lenkin sis\u00e4lle. Jos k\u00e4yt\u00e4t asehihnaa kuten ampumahiihto tyyppisi\u00e4 kiv\u00e4\u00e4rivaljaita, asehihnan toinen hihnakiinnike lukittuu pehmusteen keskiosaan. N\u00e4in pehmuste pysyy tasaisesti kummallakin olkap\u00e4\u00e4ll\u00e4. The One Sling asehihna ja sen pehmuste on yhteensovitettu niin ett\u00e4 pehmuste lukittuu asehihnaan eik\u00e4 liiku sit\u00e4 k\u00e4ytett\u00e4ess\u00e4.<\/p>","protected":false},"excerpt":{"rendered":"<p>The One Sling Padding is a weapon sling padding designed for The One Sling multi-function weapon sling. You can use The One Sling in many different ways. The Padding attaches to the sling in three different ways depending on what carry method you use. The One Sling has two adjustable loops. The other loop is fast adjustable. Because of this structure the sling is so versatile. If you use the sling as two point sling, the padding binds the other loop. Using the sling as single point sling or three point sling, the padding locks inside of to the other loop. If you use the sling as rifle harness, the other sling swivel on the sling locks between the middle part of the padding. This way the padding stays evenly on your shoulders when you use the sling as biathlon style rifle harness. The One Sling and the padding have&hellip;<\/p>\n<p> <a class=\"more-link\" href=\"https:\/\/finsling.com\/fi\/tuote\/padding-for-the-one-sling\/\">Lue Lis\u00e4\u00e4<\/a><\/p>","protected":false},"featured_media":1534,"template":"","meta":[],"product_brand":[],"product_cat":[32],"product_tag":[],"class_list":{"0":"post-602","1":"product","2":"type-product","3":"status-publish","4":"has-post-thumbnail","6":"product_cat-product","8":"first","9":"instock","10":"taxable","11":"shipping-taxable","12":"purchasable","13":"product-type-simple"},"yoast_head":"<!-- This site is optimized with the Yoast SEO plugin v27.4 - https:\/\/yoast.com\/product\/yoast-seo-wordpress\/ -->\n<title>Padding for The One Sling - Finsling<\/title>\n<meta name=\"robots\" content=\"index, follow, max-snippet:-1, max-image-preview:large, max-video-preview:-1\" \/>\n<link rel=\"canonical\" href=\"https:\/\/finsling.com\/fi\/tuote\/padding-for-the-one-sling\/\" \/>\n<meta property=\"og:locale\" content=\"fi_FI\" \/>\n<meta property=\"og:type\" content=\"article\" \/>\n<meta property=\"og:title\" content=\"Padding for The One Sling - Finsling\" \/>\n<meta property=\"og:description\" content=\"The One Sling Padding is a weapon sling padding designed for The One Sling multi-function weapon sling. You can use The One Sling in many different ways. The Padding attaches to the sling in three different ways depending on what carry method you use. The One Sling has two adjustable loops. The other loop is fast adjustable. Because of this structure the sling is so versatile. If you use the sling as two point sling, the padding binds the other loop. Using the sling as single point sling or three point sling, the padding locks inside of to the other loop. If you use the sling as rifle harness, the other sling swivel on the sling locks between the middle part of the padding. This way the padding stays evenly on your shoulders when you use the sling as biathlon style rifle harness. The One Sling and the padding have&hellip;  Lue Lis\u00e4\u00e4\" \/>\n<meta property=\"og:url\" content=\"https:\/\/finsling.com\/fi\/tuote\/padding-for-the-one-sling\/\" \/>\n<meta property=\"og:site_name\" content=\"Finsling\" \/>\n<meta property=\"article:publisher\" content=\"https:\/\/www.facebook.com\/finsling\/\" \/>\n<meta property=\"article:modified_time\" content=\"2025-12-28T16:26:11+00:00\" \/>\n<meta property=\"og:image\" content=\"https:\/\/finsling.com\/wp-content\/uploads\/2024\/11\/pehmusteuusi1-scaled.jpg\" \/>\n\t<meta property=\"og:image:width\" content=\"2560\" \/>\n\t<meta property=\"og:image:height\" content=\"2560\" \/>\n\t<meta property=\"og:image:type\" content=\"image\/jpeg\" \/>\n<meta name=\"twitter:card\" content=\"summary_large_image\" \/>\n<meta name=\"twitter:label1\" content=\"Arvioitu lukuaika\" \/>\n\t<meta name=\"twitter:data1\" content=\"1 minuutti\" \/>\n<script type=\"application\/ld+json\" class=\"yoast-schema-graph\">{\"@context\":\"https:\\\/\\\/schema.org\",\"@graph\":[{\"@type\":\"WebPage\",\"@id\":\"https:\\\/\\\/finsling.com\\\/product\\\/padding-for-the-one-sling\\\/\",\"url\":\"https:\\\/\\\/finsling.com\\\/product\\\/padding-for-the-one-sling\\\/\",\"name\":\"Padding for The One Sling - Finsling\",\"isPartOf\":{\"@id\":\"https:\\\/\\\/finsling.com\\\/#website\"},\"primaryImageOfPage\":{\"@id\":\"https:\\\/\\\/finsling.com\\\/product\\\/padding-for-the-one-sling\\\/#primaryimage\"},\"image\":{\"@id\":\"https:\\\/\\\/finsling.com\\\/product\\\/padding-for-the-one-sling\\\/#primaryimage\"},\"thumbnailUrl\":\"https:\\\/\\\/finsling.com\\\/wp-content\\\/uploads\\\/2024\\\/11\\\/pehmusteuusi1-scaled.jpg\",\"datePublished\":\"2020-10-11T15:32:36+00:00\",\"dateModified\":\"2025-12-28T16:26:11+00:00\",\"breadcrumb\":{\"@id\":\"https:\\\/\\\/finsling.com\\\/product\\\/padding-for-the-one-sling\\\/#breadcrumb\"},\"inLanguage\":\"fi\",\"potentialAction\":[{\"@type\":\"ReadAction\",\"target\":[\"https:\\\/\\\/finsling.com\\\/product\\\/padding-for-the-one-sling\\\/\"]}]},{\"@type\":\"ImageObject\",\"inLanguage\":\"fi\",\"@id\":\"https:\\\/\\\/finsling.com\\\/product\\\/padding-for-the-one-sling\\\/#primaryimage\",\"url\":\"https:\\\/\\\/finsling.com\\\/wp-content\\\/uploads\\\/2024\\\/11\\\/pehmusteuusi1-scaled.jpg\",\"contentUrl\":\"https:\\\/\\\/finsling.com\\\/wp-content\\\/uploads\\\/2024\\\/11\\\/pehmusteuusi1-scaled.jpg\",\"width\":2560,\"height\":2560,\"caption\":\"Padding for The One Sling\"},{\"@type\":\"BreadcrumbList\",\"@id\":\"https:\\\/\\\/finsling.com\\\/product\\\/padding-for-the-one-sling\\\/#breadcrumb\",\"itemListElement\":[{\"@type\":\"ListItem\",\"position\":1,\"name\":\"Home\",\"item\":\"https:\\\/\\\/finsling.com\\\/\"},{\"@type\":\"ListItem\",\"position\":2,\"name\":\"Products\",\"item\":\"https:\\\/\\\/finsling.com\\\/kauppa\\\/\"},{\"@type\":\"ListItem\",\"position\":3,\"name\":\"Padding for The One Sling\"}]},{\"@type\":\"WebSite\",\"@id\":\"https:\\\/\\\/finsling.com\\\/#website\",\"url\":\"https:\\\/\\\/finsling.com\\\/\",\"name\":\"Finsling\",\"description\":\"SIMPLE - DURABLE - EFFECTIVE\",\"publisher\":{\"@id\":\"https:\\\/\\\/finsling.com\\\/#organization\"},\"potentialAction\":[{\"@type\":\"SearchAction\",\"target\":{\"@type\":\"EntryPoint\",\"urlTemplate\":\"https:\\\/\\\/finsling.com\\\/?s={search_term_string}\"},\"query-input\":{\"@type\":\"PropertyValueSpecification\",\"valueRequired\":true,\"valueName\":\"search_term_string\"}}],\"inLanguage\":\"fi\"},{\"@type\":\"Organization\",\"@id\":\"https:\\\/\\\/finsling.com\\\/#organization\",\"name\":\"Finsling\",\"url\":\"https:\\\/\\\/finsling.com\\\/\",\"logo\":{\"@type\":\"ImageObject\",\"inLanguage\":\"fi\",\"@id\":\"https:\\\/\\\/finsling.com\\\/#\\\/schema\\\/logo\\\/image\\\/\",\"url\":\"https:\\\/\\\/finsling.com\\\/wp-content\\\/uploads\\\/2019\\\/11\\\/cropped-finsling_medium-3.png\",\"contentUrl\":\"https:\\\/\\\/finsling.com\\\/wp-content\\\/uploads\\\/2019\\\/11\\\/cropped-finsling_medium-3.png\",\"width\":554,\"height\":208,\"caption\":\"Finsling\"},\"image\":{\"@id\":\"https:\\\/\\\/finsling.com\\\/#\\\/schema\\\/logo\\\/image\\\/\"},\"sameAs\":[\"https:\\\/\\\/www.facebook.com\\\/finsling\\\/\"]}]}<\/script>\n<!-- \/ Yoast SEO plugin. -->","yoast_head_json":{"title":"Padding for The One Sling - Finsling","robots":{"index":"index","follow":"follow","max-snippet":"max-snippet:-1","max-image-preview":"max-image-preview:large","max-video-preview":"max-video-preview:-1"},"canonical":"https:\/\/finsling.com\/fi\/tuote\/padding-for-the-one-sling\/","og_locale":"fi_FI","og_type":"article","og_title":"Padding for The One Sling - Finsling","og_description":"The One Sling Padding is a weapon sling padding designed for The One Sling multi-function weapon sling. You can use The One Sling in many different ways. The Padding attaches to the sling in three different ways depending on what carry method you use. The One Sling has two adjustable loops. The other loop is fast adjustable. Because of this structure the sling is so versatile. If you use the sling as two point sling, the padding binds the other loop. Using the sling as single point sling or three point sling, the padding locks inside of to the other loop. If you use the sling as rifle harness, the other sling swivel on the sling locks between the middle part of the padding. This way the padding stays evenly on your shoulders when you use the sling as biathlon style rifle harness. The One Sling and the padding have&hellip;  Lue Lis\u00e4\u00e4","og_url":"https:\/\/finsling.com\/fi\/tuote\/padding-for-the-one-sling\/","og_site_name":"Finsling","article_publisher":"https:\/\/www.facebook.com\/finsling\/","article_modified_time":"2025-12-28T16:26:11+00:00","og_image":[{"width":2560,"height":2560,"url":"https:\/\/finsling.com\/wp-content\/uploads\/2024\/11\/pehmusteuusi1-scaled.jpg","type":"image\/jpeg"}],"twitter_card":"summary_large_image","twitter_misc":{"Arvioitu lukuaika":"1 minuutti"},"schema":{"@context":"https:\/\/schema.org","@graph":[{"@type":"WebPage","@id":"https:\/\/finsling.com\/product\/padding-for-the-one-sling\/","url":"https:\/\/finsling.com\/product\/padding-for-the-one-sling\/","name":"Padding for The One Sling - Finsling","isPartOf":{"@id":"https:\/\/finsling.com\/#website"},"primaryImageOfPage":{"@id":"https:\/\/finsling.com\/product\/padding-for-the-one-sling\/#primaryimage"},"image":{"@id":"https:\/\/finsling.com\/product\/padding-for-the-one-sling\/#primaryimage"},"thumbnailUrl":"https:\/\/finsling.com\/wp-content\/uploads\/2024\/11\/pehmusteuusi1-scaled.jpg","datePublished":"2020-10-11T15:32:36+00:00","dateModified":"2025-12-28T16:26:11+00:00","breadcrumb":{"@id":"https:\/\/finsling.com\/product\/padding-for-the-one-sling\/#breadcrumb"},"inLanguage":"fi","potentialAction":[{"@type":"ReadAction","target":["https:\/\/finsling.com\/product\/padding-for-the-one-sling\/"]}]},{"@type":"ImageObject","inLanguage":"fi","@id":"https:\/\/finsling.com\/product\/padding-for-the-one-sling\/#primaryimage","url":"https:\/\/finsling.com\/wp-content\/uploads\/2024\/11\/pehmusteuusi1-scaled.jpg","contentUrl":"https:\/\/finsling.com\/wp-content\/uploads\/2024\/11\/pehmusteuusi1-scaled.jpg","width":2560,"height":2560,"caption":"Padding for The One Sling"},{"@type":"BreadcrumbList","@id":"https:\/\/finsling.com\/product\/padding-for-the-one-sling\/#breadcrumb","itemListElement":[{"@type":"ListItem","position":1,"name":"Home","item":"https:\/\/finsling.com\/"},{"@type":"ListItem","position":2,"name":"Products","item":"https:\/\/finsling.com\/kauppa\/"},{"@type":"ListItem","position":3,"name":"Padding for The One Sling"}]},{"@type":"WebSite","@id":"https:\/\/finsling.com\/#website","url":"https:\/\/finsling.com\/","name":"Finsling","description":"SIMPLE - DURABLE - EFFECTIVE","publisher":{"@id":"https:\/\/finsling.com\/#organization"},"potentialAction":[{"@type":"SearchAction","target":{"@type":"EntryPoint","urlTemplate":"https:\/\/finsling.com\/?s={search_term_string}"},"query-input":{"@type":"PropertyValueSpecification","valueRequired":true,"valueName":"search_term_string"}}],"inLanguage":"fi"},{"@type":"Organization","@id":"https:\/\/finsling.com\/#organization","name":"Finsling","url":"https:\/\/finsling.com\/","logo":{"@type":"ImageObject","inLanguage":"fi","@id":"https:\/\/finsling.com\/#\/schema\/logo\/image\/","url":"https:\/\/finsling.com\/wp-content\/uploads\/2019\/11\/cropped-finsling_medium-3.png","contentUrl":"https:\/\/finsling.com\/wp-content\/uploads\/2019\/11\/cropped-finsling_medium-3.png","width":554,"height":208,"caption":"Finsling"},"image":{"@id":"https:\/\/finsling.com\/#\/schema\/logo\/image\/"},"sameAs":["https:\/\/www.facebook.com\/finsling\/"]}]}},"_links":{"self":[{"href":"https:\/\/finsling.com\/fi\/wp-json\/wp\/v2\/product\/602","targetHints":{"allow":["GET"]}}],"collection":[{"href":"https:\/\/finsling.com\/fi\/wp-json\/wp\/v2\/product"}],"about":[{"href":"https:\/\/finsling.com\/fi\/wp-json\/wp\/v2\/types\/product"}],"wp:featuredmedia":[{"embeddable":true,"href":"https:\/\/finsling.com\/fi\/wp-json\/wp\/v2\/media\/1534"}],"wp:attachment":[{"href":"https:\/\/finsling.com\/fi\/wp-json\/wp\/v2\/media?parent=602"}],"wp:term":[{"taxonomy":"product_brand","embeddable":true,"href":"https:\/\/finsling.com\/fi\/wp-json\/wp\/v2\/product_brand?post=602"},{"taxonomy":"product_cat","embeddable":true,"href":"https:\/\/finsling.com\/fi\/wp-json\/wp\/v2\/product_cat?post=602"},{"taxonomy":"product_tag","embeddable":true,"href":"https:\/\/finsling.com\/fi\/wp-json\/wp\/v2\/product_tag?post=602"}],"curies":[{"name":"wp","href":"https:\/\/api.w.org\/{rel}","templated":true}]}}