{"id":626,"date":"2020-11-13T18:11:49","date_gmt":"2020-11-13T16:11:49","guid":{"rendered":"https:\/\/finsling.com\/?post_type=product&#038;p=626"},"modified":"2026-04-27T10:06:03","modified_gmt":"2026-04-27T07:06:03","slug":"plate-carrier-tactical-vest-sling-qd","status":"publish","type":"product","link":"https:\/\/finsling.com\/fi\/tuote\/plate-carrier-tactical-vest-sling-qd\/","title":{"rendered":"Plate carrier \/ tactical vest sling"},"content":{"rendered":"<p><iframe title=\"PC Sling &amp; Retention Sling\" width=\"563\" height=\"1000\" src=\"https:\/\/www.youtube.com\/embed\/Avcnjs45AgA?feature=oembed\" frameborder=\"0\" allow=\"accelerometer; autoplay; clipboard-write; encrypted-media; gyroscope; picture-in-picture; web-share\" referrerpolicy=\"strict-origin-when-cross-origin\" allowfullscreen><\/iframe><\/p>\n<p><iframe title=\"Miten k\u00e4yt\u00e4t asehihnaa CQB toiminnassa?\" width=\"563\" height=\"1000\" src=\"https:\/\/www.youtube.com\/embed\/aiHU9-6zpFs?feature=oembed\" frameborder=\"0\" allow=\"accelerometer; autoplay; clipboard-write; encrypted-media; gyroscope; picture-in-picture; web-share\" referrerpolicy=\"strict-origin-when-cross-origin\" allowfullscreen><\/iframe><\/p>\n<p><iframe title=\"Plate carrier\/tactical vest\/backpack sling @finsling\" width=\"800\" height=\"600\" src=\"https:\/\/www.youtube.com\/embed\/5PzjyjGsQkM?feature=oembed\" frameborder=\"0\" allow=\"accelerometer; autoplay; clipboard-write; encrypted-media; gyroscope; picture-in-picture; web-share\" referrerpolicy=\"strict-origin-when-cross-origin\" allowfullscreen><\/iframe><\/p>\n<p>Plate carrier sling on yksipisteinen asehihna. Asehihnan toinen p\u00e4\u00e4 kiinnittyy plate carrerin selk\u00e4puolelle ja toinen p\u00e4\u00e4 kiinnittyy aseen keskimm\u00e4iseen kiinnityspisteeseen. Plate carrier asehihnan hihnan pituutta voi helposti pikas\u00e4\u00e4t\u00e4\u00e4.<\/p>\n<p>Plate Carrier sling asehihnan ja Retention Sling joustohihnan avulla voit lukita aseen plate carrierin selk\u00e4puolelle tai sivulle.<\/p>\n<p>Plate Carrier Sling asehihnan hihnamateriaali on MilSpec. \/ Nir suojattua hihnanauhaa.<\/p>\n<p>Voit my\u00f6s kiinnitt\u00e4\u00e4 PC Sling asehihnan reppuun\/rinkkaan. Reppuun kiinnitetty PC Sling asehihna jakaa aseen painon reppuun kantoviilekkeisiin.<\/p>\n<p>Plate Carrier Sling asehihna tulee QD tai H&amp;K kiinnikkeell\u00e4.<\/p>\n<p>Aseen kantaminen PC Sling asehihna kanssa on vaivatonta ja luonnollista. K\u00e4ytett\u00e4ess\u00e4 PC Sling asehihnaa, hihna ei takerru muihin varusteisiin samalla tavalla kun kaksipiste asehihnan kanssa.<\/p>\n<p>Plate Carrier Sling asehihna on t\u00e4ydellinen PC lis\u00e4varuste erityisesti jos plate carrierissa on paljon lis\u00e4varusteita.<\/p>\n<p><strong>Usein kysyttyj\u00e4 kysymyksi\u00e4? <\/strong><\/p>\n<p><strong>Voiko Plate Carrier Sling asehihnaa k\u00e4ytt\u00e4\u00e4 kaksipiste asehihnana?<\/strong><\/p>\n<p>PC Sling asehihnan pituus on 150cm. Jos t\u00e4m\u00e4 pituus riitt\u00e4\u00e4 PC Sling asehihnaa voi k\u00e4ytt\u00e4\u00e4 kaksipiste asehihnana. PC Sling asehihnan toiseen p\u00e4\u00e4h\u00e4n pit\u00e4\u00e4 vaan lis\u00e4t\u00e4 asehihna kiinnike. PC Sling asehihnan kiinnitt\u00e4minen plate carrieriin on hieman aikaa viev\u00e4\u00e4. T\u00e4m\u00e4n takia asehihnan kiinnitt\u00e4minen ja irrottaminen ei ole suositeltavaa.<\/p>\n<p><strong>Voiko Plate Carrier Sling asehihnan hihnan pituutta s\u00e4\u00e4t\u00e4\u00e4?<\/strong><\/p>\n<p>Kyll\u00e4. Asehihnan pituutta voi pikas\u00e4\u00e4t\u00e4\u00e4 helposti ja vaivattomasti.<\/p>\n<p><strong>Miten k\u00e4yt\u00e4t asehihnaa CQB toiminnassa?<\/strong><\/p>\n<div class=\"adn ads\" data-message-id=\"#msg-f:1846842132992362566\" data-legacy-message-id=\"19a14d228d3c0846\">\n<div class=\"gs\">\n<div class=\"\">\n<div id=\":mu\" class=\"ii gt\">\n<div id=\":mt\" class=\"a3s aiL\">\n<div><\/div>\n<\/div>\n<\/div>\n<\/div>\n<\/div>\n<\/div>\n<div class=\"gA gt acV\">\n<div class=\"gB xu\">\n<div class=\"ip iq\">\n<div id=\"avWBGd-13\" class=\"bJvOmf\">\n<p>CQB toiminnassa asetta pit\u00e4\u00e4 pysty\u00e4 manipuloimaan hyvin ahtaiden tilojen ja ymp\u00e4r\u00f6ivien ihmisten takia. Jos k\u00e4yt\u00e4t kaksipiste asehihnaa kainalon ali, asehihna tulee olla l\u00f6ys\u00e4ll\u00e4. L\u00f6ys\u00e4 kainalon ali kulkeva asehihna voi pudota olkap\u00e4\u00e4n yli. Jos kaksipiste asehihna on kiinni kiv\u00e4\u00e4rin etuosassa, lippaan vaihtaminen voi olla vaikeaa. T\u00e4st\u00e4 syyst\u00e4 asehihnan etup\u00e4\u00e4 on hyv\u00e4 olla kiinnitettyn\u00e4 l\u00e4helle kiv\u00e4\u00e4rin keskiosaa.<\/p>\n<p>Jos k\u00e4yt\u00e4t kaksipiste asehihnasta tehty\u00e4 yksipiste asehihnaa, asehihna pysyy paikallaan eik\u00e4 aiheuta ongelmia aseenk\u00e4sittelyss\u00e4. Tavallisesti kaksipiste asehihnasta muutetut yksipiste asehihnat j\u00e4tt\u00e4v\u00e4t aseen roikkumaan kohtuullisen alas.<\/p>\n<p>Plate Carrier Sling asehihnaa k\u00e4ytett\u00e4ess\u00e4 aseen korkeutta voi s\u00e4\u00e4t\u00e4\u00e4 ja hihna ei hankaloita aseen k\u00e4sittely\u00e4.<\/p>\n<p>Hihna ei my\u00f6sk\u00e4\u00e4n takerru varusteisiin kuten kaksipiste asehihna saattaa takertua.<\/p>\n<p>Retention joustohihnan kanssa saat my\u00f6s lukittua aseen selk\u00e4\u00e4n tai kylkeen. Plate Carrier Sling asehihnan avulla voit kantaa mukanasi toissijaista asetta kuten breaching haulikkoa. Retention Sling joustohihnan avulla saat toissijaisen aseen kiinni selk\u00e4\u00e4n.<\/p>\n<\/div>\n<\/div>\n<\/div>\n<\/div>\n<div class=\"video-container\">\n<p><iframe title=\"Plate carrier sling\" width=\"800\" height=\"600\" src=\"https:\/\/www.youtube.com\/embed\/elhYtgpIFao?start=44&#038;feature=oembed\" frameborder=\"0\" allow=\"accelerometer; autoplay; clipboard-write; encrypted-media; gyroscope; picture-in-picture; web-share\" referrerpolicy=\"strict-origin-when-cross-origin\" allowfullscreen><\/iframe><\/p>\n<\/div>","protected":false},"excerpt":{"rendered":"<p>Plate carrier sling is a single point sling. The other end of the sling attaches to the back of the plate carrier \/ tactical vest and the other end of the weapon sling to the middle sling attachment point of the weapon. You can easily adjust the sling length of the PC sling. With Plate Carrier Sling and Retention Sling you can lock the weapon firmly to your back or to your side. The Plate Carrer slings sling material is Mil spec (Nir. protected). You can also place the pc sling on your backpack. This way the weight of your weapon distributes to the backpack. Plate carrier sling comes with QD sling swivel or H&amp;K style hook. Carrying a rifle with plate carrier sling is comfortable and natural. With pc sling the rifle does not tangle anymore to the other plate carrier accessories like it does with two point sling.&hellip;<\/p>\n<p> <a class=\"more-link\" href=\"https:\/\/finsling.com\/fi\/tuote\/plate-carrier-tactical-vest-sling-qd\/\">Lue Lis\u00e4\u00e4<\/a><\/p>","protected":false},"featured_media":1244,"template":"","meta":[],"product_brand":[],"product_cat":[32],"product_tag":[61,41,56,53,55,54,52,64,57,63],"class_list":{"0":"post-626","1":"product","2":"type-product","3":"status-publish","4":"has-post-thumbnail","6":"product_cat-product","7":"product_tag-asehihna","8":"product_tag-finsling","9":"product_tag-pc-gear","10":"product_tag-pc-sling","11":"product_tag-plate-carrier-accessories","12":"product_tag-plate-carrier-setup","13":"product_tag-plate-carrier-sling","14":"product_tag-reservilaisasehihna","15":"product_tag-single-point-pc-sling","16":"product_tag-taktinen-hihna","18":"first","19":"instock","20":"taxable","21":"shipping-taxable","22":"purchasable","23":"product-type-variable"},"yoast_head":"<!-- This site is optimized with the Yoast SEO plugin v27.4 - https:\/\/yoast.com\/product\/yoast-seo-wordpress\/ -->\n<title>Plate carrier \/ tactical vest sling - Finsling<\/title>\n<meta name=\"robots\" content=\"index, follow, max-snippet:-1, max-image-preview:large, max-video-preview:-1\" \/>\n<link rel=\"canonical\" href=\"https:\/\/finsling.com\/fi\/tuote\/plate-carrier-tactical-vest-sling-qd\/\" \/>\n<meta property=\"og:locale\" content=\"fi_FI\" \/>\n<meta property=\"og:type\" content=\"article\" \/>\n<meta property=\"og:title\" content=\"Plate carrier \/ tactical vest sling - Finsling\" \/>\n<meta property=\"og:description\" content=\"Plate carrier sling is a single point sling. The other end of the sling attaches to the back of the plate carrier \/ tactical vest and the other end of the weapon sling to the middle sling attachment point of the weapon. You can easily adjust the sling length of the PC sling. With Plate Carrier Sling and Retention Sling you can lock the weapon firmly to your back or to your side. The Plate Carrer slings sling material is Mil spec (Nir. protected). You can also place the pc sling on your backpack. This way the weight of your weapon distributes to the backpack. Plate carrier sling comes with QD sling swivel or H&amp;K style hook. Carrying a rifle with plate carrier sling is comfortable and natural. With pc sling the rifle does not tangle anymore to the other plate carrier accessories like it does with two point sling.&hellip;  Lue Lis\u00e4\u00e4\" \/>\n<meta property=\"og:url\" content=\"https:\/\/finsling.com\/fi\/tuote\/plate-carrier-tactical-vest-sling-qd\/\" \/>\n<meta property=\"og:site_name\" content=\"Finsling\" \/>\n<meta property=\"article:publisher\" content=\"https:\/\/www.facebook.com\/finsling\/\" \/>\n<meta property=\"article:modified_time\" content=\"2026-04-27T07:06:03+00:00\" \/>\n<meta property=\"og:image\" content=\"https:\/\/finsling.com\/wp-content\/uploads\/2023\/09\/pcgreen-scaled.jpg\" \/>\n\t<meta property=\"og:image:width\" content=\"2560\" \/>\n\t<meta property=\"og:image:height\" content=\"2560\" \/>\n\t<meta property=\"og:image:type\" content=\"image\/jpeg\" \/>\n<meta name=\"twitter:card\" content=\"summary_large_image\" \/>\n<meta name=\"twitter:label1\" content=\"Arvioitu lukuaika\" \/>\n\t<meta name=\"twitter:data1\" content=\"3 minuuttia\" \/>\n<script type=\"application\/ld+json\" class=\"yoast-schema-graph\">{\"@context\":\"https:\\\/\\\/schema.org\",\"@graph\":[{\"@type\":\"WebPage\",\"@id\":\"https:\\\/\\\/finsling.com\\\/product\\\/plate-carrier-tactical-vest-sling-qd\\\/\",\"url\":\"https:\\\/\\\/finsling.com\\\/product\\\/plate-carrier-tactical-vest-sling-qd\\\/\",\"name\":\"Plate carrier \\\/ tactical vest sling - Finsling\",\"isPartOf\":{\"@id\":\"https:\\\/\\\/finsling.com\\\/#website\"},\"primaryImageOfPage\":{\"@id\":\"https:\\\/\\\/finsling.com\\\/product\\\/plate-carrier-tactical-vest-sling-qd\\\/#primaryimage\"},\"image\":{\"@id\":\"https:\\\/\\\/finsling.com\\\/product\\\/plate-carrier-tactical-vest-sling-qd\\\/#primaryimage\"},\"thumbnailUrl\":\"https:\\\/\\\/finsling.com\\\/wp-content\\\/uploads\\\/2023\\\/09\\\/pcgreen-scaled.jpg\",\"datePublished\":\"2020-11-13T16:11:49+00:00\",\"dateModified\":\"2026-04-27T07:06:03+00:00\",\"breadcrumb\":{\"@id\":\"https:\\\/\\\/finsling.com\\\/product\\\/plate-carrier-tactical-vest-sling-qd\\\/#breadcrumb\"},\"inLanguage\":\"fi\",\"potentialAction\":[{\"@type\":\"ReadAction\",\"target\":[\"https:\\\/\\\/finsling.com\\\/product\\\/plate-carrier-tactical-vest-sling-qd\\\/\"]}]},{\"@type\":\"ImageObject\",\"inLanguage\":\"fi\",\"@id\":\"https:\\\/\\\/finsling.com\\\/product\\\/plate-carrier-tactical-vest-sling-qd\\\/#primaryimage\",\"url\":\"https:\\\/\\\/finsling.com\\\/wp-content\\\/uploads\\\/2023\\\/09\\\/pcgreen-scaled.jpg\",\"contentUrl\":\"https:\\\/\\\/finsling.com\\\/wp-content\\\/uploads\\\/2023\\\/09\\\/pcgreen-scaled.jpg\",\"width\":2560,\"height\":2560,\"caption\":\"Plate carrier \\\/ tactical vest sling\"},{\"@type\":\"BreadcrumbList\",\"@id\":\"https:\\\/\\\/finsling.com\\\/product\\\/plate-carrier-tactical-vest-sling-qd\\\/#breadcrumb\",\"itemListElement\":[{\"@type\":\"ListItem\",\"position\":1,\"name\":\"Home\",\"item\":\"https:\\\/\\\/finsling.com\\\/\"},{\"@type\":\"ListItem\",\"position\":2,\"name\":\"Products\",\"item\":\"https:\\\/\\\/finsling.com\\\/kauppa\\\/\"},{\"@type\":\"ListItem\",\"position\":3,\"name\":\"Plate carrier \\\/ tactical vest sling\"}]},{\"@type\":\"WebSite\",\"@id\":\"https:\\\/\\\/finsling.com\\\/#website\",\"url\":\"https:\\\/\\\/finsling.com\\\/\",\"name\":\"Finsling\",\"description\":\"SIMPLE - DURABLE - EFFECTIVE\",\"publisher\":{\"@id\":\"https:\\\/\\\/finsling.com\\\/#organization\"},\"potentialAction\":[{\"@type\":\"SearchAction\",\"target\":{\"@type\":\"EntryPoint\",\"urlTemplate\":\"https:\\\/\\\/finsling.com\\\/?s={search_term_string}\"},\"query-input\":{\"@type\":\"PropertyValueSpecification\",\"valueRequired\":true,\"valueName\":\"search_term_string\"}}],\"inLanguage\":\"fi\"},{\"@type\":\"Organization\",\"@id\":\"https:\\\/\\\/finsling.com\\\/#organization\",\"name\":\"Finsling\",\"url\":\"https:\\\/\\\/finsling.com\\\/\",\"logo\":{\"@type\":\"ImageObject\",\"inLanguage\":\"fi\",\"@id\":\"https:\\\/\\\/finsling.com\\\/#\\\/schema\\\/logo\\\/image\\\/\",\"url\":\"https:\\\/\\\/finsling.com\\\/wp-content\\\/uploads\\\/2019\\\/11\\\/cropped-finsling_medium-3.png\",\"contentUrl\":\"https:\\\/\\\/finsling.com\\\/wp-content\\\/uploads\\\/2019\\\/11\\\/cropped-finsling_medium-3.png\",\"width\":554,\"height\":208,\"caption\":\"Finsling\"},\"image\":{\"@id\":\"https:\\\/\\\/finsling.com\\\/#\\\/schema\\\/logo\\\/image\\\/\"},\"sameAs\":[\"https:\\\/\\\/www.facebook.com\\\/finsling\\\/\"]}]}<\/script>\n<!-- \/ Yoast SEO plugin. -->","yoast_head_json":{"title":"Plate carrier \/ tactical vest sling - Finsling","robots":{"index":"index","follow":"follow","max-snippet":"max-snippet:-1","max-image-preview":"max-image-preview:large","max-video-preview":"max-video-preview:-1"},"canonical":"https:\/\/finsling.com\/fi\/tuote\/plate-carrier-tactical-vest-sling-qd\/","og_locale":"fi_FI","og_type":"article","og_title":"Plate carrier \/ tactical vest sling - Finsling","og_description":"Plate carrier sling is a single point sling. The other end of the sling attaches to the back of the plate carrier \/ tactical vest and the other end of the weapon sling to the middle sling attachment point of the weapon. You can easily adjust the sling length of the PC sling. With Plate Carrier Sling and Retention Sling you can lock the weapon firmly to your back or to your side. The Plate Carrer slings sling material is Mil spec (Nir. protected). You can also place the pc sling on your backpack. This way the weight of your weapon distributes to the backpack. Plate carrier sling comes with QD sling swivel or H&amp;K style hook. Carrying a rifle with plate carrier sling is comfortable and natural. With pc sling the rifle does not tangle anymore to the other plate carrier accessories like it does with two point sling.&hellip;  Lue Lis\u00e4\u00e4","og_url":"https:\/\/finsling.com\/fi\/tuote\/plate-carrier-tactical-vest-sling-qd\/","og_site_name":"Finsling","article_publisher":"https:\/\/www.facebook.com\/finsling\/","article_modified_time":"2026-04-27T07:06:03+00:00","og_image":[{"width":2560,"height":2560,"url":"https:\/\/finsling.com\/wp-content\/uploads\/2023\/09\/pcgreen-scaled.jpg","type":"image\/jpeg"}],"twitter_card":"summary_large_image","twitter_misc":{"Arvioitu lukuaika":"3 minuuttia"},"schema":{"@context":"https:\/\/schema.org","@graph":[{"@type":"WebPage","@id":"https:\/\/finsling.com\/product\/plate-carrier-tactical-vest-sling-qd\/","url":"https:\/\/finsling.com\/product\/plate-carrier-tactical-vest-sling-qd\/","name":"Plate carrier \/ tactical vest sling - Finsling","isPartOf":{"@id":"https:\/\/finsling.com\/#website"},"primaryImageOfPage":{"@id":"https:\/\/finsling.com\/product\/plate-carrier-tactical-vest-sling-qd\/#primaryimage"},"image":{"@id":"https:\/\/finsling.com\/product\/plate-carrier-tactical-vest-sling-qd\/#primaryimage"},"thumbnailUrl":"https:\/\/finsling.com\/wp-content\/uploads\/2023\/09\/pcgreen-scaled.jpg","datePublished":"2020-11-13T16:11:49+00:00","dateModified":"2026-04-27T07:06:03+00:00","breadcrumb":{"@id":"https:\/\/finsling.com\/product\/plate-carrier-tactical-vest-sling-qd\/#breadcrumb"},"inLanguage":"fi","potentialAction":[{"@type":"ReadAction","target":["https:\/\/finsling.com\/product\/plate-carrier-tactical-vest-sling-qd\/"]}]},{"@type":"ImageObject","inLanguage":"fi","@id":"https:\/\/finsling.com\/product\/plate-carrier-tactical-vest-sling-qd\/#primaryimage","url":"https:\/\/finsling.com\/wp-content\/uploads\/2023\/09\/pcgreen-scaled.jpg","contentUrl":"https:\/\/finsling.com\/wp-content\/uploads\/2023\/09\/pcgreen-scaled.jpg","width":2560,"height":2560,"caption":"Plate carrier \/ tactical vest sling"},{"@type":"BreadcrumbList","@id":"https:\/\/finsling.com\/product\/plate-carrier-tactical-vest-sling-qd\/#breadcrumb","itemListElement":[{"@type":"ListItem","position":1,"name":"Home","item":"https:\/\/finsling.com\/"},{"@type":"ListItem","position":2,"name":"Products","item":"https:\/\/finsling.com\/kauppa\/"},{"@type":"ListItem","position":3,"name":"Plate carrier \/ tactical vest sling"}]},{"@type":"WebSite","@id":"https:\/\/finsling.com\/#website","url":"https:\/\/finsling.com\/","name":"Finsling","description":"SIMPLE - DURABLE - EFFECTIVE","publisher":{"@id":"https:\/\/finsling.com\/#organization"},"potentialAction":[{"@type":"SearchAction","target":{"@type":"EntryPoint","urlTemplate":"https:\/\/finsling.com\/?s={search_term_string}"},"query-input":{"@type":"PropertyValueSpecification","valueRequired":true,"valueName":"search_term_string"}}],"inLanguage":"fi"},{"@type":"Organization","@id":"https:\/\/finsling.com\/#organization","name":"Finsling","url":"https:\/\/finsling.com\/","logo":{"@type":"ImageObject","inLanguage":"fi","@id":"https:\/\/finsling.com\/#\/schema\/logo\/image\/","url":"https:\/\/finsling.com\/wp-content\/uploads\/2019\/11\/cropped-finsling_medium-3.png","contentUrl":"https:\/\/finsling.com\/wp-content\/uploads\/2019\/11\/cropped-finsling_medium-3.png","width":554,"height":208,"caption":"Finsling"},"image":{"@id":"https:\/\/finsling.com\/#\/schema\/logo\/image\/"},"sameAs":["https:\/\/www.facebook.com\/finsling\/"]}]}},"_links":{"self":[{"href":"https:\/\/finsling.com\/fi\/wp-json\/wp\/v2\/product\/626","targetHints":{"allow":["GET"]}}],"collection":[{"href":"https:\/\/finsling.com\/fi\/wp-json\/wp\/v2\/product"}],"about":[{"href":"https:\/\/finsling.com\/fi\/wp-json\/wp\/v2\/types\/product"}],"wp:featuredmedia":[{"embeddable":true,"href":"https:\/\/finsling.com\/fi\/wp-json\/wp\/v2\/media\/1244"}],"wp:attachment":[{"href":"https:\/\/finsling.com\/fi\/wp-json\/wp\/v2\/media?parent=626"}],"wp:term":[{"taxonomy":"product_brand","embeddable":true,"href":"https:\/\/finsling.com\/fi\/wp-json\/wp\/v2\/product_brand?post=626"},{"taxonomy":"product_cat","embeddable":true,"href":"https:\/\/finsling.com\/fi\/wp-json\/wp\/v2\/product_cat?post=626"},{"taxonomy":"product_tag","embeddable":true,"href":"https:\/\/finsling.com\/fi\/wp-json\/wp\/v2\/product_tag?post=626"}],"curies":[{"name":"wp","href":"https:\/\/api.w.org\/{rel}","templated":true}]}}