{"id":647,"date":"2020-12-18T13:59:25","date_gmt":"2020-12-18T11:59:25","guid":{"rendered":"https:\/\/finsling.com\/?post_type=product&#038;p=647"},"modified":"2025-10-06T22:07:15","modified_gmt":"2025-10-06T19:07:15","slug":"retention-sling","status":"publish","type":"product","link":"https:\/\/finsling.com\/fi\/tuote\/retention-sling\/","title":{"rendered":"Retention Sling"},"content":{"rendered":"<p><iframe title=\"Support for shooting with retention sling. Retentionsling is a weaponcatch for plate carrier.\" width=\"563\" height=\"1000\" src=\"https:\/\/www.youtube.com\/embed\/bGg3nHTUZ3A?feature=oembed\" frameborder=\"0\" allow=\"accelerometer; autoplay; clipboard-write; encrypted-media; gyroscope; picture-in-picture; web-share\" referrerpolicy=\"strict-origin-when-cross-origin\" allowfullscreen><\/iframe><\/p>\n<p><iframe title=\"Attacment of a retention sling.\" width=\"800\" height=\"450\" src=\"https:\/\/www.youtube.com\/embed\/NN5etdNkuDE?feature=oembed\" frameborder=\"0\" allow=\"accelerometer; autoplay; clipboard-write; encrypted-media; gyroscope; picture-in-picture; web-share\" referrerpolicy=\"strict-origin-when-cross-origin\" allowfullscreen><\/iframe><\/p>\n<p><iframe title=\"Hands free with PC sling and weapon retention sling\" width=\"800\" height=\"600\" src=\"https:\/\/www.youtube.com\/embed\/e6zCjbeJzhE?feature=oembed\" frameborder=\"0\" allow=\"accelerometer; autoplay; clipboard-write; encrypted-media; gyroscope; picture-in-picture; web-share\" referrerpolicy=\"strict-origin-when-cross-origin\" allowfullscreen><\/iframe><\/p>\n<p>Retention Sling hihnaosa on 25mm leve\u00e4\u00e4 putkilomaista hihnanauhaa mink\u00e4 sis\u00e4ll\u00e4 on vahva kuminauha. Toisessa p\u00e4\u00e4ss\u00e4 on koukku.<\/p>\n<p>Kaikki tuotteen materiaalit on MilSpec. luokiteltua.<\/p>\n<p>Retention Sling toimii parhaiten Plate Carrier asehihnan kanssa kiinnitettyn\u00e4 plate carrierin selk\u00e4puolelle.<\/p>\n<p>Retention Slingin avulla voit lukita aseen plate carrierin selk\u00e4\u00e4n tai kylkeen. N\u00e4in k\u00e4ytt\u00e4j\u00e4 saa k\u00e4det vapaaksi.<\/p>\n<p>Retention Sling on rakenteeltaan hyvin j\u00e4m\u00e4kk\u00e4 ja kest\u00e4v\u00e4.<\/p>\n<p>Retention Slingin voi kiinnitt\u00e4\u00e4 plate carrieriin monella eri tavalla. Tuotteen mukana tulee kiinnityslenkki mik\u00e4 on suunniteltu siihen ett\u00e4 sen avulla tuote kiinnitet\u00e4\u00e4n molle kujaan. Voit kiinnitt\u00e4\u00e4 Retention Slingin my\u00f6s sulkurenkaalla tai yksinkertaisella lenkkisolmulla.<\/p>\n<p><strong>Usein kysyttyj\u00e4 kysymyksi\u00e4? <\/strong><\/p>\n<p><strong>Voiko Retention Slingi\u00e4 k\u00e4ytt\u00e4\u00e4 muuten kun plate carrierin kanssa?<\/strong><\/p>\n<p>Kyll\u00e4. Voit kiinnitt\u00e4\u00e4 Retention Slingin my\u00f6s varustevy\u00f6n etu tai takapuolelle.<\/p>","protected":false},"excerpt":{"rendered":"<p>Retention sling is 25mm wide tubular bungee sling with hook at the other end. All materials on the Retention Sling is MilSpec. Retention sling works best with the Plate Carrier Sling on a plate carrier. With retention sling you can lock the weapon behind your back or on your side. The Retention Sling is very flexible, sturdy and a heavy duty product. You can attach the Retention Sling to your plate carrier in many ways. The Retention Sling comes with attaching loop. The loop is designed to attach the Retention Sling to a molle alley. You can also attach the Retention Sling with carabiner or similar device or with just a simple loop knot. FAQ? Can you use the Retention Sling with another gear than plate carrier? Yes, you can attach the Retention sling to the back of your duty belt ass well. You can also attach the Retention sling&hellip;<\/p>\n<p> <a class=\"more-link\" href=\"https:\/\/finsling.com\/fi\/tuote\/retention-sling\/\">Lue Lis\u00e4\u00e4<\/a><\/p>","protected":false},"featured_media":985,"template":"","meta":[],"product_brand":[],"product_cat":[32],"product_tag":[],"class_list":{"0":"post-647","1":"product","2":"type-product","3":"status-publish","4":"has-post-thumbnail","6":"product_cat-product","8":"first","9":"instock","10":"taxable","11":"shipping-taxable","12":"purchasable","13":"product-type-variable"},"yoast_head":"<!-- This site is optimized with the Yoast SEO plugin v27.3 - https:\/\/yoast.com\/product\/yoast-seo-wordpress\/ -->\n<title>Retention Sling - Finsling<\/title>\n<meta name=\"robots\" content=\"index, follow, max-snippet:-1, max-image-preview:large, max-video-preview:-1\" \/>\n<link rel=\"canonical\" href=\"https:\/\/finsling.com\/fi\/tuote\/retention-sling\/\" \/>\n<meta property=\"og:locale\" content=\"fi_FI\" \/>\n<meta property=\"og:type\" content=\"article\" \/>\n<meta property=\"og:title\" content=\"Retention Sling - Finsling\" \/>\n<meta property=\"og:description\" content=\"Retention sling is 25mm wide tubular bungee sling with hook at the other end. All materials on the Retention Sling is MilSpec. Retention sling works best with the Plate Carrier Sling on a plate carrier. With retention sling you can lock the weapon behind your back or on your side. The Retention Sling is very flexible, sturdy and a heavy duty product. You can attach the Retention Sling to your plate carrier in many ways. The Retention Sling comes with attaching loop. The loop is designed to attach the Retention Sling to a molle alley. You can also attach the Retention Sling with carabiner or similar device or with just a simple loop knot. FAQ? Can you use the Retention Sling with another gear than plate carrier? Yes, you can attach the Retention sling to the back of your duty belt ass well. You can also attach the Retention sling&hellip;  Lue Lis\u00e4\u00e4\" \/>\n<meta property=\"og:url\" content=\"https:\/\/finsling.com\/fi\/tuote\/retention-sling\/\" \/>\n<meta property=\"og:site_name\" content=\"Finsling\" \/>\n<meta property=\"article:publisher\" content=\"https:\/\/www.facebook.com\/finsling\/\" \/>\n<meta property=\"article:modified_time\" content=\"2025-10-06T19:07:15+00:00\" \/>\n<meta property=\"og:image\" content=\"https:\/\/finsling.com\/wp-content\/uploads\/2022\/09\/retention-rotated.jpg\" \/>\n\t<meta property=\"og:image:width\" content=\"1448\" \/>\n\t<meta property=\"og:image:height\" content=\"1448\" \/>\n\t<meta property=\"og:image:type\" content=\"image\/jpeg\" \/>\n<meta name=\"twitter:card\" content=\"summary_large_image\" \/>\n<meta name=\"twitter:label1\" content=\"Arvioitu lukuaika\" \/>\n\t<meta name=\"twitter:data1\" content=\"1 minuutti\" \/>\n<script type=\"application\/ld+json\" class=\"yoast-schema-graph\">{\"@context\":\"https:\\\/\\\/schema.org\",\"@graph\":[{\"@type\":\"WebPage\",\"@id\":\"https:\\\/\\\/finsling.com\\\/product\\\/retention-sling\\\/\",\"url\":\"https:\\\/\\\/finsling.com\\\/product\\\/retention-sling\\\/\",\"name\":\"Retention Sling - Finsling\",\"isPartOf\":{\"@id\":\"https:\\\/\\\/finsling.com\\\/#website\"},\"primaryImageOfPage\":{\"@id\":\"https:\\\/\\\/finsling.com\\\/product\\\/retention-sling\\\/#primaryimage\"},\"image\":{\"@id\":\"https:\\\/\\\/finsling.com\\\/product\\\/retention-sling\\\/#primaryimage\"},\"thumbnailUrl\":\"https:\\\/\\\/finsling.com\\\/wp-content\\\/uploads\\\/2022\\\/09\\\/retention-rotated.jpg\",\"datePublished\":\"2020-12-18T11:59:25+00:00\",\"dateModified\":\"2025-10-06T19:07:15+00:00\",\"breadcrumb\":{\"@id\":\"https:\\\/\\\/finsling.com\\\/product\\\/retention-sling\\\/#breadcrumb\"},\"inLanguage\":\"fi\",\"potentialAction\":[{\"@type\":\"ReadAction\",\"target\":[\"https:\\\/\\\/finsling.com\\\/product\\\/retention-sling\\\/\"]}]},{\"@type\":\"ImageObject\",\"inLanguage\":\"fi\",\"@id\":\"https:\\\/\\\/finsling.com\\\/product\\\/retention-sling\\\/#primaryimage\",\"url\":\"https:\\\/\\\/finsling.com\\\/wp-content\\\/uploads\\\/2022\\\/09\\\/retention-rotated.jpg\",\"contentUrl\":\"https:\\\/\\\/finsling.com\\\/wp-content\\\/uploads\\\/2022\\\/09\\\/retention-rotated.jpg\",\"width\":1448,\"height\":1448,\"caption\":\"Retention sling\"},{\"@type\":\"BreadcrumbList\",\"@id\":\"https:\\\/\\\/finsling.com\\\/product\\\/retention-sling\\\/#breadcrumb\",\"itemListElement\":[{\"@type\":\"ListItem\",\"position\":1,\"name\":\"Home\",\"item\":\"https:\\\/\\\/finsling.com\\\/\"},{\"@type\":\"ListItem\",\"position\":2,\"name\":\"Products\",\"item\":\"https:\\\/\\\/finsling.com\\\/kauppa\\\/\"},{\"@type\":\"ListItem\",\"position\":3,\"name\":\"Retention Sling\"}]},{\"@type\":\"WebSite\",\"@id\":\"https:\\\/\\\/finsling.com\\\/#website\",\"url\":\"https:\\\/\\\/finsling.com\\\/\",\"name\":\"Finsling\",\"description\":\"SIMPLE - DURABLE - EFFECTIVE\",\"publisher\":{\"@id\":\"https:\\\/\\\/finsling.com\\\/#organization\"},\"potentialAction\":[{\"@type\":\"SearchAction\",\"target\":{\"@type\":\"EntryPoint\",\"urlTemplate\":\"https:\\\/\\\/finsling.com\\\/?s={search_term_string}\"},\"query-input\":{\"@type\":\"PropertyValueSpecification\",\"valueRequired\":true,\"valueName\":\"search_term_string\"}}],\"inLanguage\":\"fi\"},{\"@type\":\"Organization\",\"@id\":\"https:\\\/\\\/finsling.com\\\/#organization\",\"name\":\"Finsling\",\"url\":\"https:\\\/\\\/finsling.com\\\/\",\"logo\":{\"@type\":\"ImageObject\",\"inLanguage\":\"fi\",\"@id\":\"https:\\\/\\\/finsling.com\\\/#\\\/schema\\\/logo\\\/image\\\/\",\"url\":\"https:\\\/\\\/finsling.com\\\/wp-content\\\/uploads\\\/2019\\\/11\\\/cropped-finsling_medium-3.png\",\"contentUrl\":\"https:\\\/\\\/finsling.com\\\/wp-content\\\/uploads\\\/2019\\\/11\\\/cropped-finsling_medium-3.png\",\"width\":554,\"height\":208,\"caption\":\"Finsling\"},\"image\":{\"@id\":\"https:\\\/\\\/finsling.com\\\/#\\\/schema\\\/logo\\\/image\\\/\"},\"sameAs\":[\"https:\\\/\\\/www.facebook.com\\\/finsling\\\/\"]}]}<\/script>\n<!-- \/ Yoast SEO plugin. -->","yoast_head_json":{"title":"Retention Sling - Finsling","robots":{"index":"index","follow":"follow","max-snippet":"max-snippet:-1","max-image-preview":"max-image-preview:large","max-video-preview":"max-video-preview:-1"},"canonical":"https:\/\/finsling.com\/fi\/tuote\/retention-sling\/","og_locale":"fi_FI","og_type":"article","og_title":"Retention Sling - Finsling","og_description":"Retention sling is 25mm wide tubular bungee sling with hook at the other end. All materials on the Retention Sling is MilSpec. Retention sling works best with the Plate Carrier Sling on a plate carrier. With retention sling you can lock the weapon behind your back or on your side. The Retention Sling is very flexible, sturdy and a heavy duty product. You can attach the Retention Sling to your plate carrier in many ways. The Retention Sling comes with attaching loop. The loop is designed to attach the Retention Sling to a molle alley. You can also attach the Retention Sling with carabiner or similar device or with just a simple loop knot. FAQ? Can you use the Retention Sling with another gear than plate carrier? Yes, you can attach the Retention sling to the back of your duty belt ass well. You can also attach the Retention sling&hellip;  Lue Lis\u00e4\u00e4","og_url":"https:\/\/finsling.com\/fi\/tuote\/retention-sling\/","og_site_name":"Finsling","article_publisher":"https:\/\/www.facebook.com\/finsling\/","article_modified_time":"2025-10-06T19:07:15+00:00","og_image":[{"width":1448,"height":1448,"url":"https:\/\/finsling.com\/wp-content\/uploads\/2022\/09\/retention-rotated.jpg","type":"image\/jpeg"}],"twitter_card":"summary_large_image","twitter_misc":{"Arvioitu lukuaika":"1 minuutti"},"schema":{"@context":"https:\/\/schema.org","@graph":[{"@type":"WebPage","@id":"https:\/\/finsling.com\/product\/retention-sling\/","url":"https:\/\/finsling.com\/product\/retention-sling\/","name":"Retention Sling - Finsling","isPartOf":{"@id":"https:\/\/finsling.com\/#website"},"primaryImageOfPage":{"@id":"https:\/\/finsling.com\/product\/retention-sling\/#primaryimage"},"image":{"@id":"https:\/\/finsling.com\/product\/retention-sling\/#primaryimage"},"thumbnailUrl":"https:\/\/finsling.com\/wp-content\/uploads\/2022\/09\/retention-rotated.jpg","datePublished":"2020-12-18T11:59:25+00:00","dateModified":"2025-10-06T19:07:15+00:00","breadcrumb":{"@id":"https:\/\/finsling.com\/product\/retention-sling\/#breadcrumb"},"inLanguage":"fi","potentialAction":[{"@type":"ReadAction","target":["https:\/\/finsling.com\/product\/retention-sling\/"]}]},{"@type":"ImageObject","inLanguage":"fi","@id":"https:\/\/finsling.com\/product\/retention-sling\/#primaryimage","url":"https:\/\/finsling.com\/wp-content\/uploads\/2022\/09\/retention-rotated.jpg","contentUrl":"https:\/\/finsling.com\/wp-content\/uploads\/2022\/09\/retention-rotated.jpg","width":1448,"height":1448,"caption":"Retention sling"},{"@type":"BreadcrumbList","@id":"https:\/\/finsling.com\/product\/retention-sling\/#breadcrumb","itemListElement":[{"@type":"ListItem","position":1,"name":"Home","item":"https:\/\/finsling.com\/"},{"@type":"ListItem","position":2,"name":"Products","item":"https:\/\/finsling.com\/kauppa\/"},{"@type":"ListItem","position":3,"name":"Retention Sling"}]},{"@type":"WebSite","@id":"https:\/\/finsling.com\/#website","url":"https:\/\/finsling.com\/","name":"Finsling","description":"SIMPLE - DURABLE - EFFECTIVE","publisher":{"@id":"https:\/\/finsling.com\/#organization"},"potentialAction":[{"@type":"SearchAction","target":{"@type":"EntryPoint","urlTemplate":"https:\/\/finsling.com\/?s={search_term_string}"},"query-input":{"@type":"PropertyValueSpecification","valueRequired":true,"valueName":"search_term_string"}}],"inLanguage":"fi"},{"@type":"Organization","@id":"https:\/\/finsling.com\/#organization","name":"Finsling","url":"https:\/\/finsling.com\/","logo":{"@type":"ImageObject","inLanguage":"fi","@id":"https:\/\/finsling.com\/#\/schema\/logo\/image\/","url":"https:\/\/finsling.com\/wp-content\/uploads\/2019\/11\/cropped-finsling_medium-3.png","contentUrl":"https:\/\/finsling.com\/wp-content\/uploads\/2019\/11\/cropped-finsling_medium-3.png","width":554,"height":208,"caption":"Finsling"},"image":{"@id":"https:\/\/finsling.com\/#\/schema\/logo\/image\/"},"sameAs":["https:\/\/www.facebook.com\/finsling\/"]}]}},"_links":{"self":[{"href":"https:\/\/finsling.com\/fi\/wp-json\/wp\/v2\/product\/647","targetHints":{"allow":["GET"]}}],"collection":[{"href":"https:\/\/finsling.com\/fi\/wp-json\/wp\/v2\/product"}],"about":[{"href":"https:\/\/finsling.com\/fi\/wp-json\/wp\/v2\/types\/product"}],"wp:featuredmedia":[{"embeddable":true,"href":"https:\/\/finsling.com\/fi\/wp-json\/wp\/v2\/media\/985"}],"wp:attachment":[{"href":"https:\/\/finsling.com\/fi\/wp-json\/wp\/v2\/media?parent=647"}],"wp:term":[{"taxonomy":"product_brand","embeddable":true,"href":"https:\/\/finsling.com\/fi\/wp-json\/wp\/v2\/product_brand?post=647"},{"taxonomy":"product_cat","embeddable":true,"href":"https:\/\/finsling.com\/fi\/wp-json\/wp\/v2\/product_cat?post=647"},{"taxonomy":"product_tag","embeddable":true,"href":"https:\/\/finsling.com\/fi\/wp-json\/wp\/v2\/product_tag?post=647"}],"curies":[{"name":"wp","href":"https:\/\/api.w.org\/{rel}","templated":true}]}}