{"id":683,"date":"2021-03-02T23:16:03","date_gmt":"2021-03-02T21:16:03","guid":{"rendered":"https:\/\/finsling.com\/?post_type=product&#038;p=683"},"modified":"2025-09-22T19:35:28","modified_gmt":"2025-09-22T16:35:28","slug":"ski-adapter-qd","status":"publish","type":"product","link":"https:\/\/finsling.com\/fi\/tuote\/ski-adapter-qd\/","title":{"rendered":"Ski adapter"},"content":{"rendered":"<p><iframe title=\"Ski adapter in action.\" width=\"800\" height=\"600\" src=\"https:\/\/www.youtube.com\/embed\/A1Ox0e2YPj0?feature=oembed\" frameborder=\"0\" allow=\"accelerometer; autoplay; clipboard-write; encrypted-media; gyroscope; picture-in-picture; web-share\" referrerpolicy=\"strict-origin-when-cross-origin\" allowfullscreen><\/iframe><\/p>\n<div class=\"video-container\">\n<p><iframe title=\"The One Sling ski adapter\" width=\"800\" height=\"600\" src=\"https:\/\/www.youtube.com\/embed\/Tw9n5XosYFk?feature=oembed\" frameborder=\"0\" allow=\"accelerometer; autoplay; clipboard-write; encrypted-media; gyroscope; picture-in-picture; web-share\" referrerpolicy=\"strict-origin-when-cross-origin\" allowfullscreen><\/iframe><\/p>\n<p>Ski Adapter on lis\u00e4laite mik\u00e4 mahdollistaa kiiv\u00e4ripituisen aseen kantamisen piippu ylh\u00e4\u00e4ll\u00e4 aseen ollessa tiiviisti rinnalla. Ski Adapter toimiin parhaiten 1P Sling ja The One Sling mini asehihnojen kanssa.<\/p>\n<p>Ski Adapter menee vedosta kahteen osaan. Toinen osista j\u00e4\u00e4 kiinni asehihnaan ja toinen j\u00e4\u00e4 aseeseen. Ennen aseen ampuma-asentoon saattamista Ski Adapter on irrotettava aseesta tai se on vedett\u00e4v\u00e4 kahteen osaan. Ski Adapterin takaisin kokoaminen on helppoa.<\/p>\n<p>Paras tapa hiiht\u00e4\u00e4 aseen kanssa on k\u00e4ytt\u00e4\u00e4 1P Sling \/ The One Sling mini asehihaa ja Ski Adapteria.<\/p>\n<p>Hiiht\u00e4minen aseen kanssa on tyypillisesti ep\u00e4mukavaa ja vaikeaa. The One Sling mini \/ 1P Sling asehihna ja Ski Adapterin kanssa hiiht\u00e4minen aseen kanssa on luonnollista. Ase on tiiviisti rinnalla ja k\u00e4det on vapaat k\u00e4ytt\u00e4m\u00e4\u00e4n sauvoja. Aseen asento rinnalla ei est\u00e4 k\u00e4sien normaalia liikerataa hiiht\u00e4ess\u00e4.<\/p>\n<\/div>","protected":false},"excerpt":{"rendered":"<p>Ski Adapter is a device that enables you to carry your rifle length muzzle up. Ski Adapter works best with 1P Sling or The One Sling mini weapon sling. The ski adapter separates into two pieces when pulled. The other piece stays on your weapon and the other on the sling. You must separate the Ski Adapter into two pieces or release the Ski Adapter from the weapon before you hit sights on target. Attaching the Ski Adapter back together is easy. The best way to carry your weapon on skies, is with The One Sling mini\/1P Sling gun slings and the Ski Adapter. Skiing with a rifle is normally uncomfortable and difficult. With The One Sling mini weapon sling and Ski Adapter skiing with a weapon is comfortable and natural. The weapon is close to your body on your chest, and your hands are free to use skiing poles.<\/p>","protected":false},"featured_media":1538,"template":"","meta":[],"product_brand":[],"product_cat":[32],"product_tag":[58,59,60],"class_list":{"0":"post-683","1":"product","2":"type-product","3":"status-publish","4":"has-post-thumbnail","6":"product_cat-product","7":"product_tag-skiing-with-weapon","8":"product_tag-winter-hunting","9":"product_tag-winter-warfare","11":"first","12":"instock","13":"featured","14":"taxable","15":"shipping-taxable","16":"purchasable","17":"product-type-variable"},"yoast_head":"<!-- This site is optimized with the Yoast SEO plugin v27.5 - https:\/\/yoast.com\/product\/yoast-seo-wordpress\/ -->\n<title>Ski adapter - Finsling<\/title>\n<meta name=\"robots\" content=\"index, follow, max-snippet:-1, max-image-preview:large, max-video-preview:-1\" \/>\n<link rel=\"canonical\" href=\"https:\/\/finsling.com\/fi\/tuote\/ski-adapter-qd\/\" \/>\n<meta property=\"og:locale\" content=\"fi_FI\" \/>\n<meta property=\"og:type\" content=\"article\" \/>\n<meta property=\"og:title\" content=\"Ski adapter - Finsling\" \/>\n<meta property=\"og:description\" content=\"Ski Adapter is a device that enables you to carry your rifle length muzzle up. Ski Adapter works best with 1P Sling or The One Sling mini weapon sling. The ski adapter separates into two pieces when pulled. The other piece stays on your weapon and the other on the sling. You must separate the Ski Adapter into two pieces or release the Ski Adapter from the weapon before you hit sights on target. Attaching the Ski Adapter back together is easy. The best way to carry your weapon on skies, is with The One Sling mini\/1P Sling gun slings and the Ski Adapter. Skiing with a rifle is normally uncomfortable and difficult. With The One Sling mini weapon sling and Ski Adapter skiing with a weapon is comfortable and natural. The weapon is close to your body on your chest, and your hands are free to use skiing poles.\" \/>\n<meta property=\"og:url\" content=\"https:\/\/finsling.com\/fi\/tuote\/ski-adapter-qd\/\" \/>\n<meta property=\"og:site_name\" content=\"Finsling\" \/>\n<meta property=\"article:publisher\" content=\"https:\/\/www.facebook.com\/finsling\/\" \/>\n<meta property=\"article:modified_time\" content=\"2025-09-22T16:35:28+00:00\" \/>\n<meta property=\"og:image\" content=\"https:\/\/finsling.com\/wp-content\/uploads\/2024\/11\/skiad1-scaled.jpg\" \/>\n\t<meta property=\"og:image:width\" content=\"2560\" \/>\n\t<meta property=\"og:image:height\" content=\"2560\" \/>\n\t<meta property=\"og:image:type\" content=\"image\/jpeg\" \/>\n<meta name=\"twitter:card\" content=\"summary_large_image\" \/>\n<meta name=\"twitter:label1\" content=\"Arvioitu lukuaika\" \/>\n\t<meta name=\"twitter:data1\" content=\"1 minuutti\" \/>\n<script type=\"application\/ld+json\" class=\"yoast-schema-graph\">{\"@context\":\"https:\\\/\\\/schema.org\",\"@graph\":[{\"@type\":\"WebPage\",\"@id\":\"https:\\\/\\\/finsling.com\\\/product\\\/ski-adapter-qd\\\/\",\"url\":\"https:\\\/\\\/finsling.com\\\/product\\\/ski-adapter-qd\\\/\",\"name\":\"Ski adapter - Finsling\",\"isPartOf\":{\"@id\":\"https:\\\/\\\/finsling.com\\\/#website\"},\"primaryImageOfPage\":{\"@id\":\"https:\\\/\\\/finsling.com\\\/product\\\/ski-adapter-qd\\\/#primaryimage\"},\"image\":{\"@id\":\"https:\\\/\\\/finsling.com\\\/product\\\/ski-adapter-qd\\\/#primaryimage\"},\"thumbnailUrl\":\"https:\\\/\\\/finsling.com\\\/wp-content\\\/uploads\\\/2024\\\/11\\\/skiad1-scaled.jpg\",\"datePublished\":\"2021-03-02T21:16:03+00:00\",\"dateModified\":\"2025-09-22T16:35:28+00:00\",\"breadcrumb\":{\"@id\":\"https:\\\/\\\/finsling.com\\\/product\\\/ski-adapter-qd\\\/#breadcrumb\"},\"inLanguage\":\"fi\",\"potentialAction\":[{\"@type\":\"ReadAction\",\"target\":[\"https:\\\/\\\/finsling.com\\\/product\\\/ski-adapter-qd\\\/\"]}]},{\"@type\":\"ImageObject\",\"inLanguage\":\"fi\",\"@id\":\"https:\\\/\\\/finsling.com\\\/product\\\/ski-adapter-qd\\\/#primaryimage\",\"url\":\"https:\\\/\\\/finsling.com\\\/wp-content\\\/uploads\\\/2024\\\/11\\\/skiad1-scaled.jpg\",\"contentUrl\":\"https:\\\/\\\/finsling.com\\\/wp-content\\\/uploads\\\/2024\\\/11\\\/skiad1-scaled.jpg\",\"width\":2560,\"height\":2560,\"caption\":\"Ski adapter\"},{\"@type\":\"BreadcrumbList\",\"@id\":\"https:\\\/\\\/finsling.com\\\/product\\\/ski-adapter-qd\\\/#breadcrumb\",\"itemListElement\":[{\"@type\":\"ListItem\",\"position\":1,\"name\":\"Home\",\"item\":\"https:\\\/\\\/finsling.com\\\/\"},{\"@type\":\"ListItem\",\"position\":2,\"name\":\"Products\",\"item\":\"https:\\\/\\\/finsling.com\\\/kauppa\\\/\"},{\"@type\":\"ListItem\",\"position\":3,\"name\":\"Ski adapter\"}]},{\"@type\":\"WebSite\",\"@id\":\"https:\\\/\\\/finsling.com\\\/#website\",\"url\":\"https:\\\/\\\/finsling.com\\\/\",\"name\":\"Finsling\",\"description\":\"SIMPLE - DURABLE - EFFECTIVE\",\"publisher\":{\"@id\":\"https:\\\/\\\/finsling.com\\\/#organization\"},\"potentialAction\":[{\"@type\":\"SearchAction\",\"target\":{\"@type\":\"EntryPoint\",\"urlTemplate\":\"https:\\\/\\\/finsling.com\\\/?s={search_term_string}\"},\"query-input\":{\"@type\":\"PropertyValueSpecification\",\"valueRequired\":true,\"valueName\":\"search_term_string\"}}],\"inLanguage\":\"fi\"},{\"@type\":\"Organization\",\"@id\":\"https:\\\/\\\/finsling.com\\\/#organization\",\"name\":\"Finsling\",\"url\":\"https:\\\/\\\/finsling.com\\\/\",\"logo\":{\"@type\":\"ImageObject\",\"inLanguage\":\"fi\",\"@id\":\"https:\\\/\\\/finsling.com\\\/#\\\/schema\\\/logo\\\/image\\\/\",\"url\":\"https:\\\/\\\/finsling.com\\\/wp-content\\\/uploads\\\/2019\\\/11\\\/cropped-finsling_medium-3.png\",\"contentUrl\":\"https:\\\/\\\/finsling.com\\\/wp-content\\\/uploads\\\/2019\\\/11\\\/cropped-finsling_medium-3.png\",\"width\":554,\"height\":208,\"caption\":\"Finsling\"},\"image\":{\"@id\":\"https:\\\/\\\/finsling.com\\\/#\\\/schema\\\/logo\\\/image\\\/\"},\"sameAs\":[\"https:\\\/\\\/www.facebook.com\\\/finsling\\\/\"]}]}<\/script>\n<!-- \/ Yoast SEO plugin. -->","yoast_head_json":{"title":"Ski adapter - Finsling","robots":{"index":"index","follow":"follow","max-snippet":"max-snippet:-1","max-image-preview":"max-image-preview:large","max-video-preview":"max-video-preview:-1"},"canonical":"https:\/\/finsling.com\/fi\/tuote\/ski-adapter-qd\/","og_locale":"fi_FI","og_type":"article","og_title":"Ski adapter - Finsling","og_description":"Ski Adapter is a device that enables you to carry your rifle length muzzle up. Ski Adapter works best with 1P Sling or The One Sling mini weapon sling. The ski adapter separates into two pieces when pulled. The other piece stays on your weapon and the other on the sling. You must separate the Ski Adapter into two pieces or release the Ski Adapter from the weapon before you hit sights on target. Attaching the Ski Adapter back together is easy. The best way to carry your weapon on skies, is with The One Sling mini\/1P Sling gun slings and the Ski Adapter. Skiing with a rifle is normally uncomfortable and difficult. With The One Sling mini weapon sling and Ski Adapter skiing with a weapon is comfortable and natural. The weapon is close to your body on your chest, and your hands are free to use skiing poles.","og_url":"https:\/\/finsling.com\/fi\/tuote\/ski-adapter-qd\/","og_site_name":"Finsling","article_publisher":"https:\/\/www.facebook.com\/finsling\/","article_modified_time":"2025-09-22T16:35:28+00:00","og_image":[{"width":2560,"height":2560,"url":"https:\/\/finsling.com\/wp-content\/uploads\/2024\/11\/skiad1-scaled.jpg","type":"image\/jpeg"}],"twitter_card":"summary_large_image","twitter_misc":{"Arvioitu lukuaika":"1 minuutti"},"schema":{"@context":"https:\/\/schema.org","@graph":[{"@type":"WebPage","@id":"https:\/\/finsling.com\/product\/ski-adapter-qd\/","url":"https:\/\/finsling.com\/product\/ski-adapter-qd\/","name":"Ski adapter - Finsling","isPartOf":{"@id":"https:\/\/finsling.com\/#website"},"primaryImageOfPage":{"@id":"https:\/\/finsling.com\/product\/ski-adapter-qd\/#primaryimage"},"image":{"@id":"https:\/\/finsling.com\/product\/ski-adapter-qd\/#primaryimage"},"thumbnailUrl":"https:\/\/finsling.com\/wp-content\/uploads\/2024\/11\/skiad1-scaled.jpg","datePublished":"2021-03-02T21:16:03+00:00","dateModified":"2025-09-22T16:35:28+00:00","breadcrumb":{"@id":"https:\/\/finsling.com\/product\/ski-adapter-qd\/#breadcrumb"},"inLanguage":"fi","potentialAction":[{"@type":"ReadAction","target":["https:\/\/finsling.com\/product\/ski-adapter-qd\/"]}]},{"@type":"ImageObject","inLanguage":"fi","@id":"https:\/\/finsling.com\/product\/ski-adapter-qd\/#primaryimage","url":"https:\/\/finsling.com\/wp-content\/uploads\/2024\/11\/skiad1-scaled.jpg","contentUrl":"https:\/\/finsling.com\/wp-content\/uploads\/2024\/11\/skiad1-scaled.jpg","width":2560,"height":2560,"caption":"Ski adapter"},{"@type":"BreadcrumbList","@id":"https:\/\/finsling.com\/product\/ski-adapter-qd\/#breadcrumb","itemListElement":[{"@type":"ListItem","position":1,"name":"Home","item":"https:\/\/finsling.com\/"},{"@type":"ListItem","position":2,"name":"Products","item":"https:\/\/finsling.com\/kauppa\/"},{"@type":"ListItem","position":3,"name":"Ski adapter"}]},{"@type":"WebSite","@id":"https:\/\/finsling.com\/#website","url":"https:\/\/finsling.com\/","name":"Finsling","description":"SIMPLE - DURABLE - EFFECTIVE","publisher":{"@id":"https:\/\/finsling.com\/#organization"},"potentialAction":[{"@type":"SearchAction","target":{"@type":"EntryPoint","urlTemplate":"https:\/\/finsling.com\/?s={search_term_string}"},"query-input":{"@type":"PropertyValueSpecification","valueRequired":true,"valueName":"search_term_string"}}],"inLanguage":"fi"},{"@type":"Organization","@id":"https:\/\/finsling.com\/#organization","name":"Finsling","url":"https:\/\/finsling.com\/","logo":{"@type":"ImageObject","inLanguage":"fi","@id":"https:\/\/finsling.com\/#\/schema\/logo\/image\/","url":"https:\/\/finsling.com\/wp-content\/uploads\/2019\/11\/cropped-finsling_medium-3.png","contentUrl":"https:\/\/finsling.com\/wp-content\/uploads\/2019\/11\/cropped-finsling_medium-3.png","width":554,"height":208,"caption":"Finsling"},"image":{"@id":"https:\/\/finsling.com\/#\/schema\/logo\/image\/"},"sameAs":["https:\/\/www.facebook.com\/finsling\/"]}]}},"_links":{"self":[{"href":"https:\/\/finsling.com\/fi\/wp-json\/wp\/v2\/product\/683","targetHints":{"allow":["GET"]}}],"collection":[{"href":"https:\/\/finsling.com\/fi\/wp-json\/wp\/v2\/product"}],"about":[{"href":"https:\/\/finsling.com\/fi\/wp-json\/wp\/v2\/types\/product"}],"wp:featuredmedia":[{"embeddable":true,"href":"https:\/\/finsling.com\/fi\/wp-json\/wp\/v2\/media\/1538"}],"wp:attachment":[{"href":"https:\/\/finsling.com\/fi\/wp-json\/wp\/v2\/media?parent=683"}],"wp:term":[{"taxonomy":"product_brand","embeddable":true,"href":"https:\/\/finsling.com\/fi\/wp-json\/wp\/v2\/product_brand?post=683"},{"taxonomy":"product_cat","embeddable":true,"href":"https:\/\/finsling.com\/fi\/wp-json\/wp\/v2\/product_cat?post=683"},{"taxonomy":"product_tag","embeddable":true,"href":"https:\/\/finsling.com\/fi\/wp-json\/wp\/v2\/product_tag?post=683"}],"curies":[{"name":"wp","href":"https:\/\/api.w.org\/{rel}","templated":true}]}}