{"id":696,"date":"2021-03-09T22:15:09","date_gmt":"2021-03-09T20:15:09","guid":{"rendered":"https:\/\/finsling.com\/?post_type=product&#038;p=696"},"modified":"2025-10-06T22:06:54","modified_gmt":"2025-10-06T19:06:54","slug":"shield-hook","status":"publish","type":"product","link":"https:\/\/finsling.com\/fi\/tuote\/shield-hook\/","title":{"rendered":"Kilpikoukku"},"content":{"rendered":"<p><iframe title=\"Shield hook for carrying ballistic shield\" width=\"563\" height=\"1000\" src=\"https:\/\/www.youtube.com\/embed\/xKe2wo8QDsE?feature=oembed\" frameborder=\"0\" allow=\"accelerometer; autoplay; clipboard-write; encrypted-media; gyroscope; picture-in-picture; web-share\" referrerpolicy=\"strict-origin-when-cross-origin\" allowfullscreen><\/iframe><\/p>\n<p><iframe title=\"@finsling Shield hook for carrying ballistic shield.\" width=\"800\" height=\"600\" src=\"https:\/\/www.youtube.com\/embed\/a3DF8OTz2us?feature=oembed\" frameborder=\"0\" allow=\"accelerometer; autoplay; clipboard-write; encrypted-media; gyroscope; picture-in-picture; web-share\" referrerpolicy=\"strict-origin-when-cross-origin\" allowfullscreen><\/iframe><\/p>\n<p>Shield Hook on plalte carrier \/ tactical vest lis\u00e4varuste. Shield hook kilpikoukun avulla voit kantaa ballistista kilpe\u00e4 liiviss\u00e4si.<\/p>\n<p>T\u00e4m\u00e4 antaa sinulle mahdollisuuden pit\u00e4\u00e4 k\u00e4det vapaana ja k\u00e4ytt\u00e4\u00e4 esim. ampuma-asetta. Kilven ottaminen takaisin k\u00e4teen koukun varasta tai kilvest\u00e4 luopuminen on vaivatonta.<\/p>\n<p>Kilpikoukku tuote on tehty kest\u00e4vist\u00e4 ja ensiluokkaisista materiaaleista. Kaikki materiaalit on MilSpec. luokiteltuja.<\/p>\n<p>Kilpikoukku on hyv\u00e4 lis\u00e4varuste plate carrieriisi. Kilpikoukku on huomaamaton kun et k\u00e4yt\u00e4 sit\u00e4. Kun koukun asettaa mollekujan alle, koukku ei h\u00e4iritse muuta toimintaa.<\/p>\n<p>Ballistisen kilven kantaminen pitki\u00e4 aikoja on uuvuttavaa. Pelkk\u00e4 paikallaan olo kilpi k\u00e4dess\u00e4 aiheuttaa v\u00e4symyst\u00e4. FinSling kilpikoukun avulla voit kantaa jopa 20kg painoista kilpe\u00e4 vaivatta ja voit k\u00e4ytt\u00e4\u00e4 kiv\u00e4\u00e4ripituista ampuma-asetta kilven kanssa.<\/p>\n<p>Jos raskaan kilven kantokahva on liian paksu koukkuun asetettavaksi, kahvaan voidaan sitoa hihnalenkki. Hihnalenkin voi asettaa t\u00e4m\u00e4n j\u00e4lkeen koukkuun.<\/p>\n<p>FinSling Shield Hook kilpikoukku antaa taktisen etuly\u00f6ntiaseman. Ballistisen kilven kantaminen kilpikoukun avulla on mukavuus ja helppous asia.<\/p>\n<p>MUKAVUUS ON SUORITUSKYKY\u00c4<\/p>","protected":false},"excerpt":{"rendered":"<p>Shield hook is a plate carrier \/ tactical vest accessory. With shield hook you can carry a ballistic shield on your vest. This gives you capability to have hands free and to use, \u00a0for example a firearm. Dumping the shield or placing it back to your hand is easy with shield hook. Shield hook is made of extremely durable materials. All materials are MilSpec. Shield hook is a great plate carrier accessory to your plate carrier. The Shield Hook is an unnoticeable accessory when you are not using it. Under a molle strap the hook does not affect your other activities. Carrying a ballistic shield for long period of time causes fatigue. Even being stationary and holding a ballistic shield on your hands can be tiresome. With the FinSling Shield Hook you can carry a ballistic shield up to 20kg with ease and being able to use a rifle length&hellip;<\/p>\n<p> <a class=\"more-link\" href=\"https:\/\/finsling.com\/fi\/tuote\/shield-hook\/\">Lue Lis\u00e4\u00e4<\/a><\/p>","protected":false},"featured_media":1115,"template":"","meta":[],"product_brand":[],"product_cat":[32],"product_tag":[],"class_list":{"0":"post-696","1":"product","2":"type-product","3":"status-publish","4":"has-post-thumbnail","6":"product_cat-product","8":"first","9":"instock","10":"taxable","11":"shipping-taxable","12":"purchasable","13":"product-type-variable"},"yoast_head":"<!-- This site is optimized with the Yoast SEO plugin v27.4 - https:\/\/yoast.com\/product\/yoast-seo-wordpress\/ -->\n<title>Shield Hook (for carrying ballistic shield) - Finsling<\/title>\n<meta name=\"robots\" content=\"index, follow, max-snippet:-1, max-image-preview:large, max-video-preview:-1\" \/>\n<link rel=\"canonical\" href=\"https:\/\/finsling.com\/fi\/tuote\/shield-hook\/\" \/>\n<meta property=\"og:locale\" content=\"fi_FI\" \/>\n<meta property=\"og:type\" content=\"article\" \/>\n<meta property=\"og:title\" content=\"Shield Hook (for carrying ballistic shield) - Finsling\" \/>\n<meta property=\"og:description\" content=\"Shield hook is a plate carrier \/ tactical vest accessory. With shield hook you can carry a ballistic shield on your vest. This gives you capability to have hands free and to use, \u00a0for example a firearm. Dumping the shield or placing it back to your hand is easy with shield hook. Shield hook is made of extremely durable materials. All materials are MilSpec. Shield hook is a great plate carrier accessory to your plate carrier. The Shield Hook is an unnoticeable accessory when you are not using it. Under a molle strap the hook does not affect your other activities. Carrying a ballistic shield for long period of time causes fatigue. Even being stationary and holding a ballistic shield on your hands can be tiresome. With the FinSling Shield Hook you can carry a ballistic shield up to 20kg with ease and being able to use a rifle length&hellip;  Lue Lis\u00e4\u00e4\" \/>\n<meta property=\"og:url\" content=\"https:\/\/finsling.com\/fi\/tuote\/shield-hook\/\" \/>\n<meta property=\"og:site_name\" content=\"Finsling\" \/>\n<meta property=\"article:publisher\" content=\"https:\/\/www.facebook.com\/finsling\/\" \/>\n<meta property=\"article:modified_time\" content=\"2025-10-06T19:06:54+00:00\" \/>\n<meta property=\"og:image\" content=\"https:\/\/finsling.com\/wp-content\/uploads\/2023\/03\/hook.jpg\" \/>\n\t<meta property=\"og:image:width\" content=\"1447\" \/>\n\t<meta property=\"og:image:height\" content=\"1448\" \/>\n\t<meta property=\"og:image:type\" content=\"image\/jpeg\" \/>\n<meta name=\"twitter:card\" content=\"summary_large_image\" \/>\n<meta name=\"twitter:label1\" content=\"Arvioitu lukuaika\" \/>\n\t<meta name=\"twitter:data1\" content=\"2 minuuttia\" \/>\n<script type=\"application\/ld+json\" class=\"yoast-schema-graph\">{\"@context\":\"https:\\\/\\\/schema.org\",\"@graph\":[{\"@type\":\"WebPage\",\"@id\":\"https:\\\/\\\/finsling.com\\\/product\\\/shield-hook\\\/\",\"url\":\"https:\\\/\\\/finsling.com\\\/product\\\/shield-hook\\\/\",\"name\":\"Shield Hook (for carrying ballistic shield) - Finsling\",\"isPartOf\":{\"@id\":\"https:\\\/\\\/finsling.com\\\/#website\"},\"primaryImageOfPage\":{\"@id\":\"https:\\\/\\\/finsling.com\\\/product\\\/shield-hook\\\/#primaryimage\"},\"image\":{\"@id\":\"https:\\\/\\\/finsling.com\\\/product\\\/shield-hook\\\/#primaryimage\"},\"thumbnailUrl\":\"https:\\\/\\\/finsling.com\\\/wp-content\\\/uploads\\\/2023\\\/03\\\/hook.jpg\",\"datePublished\":\"2021-03-09T20:15:09+00:00\",\"dateModified\":\"2025-10-06T19:06:54+00:00\",\"breadcrumb\":{\"@id\":\"https:\\\/\\\/finsling.com\\\/product\\\/shield-hook\\\/#breadcrumb\"},\"inLanguage\":\"fi\",\"potentialAction\":[{\"@type\":\"ReadAction\",\"target\":[\"https:\\\/\\\/finsling.com\\\/product\\\/shield-hook\\\/\"]}]},{\"@type\":\"ImageObject\",\"inLanguage\":\"fi\",\"@id\":\"https:\\\/\\\/finsling.com\\\/product\\\/shield-hook\\\/#primaryimage\",\"url\":\"https:\\\/\\\/finsling.com\\\/wp-content\\\/uploads\\\/2023\\\/03\\\/hook.jpg\",\"contentUrl\":\"https:\\\/\\\/finsling.com\\\/wp-content\\\/uploads\\\/2023\\\/03\\\/hook.jpg\",\"width\":1447,\"height\":1448,\"caption\":\"Shield hook for carrying ballistic shield\"},{\"@type\":\"BreadcrumbList\",\"@id\":\"https:\\\/\\\/finsling.com\\\/product\\\/shield-hook\\\/#breadcrumb\",\"itemListElement\":[{\"@type\":\"ListItem\",\"position\":1,\"name\":\"Home\",\"item\":\"https:\\\/\\\/finsling.com\\\/\"},{\"@type\":\"ListItem\",\"position\":2,\"name\":\"Products\",\"item\":\"https:\\\/\\\/finsling.com\\\/kauppa\\\/\"},{\"@type\":\"ListItem\",\"position\":3,\"name\":\"Shield Hook (for carrying ballistic shield)\"}]},{\"@type\":\"WebSite\",\"@id\":\"https:\\\/\\\/finsling.com\\\/#website\",\"url\":\"https:\\\/\\\/finsling.com\\\/\",\"name\":\"Finsling\",\"description\":\"SIMPLE - DURABLE - EFFECTIVE\",\"publisher\":{\"@id\":\"https:\\\/\\\/finsling.com\\\/#organization\"},\"potentialAction\":[{\"@type\":\"SearchAction\",\"target\":{\"@type\":\"EntryPoint\",\"urlTemplate\":\"https:\\\/\\\/finsling.com\\\/?s={search_term_string}\"},\"query-input\":{\"@type\":\"PropertyValueSpecification\",\"valueRequired\":true,\"valueName\":\"search_term_string\"}}],\"inLanguage\":\"fi\"},{\"@type\":\"Organization\",\"@id\":\"https:\\\/\\\/finsling.com\\\/#organization\",\"name\":\"Finsling\",\"url\":\"https:\\\/\\\/finsling.com\\\/\",\"logo\":{\"@type\":\"ImageObject\",\"inLanguage\":\"fi\",\"@id\":\"https:\\\/\\\/finsling.com\\\/#\\\/schema\\\/logo\\\/image\\\/\",\"url\":\"https:\\\/\\\/finsling.com\\\/wp-content\\\/uploads\\\/2019\\\/11\\\/cropped-finsling_medium-3.png\",\"contentUrl\":\"https:\\\/\\\/finsling.com\\\/wp-content\\\/uploads\\\/2019\\\/11\\\/cropped-finsling_medium-3.png\",\"width\":554,\"height\":208,\"caption\":\"Finsling\"},\"image\":{\"@id\":\"https:\\\/\\\/finsling.com\\\/#\\\/schema\\\/logo\\\/image\\\/\"},\"sameAs\":[\"https:\\\/\\\/www.facebook.com\\\/finsling\\\/\"]}]}<\/script>\n<!-- \/ Yoast SEO plugin. -->","yoast_head_json":{"title":"Shield Hook (for carrying ballistic shield) - Finsling","robots":{"index":"index","follow":"follow","max-snippet":"max-snippet:-1","max-image-preview":"max-image-preview:large","max-video-preview":"max-video-preview:-1"},"canonical":"https:\/\/finsling.com\/fi\/tuote\/shield-hook\/","og_locale":"fi_FI","og_type":"article","og_title":"Shield Hook (for carrying ballistic shield) - Finsling","og_description":"Shield hook is a plate carrier \/ tactical vest accessory. With shield hook you can carry a ballistic shield on your vest. This gives you capability to have hands free and to use, \u00a0for example a firearm. Dumping the shield or placing it back to your hand is easy with shield hook. Shield hook is made of extremely durable materials. All materials are MilSpec. Shield hook is a great plate carrier accessory to your plate carrier. The Shield Hook is an unnoticeable accessory when you are not using it. Under a molle strap the hook does not affect your other activities. Carrying a ballistic shield for long period of time causes fatigue. Even being stationary and holding a ballistic shield on your hands can be tiresome. With the FinSling Shield Hook you can carry a ballistic shield up to 20kg with ease and being able to use a rifle length&hellip;  Lue Lis\u00e4\u00e4","og_url":"https:\/\/finsling.com\/fi\/tuote\/shield-hook\/","og_site_name":"Finsling","article_publisher":"https:\/\/www.facebook.com\/finsling\/","article_modified_time":"2025-10-06T19:06:54+00:00","og_image":[{"width":1447,"height":1448,"url":"https:\/\/finsling.com\/wp-content\/uploads\/2023\/03\/hook.jpg","type":"image\/jpeg"}],"twitter_card":"summary_large_image","twitter_misc":{"Arvioitu lukuaika":"2 minuuttia"},"schema":{"@context":"https:\/\/schema.org","@graph":[{"@type":"WebPage","@id":"https:\/\/finsling.com\/product\/shield-hook\/","url":"https:\/\/finsling.com\/product\/shield-hook\/","name":"Shield Hook (for carrying ballistic shield) - Finsling","isPartOf":{"@id":"https:\/\/finsling.com\/#website"},"primaryImageOfPage":{"@id":"https:\/\/finsling.com\/product\/shield-hook\/#primaryimage"},"image":{"@id":"https:\/\/finsling.com\/product\/shield-hook\/#primaryimage"},"thumbnailUrl":"https:\/\/finsling.com\/wp-content\/uploads\/2023\/03\/hook.jpg","datePublished":"2021-03-09T20:15:09+00:00","dateModified":"2025-10-06T19:06:54+00:00","breadcrumb":{"@id":"https:\/\/finsling.com\/product\/shield-hook\/#breadcrumb"},"inLanguage":"fi","potentialAction":[{"@type":"ReadAction","target":["https:\/\/finsling.com\/product\/shield-hook\/"]}]},{"@type":"ImageObject","inLanguage":"fi","@id":"https:\/\/finsling.com\/product\/shield-hook\/#primaryimage","url":"https:\/\/finsling.com\/wp-content\/uploads\/2023\/03\/hook.jpg","contentUrl":"https:\/\/finsling.com\/wp-content\/uploads\/2023\/03\/hook.jpg","width":1447,"height":1448,"caption":"Shield hook for carrying ballistic shield"},{"@type":"BreadcrumbList","@id":"https:\/\/finsling.com\/product\/shield-hook\/#breadcrumb","itemListElement":[{"@type":"ListItem","position":1,"name":"Home","item":"https:\/\/finsling.com\/"},{"@type":"ListItem","position":2,"name":"Products","item":"https:\/\/finsling.com\/kauppa\/"},{"@type":"ListItem","position":3,"name":"Shield Hook (for carrying ballistic shield)"}]},{"@type":"WebSite","@id":"https:\/\/finsling.com\/#website","url":"https:\/\/finsling.com\/","name":"Finsling","description":"SIMPLE - DURABLE - EFFECTIVE","publisher":{"@id":"https:\/\/finsling.com\/#organization"},"potentialAction":[{"@type":"SearchAction","target":{"@type":"EntryPoint","urlTemplate":"https:\/\/finsling.com\/?s={search_term_string}"},"query-input":{"@type":"PropertyValueSpecification","valueRequired":true,"valueName":"search_term_string"}}],"inLanguage":"fi"},{"@type":"Organization","@id":"https:\/\/finsling.com\/#organization","name":"Finsling","url":"https:\/\/finsling.com\/","logo":{"@type":"ImageObject","inLanguage":"fi","@id":"https:\/\/finsling.com\/#\/schema\/logo\/image\/","url":"https:\/\/finsling.com\/wp-content\/uploads\/2019\/11\/cropped-finsling_medium-3.png","contentUrl":"https:\/\/finsling.com\/wp-content\/uploads\/2019\/11\/cropped-finsling_medium-3.png","width":554,"height":208,"caption":"Finsling"},"image":{"@id":"https:\/\/finsling.com\/#\/schema\/logo\/image\/"},"sameAs":["https:\/\/www.facebook.com\/finsling\/"]}]}},"_links":{"self":[{"href":"https:\/\/finsling.com\/fi\/wp-json\/wp\/v2\/product\/696","targetHints":{"allow":["GET"]}}],"collection":[{"href":"https:\/\/finsling.com\/fi\/wp-json\/wp\/v2\/product"}],"about":[{"href":"https:\/\/finsling.com\/fi\/wp-json\/wp\/v2\/types\/product"}],"wp:featuredmedia":[{"embeddable":true,"href":"https:\/\/finsling.com\/fi\/wp-json\/wp\/v2\/media\/1115"}],"wp:attachment":[{"href":"https:\/\/finsling.com\/fi\/wp-json\/wp\/v2\/media?parent=696"}],"wp:term":[{"taxonomy":"product_brand","embeddable":true,"href":"https:\/\/finsling.com\/fi\/wp-json\/wp\/v2\/product_brand?post=696"},{"taxonomy":"product_cat","embeddable":true,"href":"https:\/\/finsling.com\/fi\/wp-json\/wp\/v2\/product_cat?post=696"},{"taxonomy":"product_tag","embeddable":true,"href":"https:\/\/finsling.com\/fi\/wp-json\/wp\/v2\/product_tag?post=696"}],"curies":[{"name":"wp","href":"https:\/\/api.w.org\/{rel}","templated":true}]}}