{"id":790,"date":"2021-08-01T10:40:53","date_gmt":"2021-08-01T07:40:53","guid":{"rendered":"https:\/\/finsling.com\/?post_type=product&#038;p=790"},"modified":"2025-11-16T19:44:13","modified_gmt":"2025-11-16T17:44:13","slug":"the-one-sling-xxs","status":"publish","type":"product","link":"https:\/\/finsling.com\/fi\/tuote\/the-one-sling-xxs\/","title":{"rendered":"The One Sling Mini"},"content":{"rendered":"<p><iframe title=\"FinSling 1P sling\" width=\"563\" height=\"1000\" src=\"https:\/\/www.youtube.com\/embed\/GvzBQ6HYpYM?feature=oembed\" frameborder=\"0\" allow=\"accelerometer; autoplay; clipboard-write; encrypted-media; gyroscope; picture-in-picture; web-share\" referrerpolicy=\"strict-origin-when-cross-origin\" allowfullscreen><\/iframe><\/p>\n<p><iframe title=\"FinSling ski adapter\" width=\"563\" height=\"1000\" src=\"https:\/\/www.youtube.com\/embed\/XEEOTLxKrjk?feature=oembed\" frameborder=\"0\" allow=\"accelerometer; autoplay; clipboard-write; encrypted-media; gyroscope; picture-in-picture; web-share\" referrerpolicy=\"strict-origin-when-cross-origin\" allowfullscreen><\/iframe><\/p>\n<p><iframe title=\"The One Sling mini\" width=\"800\" height=\"600\" src=\"https:\/\/www.youtube.com\/embed\/85jv2gGAaC0?feature=oembed\" frameborder=\"0\" allow=\"accelerometer; autoplay; clipboard-write; encrypted-media; gyroscope; picture-in-picture; web-share\" referrerpolicy=\"strict-origin-when-cross-origin\" allowfullscreen><\/iframe><\/p>\n<p><iframe title=\"The One Sling Mini\" width=\"800\" height=\"600\" src=\"https:\/\/www.youtube.com\/embed\/foEvbvv-id0?feature=oembed\" frameborder=\"0\" allow=\"accelerometer; autoplay; clipboard-write; encrypted-media; gyroscope; picture-in-picture; web-share\" referrerpolicy=\"strict-origin-when-cross-origin\" allowfullscreen><\/iframe><\/p>\n<p>The One Sling mini asehihna on lyhyempi versio alkuper\u00e4isest\u00e4 The One Sling monitoimiasehihnasta. Asehihnaa voi k\u00e4ytt\u00e4\u00e4 kaksipiste asehihnana ja yksipiste asehihnana.<\/p>\n<p>The One Sling mini asehihna on paras asehihna sotilask\u00e4ytt\u00f6\u00f6n. Kaksipiste hihnana k\u00e4ytett\u00e4ess\u00e4, The One Sling mini asehihna toimii normaalin kaksipiste asehihnan tavoin. Hihnan pituuden pikas\u00e4\u00e4t\u00f6 on hyvin jouhevaa. Yleens\u00e4 sotilastoiminnassa k\u00e4ytet\u00e4\u00e4n ballistista suojaliivi\u00e4, joten hihnapehmusteelle ei v\u00e4ltt\u00e4m\u00e4tt\u00e4 ole tarvetta. Yksipiste tyylill\u00e4 The One Sling mini asehihna on omiaan marssi tai partiointik\u00e4yt\u00f6ss\u00e4. Ase roikkuu luonnollisesti ja mukavasti dominoivan k\u00e4den puolella ja ase on valmis nopeaan nostoon.<\/p>\n<p>Yksipiste tyyli The One Sling mini asehihnaa k\u00e4ytett\u00e4ess\u00e4 on tehokasta piilotetussa toiminnassa, kuten l\u00e4hisuoja teht\u00e4viss\u00e4. Ase on vartalonmy\u00f6t\u00e4isesti kylke\u00e4 vasten ja takin alla ase on huomaamaton. CPT tyyppisess\u00e4 toiminnassa k\u00e4ytet\u00e4\u00e4n tyypillisesti suojaliivi\u00e4. T\u00e4st\u00e4 syyst\u00e4 hihnapehmusteelle ei v\u00e4ltt\u00e4m\u00e4tt\u00e4 ole tarvetta eik\u00e4 pehmuste pullota takin alta.<\/p>\n<p>Jos k\u00e4yt\u00e4t The One Sling mini asehihnaa yksipisteisesti, hihnasta ei j\u00e4\u00e4 ylim\u00e4\u00e4r\u00e4ist\u00e4 p\u00e4\u00e4t\u00e4 roikkumaan kuten alkuper\u00e4isess\u00e4 The One Sling asehihnassa.<\/p>\n<p>Voit valita The One Sling mini asehihnan ski strap versiona tai ilman ski strap lis\u00e4osaa. Ski strap hihnan avulla voit kiinnitt\u00e4\u00e4 Ski Adapter laitteen asehihnaan. Ski Adapter lis\u00e4laitteen avulla voit kantaa asetta piippu yl\u00f6sp\u00e4in ase rinnalla.<\/p>\n<p>Paras tapa kantaa asetta hiiht\u00e4ess\u00e4 on k\u00e4ytt\u00e4\u00e4 The One Sling mini asehihnaa ja Ski Adapter lis\u00e4osaa. Ase on rinnalla ja k\u00e4det on vapaat k\u00e4ytt\u00e4m\u00e4\u00e4n sauvoja. Hiiht\u00e4minen kiv\u00e4\u00e4rin kanssa on yleens\u00e4 vaivalloista ja ep\u00e4mukavaa. T\u00e4ll\u00e4 yhdistelm\u00e4ll\u00e4 hiiht\u00e4minen on luonnollista ja vaivatonta. Yhdess\u00e4 Ski Adapter kanssa The One Sling mini on paras asehihna hiiht\u00e4miseen aseen kanssa.<\/p>","protected":false},"excerpt":{"rendered":"<p>The One Sling Mini is shorter version of The One Sling multi-function weapon sling. You can use the sling as two point sling and as a single point sling. The One Sling mini is the best sling for military use. The two point sling version works like normal two point sling with extra smooth sling length adjusting. Most times in military type of use you wear plate carrier or similar. So, there is no need for padding on the sling. The single point sling carry style with The One Sling mini is perfect for marching or patrolling for long periods of time. The rifle hangs on your dominant hand side naturally and comfortably. And the rifle is ready to be lifted rapidly. The single point sling carry style with The One Sling mini is functional in covert use. The rifle is close to your body and under a jacket the&hellip;<\/p>\n<p> <a class=\"more-link\" href=\"https:\/\/finsling.com\/fi\/tuote\/the-one-sling-xxs\/\">Lue Lis\u00e4\u00e4<\/a><\/p>","protected":false},"featured_media":1640,"template":"","meta":[],"product_brand":[],"product_cat":[32],"product_tag":[],"class_list":{"0":"post-790","1":"product","2":"type-product","3":"status-publish","4":"has-post-thumbnail","6":"product_cat-product","8":"first","9":"instock","10":"taxable","11":"shipping-taxable","12":"purchasable","13":"product-type-variable","14":"has-default-attributes"},"yoast_head":"<!-- This site is optimized with the Yoast SEO plugin v27.4 - https:\/\/yoast.com\/product\/yoast-seo-wordpress\/ -->\n<title>The One Sling Mini - Finsling<\/title>\n<meta name=\"robots\" content=\"index, follow, max-snippet:-1, max-image-preview:large, max-video-preview:-1\" \/>\n<link rel=\"canonical\" href=\"https:\/\/finsling.com\/fi\/tuote\/the-one-sling-xxs\/\" \/>\n<meta property=\"og:locale\" content=\"fi_FI\" \/>\n<meta property=\"og:type\" content=\"article\" \/>\n<meta property=\"og:title\" content=\"The One Sling Mini - Finsling\" \/>\n<meta property=\"og:description\" content=\"The One Sling Mini is shorter version of The One Sling multi-function weapon sling. You can use the sling as two point sling and as a single point sling. The One Sling mini is the best sling for military use. The two point sling version works like normal two point sling with extra smooth sling length adjusting. Most times in military type of use you wear plate carrier or similar. So, there is no need for padding on the sling. The single point sling carry style with The One Sling mini is perfect for marching or patrolling for long periods of time. The rifle hangs on your dominant hand side naturally and comfortably. And the rifle is ready to be lifted rapidly. The single point sling carry style with The One Sling mini is functional in covert use. The rifle is close to your body and under a jacket the&hellip;  Lue Lis\u00e4\u00e4\" \/>\n<meta property=\"og:url\" content=\"https:\/\/finsling.com\/fi\/tuote\/the-one-sling-xxs\/\" \/>\n<meta property=\"og:site_name\" content=\"Finsling\" \/>\n<meta property=\"article:publisher\" content=\"https:\/\/www.facebook.com\/finsling\/\" \/>\n<meta property=\"article:modified_time\" content=\"2025-11-16T17:44:13+00:00\" \/>\n<meta property=\"og:image\" content=\"https:\/\/finsling.com\/wp-content\/uploads\/2025\/05\/Tosminifront-scaled.jpg\" \/>\n\t<meta property=\"og:image:width\" content=\"2560\" \/>\n\t<meta property=\"og:image:height\" content=\"2560\" \/>\n\t<meta property=\"og:image:type\" content=\"image\/jpeg\" \/>\n<meta name=\"twitter:card\" content=\"summary_large_image\" \/>\n<meta name=\"twitter:label1\" content=\"Arvioitu lukuaika\" \/>\n\t<meta name=\"twitter:data1\" content=\"2 minuuttia\" \/>\n<script type=\"application\/ld+json\" class=\"yoast-schema-graph\">{\"@context\":\"https:\\\/\\\/schema.org\",\"@graph\":[{\"@type\":\"WebPage\",\"@id\":\"https:\\\/\\\/finsling.com\\\/product\\\/the-one-sling-xxs\\\/\",\"url\":\"https:\\\/\\\/finsling.com\\\/product\\\/the-one-sling-xxs\\\/\",\"name\":\"The One Sling Mini - Finsling\",\"isPartOf\":{\"@id\":\"https:\\\/\\\/finsling.com\\\/#website\"},\"primaryImageOfPage\":{\"@id\":\"https:\\\/\\\/finsling.com\\\/product\\\/the-one-sling-xxs\\\/#primaryimage\"},\"image\":{\"@id\":\"https:\\\/\\\/finsling.com\\\/product\\\/the-one-sling-xxs\\\/#primaryimage\"},\"thumbnailUrl\":\"https:\\\/\\\/finsling.com\\\/wp-content\\\/uploads\\\/2025\\\/05\\\/Tosminifront-scaled.jpg\",\"datePublished\":\"2021-08-01T07:40:53+00:00\",\"dateModified\":\"2025-11-16T17:44:13+00:00\",\"breadcrumb\":{\"@id\":\"https:\\\/\\\/finsling.com\\\/product\\\/the-one-sling-xxs\\\/#breadcrumb\"},\"inLanguage\":\"fi\",\"potentialAction\":[{\"@type\":\"ReadAction\",\"target\":[\"https:\\\/\\\/finsling.com\\\/product\\\/the-one-sling-xxs\\\/\"]}]},{\"@type\":\"ImageObject\",\"inLanguage\":\"fi\",\"@id\":\"https:\\\/\\\/finsling.com\\\/product\\\/the-one-sling-xxs\\\/#primaryimage\",\"url\":\"https:\\\/\\\/finsling.com\\\/wp-content\\\/uploads\\\/2025\\\/05\\\/Tosminifront-scaled.jpg\",\"contentUrl\":\"https:\\\/\\\/finsling.com\\\/wp-content\\\/uploads\\\/2025\\\/05\\\/Tosminifront-scaled.jpg\",\"width\":2560,\"height\":2560},{\"@type\":\"BreadcrumbList\",\"@id\":\"https:\\\/\\\/finsling.com\\\/product\\\/the-one-sling-xxs\\\/#breadcrumb\",\"itemListElement\":[{\"@type\":\"ListItem\",\"position\":1,\"name\":\"Home\",\"item\":\"https:\\\/\\\/finsling.com\\\/\"},{\"@type\":\"ListItem\",\"position\":2,\"name\":\"Products\",\"item\":\"https:\\\/\\\/finsling.com\\\/kauppa\\\/\"},{\"@type\":\"ListItem\",\"position\":3,\"name\":\"The One Sling Mini\"}]},{\"@type\":\"WebSite\",\"@id\":\"https:\\\/\\\/finsling.com\\\/#website\",\"url\":\"https:\\\/\\\/finsling.com\\\/\",\"name\":\"Finsling\",\"description\":\"SIMPLE - DURABLE - EFFECTIVE\",\"publisher\":{\"@id\":\"https:\\\/\\\/finsling.com\\\/#organization\"},\"potentialAction\":[{\"@type\":\"SearchAction\",\"target\":{\"@type\":\"EntryPoint\",\"urlTemplate\":\"https:\\\/\\\/finsling.com\\\/?s={search_term_string}\"},\"query-input\":{\"@type\":\"PropertyValueSpecification\",\"valueRequired\":true,\"valueName\":\"search_term_string\"}}],\"inLanguage\":\"fi\"},{\"@type\":\"Organization\",\"@id\":\"https:\\\/\\\/finsling.com\\\/#organization\",\"name\":\"Finsling\",\"url\":\"https:\\\/\\\/finsling.com\\\/\",\"logo\":{\"@type\":\"ImageObject\",\"inLanguage\":\"fi\",\"@id\":\"https:\\\/\\\/finsling.com\\\/#\\\/schema\\\/logo\\\/image\\\/\",\"url\":\"https:\\\/\\\/finsling.com\\\/wp-content\\\/uploads\\\/2019\\\/11\\\/cropped-finsling_medium-3.png\",\"contentUrl\":\"https:\\\/\\\/finsling.com\\\/wp-content\\\/uploads\\\/2019\\\/11\\\/cropped-finsling_medium-3.png\",\"width\":554,\"height\":208,\"caption\":\"Finsling\"},\"image\":{\"@id\":\"https:\\\/\\\/finsling.com\\\/#\\\/schema\\\/logo\\\/image\\\/\"},\"sameAs\":[\"https:\\\/\\\/www.facebook.com\\\/finsling\\\/\"]}]}<\/script>\n<!-- \/ Yoast SEO plugin. -->","yoast_head_json":{"title":"The One Sling Mini - Finsling","robots":{"index":"index","follow":"follow","max-snippet":"max-snippet:-1","max-image-preview":"max-image-preview:large","max-video-preview":"max-video-preview:-1"},"canonical":"https:\/\/finsling.com\/fi\/tuote\/the-one-sling-xxs\/","og_locale":"fi_FI","og_type":"article","og_title":"The One Sling Mini - Finsling","og_description":"The One Sling Mini is shorter version of The One Sling multi-function weapon sling. You can use the sling as two point sling and as a single point sling. The One Sling mini is the best sling for military use. The two point sling version works like normal two point sling with extra smooth sling length adjusting. Most times in military type of use you wear plate carrier or similar. So, there is no need for padding on the sling. The single point sling carry style with The One Sling mini is perfect for marching or patrolling for long periods of time. The rifle hangs on your dominant hand side naturally and comfortably. And the rifle is ready to be lifted rapidly. The single point sling carry style with The One Sling mini is functional in covert use. The rifle is close to your body and under a jacket the&hellip;  Lue Lis\u00e4\u00e4","og_url":"https:\/\/finsling.com\/fi\/tuote\/the-one-sling-xxs\/","og_site_name":"Finsling","article_publisher":"https:\/\/www.facebook.com\/finsling\/","article_modified_time":"2025-11-16T17:44:13+00:00","og_image":[{"width":2560,"height":2560,"url":"https:\/\/finsling.com\/wp-content\/uploads\/2025\/05\/Tosminifront-scaled.jpg","type":"image\/jpeg"}],"twitter_card":"summary_large_image","twitter_misc":{"Arvioitu lukuaika":"2 minuuttia"},"schema":{"@context":"https:\/\/schema.org","@graph":[{"@type":"WebPage","@id":"https:\/\/finsling.com\/product\/the-one-sling-xxs\/","url":"https:\/\/finsling.com\/product\/the-one-sling-xxs\/","name":"The One Sling Mini - Finsling","isPartOf":{"@id":"https:\/\/finsling.com\/#website"},"primaryImageOfPage":{"@id":"https:\/\/finsling.com\/product\/the-one-sling-xxs\/#primaryimage"},"image":{"@id":"https:\/\/finsling.com\/product\/the-one-sling-xxs\/#primaryimage"},"thumbnailUrl":"https:\/\/finsling.com\/wp-content\/uploads\/2025\/05\/Tosminifront-scaled.jpg","datePublished":"2021-08-01T07:40:53+00:00","dateModified":"2025-11-16T17:44:13+00:00","breadcrumb":{"@id":"https:\/\/finsling.com\/product\/the-one-sling-xxs\/#breadcrumb"},"inLanguage":"fi","potentialAction":[{"@type":"ReadAction","target":["https:\/\/finsling.com\/product\/the-one-sling-xxs\/"]}]},{"@type":"ImageObject","inLanguage":"fi","@id":"https:\/\/finsling.com\/product\/the-one-sling-xxs\/#primaryimage","url":"https:\/\/finsling.com\/wp-content\/uploads\/2025\/05\/Tosminifront-scaled.jpg","contentUrl":"https:\/\/finsling.com\/wp-content\/uploads\/2025\/05\/Tosminifront-scaled.jpg","width":2560,"height":2560},{"@type":"BreadcrumbList","@id":"https:\/\/finsling.com\/product\/the-one-sling-xxs\/#breadcrumb","itemListElement":[{"@type":"ListItem","position":1,"name":"Home","item":"https:\/\/finsling.com\/"},{"@type":"ListItem","position":2,"name":"Products","item":"https:\/\/finsling.com\/kauppa\/"},{"@type":"ListItem","position":3,"name":"The One Sling Mini"}]},{"@type":"WebSite","@id":"https:\/\/finsling.com\/#website","url":"https:\/\/finsling.com\/","name":"Finsling","description":"SIMPLE - DURABLE - EFFECTIVE","publisher":{"@id":"https:\/\/finsling.com\/#organization"},"potentialAction":[{"@type":"SearchAction","target":{"@type":"EntryPoint","urlTemplate":"https:\/\/finsling.com\/?s={search_term_string}"},"query-input":{"@type":"PropertyValueSpecification","valueRequired":true,"valueName":"search_term_string"}}],"inLanguage":"fi"},{"@type":"Organization","@id":"https:\/\/finsling.com\/#organization","name":"Finsling","url":"https:\/\/finsling.com\/","logo":{"@type":"ImageObject","inLanguage":"fi","@id":"https:\/\/finsling.com\/#\/schema\/logo\/image\/","url":"https:\/\/finsling.com\/wp-content\/uploads\/2019\/11\/cropped-finsling_medium-3.png","contentUrl":"https:\/\/finsling.com\/wp-content\/uploads\/2019\/11\/cropped-finsling_medium-3.png","width":554,"height":208,"caption":"Finsling"},"image":{"@id":"https:\/\/finsling.com\/#\/schema\/logo\/image\/"},"sameAs":["https:\/\/www.facebook.com\/finsling\/"]}]}},"_links":{"self":[{"href":"https:\/\/finsling.com\/fi\/wp-json\/wp\/v2\/product\/790","targetHints":{"allow":["GET"]}}],"collection":[{"href":"https:\/\/finsling.com\/fi\/wp-json\/wp\/v2\/product"}],"about":[{"href":"https:\/\/finsling.com\/fi\/wp-json\/wp\/v2\/types\/product"}],"wp:featuredmedia":[{"embeddable":true,"href":"https:\/\/finsling.com\/fi\/wp-json\/wp\/v2\/media\/1640"}],"wp:attachment":[{"href":"https:\/\/finsling.com\/fi\/wp-json\/wp\/v2\/media?parent=790"}],"wp:term":[{"taxonomy":"product_brand","embeddable":true,"href":"https:\/\/finsling.com\/fi\/wp-json\/wp\/v2\/product_brand?post=790"},{"taxonomy":"product_cat","embeddable":true,"href":"https:\/\/finsling.com\/fi\/wp-json\/wp\/v2\/product_cat?post=790"},{"taxonomy":"product_tag","embeddable":true,"href":"https:\/\/finsling.com\/fi\/wp-json\/wp\/v2\/product_tag?post=790"}],"curies":[{"name":"wp","href":"https:\/\/api.w.org\/{rel}","templated":true}]}}