{"id":925,"date":"2022-03-31T15:51:36","date_gmt":"2022-03-31T12:51:36","guid":{"rendered":"https:\/\/finsling.com\/?post_type=product&#038;p=925"},"modified":"2025-09-25T10:19:01","modified_gmt":"2025-09-25T07:19:01","slug":"rear-point-adapter","status":"publish","type":"product","link":"https:\/\/finsling.com\/fi\/tuote\/rear-point-adapter\/","title":{"rendered":"Rear Point Adapter"},"content":{"rendered":"<p><iframe title=\"Rear adapter for two point sling. Carry a traditional hunting weapon like tactical weapon.\" width=\"563\" height=\"1000\" src=\"https:\/\/www.youtube.com\/embed\/G_BrTw9xqpQ?feature=oembed\" frameborder=\"0\" allow=\"accelerometer; autoplay; clipboard-write; encrypted-media; gyroscope; picture-in-picture; web-share\" referrerpolicy=\"strict-origin-when-cross-origin\" allowfullscreen><\/iframe><\/p>\n<p><iframe title=\"Rear adapter install\" width=\"800\" height=\"450\" src=\"https:\/\/www.youtube.com\/embed\/AvnseKLcvZA?feature=oembed\" frameborder=\"0\" allow=\"accelerometer; autoplay; clipboard-write; encrypted-media; gyroscope; picture-in-picture; web-share\" referrerpolicy=\"strict-origin-when-cross-origin\" allowfullscreen><\/iframe><\/p>\n<p>FinSling Per\u00e4adapterin avulla voit kiinnitt\u00e4\u00e4 asehihnan aseen tukin per\u00e4p\u00e4\u00e4h\u00e4n. Per\u00e4adapterin avulla asehihna kiinnittyy aseen kylkeen aseen pohjan sijasta. FinSling Per\u00e4adapterin avulla voit kantaa perinteist\u00e4 mets\u00e4stysasetta  k\u00e4yt\u00e4nn\u00f6llisell\u00e4 ja toimivalla tavalla. Per\u00e4adapterin sis\u00e4puolessa on kumipinta. Kumipinnan ja j\u00e4m\u00e4k\u00e4n kiristyksen ansiosta Per\u00e4adapteri pysyy paikallaan kovemmassakin k\u00e4yt\u00f6ss\u00e4.<\/p>\n<p>Periaatteessa Per\u00e4adapteri on asehihnan hihnakiinnike. FinSling Per\u00e4adapterin avulla voit k\u00e4ytt\u00e4\u00e4 moderneja asehihnoja perinteisess\u00e4 mets\u00e4stysaseessasi.<\/p>\n<p>Voit valita joko oikea tai vasen k\u00e4tisen Per\u00e4adapterin. Oikeak\u00e4tisen Per\u00e4adapterin tikapuusolki osoittaa ulosp\u00e4in oikeak\u00e4tisen ampujan k\u00e4siss\u00e4. Vasenk\u00e4tisen ampujan k\u00e4siss\u00e4 saman Per\u00e4adapterin tikapuusolki osoittaa vasenta rintalihasta kohti. T\u00e4m\u00e4 on l\u00e4hinn\u00e4 kosmeettista. Kumpikin k\u00e4tinen ampuja voi k\u00e4ytt\u00e4\u00e4 kummankin puolen Per\u00e4adapteria. Asehihnan voi kiinnitt\u00e4\u00e4 kummallekin puolelle tukkia Per\u00e4adapterin avulla.<\/p>","protected":false},"excerpt":{"rendered":"<p>FinSling Rear Adapter is a gun sling device that allows you to attach a weapon sling to the rear part of the weapon. The sling attaches to the side of the weapon with the Rear Adapter. This allows you to use modern weapon slings with your traditional hunting weapons. FinSling Rear Point Adapter has rubber surface. The rubbery surface keeps the Rear Point Adapter in place even in hard activity. Basically, the Rear Adapter is a sling swivel for weapon sling. With FinSling Rear Adapter, you can carry your traditional hunting weapon in a modern way. You can choose a right hand or left hand side Rear Adapter. The right side Rear Adapters ladderlock buckle faces outward on a hands of a right hand shooter. If a left hand shooter uses a right hand side Rear Adapter, the ladder lock buckle faces toward shooters left chest. This doesn\u00b4t matter. It&hellip;<\/p>\n<p> <a class=\"more-link\" href=\"https:\/\/finsling.com\/fi\/tuote\/rear-point-adapter\/\">Lue Lis\u00e4\u00e4<\/a><\/p>","protected":false},"featured_media":995,"template":"","meta":[],"product_brand":[],"product_cat":[32],"product_tag":[],"class_list":{"0":"post-925","1":"product","2":"type-product","3":"status-publish","4":"has-post-thumbnail","6":"product_cat-product","8":"first","9":"instock","10":"taxable","11":"shipping-taxable","12":"purchasable","13":"product-type-variable"},"yoast_head":"<!-- This site is optimized with the Yoast SEO plugin v27.4 - https:\/\/yoast.com\/product\/yoast-seo-wordpress\/ -->\n<title>Rear Point Adapter - Finsling<\/title>\n<meta name=\"robots\" content=\"index, follow, max-snippet:-1, max-image-preview:large, max-video-preview:-1\" \/>\n<link rel=\"canonical\" href=\"https:\/\/finsling.com\/fi\/tuote\/rear-point-adapter\/\" \/>\n<meta property=\"og:locale\" content=\"fi_FI\" \/>\n<meta property=\"og:type\" content=\"article\" \/>\n<meta property=\"og:title\" content=\"Rear Point Adapter - Finsling\" \/>\n<meta property=\"og:description\" content=\"FinSling Rear Adapter is a gun sling device that allows you to attach a weapon sling to the rear part of the weapon. The sling attaches to the side of the weapon with the Rear Adapter. This allows you to use modern weapon slings with your traditional hunting weapons. FinSling Rear Point Adapter has rubber surface. The rubbery surface keeps the Rear Point Adapter in place even in hard activity. Basically, the Rear Adapter is a sling swivel for weapon sling. With FinSling Rear Adapter, you can carry your traditional hunting weapon in a modern way. You can choose a right hand or left hand side Rear Adapter. The right side Rear Adapters ladderlock buckle faces outward on a hands of a right hand shooter. If a left hand shooter uses a right hand side Rear Adapter, the ladder lock buckle faces toward shooters left chest. This doesn\u00b4t matter. It&hellip;  Lue Lis\u00e4\u00e4\" \/>\n<meta property=\"og:url\" content=\"https:\/\/finsling.com\/fi\/tuote\/rear-point-adapter\/\" \/>\n<meta property=\"og:site_name\" content=\"Finsling\" \/>\n<meta property=\"article:publisher\" content=\"https:\/\/www.facebook.com\/finsling\/\" \/>\n<meta property=\"article:modified_time\" content=\"2025-09-25T07:19:01+00:00\" \/>\n<meta property=\"og:image\" content=\"https:\/\/finsling.com\/wp-content\/uploads\/2022\/10\/rearad1-rotated.jpg\" \/>\n\t<meta property=\"og:image:width\" content=\"1448\" \/>\n\t<meta property=\"og:image:height\" content=\"1448\" \/>\n\t<meta property=\"og:image:type\" content=\"image\/jpeg\" \/>\n<meta name=\"twitter:card\" content=\"summary_large_image\" \/>\n<meta name=\"twitter:label1\" content=\"Arvioitu lukuaika\" \/>\n\t<meta name=\"twitter:data1\" content=\"1 minuutti\" \/>\n<script type=\"application\/ld+json\" class=\"yoast-schema-graph\">{\"@context\":\"https:\\\/\\\/schema.org\",\"@graph\":[{\"@type\":\"WebPage\",\"@id\":\"https:\\\/\\\/finsling.com\\\/product\\\/rear-point-adapter\\\/\",\"url\":\"https:\\\/\\\/finsling.com\\\/product\\\/rear-point-adapter\\\/\",\"name\":\"Rear Point Adapter - Finsling\",\"isPartOf\":{\"@id\":\"https:\\\/\\\/finsling.com\\\/#website\"},\"primaryImageOfPage\":{\"@id\":\"https:\\\/\\\/finsling.com\\\/product\\\/rear-point-adapter\\\/#primaryimage\"},\"image\":{\"@id\":\"https:\\\/\\\/finsling.com\\\/product\\\/rear-point-adapter\\\/#primaryimage\"},\"thumbnailUrl\":\"https:\\\/\\\/finsling.com\\\/wp-content\\\/uploads\\\/2022\\\/10\\\/rearad1-rotated.jpg\",\"datePublished\":\"2022-03-31T12:51:36+00:00\",\"dateModified\":\"2025-09-25T07:19:01+00:00\",\"breadcrumb\":{\"@id\":\"https:\\\/\\\/finsling.com\\\/product\\\/rear-point-adapter\\\/#breadcrumb\"},\"inLanguage\":\"fi\",\"potentialAction\":[{\"@type\":\"ReadAction\",\"target\":[\"https:\\\/\\\/finsling.com\\\/product\\\/rear-point-adapter\\\/\"]}]},{\"@type\":\"ImageObject\",\"inLanguage\":\"fi\",\"@id\":\"https:\\\/\\\/finsling.com\\\/product\\\/rear-point-adapter\\\/#primaryimage\",\"url\":\"https:\\\/\\\/finsling.com\\\/wp-content\\\/uploads\\\/2022\\\/10\\\/rearad1-rotated.jpg\",\"contentUrl\":\"https:\\\/\\\/finsling.com\\\/wp-content\\\/uploads\\\/2022\\\/10\\\/rearad1-rotated.jpg\",\"width\":1448,\"height\":1448,\"caption\":\"Rear point adapter\"},{\"@type\":\"BreadcrumbList\",\"@id\":\"https:\\\/\\\/finsling.com\\\/product\\\/rear-point-adapter\\\/#breadcrumb\",\"itemListElement\":[{\"@type\":\"ListItem\",\"position\":1,\"name\":\"Home\",\"item\":\"https:\\\/\\\/finsling.com\\\/\"},{\"@type\":\"ListItem\",\"position\":2,\"name\":\"Products\",\"item\":\"https:\\\/\\\/finsling.com\\\/kauppa\\\/\"},{\"@type\":\"ListItem\",\"position\":3,\"name\":\"Rear Point Adapter\"}]},{\"@type\":\"WebSite\",\"@id\":\"https:\\\/\\\/finsling.com\\\/#website\",\"url\":\"https:\\\/\\\/finsling.com\\\/\",\"name\":\"Finsling\",\"description\":\"SIMPLE - DURABLE - EFFECTIVE\",\"publisher\":{\"@id\":\"https:\\\/\\\/finsling.com\\\/#organization\"},\"potentialAction\":[{\"@type\":\"SearchAction\",\"target\":{\"@type\":\"EntryPoint\",\"urlTemplate\":\"https:\\\/\\\/finsling.com\\\/?s={search_term_string}\"},\"query-input\":{\"@type\":\"PropertyValueSpecification\",\"valueRequired\":true,\"valueName\":\"search_term_string\"}}],\"inLanguage\":\"fi\"},{\"@type\":\"Organization\",\"@id\":\"https:\\\/\\\/finsling.com\\\/#organization\",\"name\":\"Finsling\",\"url\":\"https:\\\/\\\/finsling.com\\\/\",\"logo\":{\"@type\":\"ImageObject\",\"inLanguage\":\"fi\",\"@id\":\"https:\\\/\\\/finsling.com\\\/#\\\/schema\\\/logo\\\/image\\\/\",\"url\":\"https:\\\/\\\/finsling.com\\\/wp-content\\\/uploads\\\/2019\\\/11\\\/cropped-finsling_medium-3.png\",\"contentUrl\":\"https:\\\/\\\/finsling.com\\\/wp-content\\\/uploads\\\/2019\\\/11\\\/cropped-finsling_medium-3.png\",\"width\":554,\"height\":208,\"caption\":\"Finsling\"},\"image\":{\"@id\":\"https:\\\/\\\/finsling.com\\\/#\\\/schema\\\/logo\\\/image\\\/\"},\"sameAs\":[\"https:\\\/\\\/www.facebook.com\\\/finsling\\\/\"]}]}<\/script>\n<!-- \/ Yoast SEO plugin. -->","yoast_head_json":{"title":"Rear Point Adapter - Finsling","robots":{"index":"index","follow":"follow","max-snippet":"max-snippet:-1","max-image-preview":"max-image-preview:large","max-video-preview":"max-video-preview:-1"},"canonical":"https:\/\/finsling.com\/fi\/tuote\/rear-point-adapter\/","og_locale":"fi_FI","og_type":"article","og_title":"Rear Point Adapter - Finsling","og_description":"FinSling Rear Adapter is a gun sling device that allows you to attach a weapon sling to the rear part of the weapon. The sling attaches to the side of the weapon with the Rear Adapter. This allows you to use modern weapon slings with your traditional hunting weapons. FinSling Rear Point Adapter has rubber surface. The rubbery surface keeps the Rear Point Adapter in place even in hard activity. Basically, the Rear Adapter is a sling swivel for weapon sling. With FinSling Rear Adapter, you can carry your traditional hunting weapon in a modern way. You can choose a right hand or left hand side Rear Adapter. The right side Rear Adapters ladderlock buckle faces outward on a hands of a right hand shooter. If a left hand shooter uses a right hand side Rear Adapter, the ladder lock buckle faces toward shooters left chest. This doesn\u00b4t matter. It&hellip;  Lue Lis\u00e4\u00e4","og_url":"https:\/\/finsling.com\/fi\/tuote\/rear-point-adapter\/","og_site_name":"Finsling","article_publisher":"https:\/\/www.facebook.com\/finsling\/","article_modified_time":"2025-09-25T07:19:01+00:00","og_image":[{"width":1448,"height":1448,"url":"https:\/\/finsling.com\/wp-content\/uploads\/2022\/10\/rearad1-rotated.jpg","type":"image\/jpeg"}],"twitter_card":"summary_large_image","twitter_misc":{"Arvioitu lukuaika":"1 minuutti"},"schema":{"@context":"https:\/\/schema.org","@graph":[{"@type":"WebPage","@id":"https:\/\/finsling.com\/product\/rear-point-adapter\/","url":"https:\/\/finsling.com\/product\/rear-point-adapter\/","name":"Rear Point Adapter - Finsling","isPartOf":{"@id":"https:\/\/finsling.com\/#website"},"primaryImageOfPage":{"@id":"https:\/\/finsling.com\/product\/rear-point-adapter\/#primaryimage"},"image":{"@id":"https:\/\/finsling.com\/product\/rear-point-adapter\/#primaryimage"},"thumbnailUrl":"https:\/\/finsling.com\/wp-content\/uploads\/2022\/10\/rearad1-rotated.jpg","datePublished":"2022-03-31T12:51:36+00:00","dateModified":"2025-09-25T07:19:01+00:00","breadcrumb":{"@id":"https:\/\/finsling.com\/product\/rear-point-adapter\/#breadcrumb"},"inLanguage":"fi","potentialAction":[{"@type":"ReadAction","target":["https:\/\/finsling.com\/product\/rear-point-adapter\/"]}]},{"@type":"ImageObject","inLanguage":"fi","@id":"https:\/\/finsling.com\/product\/rear-point-adapter\/#primaryimage","url":"https:\/\/finsling.com\/wp-content\/uploads\/2022\/10\/rearad1-rotated.jpg","contentUrl":"https:\/\/finsling.com\/wp-content\/uploads\/2022\/10\/rearad1-rotated.jpg","width":1448,"height":1448,"caption":"Rear point adapter"},{"@type":"BreadcrumbList","@id":"https:\/\/finsling.com\/product\/rear-point-adapter\/#breadcrumb","itemListElement":[{"@type":"ListItem","position":1,"name":"Home","item":"https:\/\/finsling.com\/"},{"@type":"ListItem","position":2,"name":"Products","item":"https:\/\/finsling.com\/kauppa\/"},{"@type":"ListItem","position":3,"name":"Rear Point Adapter"}]},{"@type":"WebSite","@id":"https:\/\/finsling.com\/#website","url":"https:\/\/finsling.com\/","name":"Finsling","description":"SIMPLE - DURABLE - EFFECTIVE","publisher":{"@id":"https:\/\/finsling.com\/#organization"},"potentialAction":[{"@type":"SearchAction","target":{"@type":"EntryPoint","urlTemplate":"https:\/\/finsling.com\/?s={search_term_string}"},"query-input":{"@type":"PropertyValueSpecification","valueRequired":true,"valueName":"search_term_string"}}],"inLanguage":"fi"},{"@type":"Organization","@id":"https:\/\/finsling.com\/#organization","name":"Finsling","url":"https:\/\/finsling.com\/","logo":{"@type":"ImageObject","inLanguage":"fi","@id":"https:\/\/finsling.com\/#\/schema\/logo\/image\/","url":"https:\/\/finsling.com\/wp-content\/uploads\/2019\/11\/cropped-finsling_medium-3.png","contentUrl":"https:\/\/finsling.com\/wp-content\/uploads\/2019\/11\/cropped-finsling_medium-3.png","width":554,"height":208,"caption":"Finsling"},"image":{"@id":"https:\/\/finsling.com\/#\/schema\/logo\/image\/"},"sameAs":["https:\/\/www.facebook.com\/finsling\/"]}]}},"_links":{"self":[{"href":"https:\/\/finsling.com\/fi\/wp-json\/wp\/v2\/product\/925","targetHints":{"allow":["GET"]}}],"collection":[{"href":"https:\/\/finsling.com\/fi\/wp-json\/wp\/v2\/product"}],"about":[{"href":"https:\/\/finsling.com\/fi\/wp-json\/wp\/v2\/types\/product"}],"wp:featuredmedia":[{"embeddable":true,"href":"https:\/\/finsling.com\/fi\/wp-json\/wp\/v2\/media\/995"}],"wp:attachment":[{"href":"https:\/\/finsling.com\/fi\/wp-json\/wp\/v2\/media?parent=925"}],"wp:term":[{"taxonomy":"product_brand","embeddable":true,"href":"https:\/\/finsling.com\/fi\/wp-json\/wp\/v2\/product_brand?post=925"},{"taxonomy":"product_cat","embeddable":true,"href":"https:\/\/finsling.com\/fi\/wp-json\/wp\/v2\/product_cat?post=925"},{"taxonomy":"product_tag","embeddable":true,"href":"https:\/\/finsling.com\/fi\/wp-json\/wp\/v2\/product_tag?post=925"}],"curies":[{"name":"wp","href":"https:\/\/api.w.org\/{rel}","templated":true}]}}