{"id":942,"date":"2022-07-30T17:38:25","date_gmt":"2022-07-30T14:38:25","guid":{"rendered":"https:\/\/finsling.com\/?post_type=product&#038;p=942"},"modified":"2025-12-08T10:42:23","modified_gmt":"2025-12-08T08:42:23","slug":"duty-belt-lengthener","status":"publish","type":"product","link":"https:\/\/finsling.com\/fi\/tuote\/duty-belt-lengthener\/","title":{"rendered":"Varustevy\u00f6pident\u00e4j\u00e4"},"content":{"rendered":"<p><iframe title=\"Duty belt lengthener @finsling\" width=\"800\" height=\"450\" src=\"https:\/\/www.youtube.com\/embed\/dZkewl8WS4U?feature=oembed\" frameborder=\"0\" allow=\"accelerometer; autoplay; clipboard-write; encrypted-media; gyroscope; picture-in-picture; web-share\" referrerpolicy=\"strict-origin-when-cross-origin\" allowfullscreen><\/iframe><\/p>\n<p>Varustevy\u00f6pident\u00e4j\u00e4 on varustevy\u00f6lis\u00e4varuste mik\u00e4 tuo lis\u00e4\u00e4 pituutta varustevy\u00f6h\u00f6n kun istut. Varustevy\u00f6 levenee ja istuminen varustevy\u00f6n kanssa on mukavampaa. Varustevy\u00f6pident\u00e4j\u00e4 toimii my\u00f6s varustevy\u00f6n p\u00e4\u00e4soljen varmistajana tahattoman aukeamisen varalta.<\/p>\n<p>Varustevy\u00f6pident\u00e4j\u00e4 on helppo kiinnitt\u00e4\u00e4 tyypillisiin varustev\u00f6ihin. Varustevy\u00f6pident\u00e4j\u00e4n avulla saat helposti pituutta lis\u00e4\u00e4 varustevy\u00f6h\u00f6n.<\/p>\n<p>Jotta varustevy\u00f6n kantaminen olisi tehokasta, varustevy\u00f6n on oltava sopivan tiukka. Autossa tai toimistossa istuminen tiukan varustevy\u00f6n kanssa on ep\u00e4mukavaa ja voi aiheuttaa k\u00e4ytt\u00e4j\u00e4lle selk\u00e4 kipuja tai verenkielto-ongelmia. Istuminen pitki\u00e4 aikoja kire\u00e4n varustevy\u00f6n kanssa voi pahimmillaan johtaa veritulppaan. Varustevy\u00f6pident\u00e4j\u00e4 sopii parhaiten ihmisille, jotka istuvat pitki\u00e4 aikoja varustevy\u00f6n kanssa kuten poliisit, vartijat ja sotilaat.<\/p>\n<p>Varustevy\u00f6pident\u00e4j\u00e4n k\u00e4ytt\u00f6 perustuu siihen, ett\u00e4 k\u00e4ytt\u00e4j\u00e4 avaa varustevy\u00f6n p\u00e4\u00e4 soljen istuessa. T\u00e4m\u00e4 tuo lis\u00e4\u00e4 tilaa varustevy\u00f6h\u00f6n ja istumisesta varustevy\u00f6n kanssa tulee mukavampaa. Varustevy\u00f6n p\u00e4\u00e4solki tulee aina sulkea ennen aktiviteettia.<\/p>\n<p>Suosittelemme l\u00e4mpim\u00e4sti varustevy\u00f6n kantamista FinSling S Harness varustevy\u00f6valjaiden ja Varustevy\u00f6pident\u00e4j\u00e4n kanssa.<\/p>","protected":false},"excerpt":{"rendered":"<p>Duty Belt Lengthener is a duty belt\/battle belt accessory that adds more length to your duty belt when you sit. The duty belt comes wider and it\u00b4s more comfortable to sit. Duty Belt Lengthener works also for backup for the main buckle. Duty Belt Lengthener is easy to attach to most duty belts\/battle belts. With Duty Belt Lengthener you can add length to your belt fast and easily. Duty belt\/battle belt needs to be properly tightened to run it effectively. Sitting in a vehicle or in an office with a properly tightened belt is uncomfortable and can cause back and circulation problems. Duty Belt Lengthener is ideal for people who wear duty belt\/battle belt, move and sit wearing the belt. Specially policemen, security guards and soldiers will benefit from The Duty Belt Lengthener. The idea is to open your main buckle when you sit. This gives your duty belt more&hellip;<\/p>\n<p> <a class=\"more-link\" href=\"https:\/\/finsling.com\/fi\/tuote\/duty-belt-lengthener\/\">Lue Lis\u00e4\u00e4<\/a><\/p>","protected":false},"featured_media":952,"template":"","meta":[],"product_brand":[],"product_cat":[32],"product_tag":[82,84,87,88,90,81,80,83,86,85,89,79],"class_list":{"0":"post-942","1":"product","2":"type-product","3":"status-publish","4":"has-post-thumbnail","6":"product_cat-product","7":"product_tag-battle-belt","8":"product_tag-battle-belt-accessory","9":"product_tag-battle-belt-adjuster","10":"product_tag-battle-belt-back-pain","11":"product_tag-battle-belt-blood-clot","12":"product_tag-battle-belt-lengthener","13":"product_tag-duty-belt","14":"product_tag-duty-belt-accessory","15":"product_tag-duty-belt-adjuster","16":"product_tag-duty-belt-back-pain","17":"product_tag-duty-belt-blood-clot","18":"product_tag-duty-belt-lengthener","20":"first","21":"instock","22":"taxable","23":"shipping-taxable","24":"purchasable","25":"product-type-variable"},"yoast_head":"<!-- This site is optimized with the Yoast SEO plugin v27.3 - https:\/\/yoast.com\/product\/yoast-seo-wordpress\/ -->\n<title>Duty Belt Lengthener - Finsling<\/title>\n<meta name=\"robots\" content=\"index, follow, max-snippet:-1, max-image-preview:large, max-video-preview:-1\" \/>\n<link rel=\"canonical\" href=\"https:\/\/finsling.com\/fi\/tuote\/duty-belt-lengthener\/\" \/>\n<meta property=\"og:locale\" content=\"fi_FI\" \/>\n<meta property=\"og:type\" content=\"article\" \/>\n<meta property=\"og:title\" content=\"Duty Belt Lengthener - Finsling\" \/>\n<meta property=\"og:description\" content=\"Duty Belt Lengthener is a duty belt\/battle belt accessory that adds more length to your duty belt when you sit. The duty belt comes wider and it\u00b4s more comfortable to sit. Duty Belt Lengthener works also for backup for the main buckle. Duty Belt Lengthener is easy to attach to most duty belts\/battle belts. With Duty Belt Lengthener you can add length to your belt fast and easily. Duty belt\/battle belt needs to be properly tightened to run it effectively. Sitting in a vehicle or in an office with a properly tightened belt is uncomfortable and can cause back and circulation problems. Duty Belt Lengthener is ideal for people who wear duty belt\/battle belt, move and sit wearing the belt. Specially policemen, security guards and soldiers will benefit from The Duty Belt Lengthener. The idea is to open your main buckle when you sit. This gives your duty belt more&hellip;  Lue Lis\u00e4\u00e4\" \/>\n<meta property=\"og:url\" content=\"https:\/\/finsling.com\/fi\/tuote\/duty-belt-lengthener\/\" \/>\n<meta property=\"og:site_name\" content=\"Finsling\" \/>\n<meta property=\"article:publisher\" content=\"https:\/\/www.facebook.com\/finsling\/\" \/>\n<meta property=\"article:modified_time\" content=\"2025-12-08T08:42:23+00:00\" \/>\n<meta property=\"og:image\" content=\"https:\/\/finsling.com\/wp-content\/uploads\/2022\/08\/DM4-rotated.jpg\" \/>\n\t<meta property=\"og:image:width\" content=\"1448\" \/>\n\t<meta property=\"og:image:height\" content=\"1448\" \/>\n\t<meta property=\"og:image:type\" content=\"image\/jpeg\" \/>\n<meta name=\"twitter:card\" content=\"summary_large_image\" \/>\n<meta name=\"twitter:label1\" content=\"Arvioitu lukuaika\" \/>\n\t<meta name=\"twitter:data1\" content=\"2 minuuttia\" \/>\n<script type=\"application\/ld+json\" class=\"yoast-schema-graph\">{\"@context\":\"https:\\\/\\\/schema.org\",\"@graph\":[{\"@type\":\"WebPage\",\"@id\":\"https:\\\/\\\/finsling.com\\\/product\\\/duty-belt-lengthener\\\/\",\"url\":\"https:\\\/\\\/finsling.com\\\/product\\\/duty-belt-lengthener\\\/\",\"name\":\"Duty Belt Lengthener - Finsling\",\"isPartOf\":{\"@id\":\"https:\\\/\\\/finsling.com\\\/#website\"},\"primaryImageOfPage\":{\"@id\":\"https:\\\/\\\/finsling.com\\\/product\\\/duty-belt-lengthener\\\/#primaryimage\"},\"image\":{\"@id\":\"https:\\\/\\\/finsling.com\\\/product\\\/duty-belt-lengthener\\\/#primaryimage\"},\"thumbnailUrl\":\"https:\\\/\\\/finsling.com\\\/wp-content\\\/uploads\\\/2022\\\/08\\\/DM4-rotated.jpg\",\"datePublished\":\"2022-07-30T14:38:25+00:00\",\"dateModified\":\"2025-12-08T08:42:23+00:00\",\"breadcrumb\":{\"@id\":\"https:\\\/\\\/finsling.com\\\/product\\\/duty-belt-lengthener\\\/#breadcrumb\"},\"inLanguage\":\"fi\",\"potentialAction\":[{\"@type\":\"ReadAction\",\"target\":[\"https:\\\/\\\/finsling.com\\\/product\\\/duty-belt-lengthener\\\/\"]}]},{\"@type\":\"ImageObject\",\"inLanguage\":\"fi\",\"@id\":\"https:\\\/\\\/finsling.com\\\/product\\\/duty-belt-lengthener\\\/#primaryimage\",\"url\":\"https:\\\/\\\/finsling.com\\\/wp-content\\\/uploads\\\/2022\\\/08\\\/DM4-rotated.jpg\",\"contentUrl\":\"https:\\\/\\\/finsling.com\\\/wp-content\\\/uploads\\\/2022\\\/08\\\/DM4-rotated.jpg\",\"width\":1448,\"height\":1448,\"caption\":\"Duty belt gear\"},{\"@type\":\"BreadcrumbList\",\"@id\":\"https:\\\/\\\/finsling.com\\\/product\\\/duty-belt-lengthener\\\/#breadcrumb\",\"itemListElement\":[{\"@type\":\"ListItem\",\"position\":1,\"name\":\"Home\",\"item\":\"https:\\\/\\\/finsling.com\\\/\"},{\"@type\":\"ListItem\",\"position\":2,\"name\":\"Products\",\"item\":\"https:\\\/\\\/finsling.com\\\/kauppa\\\/\"},{\"@type\":\"ListItem\",\"position\":3,\"name\":\"Duty Belt Lengthener\"}]},{\"@type\":\"WebSite\",\"@id\":\"https:\\\/\\\/finsling.com\\\/#website\",\"url\":\"https:\\\/\\\/finsling.com\\\/\",\"name\":\"Finsling\",\"description\":\"SIMPLE - DURABLE - EFFECTIVE\",\"publisher\":{\"@id\":\"https:\\\/\\\/finsling.com\\\/#organization\"},\"potentialAction\":[{\"@type\":\"SearchAction\",\"target\":{\"@type\":\"EntryPoint\",\"urlTemplate\":\"https:\\\/\\\/finsling.com\\\/?s={search_term_string}\"},\"query-input\":{\"@type\":\"PropertyValueSpecification\",\"valueRequired\":true,\"valueName\":\"search_term_string\"}}],\"inLanguage\":\"fi\"},{\"@type\":\"Organization\",\"@id\":\"https:\\\/\\\/finsling.com\\\/#organization\",\"name\":\"Finsling\",\"url\":\"https:\\\/\\\/finsling.com\\\/\",\"logo\":{\"@type\":\"ImageObject\",\"inLanguage\":\"fi\",\"@id\":\"https:\\\/\\\/finsling.com\\\/#\\\/schema\\\/logo\\\/image\\\/\",\"url\":\"https:\\\/\\\/finsling.com\\\/wp-content\\\/uploads\\\/2019\\\/11\\\/cropped-finsling_medium-3.png\",\"contentUrl\":\"https:\\\/\\\/finsling.com\\\/wp-content\\\/uploads\\\/2019\\\/11\\\/cropped-finsling_medium-3.png\",\"width\":554,\"height\":208,\"caption\":\"Finsling\"},\"image\":{\"@id\":\"https:\\\/\\\/finsling.com\\\/#\\\/schema\\\/logo\\\/image\\\/\"},\"sameAs\":[\"https:\\\/\\\/www.facebook.com\\\/finsling\\\/\"]}]}<\/script>\n<!-- \/ Yoast SEO plugin. -->","yoast_head_json":{"title":"Duty Belt Lengthener - Finsling","robots":{"index":"index","follow":"follow","max-snippet":"max-snippet:-1","max-image-preview":"max-image-preview:large","max-video-preview":"max-video-preview:-1"},"canonical":"https:\/\/finsling.com\/fi\/tuote\/duty-belt-lengthener\/","og_locale":"fi_FI","og_type":"article","og_title":"Duty Belt Lengthener - Finsling","og_description":"Duty Belt Lengthener is a duty belt\/battle belt accessory that adds more length to your duty belt when you sit. The duty belt comes wider and it\u00b4s more comfortable to sit. Duty Belt Lengthener works also for backup for the main buckle. Duty Belt Lengthener is easy to attach to most duty belts\/battle belts. With Duty Belt Lengthener you can add length to your belt fast and easily. Duty belt\/battle belt needs to be properly tightened to run it effectively. Sitting in a vehicle or in an office with a properly tightened belt is uncomfortable and can cause back and circulation problems. Duty Belt Lengthener is ideal for people who wear duty belt\/battle belt, move and sit wearing the belt. Specially policemen, security guards and soldiers will benefit from The Duty Belt Lengthener. The idea is to open your main buckle when you sit. This gives your duty belt more&hellip;  Lue Lis\u00e4\u00e4","og_url":"https:\/\/finsling.com\/fi\/tuote\/duty-belt-lengthener\/","og_site_name":"Finsling","article_publisher":"https:\/\/www.facebook.com\/finsling\/","article_modified_time":"2025-12-08T08:42:23+00:00","og_image":[{"width":1448,"height":1448,"url":"https:\/\/finsling.com\/wp-content\/uploads\/2022\/08\/DM4-rotated.jpg","type":"image\/jpeg"}],"twitter_card":"summary_large_image","twitter_misc":{"Arvioitu lukuaika":"2 minuuttia"},"schema":{"@context":"https:\/\/schema.org","@graph":[{"@type":"WebPage","@id":"https:\/\/finsling.com\/product\/duty-belt-lengthener\/","url":"https:\/\/finsling.com\/product\/duty-belt-lengthener\/","name":"Duty Belt Lengthener - Finsling","isPartOf":{"@id":"https:\/\/finsling.com\/#website"},"primaryImageOfPage":{"@id":"https:\/\/finsling.com\/product\/duty-belt-lengthener\/#primaryimage"},"image":{"@id":"https:\/\/finsling.com\/product\/duty-belt-lengthener\/#primaryimage"},"thumbnailUrl":"https:\/\/finsling.com\/wp-content\/uploads\/2022\/08\/DM4-rotated.jpg","datePublished":"2022-07-30T14:38:25+00:00","dateModified":"2025-12-08T08:42:23+00:00","breadcrumb":{"@id":"https:\/\/finsling.com\/product\/duty-belt-lengthener\/#breadcrumb"},"inLanguage":"fi","potentialAction":[{"@type":"ReadAction","target":["https:\/\/finsling.com\/product\/duty-belt-lengthener\/"]}]},{"@type":"ImageObject","inLanguage":"fi","@id":"https:\/\/finsling.com\/product\/duty-belt-lengthener\/#primaryimage","url":"https:\/\/finsling.com\/wp-content\/uploads\/2022\/08\/DM4-rotated.jpg","contentUrl":"https:\/\/finsling.com\/wp-content\/uploads\/2022\/08\/DM4-rotated.jpg","width":1448,"height":1448,"caption":"Duty belt gear"},{"@type":"BreadcrumbList","@id":"https:\/\/finsling.com\/product\/duty-belt-lengthener\/#breadcrumb","itemListElement":[{"@type":"ListItem","position":1,"name":"Home","item":"https:\/\/finsling.com\/"},{"@type":"ListItem","position":2,"name":"Products","item":"https:\/\/finsling.com\/kauppa\/"},{"@type":"ListItem","position":3,"name":"Duty Belt Lengthener"}]},{"@type":"WebSite","@id":"https:\/\/finsling.com\/#website","url":"https:\/\/finsling.com\/","name":"Finsling","description":"SIMPLE - DURABLE - EFFECTIVE","publisher":{"@id":"https:\/\/finsling.com\/#organization"},"potentialAction":[{"@type":"SearchAction","target":{"@type":"EntryPoint","urlTemplate":"https:\/\/finsling.com\/?s={search_term_string}"},"query-input":{"@type":"PropertyValueSpecification","valueRequired":true,"valueName":"search_term_string"}}],"inLanguage":"fi"},{"@type":"Organization","@id":"https:\/\/finsling.com\/#organization","name":"Finsling","url":"https:\/\/finsling.com\/","logo":{"@type":"ImageObject","inLanguage":"fi","@id":"https:\/\/finsling.com\/#\/schema\/logo\/image\/","url":"https:\/\/finsling.com\/wp-content\/uploads\/2019\/11\/cropped-finsling_medium-3.png","contentUrl":"https:\/\/finsling.com\/wp-content\/uploads\/2019\/11\/cropped-finsling_medium-3.png","width":554,"height":208,"caption":"Finsling"},"image":{"@id":"https:\/\/finsling.com\/#\/schema\/logo\/image\/"},"sameAs":["https:\/\/www.facebook.com\/finsling\/"]}]}},"_links":{"self":[{"href":"https:\/\/finsling.com\/fi\/wp-json\/wp\/v2\/product\/942","targetHints":{"allow":["GET"]}}],"collection":[{"href":"https:\/\/finsling.com\/fi\/wp-json\/wp\/v2\/product"}],"about":[{"href":"https:\/\/finsling.com\/fi\/wp-json\/wp\/v2\/types\/product"}],"wp:featuredmedia":[{"embeddable":true,"href":"https:\/\/finsling.com\/fi\/wp-json\/wp\/v2\/media\/952"}],"wp:attachment":[{"href":"https:\/\/finsling.com\/fi\/wp-json\/wp\/v2\/media?parent=942"}],"wp:term":[{"taxonomy":"product_brand","embeddable":true,"href":"https:\/\/finsling.com\/fi\/wp-json\/wp\/v2\/product_brand?post=942"},{"taxonomy":"product_cat","embeddable":true,"href":"https:\/\/finsling.com\/fi\/wp-json\/wp\/v2\/product_cat?post=942"},{"taxonomy":"product_tag","embeddable":true,"href":"https:\/\/finsling.com\/fi\/wp-json\/wp\/v2\/product_tag?post=942"}],"curies":[{"name":"wp","href":"https:\/\/api.w.org\/{rel}","templated":true}]}}