{"id":981,"date":"2022-09-09T12:10:39","date_gmt":"2022-09-09T09:10:39","guid":{"rendered":"https:\/\/finsling.com\/?post_type=product&#038;p=981"},"modified":"2026-02-22T18:50:55","modified_gmt":"2026-02-22T16:50:55","slug":"padded-2-point-sling-hunter","status":"publish","type":"product","link":"https:\/\/finsling.com\/fi\/tuote\/padded-2-point-sling-hunter\/","title":{"rendered":"P2P Hunter Sling (kaksipiste asehihna mets\u00e4stykseen)"},"content":{"rendered":"<p><iframe title=\"P2P Hunter Sling\" width=\"563\" height=\"1000\" src=\"https:\/\/www.youtube.com\/embed\/lPBv9mlacCk?feature=oembed\" frameborder=\"0\" allow=\"accelerometer; autoplay; clipboard-write; encrypted-media; gyroscope; picture-in-picture; web-share\" referrerpolicy=\"strict-origin-when-cross-origin\" allowfullscreen><\/iframe><\/p>\n<p><iframe title=\"Rear adapter for two point sling. Carry a traditional hunting weapon like tactical weapon.\" width=\"563\" height=\"1000\" src=\"https:\/\/www.youtube.com\/embed\/G_BrTw9xqpQ?feature=oembed\" frameborder=\"0\" allow=\"accelerometer; autoplay; clipboard-write; encrypted-media; gyroscope; picture-in-picture; web-share\" referrerpolicy=\"strict-origin-when-cross-origin\" allowfullscreen><\/iframe><\/p>\n<p><iframe title=\"P2P Hunter Sling. Sling swivels.\" width=\"800\" height=\"600\" src=\"https:\/\/www.youtube.com\/embed\/j9JqavOSDg4?feature=oembed\" frameborder=\"0\" allow=\"accelerometer; autoplay; clipboard-write; encrypted-media; gyroscope; picture-in-picture; web-share\" referrerpolicy=\"strict-origin-when-cross-origin\" allowfullscreen><\/iframe><\/p>\n<p><iframe title=\"FinSling P2P Hunter Sling hihnakiinnikkeet\" width=\"800\" height=\"600\" src=\"https:\/\/www.youtube.com\/embed\/oxdkBrw-R8E?feature=oembed\" frameborder=\"0\" allow=\"accelerometer; autoplay; clipboard-write; encrypted-media; gyroscope; picture-in-picture; web-share\" referrerpolicy=\"strict-origin-when-cross-origin\" allowfullscreen><\/iframe><\/p>\n<p><iframe title=\"Rear adapter install\" width=\"800\" height=\"450\" src=\"https:\/\/www.youtube.com\/embed\/AvnseKLcvZA?feature=oembed\" frameborder=\"0\" allow=\"accelerometer; autoplay; clipboard-write; encrypted-media; gyroscope; picture-in-picture; web-share\" referrerpolicy=\"strict-origin-when-cross-origin\" allowfullscreen><\/iframe><\/p>\n<p>FinSling P2P Hunter Sling on perinteisiin mets\u00e4stysaseisiin sopiva kaksi piste asehihna. P2P Hunter asehihna sopii kaikkiin perinteisiin mets\u00e4stysaseisiin, joissa on jonkinlainen asehihnan kiinnityspiste tukin etu osassa.<\/p>\n<p>P2P Hunter asehihnan pituuden pikas\u00e4\u00e4t\u00f6 on markkinoiden jouhevin. Asehihnan etuosasta hihnan pituutta voi pika s\u00e4\u00e4t\u00e4\u00e4. Hihnan per\u00e4osan pituutta voi my\u00f6s s\u00e4\u00e4t\u00e4\u00e4. P2P Hunter asehihnan pikas\u00e4\u00e4t\u00f6 alue lyhyimm\u00e4st\u00e4 pisimp\u00e4\u00e4n on 40cm.<\/p>\n<p>P2P Hunter asehihnaan kuuluu perinteinen asehihna kiinnike ja per\u00e4 adapteri. Hihnakiinnikkeet ovat vaihdettavia. Voit k\u00e4ytt\u00e4\u00e4 samaa asehihnaa my\u00f6s muiden pitkien asetyyppien kanssa, kunhan vaihdat hihnakiinnikkeet QD asehihnakiinnikkeisiin tai hook kiinnikkeisiin.<\/p>\n<p>FinSling P2P Hunter asehihna on paras kaksipiste asehihna mets\u00e4stykseen. Mets\u00e4st\u00e4j\u00e4 saa P2P asehihnasta mukavuutta ja suorituskyky\u00e4. Mukavuutta kantaa asetta ampumavalmiina k\u00e4det vapaana. Suorituskyky\u00e4 mets\u00e4st\u00e4j\u00e4 saa asehihnan tuomasta tuesta parempiin riistalaukauksiin.<\/p>\n<p>P2P Hunter asehihnasta on tarjolla useita v\u00e4rivaihtoehtoja kuten Multicam black, Multicam tropic ja M05. Nyt my\u00f6s lumi camo asehihna \/ talvi camo asehihna ja pinkki asehihna.<\/p>\n<p>FinSling P2P asehihnat on k\u00e4sin tehty Suomessa. Suomessa valmistettu hihnamateriaali on miellytt\u00e4v\u00e4n tuntuista ja kest\u00e4v\u00e4\u00e4 30mm hihnanauhaa. Asehihnan rakenne on yksinkertainen. Asehihna koostuu yhdest\u00e4 hihnanauhan osasta mik\u00e4 kulkee l\u00e4pi hihnan. Joustava hihnapehmuste on ommeltu asehihnaan kiinni. Asehihnan hihnanauha kulkee pehmusteen l\u00e4pi.<\/p>\n<p>K\u00e4ytt\u00e4j\u00e4 palautteita:<\/p>\n<p><strong><em>Paras hihna mit\u00e4 olen n\u00e4hnyt ja kokeillut. On mielest\u00e4ni parempi kun esim saman tyylinen Blue Force Gearin Vicker sling. Todella tyytyv\u00e4inen olen ollut ja suosittelen kyll\u00e4 kaikille.<\/em><\/strong><\/p>\n<p><strong><em>Aivan helvetin hyv\u00e4 tuo hihna. K\u00e4et jatkuvasti j\u00e4\u00e4ss\u00e4 niin saa taskussa puristella k\u00e4sie nyrkkiin ja pyssy roikkuu tukevasti rintapieless\u00e4.<\/em><\/strong><\/p>\n<p><strong><em>This strap combines superb craftsmanship with quality materials and an intuitive and robust design.<\/em><\/strong><\/p>\n<p><strong><em>Great sling! Versatile and robust.<\/em><\/strong><\/p>\n<p><strong><em>The sling is very effective I like the simplicity of it.<\/em><\/strong><\/p>\n<p>&nbsp;<\/p>\n<p><strong>Usein kysyttyj\u00e4 kysymyksi\u00e4? <\/strong><\/p>\n<p><strong>Voitko vaihtaa P2P hunter asehihnan hihnan kiinnikkeit\u00e4?<\/strong><\/p>\n<p>Kyll\u00e4. Se on helppoa opastusvideon avustuksella.<\/p>\n<p><strong>Voiko P2P hunter asehihnaa k\u00e4ytt\u00e4\u00e4 my\u00f6s ar-15 tyylisten aseiden kanssa?<\/strong><\/p>\n<p>Kyll\u00e4. Vaihda vaan hihnakiinnikkeet. Perinteisten mets\u00e4stysaseiden kanssa k\u00e4yt\u00e4 hihnan mukana tulevaa perinteist\u00e4 hihnakiinnikett\u00e4 ja per\u00e4adapteria ja ar-15 tyylisten aseiden kanssa QD hihnakiinnikkeit\u00e4 tai hook kiinnikett\u00e4.<\/p>\n<p><strong>Voiko vasen k\u00e4tinen ampuja k\u00e4ytt\u00e4\u00e4 oikeak\u00e4tist\u00e4 P2P Hunter asehihnaa \/ per\u00e4adapteria?<\/strong><\/p>\n<p>Kyll\u00e4. Per\u00e4adapterin tikapuusolki osoittaa ulosp\u00e4in. Jos oikeak\u00e4tinen ampuja k\u00e4ytt\u00e4\u00e4 vasenk\u00e4tist\u00e4 asehihnaa \/ per\u00e4adapteria, tikapuusolki osoittaa rintalihasta kohti. T\u00e4m\u00e4 ei juuri h\u00e4iritse ja on l\u00e4hinn\u00e4 kosmeettista. Asehihnan voi kiinnitt\u00e4\u00e4 kummallekin puolelle tukkia per\u00e4adapterin avulla.<\/p>\n<p><strong>Voitko k\u00e4ytt\u00e4\u00e4 P2P Hunter asehihnaa Blaser kiv\u00e4\u00e4rien kanssa?<\/strong><\/p>\n<p>Kyll\u00e4 ja ei. Blaser kiv\u00e4\u00e4reiss\u00e4 on normaalia kapeampi hihnakiinnikepiste. Siksi normaalikokoiset asehihna kiinnikkeet ei mahdu Blaseriin. Voit hankki P2P Hunter asehihnaan Blaseriin sopivan hihnakiinnikkeen tai voit k\u00e4ytt\u00e4\u00e4 FinSling <strong>hihnakiinnike adapteria<\/strong> jolla yhdist\u00e4t Blaserin hihnakiinnikkeen ja P2P asehihnan mukana tulevan hihnakiinnikkeen.<\/p>","protected":false},"excerpt":{"rendered":"<p>P2P Hunter sling is a two-point sling for traditional hunting weapons. The sling suits every hunting weapon that has some kind of sling attachment point on the front part of the weapon. The P2P two-point slings have the smoothest rabid length adjusting available. You can fast adjust the sling length on the front part of the sling. You can also adjust the sling length on the rear part of the sling. The fast adjusting range from the shortest to the longest is 40cm. The sling comes with a traditional hunting weapon sling swivel and a rear adapter. The sling swivels are changeable. You can use the same sling with different platforms. Just change the sling swivels to QD sling swivels or hooks. P2P hunter sling is the best two-point sling for hunting. The P2P hunting sling offers a hunter, comfort and performance. Comfort from carrying the rifle hands free ready&hellip;<\/p>\n<p> <a class=\"more-link\" href=\"https:\/\/finsling.com\/fi\/tuote\/padded-2-point-sling-hunter\/\">Lue Lis\u00e4\u00e4<\/a><\/p>","protected":false},"featured_media":2088,"template":"","meta":[],"product_brand":[],"product_cat":[32],"product_tag":[],"class_list":{"0":"post-981","1":"product","2":"type-product","3":"status-publish","4":"has-post-thumbnail","6":"product_cat-product","8":"first","9":"instock","10":"featured","11":"taxable","12":"shipping-taxable","13":"purchasable","14":"product-type-variable"},"yoast_head":"<!-- This site is optimized with the Yoast SEO plugin v27.3 - https:\/\/yoast.com\/product\/yoast-seo-wordpress\/ -->\n<title>P2P Hunter Sling (two-point sling for hunting) - Finsling<\/title>\n<meta name=\"robots\" content=\"index, follow, max-snippet:-1, max-image-preview:large, max-video-preview:-1\" \/>\n<link rel=\"canonical\" href=\"https:\/\/finsling.com\/fi\/tuote\/padded-2-point-sling-hunter\/\" \/>\n<meta property=\"og:locale\" content=\"fi_FI\" \/>\n<meta property=\"og:type\" content=\"article\" \/>\n<meta property=\"og:title\" content=\"P2P Hunter Sling (two-point sling for hunting) - Finsling\" \/>\n<meta property=\"og:description\" content=\"P2P Hunter sling is a two-point sling for traditional hunting weapons. The sling suits every hunting weapon that has some kind of sling attachment point on the front part of the weapon. The P2P two-point slings have the smoothest rabid length adjusting available. You can fast adjust the sling length on the front part of the sling. You can also adjust the sling length on the rear part of the sling. The fast adjusting range from the shortest to the longest is 40cm. The sling comes with a traditional hunting weapon sling swivel and a rear adapter. The sling swivels are changeable. You can use the same sling with different platforms. Just change the sling swivels to QD sling swivels or hooks. P2P hunter sling is the best two-point sling for hunting. The P2P hunting sling offers a hunter, comfort and performance. Comfort from carrying the rifle hands free ready&hellip;  Lue Lis\u00e4\u00e4\" \/>\n<meta property=\"og:url\" content=\"https:\/\/finsling.com\/fi\/tuote\/padded-2-point-sling-hunter\/\" \/>\n<meta property=\"og:site_name\" content=\"Finsling\" \/>\n<meta property=\"article:publisher\" content=\"https:\/\/www.facebook.com\/finsling\/\" \/>\n<meta property=\"article:modified_time\" content=\"2026-02-22T16:50:55+00:00\" \/>\n<meta property=\"og:image\" content=\"https:\/\/finsling.com\/wp-content\/uploads\/2025\/10\/P2Phuntmulticamblack-scaled.jpg\" \/>\n\t<meta property=\"og:image:width\" content=\"2560\" \/>\n\t<meta property=\"og:image:height\" content=\"2560\" \/>\n\t<meta property=\"og:image:type\" content=\"image\/jpeg\" \/>\n<meta name=\"twitter:card\" content=\"summary_large_image\" \/>\n<meta name=\"twitter:label1\" content=\"Arvioitu lukuaika\" \/>\n\t<meta name=\"twitter:data1\" content=\"3 minuuttia\" \/>\n<script type=\"application\/ld+json\" class=\"yoast-schema-graph\">{\"@context\":\"https:\\\/\\\/schema.org\",\"@graph\":[{\"@type\":\"WebPage\",\"@id\":\"https:\\\/\\\/finsling.com\\\/product\\\/padded-2-point-sling-hunter\\\/\",\"url\":\"https:\\\/\\\/finsling.com\\\/product\\\/padded-2-point-sling-hunter\\\/\",\"name\":\"P2P Hunter Sling (two-point sling for hunting) - Finsling\",\"isPartOf\":{\"@id\":\"https:\\\/\\\/finsling.com\\\/#website\"},\"primaryImageOfPage\":{\"@id\":\"https:\\\/\\\/finsling.com\\\/product\\\/padded-2-point-sling-hunter\\\/#primaryimage\"},\"image\":{\"@id\":\"https:\\\/\\\/finsling.com\\\/product\\\/padded-2-point-sling-hunter\\\/#primaryimage\"},\"thumbnailUrl\":\"https:\\\/\\\/finsling.com\\\/wp-content\\\/uploads\\\/2025\\\/10\\\/P2Phuntmulticamblack-scaled.jpg\",\"datePublished\":\"2022-09-09T09:10:39+00:00\",\"dateModified\":\"2026-02-22T16:50:55+00:00\",\"breadcrumb\":{\"@id\":\"https:\\\/\\\/finsling.com\\\/product\\\/padded-2-point-sling-hunter\\\/#breadcrumb\"},\"inLanguage\":\"fi\",\"potentialAction\":[{\"@type\":\"ReadAction\",\"target\":[\"https:\\\/\\\/finsling.com\\\/product\\\/padded-2-point-sling-hunter\\\/\"]}]},{\"@type\":\"ImageObject\",\"inLanguage\":\"fi\",\"@id\":\"https:\\\/\\\/finsling.com\\\/product\\\/padded-2-point-sling-hunter\\\/#primaryimage\",\"url\":\"https:\\\/\\\/finsling.com\\\/wp-content\\\/uploads\\\/2025\\\/10\\\/P2Phuntmulticamblack-scaled.jpg\",\"contentUrl\":\"https:\\\/\\\/finsling.com\\\/wp-content\\\/uploads\\\/2025\\\/10\\\/P2Phuntmulticamblack-scaled.jpg\",\"width\":2560,\"height\":2560},{\"@type\":\"BreadcrumbList\",\"@id\":\"https:\\\/\\\/finsling.com\\\/product\\\/padded-2-point-sling-hunter\\\/#breadcrumb\",\"itemListElement\":[{\"@type\":\"ListItem\",\"position\":1,\"name\":\"Home\",\"item\":\"https:\\\/\\\/finsling.com\\\/\"},{\"@type\":\"ListItem\",\"position\":2,\"name\":\"Products\",\"item\":\"https:\\\/\\\/finsling.com\\\/kauppa\\\/\"},{\"@type\":\"ListItem\",\"position\":3,\"name\":\"P2P Hunter Sling (two-point sling for hunting)\"}]},{\"@type\":\"WebSite\",\"@id\":\"https:\\\/\\\/finsling.com\\\/#website\",\"url\":\"https:\\\/\\\/finsling.com\\\/\",\"name\":\"Finsling\",\"description\":\"SIMPLE - DURABLE - EFFECTIVE\",\"publisher\":{\"@id\":\"https:\\\/\\\/finsling.com\\\/#organization\"},\"potentialAction\":[{\"@type\":\"SearchAction\",\"target\":{\"@type\":\"EntryPoint\",\"urlTemplate\":\"https:\\\/\\\/finsling.com\\\/?s={search_term_string}\"},\"query-input\":{\"@type\":\"PropertyValueSpecification\",\"valueRequired\":true,\"valueName\":\"search_term_string\"}}],\"inLanguage\":\"fi\"},{\"@type\":\"Organization\",\"@id\":\"https:\\\/\\\/finsling.com\\\/#organization\",\"name\":\"Finsling\",\"url\":\"https:\\\/\\\/finsling.com\\\/\",\"logo\":{\"@type\":\"ImageObject\",\"inLanguage\":\"fi\",\"@id\":\"https:\\\/\\\/finsling.com\\\/#\\\/schema\\\/logo\\\/image\\\/\",\"url\":\"https:\\\/\\\/finsling.com\\\/wp-content\\\/uploads\\\/2019\\\/11\\\/cropped-finsling_medium-3.png\",\"contentUrl\":\"https:\\\/\\\/finsling.com\\\/wp-content\\\/uploads\\\/2019\\\/11\\\/cropped-finsling_medium-3.png\",\"width\":554,\"height\":208,\"caption\":\"Finsling\"},\"image\":{\"@id\":\"https:\\\/\\\/finsling.com\\\/#\\\/schema\\\/logo\\\/image\\\/\"},\"sameAs\":[\"https:\\\/\\\/www.facebook.com\\\/finsling\\\/\"]}]}<\/script>\n<!-- \/ Yoast SEO plugin. -->","yoast_head_json":{"title":"P2P Hunter Sling (two-point sling for hunting) - Finsling","robots":{"index":"index","follow":"follow","max-snippet":"max-snippet:-1","max-image-preview":"max-image-preview:large","max-video-preview":"max-video-preview:-1"},"canonical":"https:\/\/finsling.com\/fi\/tuote\/padded-2-point-sling-hunter\/","og_locale":"fi_FI","og_type":"article","og_title":"P2P Hunter Sling (two-point sling for hunting) - Finsling","og_description":"P2P Hunter sling is a two-point sling for traditional hunting weapons. The sling suits every hunting weapon that has some kind of sling attachment point on the front part of the weapon. The P2P two-point slings have the smoothest rabid length adjusting available. You can fast adjust the sling length on the front part of the sling. You can also adjust the sling length on the rear part of the sling. The fast adjusting range from the shortest to the longest is 40cm. The sling comes with a traditional hunting weapon sling swivel and a rear adapter. The sling swivels are changeable. You can use the same sling with different platforms. Just change the sling swivels to QD sling swivels or hooks. P2P hunter sling is the best two-point sling for hunting. The P2P hunting sling offers a hunter, comfort and performance. Comfort from carrying the rifle hands free ready&hellip;  Lue Lis\u00e4\u00e4","og_url":"https:\/\/finsling.com\/fi\/tuote\/padded-2-point-sling-hunter\/","og_site_name":"Finsling","article_publisher":"https:\/\/www.facebook.com\/finsling\/","article_modified_time":"2026-02-22T16:50:55+00:00","og_image":[{"width":2560,"height":2560,"url":"https:\/\/finsling.com\/wp-content\/uploads\/2025\/10\/P2Phuntmulticamblack-scaled.jpg","type":"image\/jpeg"}],"twitter_card":"summary_large_image","twitter_misc":{"Arvioitu lukuaika":"3 minuuttia"},"schema":{"@context":"https:\/\/schema.org","@graph":[{"@type":"WebPage","@id":"https:\/\/finsling.com\/product\/padded-2-point-sling-hunter\/","url":"https:\/\/finsling.com\/product\/padded-2-point-sling-hunter\/","name":"P2P Hunter Sling (two-point sling for hunting) - Finsling","isPartOf":{"@id":"https:\/\/finsling.com\/#website"},"primaryImageOfPage":{"@id":"https:\/\/finsling.com\/product\/padded-2-point-sling-hunter\/#primaryimage"},"image":{"@id":"https:\/\/finsling.com\/product\/padded-2-point-sling-hunter\/#primaryimage"},"thumbnailUrl":"https:\/\/finsling.com\/wp-content\/uploads\/2025\/10\/P2Phuntmulticamblack-scaled.jpg","datePublished":"2022-09-09T09:10:39+00:00","dateModified":"2026-02-22T16:50:55+00:00","breadcrumb":{"@id":"https:\/\/finsling.com\/product\/padded-2-point-sling-hunter\/#breadcrumb"},"inLanguage":"fi","potentialAction":[{"@type":"ReadAction","target":["https:\/\/finsling.com\/product\/padded-2-point-sling-hunter\/"]}]},{"@type":"ImageObject","inLanguage":"fi","@id":"https:\/\/finsling.com\/product\/padded-2-point-sling-hunter\/#primaryimage","url":"https:\/\/finsling.com\/wp-content\/uploads\/2025\/10\/P2Phuntmulticamblack-scaled.jpg","contentUrl":"https:\/\/finsling.com\/wp-content\/uploads\/2025\/10\/P2Phuntmulticamblack-scaled.jpg","width":2560,"height":2560},{"@type":"BreadcrumbList","@id":"https:\/\/finsling.com\/product\/padded-2-point-sling-hunter\/#breadcrumb","itemListElement":[{"@type":"ListItem","position":1,"name":"Home","item":"https:\/\/finsling.com\/"},{"@type":"ListItem","position":2,"name":"Products","item":"https:\/\/finsling.com\/kauppa\/"},{"@type":"ListItem","position":3,"name":"P2P Hunter Sling (two-point sling for hunting)"}]},{"@type":"WebSite","@id":"https:\/\/finsling.com\/#website","url":"https:\/\/finsling.com\/","name":"Finsling","description":"SIMPLE - DURABLE - EFFECTIVE","publisher":{"@id":"https:\/\/finsling.com\/#organization"},"potentialAction":[{"@type":"SearchAction","target":{"@type":"EntryPoint","urlTemplate":"https:\/\/finsling.com\/?s={search_term_string}"},"query-input":{"@type":"PropertyValueSpecification","valueRequired":true,"valueName":"search_term_string"}}],"inLanguage":"fi"},{"@type":"Organization","@id":"https:\/\/finsling.com\/#organization","name":"Finsling","url":"https:\/\/finsling.com\/","logo":{"@type":"ImageObject","inLanguage":"fi","@id":"https:\/\/finsling.com\/#\/schema\/logo\/image\/","url":"https:\/\/finsling.com\/wp-content\/uploads\/2019\/11\/cropped-finsling_medium-3.png","contentUrl":"https:\/\/finsling.com\/wp-content\/uploads\/2019\/11\/cropped-finsling_medium-3.png","width":554,"height":208,"caption":"Finsling"},"image":{"@id":"https:\/\/finsling.com\/#\/schema\/logo\/image\/"},"sameAs":["https:\/\/www.facebook.com\/finsling\/"]}]}},"_links":{"self":[{"href":"https:\/\/finsling.com\/fi\/wp-json\/wp\/v2\/product\/981","targetHints":{"allow":["GET"]}}],"collection":[{"href":"https:\/\/finsling.com\/fi\/wp-json\/wp\/v2\/product"}],"about":[{"href":"https:\/\/finsling.com\/fi\/wp-json\/wp\/v2\/types\/product"}],"wp:featuredmedia":[{"embeddable":true,"href":"https:\/\/finsling.com\/fi\/wp-json\/wp\/v2\/media\/2088"}],"wp:attachment":[{"href":"https:\/\/finsling.com\/fi\/wp-json\/wp\/v2\/media?parent=981"}],"wp:term":[{"taxonomy":"product_brand","embeddable":true,"href":"https:\/\/finsling.com\/fi\/wp-json\/wp\/v2\/product_brand?post=981"},{"taxonomy":"product_cat","embeddable":true,"href":"https:\/\/finsling.com\/fi\/wp-json\/wp\/v2\/product_cat?post=981"},{"taxonomy":"product_tag","embeddable":true,"href":"https:\/\/finsling.com\/fi\/wp-json\/wp\/v2\/product_tag?post=981"}],"curies":[{"name":"wp","href":"https:\/\/api.w.org\/{rel}","templated":true}]}}